{"id":46541,"date":"2026-01-21T09:02:32","date_gmt":"2026-01-21T09:02:32","guid":{"rendered":"https:\/\/mps.digital-monkey.in\/product\/yanmar-pintura-en-spray-gris-400-ml\/"},"modified":"2026-01-21T09:02:32","modified_gmt":"2026-01-21T09:02:32","slug":"yanmar-pintura-en-spray-gris-400-ml","status":"publish","type":"product","link":"https:\/\/mps.digital-monkey.in\/es\/producto\/yanmar-pintura-en-spray-gris-400-ml\/","title":{"rendered":"Yanmar Pintura en Spray Gris | 400 ml"},"content":{"rendered":"<p data-start=\"372\" data-end=\"645\">La <strong data-start=\"376\" data-end=\"412\">Pintura en Spray Gris Yanmar (400 ml)<\/strong> est\u00e1 dise\u00f1ada para repintar y retocar los <strong data-start=\"456\" data-end=\"510\">motores di\u00e9sel marinos Yanmar y sus componentes<\/strong>. La pintura coincide con el color gris Yanmar original y proporciona un acabado duradero y resistente a la corrosi\u00f3n, adecuado para entornos marinos. <\/p>\n<p data-start=\"647\" data-end=\"732\">Ideal para la restauraci\u00f3n de motores, reparaciones y acabado cosm\u00e9tico despu\u00e9s de trabajos de mantenimiento.<\/p>\n<h2 data-start=\"739\" data-end=\"756\">Tipo de producto<\/h2>\n<p data-start=\"757\" data-end=\"783\">Pintura en spray \/ pintura para motores<\/p>\n<h2 data-start=\"790\" data-end=\"800\">Color<\/h2>\n<p data-start=\"801\" data-end=\"816\">Yanmar Gris<\/p>\n<h2 data-start=\"865\" data-end=\"881\">Aplicaci\u00f3n<\/h2>\n<ul data-start=\"882\" data-end=\"955\">\n<li data-start=\"882\" data-end=\"899\">\n<p data-start=\"884\" data-end=\"899\">Bloques de motor<\/p>\n<\/li>\n<li data-start=\"900\" data-end=\"921\">\n<p data-start=\"902\" data-end=\"921\">Componentes del motor<\/p>\n<\/li>\n<li data-start=\"922\" data-end=\"955\">\n<p data-start=\"924\" data-end=\"955\">Trabajos de retoque y restauraci\u00f3n<\/p>\n<\/li>\n<\/ul>\n<h2 data-start=\"962\" data-end=\"980\">Compatibilidad<\/h2>\n<p data-start=\"981\" data-end=\"1073\">Adecuado para <strong data-start=\"994\" data-end=\"1035\"><span class=\"hover:entity-accent entity-underline inline cursor-pointer align-baseline\"><span class=\"whitespace-normal\">Yanmar<\/span><\/span><\/strong> motores di\u00e9sel marinos y componentes.<\/p>\n","protected":false},"excerpt":{"rendered":"<p>La Pintura en Spray Gris Yanmar (400 ml) est\u00e1 dise\u00f1ada para repintar y retocar los motores di\u00e9sel marinos Yanmar y sus componentes. La pintura coincide con el color gris Yanmar original y proporciona un acabado duradero y resistente a la corrosi\u00f3n, adecuado para entornos marinos. Ideal para la restauraci\u00f3n de motores, reparaciones y acabado cosm\u00e9tico [&hellip;]<\/p>\n","protected":false},"featured_media":46542,"comment_status":"open","ping_status":"closed","template":"","meta":[],"product_brand":[4235],"product_cat":[2497,4121],"product_tag":[],"class_list":{"0":"post-46541","1":"product","2":"type-product","3":"status-publish","4":"has-post-thumbnail","6":"product_brand-yanmar","7":"product_cat-piezas-de-mantenimiento-del-motor","8":"product_cat-selladores-lubricantes-y-pintura","9":"pa_condition-nuevo","10":"pa_oem-or-aftermarket-posventa","12":"first","13":"onbackorder","14":"taxable","15":"shipping-taxable","16":"purchasable","17":"product-type-simple"},"supplier_id":7294,"supplier_sku":"GS90004","barcode":null,"atum_controlled":true,"out_stock_date":"2026-01-21 09:02:37","out_stock_threshold":null,"inheritable":false,"inbound_stock":0,"stock_on_hold":0,"sold_today":0,"sales_last_days":0,"reserved_stock":0,"customer_returns":0,"warehouse_damage":0,"lost_in_post":0,"other_logs":0,"out_stock_days":8,"lost_sales":0,"has_location":false,"update_date":"2026-01-29T09:08:41","atum_locations":[],"atum_stock_status":"onbackorder","restock_status":false,"low_stock_amount":0,"sales_update_date":"2026-01-29T09:08:41","calc_backorders":null,"_links":{"self":[{"href":"https:\/\/mps.digital-monkey.in\/es\/wp-json\/wp\/v2\/product\/46541","targetHints":{"allow":["GET"]}}],"collection":[{"href":"https:\/\/mps.digital-monkey.in\/es\/wp-json\/wp\/v2\/product"}],"about":[{"href":"https:\/\/mps.digital-monkey.in\/es\/wp-json\/wp\/v2\/types\/product"}],"replies":[{"embeddable":true,"href":"https:\/\/mps.digital-monkey.in\/es\/wp-json\/wp\/v2\/comments?post=46541"}],"wp:featuredmedia":[{"embeddable":true,"href":"https:\/\/mps.digital-monkey.in\/es\/wp-json\/wp\/v2\/media\/46542"}],"wp:attachment":[{"href":"https:\/\/mps.digital-monkey.in\/es\/wp-json\/wp\/v2\/media?parent=46541"}],"wp:term":[{"taxonomy":"product_brand","embeddable":true,"href":"https:\/\/mps.digital-monkey.in\/es\/wp-json\/wp\/v2\/product_brand?post=46541"},{"taxonomy":"product_cat","embeddable":true,"href":"https:\/\/mps.digital-monkey.in\/es\/wp-json\/wp\/v2\/product_cat?post=46541"},{"taxonomy":"product_tag","embeddable":true,"href":"https:\/\/mps.digital-monkey.in\/es\/wp-json\/wp\/v2\/product_tag?post=46541"}],"curies":[{"name":"wp","href":"https:\/\/api.w.org\/{rel}","templated":true}]}}