{"id":46549,"date":"2026-01-21T09:16:02","date_gmt":"2026-01-21T09:16:02","guid":{"rendered":"https:\/\/mps.digital-monkey.in\/product\/cummins-pintura-en-spray-blanco-marino-400-ml\/"},"modified":"2026-01-21T09:16:02","modified_gmt":"2026-01-21T09:16:02","slug":"cummins-pintura-en-spray-blanco-marino-400-ml","status":"publish","type":"product","link":"https:\/\/mps.digital-monkey.in\/es\/product\/cummins-pintura-en-spray-blanco-marino-400-ml\/","title":{"rendered":"Cummins Pintura en Spray Blanco Marino | 400 ml"},"content":{"rendered":"<p data-start=\"382\" data-end=\"690\">La <strong data-start=\"386\" data-end=\"431\">Pintura en Spray Blanca Marina Cummins (400 ml)<\/strong> est\u00e1 dise\u00f1ada para repintar y retocar <strong data-start=\"475\" data-end=\"516\"><span class=\"hover:entity-accent entity-underline inline cursor-pointer align-baseline\"><span class=\"whitespace-normal\">Cummins Marino<\/span><\/span><\/strong> y componentes de motores. La pintura coincide con el color blanco marino Cummins original y proporciona un acabado duradero y resistente a la corrosi\u00f3n, adecuado para entornos marinos. <\/p>\n<p data-start=\"692\" data-end=\"777\">Ideal para la restauraci\u00f3n de motores, trabajos de mantenimiento y reparaciones est\u00e9ticas despu\u00e9s de una revisi\u00f3n.<\/p>\n<h2 data-start=\"784\" data-end=\"801\">Tipo de producto<\/h2>\n<p data-start=\"802\" data-end=\"828\">Pintura en spray \/ pintura para motores<\/p>\n<h2 data-start=\"835\" data-end=\"845\">Color<\/h2>\n<p data-start=\"846\" data-end=\"870\"><strong data-start=\"846\" data-end=\"870\">Cummins Marine Blanco<\/strong><\/p>\n<h2 data-start=\"877\" data-end=\"889\">Contenido<\/h2>\n<p data-start=\"890\" data-end=\"912\"><strong data-start=\"890\" data-end=\"912\">Bote de aerosol de 400 ml<\/strong><\/p>\n<h2 data-start=\"919\" data-end=\"935\">Aplicaci\u00f3n<\/h2>\n<ul data-start=\"936\" data-end=\"1009\">\n<li data-start=\"936\" data-end=\"953\">\n<p data-start=\"938\" data-end=\"953\">Bloques de motor<\/p>\n<\/li>\n<li data-start=\"954\" data-end=\"975\">\n<p data-start=\"956\" data-end=\"975\">Componentes del motor<\/p>\n<\/li>\n<li data-start=\"976\" data-end=\"1009\">\n<p data-start=\"978\" data-end=\"1009\">Trabajos de retoque y restauraci\u00f3n<\/p>\n<\/li>\n<\/ul>\n<h2 data-start=\"1016\" data-end=\"1033\"><\/h2>\n","protected":false},"excerpt":{"rendered":"<p>La Pintura en Spray Blanca Marina Cummins (400 ml) est\u00e1 dise\u00f1ada para repintar y retocar Cummins Marino y componentes de motores. La pintura coincide con el color blanco marino Cummins original y proporciona un acabado duradero y resistente a la corrosi\u00f3n, adecuado para entornos marinos. Ideal para la restauraci\u00f3n de motores, trabajos de mantenimiento y [&hellip;]<\/p>\n","protected":false},"featured_media":46550,"comment_status":"open","ping_status":"closed","template":"","meta":[],"product_brand":[],"product_cat":[4121],"product_tag":[],"class_list":{"0":"post-46549","1":"product","2":"type-product","3":"status-publish","4":"has-post-thumbnail","6":"product_cat-selladores-lubricantes-y-pintura","7":"pa_condition-nuevo","9":"first","10":"onbackorder","11":"taxable","12":"shipping-taxable","13":"purchasable","14":"product-type-simple"},"supplier_id":7294,"supplier_sku":"GS90053","barcode":null,"atum_controlled":true,"out_stock_date":"2026-01-21 09:16:07","out_stock_threshold":null,"inheritable":false,"inbound_stock":0,"stock_on_hold":0,"sold_today":0,"sales_last_days":0,"reserved_stock":0,"customer_returns":0,"warehouse_damage":0,"lost_in_post":0,"other_logs":0,"out_stock_days":7,"lost_sales":0,"has_location":false,"update_date":"2026-01-29T09:08:41","atum_locations":[],"atum_stock_status":"onbackorder","restock_status":false,"low_stock_amount":0,"sales_update_date":"2026-01-29T09:08:41","calc_backorders":null,"_links":{"self":[{"href":"https:\/\/mps.digital-monkey.in\/es\/wp-json\/wp\/v2\/product\/46549","targetHints":{"allow":["GET"]}}],"collection":[{"href":"https:\/\/mps.digital-monkey.in\/es\/wp-json\/wp\/v2\/product"}],"about":[{"href":"https:\/\/mps.digital-monkey.in\/es\/wp-json\/wp\/v2\/types\/product"}],"replies":[{"embeddable":true,"href":"https:\/\/mps.digital-monkey.in\/es\/wp-json\/wp\/v2\/comments?post=46549"}],"wp:featuredmedia":[{"embeddable":true,"href":"https:\/\/mps.digital-monkey.in\/es\/wp-json\/wp\/v2\/media\/46550"}],"wp:attachment":[{"href":"https:\/\/mps.digital-monkey.in\/es\/wp-json\/wp\/v2\/media?parent=46549"}],"wp:term":[{"taxonomy":"product_brand","embeddable":true,"href":"https:\/\/mps.digital-monkey.in\/es\/wp-json\/wp\/v2\/product_brand?post=46549"},{"taxonomy":"product_cat","embeddable":true,"href":"https:\/\/mps.digital-monkey.in\/es\/wp-json\/wp\/v2\/product_cat?post=46549"},{"taxonomy":"product_tag","embeddable":true,"href":"https:\/\/mps.digital-monkey.in\/es\/wp-json\/wp\/v2\/product_tag?post=46549"}],"curies":[{"name":"wp","href":"https:\/\/api.w.org\/{rel}","templated":true}]}}