{"id":46559,"date":"2026-01-21T09:36:22","date_gmt":"2026-01-21T09:36:22","guid":{"rendered":"https:\/\/mps.digital-monkey.in\/product\/pintura-en-spray-azul-verde-perkins-motores-anteriores-a-1983-400-ml\/"},"modified":"2026-01-21T09:36:22","modified_gmt":"2026-01-21T09:36:22","slug":"pintura-en-spray-azul-verde-perkins-motores-anteriores-a-1983-400-ml","status":"publish","type":"product","link":"https:\/\/mps.digital-monkey.in\/es\/producto\/pintura-en-spray-azul-verde-perkins-motores-anteriores-a-1983-400-ml\/","title":{"rendered":"Pintura en Spray Azul\/Verde Perkins (Motores anteriores a 1983) | 400 ml"},"content":{"rendered":"<p data-start=\"416\" data-end=\"681\">La <strong data-start=\"420\" data-end=\"463\">Pintura en Spray Azul\/Verde Perkins (400 ml)<\/strong> est\u00e1 formulada para igualar el color azul\/verde original utilizado en <strong data-start=\"525\" data-end=\"566\">los motores Perkins hasta el a\u00f1o de modelo 1983<\/strong>. Proporciona un acabado duradero y resistente a la corrosi\u00f3n, adecuado para repintar, restaurar y retocar motores. <\/p>\n<p data-start=\"683\" data-end=\"757\">Ideal para mantenimiento y restauraci\u00f3n est\u00e9tica tras reparaciones o revisiones.<\/p>\n<h2 data-start=\"764\" data-end=\"781\">Tipo de producto<\/h2>\n<p data-start=\"782\" data-end=\"808\">Pintura en spray \/ pintura para motores<\/p>\n<h2 data-start=\"815\" data-end=\"825\">Color<\/h2>\n<p data-start=\"826\" data-end=\"873\"><strong data-start=\"826\" data-end=\"848\">Perkins Azul\/Verde<\/strong> (especificaci\u00f3n anterior a 1983)<\/p>\n<h2 data-start=\"880\" data-end=\"892\">Contenido<\/h2>\n<p data-start=\"893\" data-end=\"915\">Bote de aerosol de 400 ml<\/p>\n<h2 data-start=\"922\" data-end=\"938\">Aplicaci\u00f3n<\/h2>\n<ul data-start=\"939\" data-end=\"1012\">\n<li data-start=\"939\" data-end=\"956\">\n<p data-start=\"941\" data-end=\"956\">Bloques de motor<\/p>\n<\/li>\n<li data-start=\"957\" data-end=\"978\">\n<p data-start=\"959\" data-end=\"978\">Componentes del motor<\/p>\n<\/li>\n<li data-start=\"979\" data-end=\"1012\">\n<p data-start=\"981\" data-end=\"1012\">Trabajos de restauraci\u00f3n y retoque<\/p>\n<\/li>\n<\/ul>\n<h2 data-start=\"1019\" data-end=\"1037\">Compatibilidad<\/h2>\n<p data-start=\"1038\" data-end=\"1123\">Adecuado para <strong data-start=\"1051\" data-end=\"1092\"><span class=\"hover:entity-accent entity-underline inline cursor-pointer align-baseline\"><span class=\"whitespace-normal\">Motores Perkins<\/span><\/span><\/strong> motores <strong data-start=\"1101\" data-end=\"1122\">hasta el modelo 1983<\/strong>.<\/p>\n","protected":false},"excerpt":{"rendered":"<p>La Pintura en Spray Azul\/Verde Perkins (400 ml) est\u00e1 formulada para igualar el color azul\/verde original utilizado en los motores Perkins hasta el a\u00f1o de modelo 1983. Proporciona un acabado duradero y resistente a la corrosi\u00f3n, adecuado para repintar, restaurar y retocar motores. Ideal para mantenimiento y restauraci\u00f3n est\u00e9tica tras reparaciones o revisiones. Tipo de [&hellip;]<\/p>\n","protected":false},"featured_media":46560,"comment_status":"open","ping_status":"closed","template":"","meta":[],"product_brand":[],"product_cat":[2497,4121],"product_tag":[],"class_list":{"0":"post-46559","1":"product","2":"type-product","3":"status-publish","4":"has-post-thumbnail","6":"product_cat-piezas-de-mantenimiento-del-motor","7":"product_cat-selladores-lubricantes-y-pintura","8":"pa_condition-nuevo","10":"first","11":"onbackorder","12":"taxable","13":"shipping-taxable","14":"purchasable","15":"product-type-simple"},"supplier_id":7294,"supplier_sku":"PS114699","barcode":null,"atum_controlled":true,"out_stock_date":"2026-01-21 09:36:27","out_stock_threshold":null,"inheritable":false,"inbound_stock":0,"stock_on_hold":0,"sold_today":0,"sales_last_days":0,"reserved_stock":0,"customer_returns":0,"warehouse_damage":0,"lost_in_post":0,"other_logs":0,"out_stock_days":7,"lost_sales":0,"has_location":false,"update_date":"2026-01-29T09:08:41","atum_locations":[],"atum_stock_status":"onbackorder","restock_status":false,"low_stock_amount":0,"sales_update_date":"2026-01-29T09:08:41","calc_backorders":null,"_links":{"self":[{"href":"https:\/\/mps.digital-monkey.in\/es\/wp-json\/wp\/v2\/product\/46559","targetHints":{"allow":["GET"]}}],"collection":[{"href":"https:\/\/mps.digital-monkey.in\/es\/wp-json\/wp\/v2\/product"}],"about":[{"href":"https:\/\/mps.digital-monkey.in\/es\/wp-json\/wp\/v2\/types\/product"}],"replies":[{"embeddable":true,"href":"https:\/\/mps.digital-monkey.in\/es\/wp-json\/wp\/v2\/comments?post=46559"}],"wp:featuredmedia":[{"embeddable":true,"href":"https:\/\/mps.digital-monkey.in\/es\/wp-json\/wp\/v2\/media\/46560"}],"wp:attachment":[{"href":"https:\/\/mps.digital-monkey.in\/es\/wp-json\/wp\/v2\/media?parent=46559"}],"wp:term":[{"taxonomy":"product_brand","embeddable":true,"href":"https:\/\/mps.digital-monkey.in\/es\/wp-json\/wp\/v2\/product_brand?post=46559"},{"taxonomy":"product_cat","embeddable":true,"href":"https:\/\/mps.digital-monkey.in\/es\/wp-json\/wp\/v2\/product_cat?post=46559"},{"taxonomy":"product_tag","embeddable":true,"href":"https:\/\/mps.digital-monkey.in\/es\/wp-json\/wp\/v2\/product_tag?post=46559"}],"curies":[{"name":"wp","href":"https:\/\/api.w.org\/{rel}","templated":true}]}}