{"id":46573,"date":"2026-01-21T09:52:10","date_gmt":"2026-01-21T09:52:10","guid":{"rendered":"https:\/\/mps.digital-monkey.in\/product\/sterndrive-negro-pintura-en-spray-volvo-penta-mercruiser-omc-400-ml-1141568\/"},"modified":"2026-01-21T09:52:10","modified_gmt":"2026-01-21T09:52:10","slug":"sterndrive-negro-pintura-en-spray-volvo-penta-mercruiser-omc-400-ml-1141568","status":"publish","type":"product","link":"https:\/\/mps.digital-monkey.in\/es\/producto\/sterndrive-negro-pintura-en-spray-volvo-penta-mercruiser-omc-400-ml-1141568\/","title":{"rendered":"Sterndrive Negro Pintura en Spray | Volvo Penta \/ MerCruiser \/ OMC | 400 ml | 1141568"},"content":{"rendered":"<p data-start=\"450\" data-end=\"719\">La <strong data-start=\"454\" data-end=\"496\">pintura en aerosol negra Sterndrive (1141568)<\/strong> est\u00e1 dise\u00f1ada para repintar y retocar <strong data-start=\"540\" data-end=\"588\">los sistemas de propulsi\u00f3n y los componentes de transmisi\u00f3n marinos<\/strong>. El revestimiento negro proporciona un acabado duradero y resistente a la corrosi\u00f3n adecuado para entornos marinos dif\u00edciles, incluido el uso en agua salada. <\/p>\n<p data-start=\"721\" data-end=\"964\">Esta pintura en aerosol es compatible con los sistemas de propulsi\u00f3n en popa de <strong data-start=\"774\" data-end=\"815\"><span class=\"hover:entity-accent entity-underline inline cursor-pointer align-baseline\"><span class=\"whitespace-normal\">Volvo Penta<\/span><\/span><\/strong><strong data-start=\"817\" data-end=\"871\"><span class=\"hover:entity-accent entity-underline inline cursor-pointer align-baseline\"><span class=\"whitespace-normal\">Mercury Marine<\/span><\/span> (MerCruiser)<\/strong> y <strong data-start=\"877\" data-end=\"918\"><span class=\"hover:entity-accent entity-underline inline cursor-pointer align-baseline\"><span class=\"whitespace-normal\">OMC<\/span><\/span><\/strong>y sustituye a varios n\u00fameros de referencia OEM.<\/p>\n<h2 data-start=\"971\" data-end=\"988\"><\/h2>\n<h2 data-start=\"971\" data-end=\"988\">Tipo de producto<\/h2>\n<p data-start=\"989\" data-end=\"1019\">Pintura en aerosol \/ pintura para motor de popa<\/p>\n<h2 data-start=\"1026\" data-end=\"1053\"><\/h2>\n<h2 data-start=\"1026\" data-end=\"1053\">Especificaciones del producto<\/h2>\n<ul data-start=\"1054\" data-end=\"1130\">\n<li data-start=\"1054\" data-end=\"1074\">\n<p data-start=\"1056\" data-end=\"1074\"><strong data-start=\"1056\" data-end=\"1066\">Color:<\/strong> Negro<\/p>\n<\/li>\n<li data-start=\"1075\" data-end=\"1098\">\n<p data-start=\"1077\" data-end=\"1098\"><strong data-start=\"1077\" data-end=\"1089\">Contenido:<\/strong> 400 ml<\/p>\n<\/li>\n<li data-start=\"1099\" data-end=\"1130\">\n<p data-start=\"1101\" data-end=\"1130\"><strong data-start=\"1101\" data-end=\"1110\">Tipo:<\/strong> Aerosol<\/p>\n<\/li>\n<\/ul>\n<h2 data-start=\"1137\" data-end=\"1169\"><\/h2>\n<h2 data-start=\"1137\" data-end=\"1169\">N\u00fameros de pieza \/ Sustituciones<\/h2>\n<h3 data-start=\"1171\" data-end=\"1188\">Volvo Penta<\/h3>\n<ul data-start=\"1189\" data-end=\"1217\">\n<li data-start=\"1189\" data-end=\"1204\">\n<p data-start=\"1191\" data-end=\"1204\">1141568<\/p>\n<\/li>\n<li data-start=\"1205\" data-end=\"1217\">\n<p data-start=\"1207\" data-end=\"1217\">282907<\/p>\n<\/li>\n<\/ul>\n<h3 data-start=\"1219\" data-end=\"1235\">MerCruiser<\/h3>\n<ul data-start=\"1236\" data-end=\"1343\">\n<li data-start=\"1236\" data-end=\"1251\">\n<p data-start=\"1238\" data-end=\"1251\">8279331<\/p>\n<\/li>\n<li data-start=\"1252\" data-end=\"1269\">\n<p data-start=\"1254\" data-end=\"1269\">8M0133908<\/p>\n<\/li>\n<li data-start=\"1270\" data-end=\"1287\">\n<p data-start=\"1272\" data-end=\"1287\">8M0185749<\/p>\n<\/li>\n<li data-start=\"1288\" data-end=\"1306\">\n<p data-start=\"1290\" data-end=\"1306\">92-7837312<\/p>\n<\/li>\n<li data-start=\"1307\" data-end=\"1325\">\n<p data-start=\"1309\" data-end=\"1325\">92-8028781<\/p>\n<\/li>\n<li data-start=\"1326\" data-end=\"1343\">\n<p data-start=\"1328\" data-end=\"1343\">92-802878Q1<\/p>\n<\/li>\n<\/ul>\n<h3 data-start=\"1345\" data-end=\"1354\">OMC<\/h3>\n<ul data-start=\"1355\" data-end=\"1368\">\n<li data-start=\"1355\" data-end=\"1368\">\n<p data-start=\"1357\" data-end=\"1368\">0771241<\/p>\n<\/li>\n<\/ul>\n<h2 data-start=\"1375\" data-end=\"1391\"><\/h2>\n<h2 data-start=\"1375\" data-end=\"1391\">Aplicaci\u00f3n<\/h2>\n<ul data-start=\"1392\" data-end=\"1496\">\n<li data-start=\"1392\" data-end=\"1407\">\n<p data-start=\"1394\" data-end=\"1407\">Propulsores de popa<\/p>\n<\/li>\n<li data-start=\"1408\" data-end=\"1425\">\n<p data-start=\"1410\" data-end=\"1425\">Carcasas de engranajes<\/p>\n<\/li>\n<li data-start=\"1426\" data-end=\"1458\">\n<p data-start=\"1428\" data-end=\"1458\">Componentes de transmisi\u00f3n marinos<\/p>\n<\/li>\n<li data-start=\"1459\" data-end=\"1496\">\n<p data-start=\"1461\" data-end=\"1496\">Retoques y protecci\u00f3n contra la corrosi\u00f3n<\/p>\n<\/li>\n<\/ul>\n","protected":false},"excerpt":{"rendered":"<p>La pintura en aerosol negra Sterndrive (1141568) est\u00e1 dise\u00f1ada para repintar y retocar los sistemas de propulsi\u00f3n y los componentes de transmisi\u00f3n marinos. El revestimiento negro proporciona un acabado duradero y resistente a la corrosi\u00f3n adecuado para entornos marinos dif\u00edciles, incluido el uso en agua salada. Esta pintura en aerosol es compatible con los sistemas [&hellip;]<\/p>\n","protected":false},"featured_media":46574,"comment_status":"open","ping_status":"closed","template":"","meta":[],"product_brand":[4229],"product_cat":[2497,4121],"product_tag":[],"class_list":{"0":"post-46573","1":"product","2":"type-product","3":"status-publish","4":"has-post-thumbnail","6":"product_brand-volvo-penta","7":"product_cat-piezas-de-mantenimiento-del-motor","8":"product_cat-selladores-lubricantes-y-pintura","9":"pa_condition-nuevo","11":"first","12":"onbackorder","13":"taxable","14":"shipping-taxable","15":"purchasable","16":"product-type-simple"},"supplier_id":7294,"supplier_sku":"GS90002","barcode":null,"atum_controlled":true,"out_stock_date":"2026-01-21 09:52:15","out_stock_threshold":null,"inheritable":false,"inbound_stock":0,"stock_on_hold":0,"sold_today":0,"sales_last_days":0,"reserved_stock":0,"customer_returns":0,"warehouse_damage":0,"lost_in_post":0,"other_logs":0,"out_stock_days":7,"lost_sales":0,"has_location":false,"update_date":"2026-01-29T09:08:41","atum_locations":[],"atum_stock_status":"onbackorder","restock_status":false,"low_stock_amount":0,"sales_update_date":"2026-01-29T09:08:41","calc_backorders":null,"_links":{"self":[{"href":"https:\/\/mps.digital-monkey.in\/es\/wp-json\/wp\/v2\/product\/46573","targetHints":{"allow":["GET"]}}],"collection":[{"href":"https:\/\/mps.digital-monkey.in\/es\/wp-json\/wp\/v2\/product"}],"about":[{"href":"https:\/\/mps.digital-monkey.in\/es\/wp-json\/wp\/v2\/types\/product"}],"replies":[{"embeddable":true,"href":"https:\/\/mps.digital-monkey.in\/es\/wp-json\/wp\/v2\/comments?post=46573"}],"wp:featuredmedia":[{"embeddable":true,"href":"https:\/\/mps.digital-monkey.in\/es\/wp-json\/wp\/v2\/media\/46574"}],"wp:attachment":[{"href":"https:\/\/mps.digital-monkey.in\/es\/wp-json\/wp\/v2\/media?parent=46573"}],"wp:term":[{"taxonomy":"product_brand","embeddable":true,"href":"https:\/\/mps.digital-monkey.in\/es\/wp-json\/wp\/v2\/product_brand?post=46573"},{"taxonomy":"product_cat","embeddable":true,"href":"https:\/\/mps.digital-monkey.in\/es\/wp-json\/wp\/v2\/product_cat?post=46573"},{"taxonomy":"product_tag","embeddable":true,"href":"https:\/\/mps.digital-monkey.in\/es\/wp-json\/wp\/v2\/product_tag?post=46573"}],"curies":[{"name":"wp","href":"https:\/\/api.w.org\/{rel}","templated":true}]}}