{"id":46594,"date":"2026-01-21T10:31:33","date_gmt":"2026-01-21T10:31:33","guid":{"rendered":"https:\/\/mps.digital-monkey.in\/product\/sole-mini-pintura-azul-en-spray-400-ml\/"},"modified":"2026-01-21T10:31:33","modified_gmt":"2026-01-21T10:31:33","slug":"sole-mini-pintura-azul-en-spray-400-ml","status":"publish","type":"product","link":"https:\/\/mps.digital-monkey.in\/es\/producto\/sole-mini-pintura-azul-en-spray-400-ml\/","title":{"rendered":"Sol\u00e9 Mini Pintura Azul en Spray | 400 ml"},"content":{"rendered":"<p data-start=\"374\" data-end=\"684\">La <strong data-start=\"378\" data-end=\"417\">pintura en aerosol Sol\u00e9 Mini Azul (400 ml)<\/strong> est\u00e1 dise\u00f1ada para repintar y retocar <strong data-start=\"461\" data-end=\"502\"><span class=\"hover:entity-accent entity-underline inline cursor-pointer align-baseline\"><span class=\"whitespace-normal\">Sol\u00e9 Diesel<\/span><\/span><\/strong> y componentes de motores di\u00e9sel marinos. La pintura coincide con el color azul original de Sol\u00e9 Mini y proporciona un acabado duradero y resistente a la corrosi\u00f3n, adecuado para entornos marinos. <\/p>\n<p data-start=\"686\" data-end=\"766\">Ideal para el mantenimiento del motor, la restauraci\u00f3n y el acabado cosm\u00e9tico despu\u00e9s de las reparaciones.<\/p>\n<h2 data-start=\"773\" data-end=\"790\">Tipo de producto<\/h2>\n<p data-start=\"791\" data-end=\"817\">Pintura en spray \/ pintura para motores<\/p>\n<h2 data-start=\"824\" data-end=\"834\">Color<\/h2>\n<p data-start=\"835\" data-end=\"853\">Sol\u00e9 Mini Azul<\/p>\n<h2 data-start=\"860\" data-end=\"872\">Contenido<\/h2>\n<p data-start=\"873\" data-end=\"895\">Bote de aerosol de 400 ml<\/p>\n<h2 data-start=\"902\" data-end=\"918\">Aplicaci\u00f3n<\/h2>\n<ul data-start=\"919\" data-end=\"992\">\n<li data-start=\"919\" data-end=\"936\">\n<p data-start=\"921\" data-end=\"936\">Bloques de motor<\/p>\n<\/li>\n<li data-start=\"937\" data-end=\"958\">\n<p data-start=\"939\" data-end=\"958\">Componentes del motor<\/p>\n<\/li>\n<li data-start=\"959\" data-end=\"992\">\n<p data-start=\"961\" data-end=\"992\">Trabajos de retoque y restauraci\u00f3n<\/p>\n<\/li>\n<\/ul>\n","protected":false},"excerpt":{"rendered":"<p>La pintura en aerosol Sol\u00e9 Mini Azul (400 ml) est\u00e1 dise\u00f1ada para repintar y retocar Sol\u00e9 Diesel y componentes de motores di\u00e9sel marinos. La pintura coincide con el color azul original de Sol\u00e9 Mini y proporciona un acabado duradero y resistente a la corrosi\u00f3n, adecuado para entornos marinos. Ideal para el mantenimiento del motor, la [&hellip;]<\/p>\n","protected":false},"featured_media":46595,"comment_status":"open","ping_status":"closed","template":"","meta":[],"product_brand":[4397],"product_cat":[2497,4684,4121,4683],"product_tag":[],"class_list":{"0":"post-46594","1":"product","2":"type-product","3":"status-publish","4":"has-post-thumbnail","6":"product_brand-sole","7":"product_cat-piezas-de-mantenimiento-del-motor","8":"product_cat-piezas-sole-mini-17","9":"product_cat-selladores-lubricantes-y-pintura","10":"product_cat-unico","11":"pa_condition-nuevo","12":"pa_oem-or-aftermarket-posventa","14":"first","15":"onbackorder","16":"taxable","17":"shipping-taxable","18":"purchasable","19":"product-type-simple"},"supplier_id":7294,"supplier_sku":"GS90031","barcode":null,"atum_controlled":true,"out_stock_date":"2026-01-21 10:31:38","out_stock_threshold":null,"inheritable":false,"inbound_stock":0,"stock_on_hold":0,"sold_today":0,"sales_last_days":0,"reserved_stock":0,"customer_returns":0,"warehouse_damage":0,"lost_in_post":0,"other_logs":0,"out_stock_days":7,"lost_sales":0,"has_location":false,"update_date":"2026-01-29T09:08:41","atum_locations":[],"atum_stock_status":"onbackorder","restock_status":false,"low_stock_amount":0,"sales_update_date":"2026-01-29T09:08:41","calc_backorders":null,"_links":{"self":[{"href":"https:\/\/mps.digital-monkey.in\/es\/wp-json\/wp\/v2\/product\/46594","targetHints":{"allow":["GET"]}}],"collection":[{"href":"https:\/\/mps.digital-monkey.in\/es\/wp-json\/wp\/v2\/product"}],"about":[{"href":"https:\/\/mps.digital-monkey.in\/es\/wp-json\/wp\/v2\/types\/product"}],"replies":[{"embeddable":true,"href":"https:\/\/mps.digital-monkey.in\/es\/wp-json\/wp\/v2\/comments?post=46594"}],"wp:featuredmedia":[{"embeddable":true,"href":"https:\/\/mps.digital-monkey.in\/es\/wp-json\/wp\/v2\/media\/46595"}],"wp:attachment":[{"href":"https:\/\/mps.digital-monkey.in\/es\/wp-json\/wp\/v2\/media?parent=46594"}],"wp:term":[{"taxonomy":"product_brand","embeddable":true,"href":"https:\/\/mps.digital-monkey.in\/es\/wp-json\/wp\/v2\/product_brand?post=46594"},{"taxonomy":"product_cat","embeddable":true,"href":"https:\/\/mps.digital-monkey.in\/es\/wp-json\/wp\/v2\/product_cat?post=46594"},{"taxonomy":"product_tag","embeddable":true,"href":"https:\/\/mps.digital-monkey.in\/es\/wp-json\/wp\/v2\/product_tag?post=46594"}],"curies":[{"name":"wp","href":"https:\/\/api.w.org\/{rel}","templated":true}]}}