{"id":46642,"date":"2026-01-21T14:13:23","date_gmt":"2026-01-21T14:13:23","guid":{"rendered":"https:\/\/mps.digital-monkey.in\/product\/bomba-impeller-yanmar-serie-6ly3-119578-42501\/"},"modified":"2026-01-21T14:13:23","modified_gmt":"2026-01-21T14:13:23","slug":"bomba-impeller-yanmar-serie-6ly3-119578-42501","status":"publish","type":"product","link":"https:\/\/mps.digital-monkey.in\/es\/producto\/bomba-impeller-yanmar-serie-6ly3-119578-42501\/","title":{"rendered":"Bomba Impeller Yanmar | Serie 6LY3 | 119578-42501"},"content":{"rendered":"<p data-start=\"416\" data-end=\"663\">La <strong data-start=\"420\" data-end=\"444\">bomba Impeller Yanmar<\/strong> est\u00e1 dise\u00f1ada para suministrar un caudal de agua bruta fiable para la refrigeraci\u00f3n de <strong data-start=\"504\" data-end=\"548\">los motores di\u00e9sel marinos Yanmar de la serie 6LY3<\/strong>. Una bomba Impeller que funcione correctamente es esencial para mantener la temperatura adecuada del motor y evitar el sobrecalentamiento. <\/p>\n<p data-start=\"665\" data-end=\"894\">Esta bomba est\u00e1 fabricada seg\u00fan especificaciones equivalentes a las del fabricante original y sirve como recambio directo de la bomba Yanmar original. Adecuada para sustituirla durante el servicio del sistema de refrigeraci\u00f3n o cuando se detecta un caudal de agua reducido o una fuga. <\/p>\n<h2 data-start=\"901\" data-end=\"918\">Tipo de producto<\/h2>\n<p data-start=\"919\" data-end=\"944\">Bomba de agua bruta \/ Impeller<\/p>\n<h2 data-start=\"951\" data-end=\"979\">OEM \/ N\u00fameros de referencia<\/h2>\n<p data-start=\"980\" data-end=\"991\">Sustituye a:<\/p>\n<ul data-start=\"992\" data-end=\"1045\">\n<li data-start=\"992\" data-end=\"1019\">\n<p data-start=\"994\" data-end=\"1019\">Yanmar 119578-42501<\/p>\n<\/li>\n<li data-start=\"1020\" data-end=\"1045\">\n<p data-start=\"1022\" data-end=\"1045\">Johnson 10-13286-01<\/p>\n<\/li>\n<\/ul>\n<h2 data-start=\"1052\" data-end=\"1070\">Compatibilidad<\/h2>\n<p data-start=\"1072\" data-end=\"1137\"><strong data-start=\"1072\" data-end=\"1135\">Adecuado para <span class=\"hover:entity-accent entity-underline inline cursor-pointer align-baseline\"><span class=\"whitespace-normal\">Yanmar<\/span><\/span> motores:<\/strong><\/p>\n<h3 data-start=\"1139\" data-end=\"1156\">Serie 6LY3<\/h3>\n<ul data-start=\"1157\" data-end=\"1319\">\n<li data-start=\"1157\" data-end=\"1173\">\n<p data-start=\"1159\" data-end=\"1173\">6LY3-ETP<\/p>\n<\/li>\n<li data-start=\"1174\" data-end=\"1190\">\n<p data-start=\"1176\" data-end=\"1190\">6LY3-STP<\/p>\n<\/li>\n<li data-start=\"1191\" data-end=\"1207\">\n<p data-start=\"1193\" data-end=\"1207\">6LY3-UTP<\/p>\n<\/li>\n<li data-start=\"1208\" data-end=\"1224\">\n<p data-start=\"1210\" data-end=\"1224\">6LY3-STC<\/p>\n<\/li>\n<li data-start=\"1225\" data-end=\"1241\">\n<p data-start=\"1227\" data-end=\"1241\">6LY3-UTC<\/p>\n<\/li>\n<li data-start=\"1242\" data-end=\"1261\">\n<p data-start=\"1244\" data-end=\"1261\">6LY3-ETP 24<\/p>\n<\/li>\n<li data-start=\"1262\" data-end=\"1281\">\n<p data-start=\"1264\" data-end=\"1281\">6LY3-STP 24<\/p>\n<\/li>\n<li data-start=\"1282\" data-end=\"1301\">\n<p data-start=\"1284\" data-end=\"1301\">6LY3-UTP 24<\/p>\n<\/li>\n<li data-start=\"1302\" data-end=\"1319\">\n<p data-start=\"1304\" data-end=\"1319\">6LY3-STC 24<\/p>\n<\/li>\n<\/ul>\n","protected":false},"excerpt":{"rendered":"<p>La bomba Impeller Yanmar est\u00e1 dise\u00f1ada para suministrar un caudal de agua bruta fiable para la refrigeraci\u00f3n de los motores di\u00e9sel marinos Yanmar de la serie 6LY3. Una bomba Impeller que funcione correctamente es esencial para mantener la temperatura adecuada del motor y evitar el sobrecalentamiento. Esta bomba est\u00e1 fabricada seg\u00fan especificaciones equivalentes a las [&hellip;]<\/p>\n","protected":false},"featured_media":46643,"comment_status":"open","ping_status":"closed","template":"","meta":[],"product_brand":[4235],"product_cat":[3397,2518,3244],"product_tag":[],"class_list":{"0":"post-46642","1":"product","2":"type-product","3":"status-publish","4":"has-post-thumbnail","6":"product_brand-yanmar","7":"product_cat-bombas-de-agua","8":"product_cat-piezas-de-motor","9":"product_cat-sistemas-de-refrigeracion","10":"pa_condition-nuevo","11":"pa_model-6ly3-etp","12":"pa_model-6ly3-serie","13":"pa_model-6ly3-stc","14":"pa_model-6ly3-stp","15":"pa_model-6ly3-utc","16":"pa_model-6ly3-utp","17":"pa_oem-or-aftermarket-posventa","19":"first","20":"onbackorder","21":"taxable","22":"shipping-taxable","23":"purchasable","24":"product-type-simple"},"supplier_id":7294,"supplier_sku":"REC119578-42501","barcode":null,"atum_controlled":true,"out_stock_date":"2026-01-21 14:13:29","out_stock_threshold":null,"inheritable":false,"inbound_stock":0,"stock_on_hold":0,"sold_today":0,"sales_last_days":0,"reserved_stock":0,"customer_returns":0,"warehouse_damage":0,"lost_in_post":0,"other_logs":0,"out_stock_days":7,"lost_sales":0,"has_location":false,"update_date":"2026-01-29T09:08:41","atum_locations":[],"atum_stock_status":"onbackorder","restock_status":false,"low_stock_amount":0,"sales_update_date":"2026-01-29T09:08:41","calc_backorders":null,"_links":{"self":[{"href":"https:\/\/mps.digital-monkey.in\/es\/wp-json\/wp\/v2\/product\/46642","targetHints":{"allow":["GET"]}}],"collection":[{"href":"https:\/\/mps.digital-monkey.in\/es\/wp-json\/wp\/v2\/product"}],"about":[{"href":"https:\/\/mps.digital-monkey.in\/es\/wp-json\/wp\/v2\/types\/product"}],"replies":[{"embeddable":true,"href":"https:\/\/mps.digital-monkey.in\/es\/wp-json\/wp\/v2\/comments?post=46642"}],"wp:featuredmedia":[{"embeddable":true,"href":"https:\/\/mps.digital-monkey.in\/es\/wp-json\/wp\/v2\/media\/46643"}],"wp:attachment":[{"href":"https:\/\/mps.digital-monkey.in\/es\/wp-json\/wp\/v2\/media?parent=46642"}],"wp:term":[{"taxonomy":"product_brand","embeddable":true,"href":"https:\/\/mps.digital-monkey.in\/es\/wp-json\/wp\/v2\/product_brand?post=46642"},{"taxonomy":"product_cat","embeddable":true,"href":"https:\/\/mps.digital-monkey.in\/es\/wp-json\/wp\/v2\/product_cat?post=46642"},{"taxonomy":"product_tag","embeddable":true,"href":"https:\/\/mps.digital-monkey.in\/es\/wp-json\/wp\/v2\/product_tag?post=46642"}],"curies":[{"name":"wp","href":"https:\/\/api.w.org\/{rel}","templated":true}]}}