{"id":46647,"date":"2026-01-21T14:21:45","date_gmt":"2026-01-21T14:21:45","guid":{"rendered":"https:\/\/mps.digital-monkey.in\/product\/bomba-impeller-yanmar-serie-6ly2-6lya-119574-42502\/"},"modified":"2026-01-21T14:31:09","modified_gmt":"2026-01-21T14:31:09","slug":"bomba-impeller-yanmar-serie-6ly2-6lya-119574-42502","status":"publish","type":"product","link":"https:\/\/mps.digital-monkey.in\/es\/producto\/bomba-impeller-yanmar-serie-6ly2-6lya-119574-42502\/","title":{"rendered":"Bomba Impeller Yanmar | Serie 6LY2 \/ 6LYA | 119574-42502"},"content":{"rendered":"<p data-start=\"452\" data-end=\"708\">La <strong data-start=\"456\" data-end=\"480\">bomba Impeller Yanmar<\/strong> est\u00e1 dise\u00f1ada para proporcionar un caudal de agua bruta fiable para la refrigeraci\u00f3n de <strong data-start=\"540\" data-end=\"593\">los motores di\u00e9sel marinos Yanmar de las series 6LY2 y 6LYA<\/strong>. Una bomba Impeller que funcione correctamente es esencial para mantener la temperatura correcta del motor y evitar el sobrecalentamiento. <\/p>\n<p data-start=\"710\" data-end=\"947\">Esta bomba est\u00e1 fabricada seg\u00fan especificaciones equivalentes a las del fabricante original y es un recambio directo de la unidad Yanmar original. Adecuada para su sustituci\u00f3n durante el servicio del sistema de refrigeraci\u00f3n o cuando se detecta una reducci\u00f3n del caudal de agua, fugas o desgaste de los cojinetes. <\/p>\n<h2 data-start=\"954\" data-end=\"971\">Tipo de producto<\/h2>\n<p data-start=\"972\" data-end=\"997\">Bomba de agua bruta \/ Impeller<\/p>\n<h2 data-start=\"1004\" data-end=\"1032\">OEM \/ N\u00fameros de referencia<\/h2>\n<p data-start=\"1033\" data-end=\"1071\">Sustituye a las siguientes referencias:<\/p>\n<ul data-start=\"1072\" data-end=\"1125\">\n<li data-start=\"1072\" data-end=\"1099\">\n<p data-start=\"1074\" data-end=\"1099\">Yanmar 119574-42502<\/p>\n<\/li>\n<li data-start=\"1100\" data-end=\"1125\">\n<p data-start=\"1102\" data-end=\"1125\">Johnson 10-13170-01<\/p>\n<\/li>\n<\/ul>\n<h2 data-start=\"1132\" data-end=\"1150\">Compatibilidad<\/h2>\n<p data-start=\"1152\" data-end=\"1217\"><strong data-start=\"1152\" data-end=\"1215\">Adecuado para <span class=\"hover:entity-accent entity-underline inline cursor-pointer align-baseline\"><span class=\"whitespace-normal\">Yanmar<\/span><\/span> motores:<\/strong><\/p>\n<h3 data-start=\"1219\" data-end=\"1236\">Serie 6LY2<\/h3>\n<ul data-start=\"1237\" data-end=\"1409\">\n<li data-start=\"1237\" data-end=\"1252\">\n<p data-start=\"1239\" data-end=\"1252\">6LY2-ST<\/p>\n<\/li>\n<li data-start=\"1253\" data-end=\"1270\">\n<p data-start=\"1255\" data-end=\"1270\">6LY2-STVY<\/p>\n<\/li>\n<li data-start=\"1271\" data-end=\"1287\">\n<p data-start=\"1273\" data-end=\"1287\">6LY2-WST<\/p>\n<\/li>\n<li data-start=\"1288\" data-end=\"1304\">\n<p data-start=\"1290\" data-end=\"1304\">6LY2-WDT<\/p>\n<\/li>\n<li data-start=\"1305\" data-end=\"1323\">\n<p data-start=\"1307\" data-end=\"1323\">6LY2-WDTZY<\/p>\n<\/li>\n<li data-start=\"1324\" data-end=\"1341\">\n<p data-start=\"1326\" data-end=\"1341\">6LY2M-WDT<\/p>\n<\/li>\n<li data-start=\"1342\" data-end=\"1358\">\n<p data-start=\"1344\" data-end=\"1358\">6LY2MWST<\/p>\n<\/li>\n<li data-start=\"1359\" data-end=\"1375\">\n<p data-start=\"1361\" data-end=\"1375\">6LY2-STE<\/p>\n<\/li>\n<li data-start=\"1376\" data-end=\"1393\">\n<p data-start=\"1378\" data-end=\"1393\">6LY2A-STP<\/p>\n<\/li>\n<li data-start=\"1394\" data-end=\"1409\">\n<p data-start=\"1396\" data-end=\"1409\">6LY2A-UTP<\/p>\n<\/li>\n<\/ul>\n<h3 data-start=\"1411\" data-end=\"1428\">Serie 6LYA<\/h3>\n<ul data-start=\"1429\" data-end=\"1477\">\n<li data-start=\"1429\" data-end=\"1445\">\n<p data-start=\"1431\" data-end=\"1445\">6LYA-STP<\/p>\n<\/li>\n<li data-start=\"1446\" data-end=\"1462\">\n<p data-start=\"1448\" data-end=\"1462\">6LYA-STE<\/p>\n<\/li>\n<li data-start=\"1463\" data-end=\"1477\">\n<p data-start=\"1465\" data-end=\"1477\">6LYA-UTE<\/p>\n<\/li>\n<\/ul>\n","protected":false},"excerpt":{"rendered":"<p>La bomba Impeller Yanmar est\u00e1 dise\u00f1ada para proporcionar un caudal de agua bruta fiable para la refrigeraci\u00f3n de los motores di\u00e9sel marinos Yanmar de las series 6LY2 y 6LYA. Una bomba Impeller que funcione correctamente es esencial para mantener la temperatura correcta del motor y evitar el sobrecalentamiento. Esta bomba est\u00e1 fabricada seg\u00fan especificaciones equivalentes [&hellip;]<\/p>\n","protected":false},"featured_media":46653,"comment_status":"open","ping_status":"closed","template":"","meta":[],"product_brand":[4235],"product_cat":[3397,2518,3244],"product_tag":[],"class_list":{"0":"post-46647","1":"product","2":"type-product","3":"status-publish","4":"has-post-thumbnail","6":"product_brand-yanmar","7":"product_cat-bombas-de-agua","8":"product_cat-piezas-de-motor","9":"product_cat-sistemas-de-refrigeracion","10":"pa_condition-nuevo","11":"pa_model-6ly2","12":"pa_model-6ly2-ste","13":"pa_model-6ly2-stp","14":"pa_model-6ly2a-stp","15":"pa_model-6ly2a-utp","16":"pa_model-6ly2m-wdt","17":"pa_model-6ly2m-wst","18":"pa_model-6lya-ste","19":"pa_model-6lya-stp","20":"pa_model-6lya-ute","21":"pa_oem-or-aftermarket-posventa","23":"first","24":"onbackorder","25":"taxable","26":"shipping-taxable","27":"purchasable","28":"product-type-simple"},"supplier_id":7294,"supplier_sku":"REC119574-42502","barcode":null,"atum_controlled":true,"out_stock_date":"2026-01-21 14:30:33","out_stock_threshold":null,"inheritable":false,"inbound_stock":0,"stock_on_hold":0,"sold_today":0,"sales_last_days":0,"reserved_stock":0,"customer_returns":0,"warehouse_damage":0,"lost_in_post":0,"other_logs":0,"out_stock_days":57,"lost_sales":0,"has_location":false,"update_date":"2026-03-20T13:24:52","atum_locations":[],"atum_stock_status":"onbackorder","restock_status":false,"low_stock_amount":0,"sales_update_date":"2026-03-20T13:24:52","calc_backorders":null,"_links":{"self":[{"href":"https:\/\/mps.digital-monkey.in\/es\/wp-json\/wp\/v2\/product\/46647","targetHints":{"allow":["GET"]}}],"collection":[{"href":"https:\/\/mps.digital-monkey.in\/es\/wp-json\/wp\/v2\/product"}],"about":[{"href":"https:\/\/mps.digital-monkey.in\/es\/wp-json\/wp\/v2\/types\/product"}],"replies":[{"embeddable":true,"href":"https:\/\/mps.digital-monkey.in\/es\/wp-json\/wp\/v2\/comments?post=46647"}],"wp:featuredmedia":[{"embeddable":true,"href":"https:\/\/mps.digital-monkey.in\/es\/wp-json\/wp\/v2\/media\/46653"}],"wp:attachment":[{"href":"https:\/\/mps.digital-monkey.in\/es\/wp-json\/wp\/v2\/media?parent=46647"}],"wp:term":[{"taxonomy":"product_brand","embeddable":true,"href":"https:\/\/mps.digital-monkey.in\/es\/wp-json\/wp\/v2\/product_brand?post=46647"},{"taxonomy":"product_cat","embeddable":true,"href":"https:\/\/mps.digital-monkey.in\/es\/wp-json\/wp\/v2\/product_cat?post=46647"},{"taxonomy":"product_tag","embeddable":true,"href":"https:\/\/mps.digital-monkey.in\/es\/wp-json\/wp\/v2\/product_tag?post=46647"}],"curies":[{"name":"wp","href":"https:\/\/api.w.org\/{rel}","templated":true}]}}