{"id":46662,"date":"2026-01-21T14:53:39","date_gmt":"2026-01-21T14:53:39","guid":{"rendered":"https:\/\/mps.digital-monkey.in\/product\/codo-de-escape-de-acero-inoxidable-yanmar-serie-3jh-4jh-129470-13560\/"},"modified":"2026-01-21T14:53:39","modified_gmt":"2026-01-21T14:53:39","slug":"codo-de-escape-de-acero-inoxidable-yanmar-serie-3jh-4jh-129470-13560","status":"publish","type":"product","link":"https:\/\/mps.digital-monkey.in\/es\/product\/codo-de-escape-de-acero-inoxidable-yanmar-serie-3jh-4jh-129470-13560\/","title":{"rendered":"Codo de escape de acero inoxidable Yanmar | Serie 3JH \/ 4JH | 129470-13560"},"content":{"rendered":"<p data-start=\"420\" data-end=\"784\">El <strong data-start=\"424\" data-end=\"479\">codo de escape<\/strong> de <strong data-start=\"424\" data-end=\"479\">acero inoxidable Yanmar (129470-13560)<\/strong> est\u00e1 dise\u00f1ado para alejar con seguridad los gases de escape del motor en <strong data-start=\"546\" data-end=\"588\">los motores diesel marinos Yanmar de la serie JH<\/strong>. Fabricado <strong data-start=\"608\" data-end=\"634\">en acero inoxidable (Inox)<\/strong> y <strong data-start=\"639\" data-end=\"655\">mecanizado mediante CNC<\/strong>, este codo de escape ofrece una excelente resistencia a la corrosi\u00f3n, un ajuste preciso y una larga vida \u00fatil en entornos marinos dif\u00edciles. <\/p>\n<p data-start=\"786\" data-end=\"870\">Ideal para la sustituci\u00f3n del sistema de escape, la reparaci\u00f3n de la corrosi\u00f3n o el mantenimiento preventivo.<\/p>\n<h2 data-start=\"877\" data-end=\"894\">Tipo de producto<\/h2>\n<p data-start=\"895\" data-end=\"923\">Codo de escape \/ curva de escape<\/p>\n<h2 data-start=\"930\" data-end=\"943\">Material<\/h2>\n<p data-start=\"944\" data-end=\"970\">Acero inoxidable (Inox)<\/p>\n<h2 data-start=\"977\" data-end=\"995\">Fabricaci\u00f3n<\/h2>\n<p data-start=\"996\" data-end=\"1030\"><strong data-start=\"996\" data-end=\"1012\">Mecanizado CNC<\/strong> para un ajuste preciso<\/p>\n<h2 data-start=\"1037\" data-end=\"1064\">OEM \/ N\u00famero de referencia<\/h2>\n<ul data-start=\"1065\" data-end=\"1083\">\n<li data-start=\"1065\" data-end=\"1083\">\n<p data-start=\"1067\" data-end=\"1083\">129470-13560<\/p>\n<\/li>\n<\/ul>\n<h2 data-start=\"1090\" data-end=\"1108\">Compatibilidad<\/h2>\n<p data-start=\"1110\" data-end=\"1175\"><strong data-start=\"1110\" data-end=\"1173\">Adecuado para <span class=\"hover:entity-accent entity-underline inline cursor-pointer align-baseline\"><span class=\"whitespace-normal\">Yanmar<\/span><\/span> motores:<\/strong><\/p>\n<h3 data-start=\"1177\" data-end=\"1193\">Serie 3JH<\/h3>\n<ul data-start=\"1194\" data-end=\"1245\">\n<li data-start=\"1194\" data-end=\"1206\">\n<p data-start=\"1196\" data-end=\"1206\">3JH2<\/p>\n<\/li>\n<li data-start=\"1207\" data-end=\"1219\">\n<p data-start=\"1209\" data-end=\"1219\">3JH3<\/p>\n<\/li>\n<li data-start=\"1220\" data-end=\"1233\">\n<p data-start=\"1222\" data-end=\"1233\">3JH3E<\/p>\n<\/li>\n<li data-start=\"1234\" data-end=\"1245\">\n<p data-start=\"1236\" data-end=\"1245\">3JH5E<\/p>\n<\/li>\n<\/ul>\n<h3 data-start=\"1247\" data-end=\"1263\">Serie 4JH<\/h3>\n<ul data-start=\"1264\" data-end=\"1349\">\n<li data-start=\"1264\" data-end=\"1277\">\n<p data-start=\"1266\" data-end=\"1277\">4JH2E<\/p>\n<\/li>\n<li data-start=\"1278\" data-end=\"1292\">\n<p data-start=\"1280\" data-end=\"1292\">4JH2CE<\/p>\n<\/li>\n<li data-start=\"1293\" data-end=\"1307\">\n<p data-start=\"1295\" data-end=\"1307\">4JH2TE<\/p>\n<\/li>\n<li data-start=\"1308\" data-end=\"1324\">\n<p data-start=\"1310\" data-end=\"1324\">4JH2-DTE<\/p>\n<\/li>\n<li data-start=\"1325\" data-end=\"1337\">\n<p data-start=\"1327\" data-end=\"1337\">4JH3<\/p>\n<\/li>\n<li data-start=\"1338\" data-end=\"1349\">\n<p data-start=\"1340\" data-end=\"1349\">4JH3E<\/p>\n<\/li>\n<\/ul>\n","protected":false},"excerpt":{"rendered":"<p>El codo de escape de acero inoxidable Yanmar (129470-13560) est\u00e1 dise\u00f1ado para alejar con seguridad los gases de escape del motor en los motores diesel marinos Yanmar de la serie JH. Fabricado en acero inoxidable (Inox) y mecanizado mediante CNC, este codo de escape ofrece una excelente resistencia a la corrosi\u00f3n, un ajuste preciso y [&hellip;]<\/p>\n","protected":false},"featured_media":46663,"comment_status":"open","ping_status":"closed","template":"","meta":[],"product_brand":[4235],"product_cat":[3205,2518,3204],"product_tag":[],"class_list":{"0":"post-46662","1":"product","2":"type-product","3":"status-publish","4":"has-post-thumbnail","6":"product_brand-yanmar","7":"product_cat-codos-de-escape","8":"product_cat-piezas-de-motor","9":"product_cat-sistemas-de-escape","10":"pa_condition-nuevo","11":"pa_model-3jh2","12":"pa_model-3jh3","13":"pa_model-3jh3e","14":"pa_model-3jh5e","15":"pa_model-4jh2dte","16":"pa_model-4jh2e","17":"pa_model-4jh2te","18":"pa_model-4jh3","19":"pa_model-4jh3-e","20":"pa_oem-or-aftermarket-posventa","22":"first","23":"instock","24":"sale","25":"taxable","26":"shipping-taxable","27":"purchasable","28":"product-type-simple"},"supplier_id":7294,"supplier_sku":"REC129470-13560","barcode":null,"atum_controlled":true,"out_stock_date":null,"out_stock_threshold":null,"inheritable":false,"inbound_stock":0,"stock_on_hold":0,"sold_today":0,"sales_last_days":0,"reserved_stock":0,"customer_returns":0,"warehouse_damage":0,"lost_in_post":0,"other_logs":0,"out_stock_days":0,"lost_sales":0,"has_location":false,"update_date":"2026-03-05T15:27:58","atum_locations":[],"atum_stock_status":"instock","restock_status":false,"low_stock_amount":0,"sales_update_date":"2026-03-05T15:27:58","calc_backorders":null,"_links":{"self":[{"href":"https:\/\/mps.digital-monkey.in\/es\/wp-json\/wp\/v2\/product\/46662","targetHints":{"allow":["GET"]}}],"collection":[{"href":"https:\/\/mps.digital-monkey.in\/es\/wp-json\/wp\/v2\/product"}],"about":[{"href":"https:\/\/mps.digital-monkey.in\/es\/wp-json\/wp\/v2\/types\/product"}],"replies":[{"embeddable":true,"href":"https:\/\/mps.digital-monkey.in\/es\/wp-json\/wp\/v2\/comments?post=46662"}],"wp:featuredmedia":[{"embeddable":true,"href":"https:\/\/mps.digital-monkey.in\/es\/wp-json\/wp\/v2\/media\/46663"}],"wp:attachment":[{"href":"https:\/\/mps.digital-monkey.in\/es\/wp-json\/wp\/v2\/media?parent=46662"}],"wp:term":[{"taxonomy":"product_brand","embeddable":true,"href":"https:\/\/mps.digital-monkey.in\/es\/wp-json\/wp\/v2\/product_brand?post=46662"},{"taxonomy":"product_cat","embeddable":true,"href":"https:\/\/mps.digital-monkey.in\/es\/wp-json\/wp\/v2\/product_cat?post=46662"},{"taxonomy":"product_tag","embeddable":true,"href":"https:\/\/mps.digital-monkey.in\/es\/wp-json\/wp\/v2\/product_tag?post=46662"}],"curies":[{"name":"wp","href":"https:\/\/api.w.org\/{rel}","templated":true}]}}