{"id":46674,"date":"2026-01-23T12:43:00","date_gmt":"2026-01-23T12:43:00","guid":{"rendered":"https:\/\/mps.digital-monkey.in\/product\/yanmar-junta-de-tapa-de-valvula-serie-4lh-4lha-119100-11360\/"},"modified":"2026-01-23T12:43:00","modified_gmt":"2026-01-23T12:43:00","slug":"yanmar-junta-de-tapa-de-valvula-serie-4lh-4lha-119100-11360","status":"publish","type":"product","link":"https:\/\/mps.digital-monkey.in\/es\/product\/yanmar-junta-de-tapa-de-valvula-serie-4lh-4lha-119100-11360\/","title":{"rendered":"Yanmar Junta de Tapa de V\u00e1lvula | Serie 4LH \/ 4LHA | 119100-11360"},"content":{"rendered":"<p data-start=\"443\" data-end=\"733\">La <strong data-start=\"447\" data-end=\"491\">junta de la tapa<\/strong> de <strong data-start=\"447\" data-end=\"491\">v\u00e1lvulas Yanmar (119100-11360)<\/strong> proporciona un sellado fiable y estanco al aceite entre la tapa de v\u00e1lvulas y la culata de los <strong data-start=\"573\" data-end=\"618\">motores di\u00e9sel marinos Yanmar 4LH y 4LHA<\/strong>. Un sellado correcto es esencial para evitar fugas de aceite, proteger los componentes del motor y mantener un funcionamiento limpio del motor. <\/p>\n<p data-start=\"735\" data-end=\"899\">Fabricada seg\u00fan especificaciones equivalentes a las de los fabricantes de equipos originales, esta junta garantiza un ajuste preciso y un rendimiento fiable durante el desmontaje de la tapa de la v\u00e1lvula o el mantenimiento rutinario del motor.<\/p>\n<h2 data-start=\"906\" data-end=\"923\">Tipo de producto<\/h2>\n<p data-start=\"924\" data-end=\"942\">Junta de la tapa de v\u00e1lvulas<\/p>\n<h2 data-start=\"949\" data-end=\"976\">OEM \/ N\u00famero de referencia<\/h2>\n<ul data-start=\"977\" data-end=\"995\">\n<li data-start=\"977\" data-end=\"995\">\n<p data-start=\"979\" data-end=\"995\">119100-11360<\/p>\n<\/li>\n<\/ul>\n<h2 data-start=\"1002\" data-end=\"1020\">Compatibilidad<\/h2>\n<p data-start=\"1022\" data-end=\"1087\"><strong data-start=\"1022\" data-end=\"1085\">Adecuado para <span class=\"hover:entity-accent entity-underline inline cursor-pointer align-baseline\"><span class=\"whitespace-normal\">Yanmar<\/span><\/span> motores:<\/strong><\/p>\n<h3 data-start=\"1089\" data-end=\"1106\">Serie 4LHA<\/h3>\n<ul data-start=\"1107\" data-end=\"1314\">\n<li data-start=\"1107\" data-end=\"1123\">\n<p data-start=\"1109\" data-end=\"1123\">4LHA-DTE<\/p>\n<\/li>\n<li data-start=\"1124\" data-end=\"1140\">\n<p data-start=\"1126\" data-end=\"1140\">4LHA-DTP<\/p>\n<\/li>\n<li data-start=\"1141\" data-end=\"1158\">\n<p data-start=\"1143\" data-end=\"1158\">4LHA-DTZE<\/p>\n<\/li>\n<li data-start=\"1159\" data-end=\"1176\">\n<p data-start=\"1161\" data-end=\"1176\">4LHA-DTZP<\/p>\n<\/li>\n<li data-start=\"1177\" data-end=\"1193\">\n<p data-start=\"1179\" data-end=\"1193\">4LHA-HTE<\/p>\n<\/li>\n<li data-start=\"1194\" data-end=\"1210\">\n<p data-start=\"1196\" data-end=\"1210\">4LHA-HTP<\/p>\n<\/li>\n<li data-start=\"1211\" data-end=\"1228\">\n<p data-start=\"1213\" data-end=\"1228\">4LHA-HTZE<\/p>\n<\/li>\n<li data-start=\"1229\" data-end=\"1246\">\n<p data-start=\"1231\" data-end=\"1246\">4LHA-HTZP<\/p>\n<\/li>\n<li data-start=\"1247\" data-end=\"1263\">\n<p data-start=\"1249\" data-end=\"1263\">4LHA-STE<\/p>\n<\/li>\n<li data-start=\"1264\" data-end=\"1280\">\n<p data-start=\"1266\" data-end=\"1280\">4LHA-STR<\/p>\n<\/li>\n<li data-start=\"1281\" data-end=\"1298\">\n<p data-start=\"1283\" data-end=\"1298\">4LHA-STZE<\/p>\n<\/li>\n<li data-start=\"1299\" data-end=\"1314\">\n<p data-start=\"1301\" data-end=\"1314\">4LHA-STZP<\/p>\n<\/li>\n<\/ul>\n<h3 data-start=\"1316\" data-end=\"1332\">Serie 4LH<\/h3>\n<ul data-start=\"1333\" data-end=\"1393\">\n<li data-start=\"1333\" data-end=\"1348\">\n<p data-start=\"1335\" data-end=\"1348\">4LH-DTE<\/p>\n<\/li>\n<li data-start=\"1349\" data-end=\"1364\">\n<p data-start=\"1351\" data-end=\"1364\">4LH-HTE<\/p>\n<\/li>\n<li data-start=\"1365\" data-end=\"1380\">\n<p data-start=\"1367\" data-end=\"1380\">4LH-STE<\/p>\n<\/li>\n<li data-start=\"1381\" data-end=\"1393\">\n<p data-start=\"1383\" data-end=\"1393\">4LH-TE<\/p>\n<\/li>\n<\/ul>\n","protected":false},"excerpt":{"rendered":"<p>La junta de la tapa de v\u00e1lvulas Yanmar (119100-11360) proporciona un sellado fiable y estanco al aceite entre la tapa de v\u00e1lvulas y la culata de los motores di\u00e9sel marinos Yanmar 4LH y 4LHA. Un sellado correcto es esencial para evitar fugas de aceite, proteger los componentes del motor y mantener un funcionamiento limpio del [&hellip;]<\/p>\n","protected":false},"featured_media":46675,"comment_status":"open","ping_status":"closed","template":"","meta":[],"product_brand":[4235],"product_cat":[3041,3040,2497],"product_tag":[],"class_list":{"0":"post-46674","1":"product","2":"type-product","3":"status-publish","4":"has-post-thumbnail","6":"product_brand-yanmar","7":"product_cat-juntas-de-motor","8":"product_cat-kits-de-mantenimiento-y-reparacion","9":"product_cat-piezas-de-mantenimiento-del-motor","10":"pa_condition-nuevo","11":"pa_model-4lh-dte","12":"pa_model-4lh-hte","13":"pa_model-4lh-ste","14":"pa_model-4lh-te","15":"pa_model-4lha-dte","16":"pa_model-4lha-dtp","17":"pa_model-4lha-dtze","18":"pa_model-4lha-dtzp","19":"pa_model-4lha-hte","20":"pa_model-4lha-htp","21":"pa_model-4lha-htze","22":"pa_model-4lha-htzp","23":"pa_model-4lha-ste","24":"pa_model-4lha-stze","25":"pa_model-4lha-stzp","26":"pa_oem-or-aftermarket-posventa","28":"first","29":"onbackorder","30":"taxable","31":"shipping-taxable","32":"purchasable","33":"product-type-simple"},"supplier_id":7294,"supplier_sku":"REC119100-11360","barcode":null,"atum_controlled":true,"out_stock_date":"2026-01-23 12:43:06","out_stock_threshold":null,"inheritable":false,"inbound_stock":0,"stock_on_hold":0,"sold_today":0,"sales_last_days":0,"reserved_stock":0,"customer_returns":0,"warehouse_damage":0,"lost_in_post":0,"other_logs":0,"out_stock_days":5,"lost_sales":0,"has_location":false,"update_date":"2026-01-29T09:08:41","atum_locations":[],"atum_stock_status":"onbackorder","restock_status":false,"low_stock_amount":0,"sales_update_date":"2026-01-29T09:08:41","calc_backorders":null,"_links":{"self":[{"href":"https:\/\/mps.digital-monkey.in\/es\/wp-json\/wp\/v2\/product\/46674","targetHints":{"allow":["GET"]}}],"collection":[{"href":"https:\/\/mps.digital-monkey.in\/es\/wp-json\/wp\/v2\/product"}],"about":[{"href":"https:\/\/mps.digital-monkey.in\/es\/wp-json\/wp\/v2\/types\/product"}],"replies":[{"embeddable":true,"href":"https:\/\/mps.digital-monkey.in\/es\/wp-json\/wp\/v2\/comments?post=46674"}],"wp:featuredmedia":[{"embeddable":true,"href":"https:\/\/mps.digital-monkey.in\/es\/wp-json\/wp\/v2\/media\/46675"}],"wp:attachment":[{"href":"https:\/\/mps.digital-monkey.in\/es\/wp-json\/wp\/v2\/media?parent=46674"}],"wp:term":[{"taxonomy":"product_brand","embeddable":true,"href":"https:\/\/mps.digital-monkey.in\/es\/wp-json\/wp\/v2\/product_brand?post=46674"},{"taxonomy":"product_cat","embeddable":true,"href":"https:\/\/mps.digital-monkey.in\/es\/wp-json\/wp\/v2\/product_cat?post=46674"},{"taxonomy":"product_tag","embeddable":true,"href":"https:\/\/mps.digital-monkey.in\/es\/wp-json\/wp\/v2\/product_tag?post=46674"}],"curies":[{"name":"wp","href":"https:\/\/api.w.org\/{rel}","templated":true}]}}