{"id":46703,"date":"2026-01-23T13:49:56","date_gmt":"2026-01-23T13:49:56","guid":{"rendered":"https:\/\/mps.digital-monkey.in\/product\/filtro-de-aire-yanmar-serie-6lp-6ly-6cx-119593-18880\/"},"modified":"2026-01-23T13:49:56","modified_gmt":"2026-01-23T13:49:56","slug":"filtro-de-aire-yanmar-serie-6lp-6ly-6cx-119593-18880","status":"publish","type":"product","link":"https:\/\/mps.digital-monkey.in\/es\/producto\/filtro-de-aire-yanmar-serie-6lp-6ly-6cx-119593-18880\/","title":{"rendered":"Filtro de aire Yanmar | Serie 6LP \/ 6LY \/ 6CX | 119593-18880"},"content":{"rendered":"<p data-start=\"440\" data-end=\"747\">El <strong data-start=\"444\" data-end=\"480\">filtro de aire Yanmar (119593-18880)<\/strong> est\u00e1 dise\u00f1ado para filtrar eficazmente el aire de admisi\u00f3n de una amplia gama de <strong data-start=\"559\" data-end=\"603\">motores diesel marinos Yanmar de alto rendimiento<\/strong>. Un aire de admisi\u00f3n limpio es esencial para una combusti\u00f3n eficiente, un menor desgaste del motor y un rendimiento fiable en condiciones marinas de trabajo continuo. <\/p>\n<p data-start=\"749\" data-end=\"942\">Fabricado seg\u00fan especificaciones equivalentes a las del fabricante original, este filtro de aire es un recambio directo de la pieza original Yanmar y es adecuado para el mantenimiento rutinario y la sustituci\u00f3n programada del filtro de aire.<\/p>\n<h2 data-start=\"949\" data-end=\"966\">Tipo de producto<\/h2>\n<p data-start=\"967\" data-end=\"1004\">Filtro de aire \/ filtro de admisi\u00f3n de aire del motor<\/p>\n<h2 data-start=\"1011\" data-end=\"1038\">OEM \/ N\u00famero de referencia<\/h2>\n<ul data-start=\"1039\" data-end=\"1057\">\n<li data-start=\"1039\" data-end=\"1057\">\n<p data-start=\"1041\" data-end=\"1057\"><strong data-start=\"1041\" data-end=\"1057\">119593-18880<\/strong><\/p>\n<\/li>\n<\/ul>\n<h2 data-start=\"1064\" data-end=\"1082\">Compatibilidad<\/h2>\n<p data-start=\"1084\" data-end=\"1149\"><strong data-start=\"1084\" data-end=\"1147\">Adecuado para <span class=\"hover:entity-accent entity-underline inline cursor-pointer align-baseline\"><span class=\"whitespace-normal\">Yanmar<\/span><\/span> motores:<\/strong><\/p>\n<h3 data-start=\"1151\" data-end=\"1167\">Serie 6CX<\/h3>\n<ul data-start=\"1168\" data-end=\"1181\">\n<li data-start=\"1168\" data-end=\"1181\">\n<p data-start=\"1170\" data-end=\"1181\">6CX-ETE<\/p>\n<\/li>\n<\/ul>\n<h3 data-start=\"1183\" data-end=\"1200\">Serie 6LPA<\/h3>\n<ul data-start=\"1201\" data-end=\"1267\">\n<li data-start=\"1201\" data-end=\"1217\">\n<p data-start=\"1203\" data-end=\"1217\">6LPA-DTP<\/p>\n<\/li>\n<li data-start=\"1218\" data-end=\"1235\">\n<p data-start=\"1220\" data-end=\"1235\">6LPA-DTZP<\/p>\n<\/li>\n<li data-start=\"1236\" data-end=\"1252\">\n<p data-start=\"1238\" data-end=\"1252\">6LPA-STP<\/p>\n<\/li>\n<li data-start=\"1253\" data-end=\"1267\">\n<p data-start=\"1255\" data-end=\"1267\">6LPA-STZ<\/p>\n<\/li>\n<\/ul>\n<h3 data-start=\"1269\" data-end=\"1285\">Serie 6LP<\/h3>\n<ul data-start=\"1286\" data-end=\"1447\">\n<li data-start=\"1286\" data-end=\"1300\">\n<p data-start=\"1288\" data-end=\"1300\">6LP-DT<\/p>\n<\/li>\n<li data-start=\"1301\" data-end=\"1316\">\n<p data-start=\"1303\" data-end=\"1316\">6LP-DTE<\/p>\n<\/li>\n<li data-start=\"1317\" data-end=\"1333\">\n<p data-start=\"1319\" data-end=\"1333\">6LP-DTZE<\/p>\n<\/li>\n<li data-start=\"1334\" data-end=\"1350\">\n<p data-start=\"1336\" data-end=\"1350\">6LP-DTZY<\/p>\n<\/li>\n<li data-start=\"1351\" data-end=\"1365\">\n<p data-start=\"1353\" data-end=\"1365\">6LP-ST<\/p>\n<\/li>\n<li data-start=\"1366\" data-end=\"1381\">\n<p data-start=\"1368\" data-end=\"1381\">6LP-STE<\/p>\n<\/li>\n<li data-start=\"1382\" data-end=\"1398\">\n<p data-start=\"1384\" data-end=\"1398\">6LP-STZE<\/p>\n<\/li>\n<li data-start=\"1399\" data-end=\"1415\">\n<p data-start=\"1401\" data-end=\"1415\">6LP-STZY<\/p>\n<\/li>\n<li data-start=\"1416\" data-end=\"1431\">\n<p data-start=\"1418\" data-end=\"1431\">6LP-WDT<\/p>\n<\/li>\n<li data-start=\"1432\" data-end=\"1447\">\n<p data-start=\"1434\" data-end=\"1447\">6LP-WDTZY<\/p>\n<\/li>\n<\/ul>\n<h3 data-start=\"1449\" data-end=\"1474\">Serie 6LY2 \/ 6LY2A<\/h3>\n<ul data-start=\"1475\" data-end=\"1633\">\n<li data-start=\"1475\" data-end=\"1492\">\n<p data-start=\"1477\" data-end=\"1492\">6LY2-STVY<\/p>\n<\/li>\n<li data-start=\"1493\" data-end=\"1509\">\n<p data-start=\"1495\" data-end=\"1509\">6LY2-WDT<\/p>\n<\/li>\n<li data-start=\"1510\" data-end=\"1528\">\n<p data-start=\"1512\" data-end=\"1528\">6LY2-WDTZY<\/p>\n<\/li>\n<li data-start=\"1529\" data-end=\"1545\">\n<p data-start=\"1531\" data-end=\"1545\">6LY2-WST<\/p>\n<\/li>\n<li data-start=\"1546\" data-end=\"1563\">\n<p data-start=\"1548\" data-end=\"1563\">6LY2A-STE<\/p>\n<\/li>\n<li data-start=\"1564\" data-end=\"1581\">\n<p data-start=\"1566\" data-end=\"1581\">6LY2A-STP<\/p>\n<\/li>\n<li data-start=\"1582\" data-end=\"1599\">\n<p data-start=\"1584\" data-end=\"1599\">6LY2A-UTP<\/p>\n<\/li>\n<li data-start=\"1600\" data-end=\"1617\">\n<p data-start=\"1602\" data-end=\"1617\">6LY2M-WDT<\/p>\n<\/li>\n<li data-start=\"1618\" data-end=\"1633\">\n<p data-start=\"1620\" data-end=\"1633\">6LY2M-WST<\/p>\n<\/li>\n<\/ul>\n<h3 data-start=\"1635\" data-end=\"1652\">Serie 6LY3<\/h3>\n<ul data-start=\"1653\" data-end=\"1701\">\n<li data-start=\"1653\" data-end=\"1669\">\n<p data-start=\"1655\" data-end=\"1669\">6LY3-ETP<\/p>\n<\/li>\n<li data-start=\"1670\" data-end=\"1686\">\n<p data-start=\"1672\" data-end=\"1686\">6LY3-STP<\/p>\n<\/li>\n<li data-start=\"1687\" data-end=\"1701\">\n<p data-start=\"1689\" data-end=\"1701\">6LY3-UTP<\/p>\n<\/li>\n<\/ul>\n<h3 data-start=\"1703\" data-end=\"1720\">Serie 6LYA<\/h3>\n<ul data-start=\"1721\" data-end=\"1769\">\n<li data-start=\"1721\" data-end=\"1737\">\n<p data-start=\"1723\" data-end=\"1737\">6LYA-STE<\/p>\n<\/li>\n<li data-start=\"1738\" data-end=\"1754\">\n<p data-start=\"1740\" data-end=\"1754\">6LYA-STP<\/p>\n<\/li>\n<li data-start=\"1755\" data-end=\"1769\">\n<p data-start=\"1757\" data-end=\"1769\">6LYA-UTE<\/p>\n<\/li>\n<\/ul>\n<h3 data-start=\"1771\" data-end=\"1794\">Serie 6LY \/ 6LYM<\/h3>\n<ul data-start=\"1795\" data-end=\"2041\">\n<li data-start=\"1795\" data-end=\"1811\">\n<p data-start=\"1797\" data-end=\"1811\">6LYM-UTE<\/p>\n<\/li>\n<li data-start=\"1812\" data-end=\"1828\">\n<p data-start=\"1814\" data-end=\"1828\">6LYM-STE<\/p>\n<\/li>\n<li data-start=\"1829\" data-end=\"1847\">\n<p data-start=\"1831\" data-end=\"1847\">6LYM-UTEHD<\/p>\n<\/li>\n<li data-start=\"1848\" data-end=\"1862\">\n<p data-start=\"1850\" data-end=\"1862\">6LY-ST<\/p>\n<\/li>\n<li data-start=\"1863\" data-end=\"1878\">\n<p data-start=\"1865\" data-end=\"1878\">6LY-STE<\/p>\n<\/li>\n<li data-start=\"1879\" data-end=\"1894\">\n<p data-start=\"1881\" data-end=\"1894\">6LY-STM<\/p>\n<\/li>\n<li data-start=\"1895\" data-end=\"1911\">\n<p data-start=\"1897\" data-end=\"1911\">6LY-STZY<\/p>\n<\/li>\n<li data-start=\"1912\" data-end=\"1926\">\n<p data-start=\"1914\" data-end=\"1926\">6LY-UT<\/p>\n<\/li>\n<li data-start=\"1927\" data-end=\"1942\">\n<p data-start=\"1929\" data-end=\"1942\">6LY-UTE<\/p>\n<\/li>\n<li data-start=\"1943\" data-end=\"1958\">\n<p data-start=\"1945\" data-end=\"1958\">6LY-UTM<\/p>\n<\/li>\n<li data-start=\"1959\" data-end=\"1975\">\n<p data-start=\"1961\" data-end=\"1975\">6LY-UTZY<\/p>\n<\/li>\n<li data-start=\"1976\" data-end=\"1991\">\n<p data-start=\"1978\" data-end=\"1991\">6LY-WST<\/p>\n<\/li>\n<li data-start=\"1992\" data-end=\"2009\">\n<p data-start=\"1994\" data-end=\"2009\">6LY-WSTZY<\/p>\n<\/li>\n<li data-start=\"2010\" data-end=\"2025\">\n<p data-start=\"2012\" data-end=\"2025\">6LY-WUT<\/p>\n<\/li>\n<li data-start=\"2026\" data-end=\"2041\">\n<p data-start=\"2028\" data-end=\"2041\">6LY-WUTZY<\/p>\n<\/li>\n<\/ul>\n","protected":false},"excerpt":{"rendered":"<p>El filtro de aire Yanmar (119593-18880) est\u00e1 dise\u00f1ado para filtrar eficazmente el aire de admisi\u00f3n de una amplia gama de<\/p>\n","protected":false},"featured_media":46704,"comment_status":"open","ping_status":"closed","template":"","meta":[],"product_brand":[4235],"product_cat":[2656,4562,2497,4534,4448],"product_tag":[],"class_list":{"0":"post-46703","1":"product","2":"type-product","3":"status-publish","4":"has-post-thumbnail","6":"product_brand-yanmar","7":"product_cat-filtros-de-aire","8":"product_cat-filtros-de-aire-yanmar","9":"product_cat-piezas-de-mantenimiento-del-motor","10":"product_cat-piezas-de-servicio-yanmar","11":"product_cat-yanmar","12":"pa_condition-nuevo","13":"pa_oem-or-aftermarket-posventa","15":"first","16":"onbackorder","17":"taxable","18":"shipping-taxable","19":"purchasable","20":"product-type-simple"},"supplier_id":7294,"supplier_sku":"REC119593-18880","barcode":null,"atum_controlled":true,"out_stock_date":"2026-01-28 10:48:26","out_stock_threshold":null,"inheritable":false,"inbound_stock":0,"stock_on_hold":0,"sold_today":0,"sales_last_days":0,"reserved_stock":0,"customer_returns":0,"warehouse_damage":0,"lost_in_post":0,"other_logs":0,"out_stock_days":51,"lost_sales":0,"has_location":false,"update_date":"2026-03-20T11:17:07","atum_locations":[],"atum_stock_status":"onbackorder","restock_status":false,"low_stock_amount":"","sales_update_date":"2026-03-20T11:17:07","calc_backorders":null,"_links":{"self":[{"href":"https:\/\/mps.digital-monkey.in\/es\/wp-json\/wp\/v2\/product\/46703","targetHints":{"allow":["GET"]}}],"collection":[{"href":"https:\/\/mps.digital-monkey.in\/es\/wp-json\/wp\/v2\/product"}],"about":[{"href":"https:\/\/mps.digital-monkey.in\/es\/wp-json\/wp\/v2\/types\/product"}],"replies":[{"embeddable":true,"href":"https:\/\/mps.digital-monkey.in\/es\/wp-json\/wp\/v2\/comments?post=46703"}],"version-history":[{"count":0,"href":"https:\/\/mps.digital-monkey.in\/es\/wp-json\/wp\/v2\/product\/46703\/revisions"}],"wp:featuredmedia":[{"embeddable":true,"href":"https:\/\/mps.digital-monkey.in\/es\/wp-json\/wp\/v2\/media\/46704"}],"wp:attachment":[{"href":"https:\/\/mps.digital-monkey.in\/es\/wp-json\/wp\/v2\/media?parent=46703"}],"wp:term":[{"taxonomy":"product_brand","embeddable":true,"href":"https:\/\/mps.digital-monkey.in\/es\/wp-json\/wp\/v2\/product_brand?post=46703"},{"taxonomy":"product_cat","embeddable":true,"href":"https:\/\/mps.digital-monkey.in\/es\/wp-json\/wp\/v2\/product_cat?post=46703"},{"taxonomy":"product_tag","embeddable":true,"href":"https:\/\/mps.digital-monkey.in\/es\/wp-json\/wp\/v2\/product_tag?post=46703"}],"curies":[{"name":"wp","href":"https:\/\/api.w.org\/{rel}","templated":true}]}}