{"id":46726,"date":"2026-01-27T13:37:16","date_gmt":"2026-01-27T13:37:16","guid":{"rendered":"https:\/\/mps.digital-monkey.in\/product\/yanmar-sello-saildrive-a-sd20-sd25-sd30-sd40-sd50-196420-02711-196420-02712\/"},"modified":"2026-01-27T13:37:16","modified_gmt":"2026-01-27T13:37:16","slug":"yanmar-sello-saildrive-a-sd20-sd25-sd30-sd40-sd50-196420-02711-196420-02712","status":"publish","type":"product","link":"https:\/\/mps.digital-monkey.in\/es\/product\/yanmar-sello-saildrive-a-sd20-sd25-sd30-sd40-sd50-196420-02711-196420-02712\/","title":{"rendered":"Yanmar Sello Saildrive A | SD20 \/ SD25 \/ SD30 \/ SD40 \/ SD50 | 196420-02711 \/ 196420-02712"},"content":{"rendered":"<p data-start=\"466\" data-end=\"706\">La <strong data-start=\"470\" data-end=\"497\">junta A para propulsores<\/strong> <strong data-start=\"544\" data-end=\"565\">saildrive Yan<\/strong> <strong data-start=\"470\" data-end=\"497\">mar<\/strong> es una <strong data-start=\"504\" data-end=\"523\">junta de goma OEM<\/strong> dise\u00f1ada para su uso en <strong data-start=\"544\" data-end=\"565\">propulsores saildrive Yanmar<\/strong>. Esta junta es un componente cr\u00edtico que garantiza el sellado estanco entre el saildrive y el casco, protegiendo la embarcaci\u00f3n de la entrada de agua. <\/p>\n<h2 data-start=\"922\" data-end=\"939\">Tipo de producto<\/h2>\n<p data-start=\"940\" data-end=\"975\">Junta \/ diafragma Saildrive (Junta A)<\/p>\n<h2 data-start=\"982\" data-end=\"1010\">OEM \/ N\u00fameros de referencia<\/h2>\n<ul data-start=\"1011\" data-end=\"1050\">\n<li data-start=\"1011\" data-end=\"1031\">\n<p data-start=\"1013\" data-end=\"1031\"><strong data-start=\"1013\" data-end=\"1029\">196420-02711<\/strong><\/p>\n<\/li>\n<li data-start=\"1032\" data-end=\"1050\">\n<p data-start=\"1034\" data-end=\"1050\"><strong data-start=\"1034\" data-end=\"1050\">196420-02712<\/strong><\/p>\n<\/li>\n<\/ul>\n<h2 data-start=\"1057\" data-end=\"1075\">Compatibilidad<\/h2>\n<p data-start=\"1077\" data-end=\"1145\"><strong data-start=\"1077\" data-end=\"1143\">Adecuado para <span class=\"hover:entity-accent entity-underline inline cursor-pointer align-baseline\"><span class=\"whitespace-normal\">Yanmar<\/span><\/span> saildrives:<\/strong><\/p>\n<ul data-start=\"1146\" data-end=\"1208\">\n<li data-start=\"1146\" data-end=\"1158\">\n<p data-start=\"1148\" data-end=\"1158\"><strong data-start=\"1148\" data-end=\"1156\">SD20<\/strong><\/p>\n<\/li>\n<li data-start=\"1159\" data-end=\"1171\">\n<p data-start=\"1161\" data-end=\"1171\"><strong data-start=\"1161\" data-end=\"1169\">SD25<\/strong><\/p>\n<\/li>\n<li data-start=\"1172\" data-end=\"1184\">\n<p data-start=\"1174\" data-end=\"1184\"><strong data-start=\"1174\" data-end=\"1182\">SD30<\/strong><\/p>\n<\/li>\n<li data-start=\"1185\" data-end=\"1197\">\n<p data-start=\"1187\" data-end=\"1197\"><strong data-start=\"1187\" data-end=\"1195\">SD40<\/strong><\/p>\n<\/li>\n<li data-start=\"1198\" data-end=\"1208\">\n<p data-start=\"1200\" data-end=\"1208\"><strong data-start=\"1200\" data-end=\"1208\">SD50<\/strong><\/p>\n<\/li>\n<\/ul>\n","protected":false},"excerpt":{"rendered":"<p>La junta A para propulsores saildrive Yan mar es una junta de goma OEM dise\u00f1ada para su uso en propulsores saildrive Yanmar. Esta junta es un componente cr\u00edtico que garantiza el sellado estanco entre el saildrive y el casco, protegiendo la embarcaci\u00f3n de la entrada de agua. Tipo de producto Junta \/ diafragma Saildrive (Junta [&hellip;]<\/p>\n","protected":false},"featured_media":46727,"comment_status":"open","ping_status":"closed","template":"","meta":[],"product_brand":[4235],"product_cat":[4112,2497,4569,4534],"product_tag":[],"class_list":{"0":"post-46726","1":"product","2":"type-product","3":"status-publish","4":"has-post-thumbnail","6":"product_brand-yanmar","7":"product_cat-fuelle","8":"product_cat-piezas-de-mantenimiento-del-motor","9":"product_cat-piezas-de-recambio-yanmar-saildrive","10":"product_cat-piezas-de-servicio-yanmar","11":"pa_condition-nuevo","12":"pa_model-sd20","13":"pa_model-sd25","14":"pa_model-sd30","15":"pa_model-sd40","16":"pa_model-sd50","17":"pa_oem-or-aftermarket-oem","19":"first","20":"onbackorder","21":"sale","22":"taxable","23":"shipping-taxable","24":"purchasable","25":"product-type-simple"},"supplier_id":32143,"supplier_sku":"196420-02711","barcode":null,"atum_controlled":true,"out_stock_date":"2026-01-27 15:33:12","out_stock_threshold":null,"inheritable":false,"inbound_stock":0,"stock_on_hold":0,"sold_today":0,"sales_last_days":0,"reserved_stock":0,"customer_returns":0,"warehouse_damage":0,"lost_in_post":0,"other_logs":0,"out_stock_days":51,"lost_sales":7815,"has_location":false,"update_date":"2026-03-20T11:17:07","atum_locations":[],"atum_stock_status":"onbackorder","restock_status":false,"low_stock_amount":0,"sales_update_date":"2026-03-20T11:17:07","calc_backorders":0,"_links":{"self":[{"href":"https:\/\/mps.digital-monkey.in\/es\/wp-json\/wp\/v2\/product\/46726","targetHints":{"allow":["GET"]}}],"collection":[{"href":"https:\/\/mps.digital-monkey.in\/es\/wp-json\/wp\/v2\/product"}],"about":[{"href":"https:\/\/mps.digital-monkey.in\/es\/wp-json\/wp\/v2\/types\/product"}],"replies":[{"embeddable":true,"href":"https:\/\/mps.digital-monkey.in\/es\/wp-json\/wp\/v2\/comments?post=46726"}],"wp:featuredmedia":[{"embeddable":true,"href":"https:\/\/mps.digital-monkey.in\/es\/wp-json\/wp\/v2\/media\/46727"}],"wp:attachment":[{"href":"https:\/\/mps.digital-monkey.in\/es\/wp-json\/wp\/v2\/media?parent=46726"}],"wp:term":[{"taxonomy":"product_brand","embeddable":true,"href":"https:\/\/mps.digital-monkey.in\/es\/wp-json\/wp\/v2\/product_brand?post=46726"},{"taxonomy":"product_cat","embeddable":true,"href":"https:\/\/mps.digital-monkey.in\/es\/wp-json\/wp\/v2\/product_cat?post=46726"},{"taxonomy":"product_tag","embeddable":true,"href":"https:\/\/mps.digital-monkey.in\/es\/wp-json\/wp\/v2\/product_tag?post=46726"}],"curies":[{"name":"wp","href":"https:\/\/api.w.org\/{rel}","templated":true}]}}