{"id":46759,"date":"2026-01-29T10:01:55","date_gmt":"2026-01-29T10:01:55","guid":{"rendered":"https:\/\/mps.digital-monkey.in\/product\/tapon-de-vaciado-volvo-penta-saildrive-3854539\/"},"modified":"2026-01-29T10:01:55","modified_gmt":"2026-01-29T10:01:55","slug":"tapon-de-vaciado-volvo-penta-saildrive-3854539","status":"publish","type":"product","link":"https:\/\/mps.digital-monkey.in\/es\/product\/tapon-de-vaciado-volvo-penta-saildrive-3854539\/","title":{"rendered":"Tap\u00f3n de vaciado Volvo Penta Saildrive &#8211; 3854539"},"content":{"rendered":"<p data-start=\"425\" data-end=\"689\">El <strong data-start=\"429\" data-end=\"475\">tap\u00f3n de<\/strong> vaciado <strong data-start=\"429\" data-end=\"475\">Volvo Penta Saildrive 3854539<\/strong> est\u00e1 dise\u00f1ado para vaciar y sellar la c\u00e1mara de aceite de <strong data-start=\"532\" data-end=\"574\">los saildrives y sterndrives Volvo Penta<\/strong>. Un tap\u00f3n de vaciado bien sellado es esencial para evitar fugas de aceite y garantizar la correcta lubricaci\u00f3n de la unidad motriz. <\/p>\n<p data-start=\"691\" data-end=\"829\">Fabricado seg\u00fan las especificaciones OEM, este tap\u00f3n de vaciado es adecuado para el servicio rutinario, los cambios de aceite o la sustituci\u00f3n de tapones da\u00f1ados o desgastados.<\/p>\n<h2 data-start=\"836\" data-end=\"853\">Tipo de producto<\/h2>\n<p data-start=\"854\" data-end=\"887\">Tap\u00f3n de vaciado Saildrive \/ sterndrive<\/p>\n<h2 data-start=\"894\" data-end=\"934\">Volvo Penta OEM \/ N\u00fameros de referencia<\/h2>\n<ul data-start=\"935\" data-end=\"964\">\n<li data-start=\"935\" data-end=\"950\">\n<p data-start=\"937\" data-end=\"950\">3854539<\/p>\n<\/li>\n<li data-start=\"951\" data-end=\"964\">\n<p data-start=\"953\" data-end=\"964\">3852152<\/p>\n<\/li>\n<\/ul>\n<h2 data-start=\"971\" data-end=\"989\">Compatibilidad<\/h2>\n<p data-start=\"991\" data-end=\"1075\"><strong data-start=\"991\" data-end=\"1073\">Adecuado para <span class=\"hover:entity-accent entity-underline inline cursor-pointer align-baseline\"><span class=\"whitespace-normal\">Volvo Penta<\/span><\/span> saildrives y sterndrives:<\/strong><\/p>\n<ul data-start=\"1076\" data-end=\"1176\">\n<li data-start=\"1076\" data-end=\"1088\">\n<p data-start=\"1078\" data-end=\"1088\">120S<\/p>\n<\/li>\n<li data-start=\"1089\" data-end=\"1101\">\n<p data-start=\"1091\" data-end=\"1101\">130S<\/p>\n<\/li>\n<li data-start=\"1102\" data-end=\"1114\">\n<p data-start=\"1104\" data-end=\"1114\">150S<\/p>\n<\/li>\n<li data-start=\"1115\" data-end=\"1128\">\n<p data-start=\"1117\" data-end=\"1128\">MS25S<\/p>\n<\/li>\n<li data-start=\"1129\" data-end=\"1141\">\n<p data-start=\"1131\" data-end=\"1141\">DP-G<\/p>\n<\/li>\n<li data-start=\"1142\" data-end=\"1154\">\n<p data-start=\"1144\" data-end=\"1154\">DP-S<\/p>\n<\/li>\n<li data-start=\"1155\" data-end=\"1166\">\n<p data-start=\"1157\" data-end=\"1166\">DPS<\/p>\n<\/li>\n<li data-start=\"1167\" data-end=\"1176\">\n<p data-start=\"1169\" data-end=\"1176\"><strong data-start=\"1169\" data-end=\"1176\">DPX<\/strong><\/p>\n<\/li>\n<\/ul>\n","protected":false},"excerpt":{"rendered":"<p>El tap\u00f3n de vaciado Volvo Penta Saildrive 3854539 est\u00e1 dise\u00f1ado para vaciar y sellar la c\u00e1mara de aceite de los saildrives y sterndrives Volvo Penta. Un tap\u00f3n de vaciado bien sellado es esencial para evitar fugas de aceite y garantizar la correcta lubricaci\u00f3n de la unidad motriz. Fabricado seg\u00fan las especificaciones OEM, este tap\u00f3n de [&hellip;]<\/p>\n","protected":false},"featured_media":46760,"comment_status":"open","ping_status":"closed","template":"","meta":[],"product_brand":[4229],"product_cat":[4486,3040,3970,2497,4302],"product_tag":[],"class_list":{"0":"post-46759","1":"product","2":"type-product","3":"status-publish","4":"has-post-thumbnail","6":"product_brand-volvo-penta","7":"product_cat-necesitas-piezas-volvo-penta","8":"product_cat-kits-de-mantenimiento-y-reparacion","9":"product_cat-kits-de-reparacion-saildrive","10":"product_cat-piezas-de-mantenimiento-del-motor","11":"product_cat-volvo-penta","12":"pa_condition-nuevo","13":"pa_model-120s","14":"pa_model-130s","15":"pa_model-150s","16":"pa_model-ms25","17":"pa_oem-or-aftermarket-posventa","19":"first","20":"instock","21":"taxable","22":"shipping-taxable","23":"purchasable","24":"product-type-simple"},"supplier_id":7294,"supplier_sku":"REC22-67892A05","barcode":null,"atum_controlled":true,"out_stock_date":null,"out_stock_threshold":null,"inheritable":false,"inbound_stock":0,"stock_on_hold":0,"sold_today":0,"sales_last_days":0,"reserved_stock":0,"customer_returns":0,"warehouse_damage":0,"lost_in_post":0,"other_logs":0,"out_stock_days":0,"lost_sales":0,"has_location":false,"update_date":"2026-03-05T15:27:58","atum_locations":[],"atum_stock_status":"instock","restock_status":false,"low_stock_amount":0,"sales_update_date":"2026-03-05T15:27:58","calc_backorders":null,"_links":{"self":[{"href":"https:\/\/mps.digital-monkey.in\/es\/wp-json\/wp\/v2\/product\/46759","targetHints":{"allow":["GET"]}}],"collection":[{"href":"https:\/\/mps.digital-monkey.in\/es\/wp-json\/wp\/v2\/product"}],"about":[{"href":"https:\/\/mps.digital-monkey.in\/es\/wp-json\/wp\/v2\/types\/product"}],"replies":[{"embeddable":true,"href":"https:\/\/mps.digital-monkey.in\/es\/wp-json\/wp\/v2\/comments?post=46759"}],"wp:featuredmedia":[{"embeddable":true,"href":"https:\/\/mps.digital-monkey.in\/es\/wp-json\/wp\/v2\/media\/46760"}],"wp:attachment":[{"href":"https:\/\/mps.digital-monkey.in\/es\/wp-json\/wp\/v2\/media?parent=46759"}],"wp:term":[{"taxonomy":"product_brand","embeddable":true,"href":"https:\/\/mps.digital-monkey.in\/es\/wp-json\/wp\/v2\/product_brand?post=46759"},{"taxonomy":"product_cat","embeddable":true,"href":"https:\/\/mps.digital-monkey.in\/es\/wp-json\/wp\/v2\/product_cat?post=46759"},{"taxonomy":"product_tag","embeddable":true,"href":"https:\/\/mps.digital-monkey.in\/es\/wp-json\/wp\/v2\/product_tag?post=46759"}],"curies":[{"name":"wp","href":"https:\/\/api.w.org\/{rel}","templated":true}]}}