{"id":46798,"date":"2026-01-29T12:24:49","date_gmt":"2026-01-29T12:24:49","guid":{"rendered":"https:\/\/mps.digital-monkey.in\/product\/junta-torica-del-tapon-de-vaciado-de-la-transmision-yanmar-sd40-sd50-189010-01130\/"},"modified":"2026-01-29T12:24:49","modified_gmt":"2026-01-29T12:24:49","slug":"junta-torica-del-tapon-de-vaciado-de-la-transmision-yanmar-sd40-sd50-189010-01130","status":"publish","type":"product","link":"https:\/\/mps.digital-monkey.in\/es\/product\/junta-torica-del-tapon-de-vaciado-de-la-transmision-yanmar-sd40-sd50-189010-01130\/","title":{"rendered":"Junta t\u00f3rica del tap\u00f3n de vaciado de la transmisi\u00f3n Yanmar | SD40 \/ SD50 | 189010-01130"},"content":{"rendered":"","protected":false},"excerpt":{"rendered":"","protected":false},"featured_media":46799,"comment_status":"open","ping_status":"closed","template":"","meta":[],"product_brand":[4235],"product_cat":[3041,3040,3970,2497,4569],"product_tag":[],"class_list":{"0":"post-46798","1":"product","2":"type-product","3":"status-publish","4":"has-post-thumbnail","6":"product_brand-yanmar","7":"product_cat-juntas-de-motor","8":"product_cat-kits-de-mantenimiento-y-reparacion","9":"product_cat-kits-de-reparacion-saildrive","10":"product_cat-piezas-de-mantenimiento-del-motor","11":"product_cat-piezas-de-recambio-yanmar-saildrive","12":"pa_condition-nuevo","13":"pa_oem-or-aftermarket-oem","15":"first","16":"onbackorder","17":"taxable","18":"shipping-taxable","19":"purchasable","20":"product-type-simple"},"supplier_id":32143,"supplier_sku":"189010-01130","barcode":null,"atum_controlled":true,"out_stock_date":"2026-01-29 14:58:34","out_stock_threshold":null,"inheritable":false,"inbound_stock":0,"stock_on_hold":0,"sold_today":0,"sales_last_days":0,"reserved_stock":0,"customer_returns":0,"warehouse_damage":0,"lost_in_post":0,"other_logs":0,"out_stock_days":49,"lost_sales":32,"has_location":false,"update_date":"2026-03-20T11:17:07","atum_locations":[],"atum_stock_status":"onbackorder","restock_status":false,"low_stock_amount":0,"sales_update_date":"2026-03-20T11:17:07","calc_backorders":0,"_links":{"self":[{"href":"https:\/\/mps.digital-monkey.in\/es\/wp-json\/wp\/v2\/product\/46798","targetHints":{"allow":["GET"]}}],"collection":[{"href":"https:\/\/mps.digital-monkey.in\/es\/wp-json\/wp\/v2\/product"}],"about":[{"href":"https:\/\/mps.digital-monkey.in\/es\/wp-json\/wp\/v2\/types\/product"}],"replies":[{"embeddable":true,"href":"https:\/\/mps.digital-monkey.in\/es\/wp-json\/wp\/v2\/comments?post=46798"}],"wp:featuredmedia":[{"embeddable":true,"href":"https:\/\/mps.digital-monkey.in\/es\/wp-json\/wp\/v2\/media\/46799"}],"wp:attachment":[{"href":"https:\/\/mps.digital-monkey.in\/es\/wp-json\/wp\/v2\/media?parent=46798"}],"wp:term":[{"taxonomy":"product_brand","embeddable":true,"href":"https:\/\/mps.digital-monkey.in\/es\/wp-json\/wp\/v2\/product_brand?post=46798"},{"taxonomy":"product_cat","embeddable":true,"href":"https:\/\/mps.digital-monkey.in\/es\/wp-json\/wp\/v2\/product_cat?post=46798"},{"taxonomy":"product_tag","embeddable":true,"href":"https:\/\/mps.digital-monkey.in\/es\/wp-json\/wp\/v2\/product_tag?post=46798"}],"curies":[{"name":"wp","href":"https:\/\/api.w.org\/{rel}","templated":true}]}}