{"id":46816,"date":"2026-01-30T09:03:24","date_gmt":"2026-01-30T09:03:24","guid":{"rendered":"https:\/\/mps.digital-monkey.in\/product\/junta-del-eje-de-la-helice-volvo-penta-saildrive-120s-130s-ms25s-3593663\/"},"modified":"2026-01-30T09:03:24","modified_gmt":"2026-01-30T09:03:24","slug":"junta-del-eje-de-la-helice-volvo-penta-saildrive-120s-130s-ms25s-3593663","status":"publish","type":"product","link":"https:\/\/mps.digital-monkey.in\/es\/producto\/junta-del-eje-de-la-helice-volvo-penta-saildrive-120s-130s-ms25s-3593663\/","title":{"rendered":"Junta del eje de la h\u00e9lice Volvo Penta Saildrive | 120S \/ 130S \/ MS25S | 3593663"},"content":{"rendered":"<p data-start=\"439\" data-end=\"747\">La <strong data-start=\"443\" data-end=\"499\">junta del eje de<\/strong> <strong data-start=\"576\" data-end=\"595\">la h\u00e9lice<\/strong> <strong data-start=\"443\" data-end=\"499\">de los<\/strong> <strong data-start=\"599\" data-end=\"625\">saildrives Volvo Penta<\/strong> <strong data-start=\"443\" data-end=\"499\">(3593663)<\/strong> est\u00e1 dise\u00f1ada para proporcionar un cierre fiable, estanco al agua y al aceite, alrededor del <strong data-start=\"576\" data-end=\"595\">eje de la h\u00e9lice<\/strong> en <strong data-start=\"599\" data-end=\"625\">los saildrives Volvo Penta<\/strong>.<\/p>\n<h2 data-start=\"902\" data-end=\"919\">Tipo de producto<\/h2>\n<p data-start=\"920\" data-end=\"957\">Ret\u00e9n de aceite del eje de la h\u00e9lice \/ ret\u00e9n del eje<\/p>\n<h2 data-start=\"964\" data-end=\"1003\">Volvo Penta OEM \/ N\u00famero de referencia<\/h2>\n<ul data-start=\"1004\" data-end=\"1017\">\n<li data-start=\"1004\" data-end=\"1017\">\n<p data-start=\"1006\" data-end=\"1017\">3593663<\/p>\n<\/li>\n<\/ul>\n<h2 data-start=\"1024\" data-end=\"1050\">Lugar de instalaci\u00f3n<\/h2>\n<p data-start=\"1051\" data-end=\"1086\">Eje de la h\u00e9lice - carcasa del saildrive<\/p>\n<h2 data-start=\"1093\" data-end=\"1111\">Compatibilidad<\/h2>\n<p data-start=\"1113\" data-end=\"1181\"><strong data-start=\"1113\" data-end=\"1179\">Adecuado para <span class=\"hover:entity-accent entity-underline inline cursor-pointer align-baseline\"><span class=\"whitespace-normal\">Volvo Penta<\/span><\/span> saildrives:<\/strong><\/p>\n<ul data-start=\"1182\" data-end=\"1219\">\n<li data-start=\"1182\" data-end=\"1194\">\n<p data-start=\"1184\" data-end=\"1194\">120S<\/p>\n<\/li>\n<li data-start=\"1195\" data-end=\"1207\">\n<p data-start=\"1197\" data-end=\"1207\">130S<\/p>\n<\/li>\n<li data-start=\"1208\" data-end=\"1219\">\n<p data-start=\"1210\" data-end=\"1219\">MS25S<\/p>\n<\/li>\n<\/ul>\n","protected":false},"excerpt":{"rendered":"<p>La junta del eje de la h\u00e9lice de los saildrives Volvo Penta (3593663) est\u00e1 dise\u00f1ada para proporcionar un cierre fiable, estanco al agua y al aceite, alrededor del eje de la h\u00e9lice en los saildrives Volvo Penta. Tipo de producto Ret\u00e9n de aceite del eje de la h\u00e9lice \/ ret\u00e9n del eje Volvo Penta OEM [&hellip;]<\/p>\n","protected":false},"featured_media":46818,"comment_status":"open","ping_status":"closed","template":"","meta":[],"product_brand":[4229],"product_cat":[3040,3970,2497],"product_tag":[],"class_list":{"0":"post-46816","1":"product","2":"type-product","3":"status-publish","4":"has-post-thumbnail","6":"product_brand-volvo-penta","7":"product_cat-kits-de-mantenimiento-y-reparacion","8":"product_cat-kits-de-reparacion-saildrive","9":"product_cat-piezas-de-mantenimiento-del-motor","10":"pa_condition-nuevo","11":"pa_model-120s","12":"pa_model-130s","13":"pa_model-ms25","14":"pa_oem-or-aftermarket-posventa","16":"first","17":"instock","18":"taxable","19":"shipping-taxable","20":"purchasable","21":"product-type-simple"},"supplier_id":7294,"supplier_sku":"REC3593663","barcode":null,"atum_controlled":true,"out_stock_date":null,"out_stock_threshold":null,"inheritable":false,"inbound_stock":0,"stock_on_hold":0,"sold_today":0,"sales_last_days":0,"reserved_stock":0,"customer_returns":0,"warehouse_damage":0,"lost_in_post":0,"other_logs":0,"out_stock_days":0,"lost_sales":0,"has_location":false,"update_date":"2026-03-05T15:27:58","atum_locations":[],"atum_stock_status":"instock","restock_status":false,"low_stock_amount":0,"sales_update_date":"2026-03-05T15:27:58","calc_backorders":null,"_links":{"self":[{"href":"https:\/\/mps.digital-monkey.in\/es\/wp-json\/wp\/v2\/product\/46816","targetHints":{"allow":["GET"]}}],"collection":[{"href":"https:\/\/mps.digital-monkey.in\/es\/wp-json\/wp\/v2\/product"}],"about":[{"href":"https:\/\/mps.digital-monkey.in\/es\/wp-json\/wp\/v2\/types\/product"}],"replies":[{"embeddable":true,"href":"https:\/\/mps.digital-monkey.in\/es\/wp-json\/wp\/v2\/comments?post=46816"}],"wp:featuredmedia":[{"embeddable":true,"href":"https:\/\/mps.digital-monkey.in\/es\/wp-json\/wp\/v2\/media\/46818"}],"wp:attachment":[{"href":"https:\/\/mps.digital-monkey.in\/es\/wp-json\/wp\/v2\/media?parent=46816"}],"wp:term":[{"taxonomy":"product_brand","embeddable":true,"href":"https:\/\/mps.digital-monkey.in\/es\/wp-json\/wp\/v2\/product_brand?post=46816"},{"taxonomy":"product_cat","embeddable":true,"href":"https:\/\/mps.digital-monkey.in\/es\/wp-json\/wp\/v2\/product_cat?post=46816"},{"taxonomy":"product_tag","embeddable":true,"href":"https:\/\/mps.digital-monkey.in\/es\/wp-json\/wp\/v2\/product_tag?post=46816"}],"curies":[{"name":"wp","href":"https:\/\/api.w.org\/{rel}","templated":true}]}}