{"id":46864,"date":"2026-01-30T13:18:30","date_gmt":"2026-01-30T13:18:30","guid":{"rendered":"https:\/\/mps.digital-monkey.in\/product\/juego-de-juntas-del-intercambiador-de-calor-volvo-penta-md40a-tmd40a-aqd40a\/"},"modified":"2026-01-30T13:18:30","modified_gmt":"2026-01-30T13:18:30","slug":"juego-de-juntas-del-intercambiador-de-calor-volvo-penta-md40a-tmd40a-aqd40a","status":"publish","type":"product","link":"https:\/\/mps.digital-monkey.in\/es\/producto\/juego-de-juntas-del-intercambiador-de-calor-volvo-penta-md40a-tmd40a-aqd40a\/","title":{"rendered":"Juego de juntas del intercambiador de calor Volvo Penta | MD40A \/ TMD40A \/ AQD40A"},"content":{"rendered":"<p data-start=\"418\" data-end=\"734\"><strong data-start=\"422\" data-end=\"463\">Juego de juntas del intercambiador de calor Volvo Penta<\/strong><\/p>\n<h2 data-start=\"984\" data-end=\"1001\">Tipo de producto<\/h2>\n<p data-start=\"1002\" data-end=\"1027\">Juego de juntas del intercambiador de calor<\/p>\n<h2 data-start=\"1034\" data-end=\"1050\">Aplicaci\u00f3n<\/h2>\n<ul data-start=\"1051\" data-end=\"1154\">\n<li data-start=\"1051\" data-end=\"1078\">\n<p data-start=\"1053\" data-end=\"1078\">Revisi\u00f3n del intercambiador de calor<\/p>\n<\/li>\n<li data-start=\"1079\" data-end=\"1109\">\n<p data-start=\"1081\" data-end=\"1109\">Mantenimiento del sistema de refrigeraci\u00f3n<\/p>\n<\/li>\n<li data-start=\"1110\" data-end=\"1154\">\n<p data-start=\"1112\" data-end=\"1154\">Prevenci\u00f3n de fugas de refrigerante y agua de mar<\/p>\n<\/li>\n<\/ul>\n<h2 data-start=\"1161\" data-end=\"1179\">Compatibilidad<\/h2>\n<p data-start=\"1181\" data-end=\"1246\"><strong data-start=\"1181\" data-end=\"1244\">Adecuado para <span class=\"hover:entity-accent entity-underline inline cursor-pointer align-baseline\"><span class=\"whitespace-normal\">Volvo Penta<\/span><\/span> motores:<\/strong><\/p>\n<ul data-start=\"1247\" data-end=\"1288\">\n<li data-start=\"1247\" data-end=\"1260\">\n<p data-start=\"1249\" data-end=\"1260\"><strong data-start=\"1249\" data-end=\"1258\">MD40A<\/strong><\/p>\n<\/li>\n<li data-start=\"1261\" data-end=\"1275\">\n<p data-start=\"1263\" data-end=\"1275\"><strong data-start=\"1263\" data-end=\"1273\">TMD40A<\/strong><\/p>\n<\/li>\n<li data-start=\"1276\" data-end=\"1288\">\n<p data-start=\"1278\" data-end=\"1288\"><strong data-start=\"1278\" data-end=\"1288\">AQD40A<\/strong><\/p>\n<\/li>\n<\/ul>\n","protected":false},"excerpt":{"rendered":"<p>Juego de juntas del intercambiador de calor Volvo Penta Tipo de producto Juego de juntas del intercambiador de calor Aplicaci\u00f3n Revisi\u00f3n del intercambiador de calor Mantenimiento del sistema de refrigeraci\u00f3n Prevenci\u00f3n de fugas de refrigerante y agua de mar Compatibilidad Adecuado para Volvo Penta motores: MD40A TMD40A AQD40A<\/p>\n","protected":false},"featured_media":46865,"comment_status":"open","ping_status":"closed","template":"","meta":[],"product_brand":[4229],"product_cat":[4486,3041,3040,2497,4302,4304],"product_tag":[],"class_list":{"0":"post-46864","1":"product","2":"type-product","3":"status-publish","4":"has-post-thumbnail","6":"product_brand-volvo-penta","7":"product_cat-necesitas-piezas-volvo-penta","8":"product_cat-juntas-de-motor","9":"product_cat-kits-de-mantenimiento-y-reparacion","10":"product_cat-piezas-de-mantenimiento-del-motor","11":"product_cat-volvo-penta","12":"product_cat-volvo-penta-serie-md","13":"pa_condition-nuevo","14":"pa_model-aqd40","15":"pa_model-md40","16":"pa_model-tmd40","17":"pa_oem-or-aftermarket-posventa","19":"first","20":"instock","21":"taxable","22":"shipping-taxable","23":"purchasable","24":"product-type-simple"},"supplier_id":7294,"supplier_sku":"REC22106","barcode":null,"atum_controlled":true,"out_stock_date":null,"out_stock_threshold":null,"inheritable":false,"inbound_stock":null,"stock_on_hold":0,"sold_today":0,"sales_last_days":1,"reserved_stock":null,"customer_returns":null,"warehouse_damage":null,"lost_in_post":null,"other_logs":null,"out_stock_days":0,"lost_sales":0,"has_location":false,"update_date":"2026-03-13T12:31:44","atum_locations":[],"atum_stock_status":"instock","restock_status":false,"low_stock_amount":0,"sales_update_date":"2026-02-19T12:36:01","calc_backorders":0,"_links":{"self":[{"href":"https:\/\/mps.digital-monkey.in\/es\/wp-json\/wp\/v2\/product\/46864","targetHints":{"allow":["GET"]}}],"collection":[{"href":"https:\/\/mps.digital-monkey.in\/es\/wp-json\/wp\/v2\/product"}],"about":[{"href":"https:\/\/mps.digital-monkey.in\/es\/wp-json\/wp\/v2\/types\/product"}],"replies":[{"embeddable":true,"href":"https:\/\/mps.digital-monkey.in\/es\/wp-json\/wp\/v2\/comments?post=46864"}],"wp:featuredmedia":[{"embeddable":true,"href":"https:\/\/mps.digital-monkey.in\/es\/wp-json\/wp\/v2\/media\/46865"}],"wp:attachment":[{"href":"https:\/\/mps.digital-monkey.in\/es\/wp-json\/wp\/v2\/media?parent=46864"}],"wp:term":[{"taxonomy":"product_brand","embeddable":true,"href":"https:\/\/mps.digital-monkey.in\/es\/wp-json\/wp\/v2\/product_brand?post=46864"},{"taxonomy":"product_cat","embeddable":true,"href":"https:\/\/mps.digital-monkey.in\/es\/wp-json\/wp\/v2\/product_cat?post=46864"},{"taxonomy":"product_tag","embeddable":true,"href":"https:\/\/mps.digital-monkey.in\/es\/wp-json\/wp\/v2\/product_tag?post=46864"}],"curies":[{"name":"wp","href":"https:\/\/api.w.org\/{rel}","templated":true}]}}