{"id":46945,"date":"2026-02-03T08:18:13","date_gmt":"2026-02-03T08:18:13","guid":{"rendered":"https:\/\/mps.digital-monkey.in\/product\/junta-tapa-valvulas-volvo-penta-md6-md7-840115\/"},"modified":"2026-02-03T08:18:13","modified_gmt":"2026-02-03T08:18:13","slug":"junta-tapa-valvulas-volvo-penta-md6-md7-840115","status":"publish","type":"product","link":"https:\/\/mps.digital-monkey.in\/es\/producto\/junta-tapa-valvulas-volvo-penta-md6-md7-840115\/","title":{"rendered":"Junta Tapa V\u00e1lvulas Volvo Penta | MD6 \/ MD7 | 840115"},"content":{"rendered":"<p data-start=\"360\" data-end=\"503\">Junta de tapa de v\u00e1lvulas para <strong data-start=\"383\" data-end=\"424\"><span class=\"hover:entity-accent entity-underline inline cursor-pointer align-baseline\"><span class=\"whitespace-normal\">Volvo Penta<\/span><\/span><\/strong> motores diesel marinos.<br data-start=\"447\" data-end=\"450\">Sustituci\u00f3n directa de la pieza original Volvo Penta.<\/p>\n<h2 data-start=\"510\" data-end=\"527\">Tipo de producto<\/h2>\n<p data-start=\"528\" data-end=\"546\">Junta de la tapa de v\u00e1lvulas<\/p>\n<h2 data-start=\"553\" data-end=\"592\">Volvo Penta OEM \/ N\u00famero de referencia<\/h2>\n<ul data-start=\"593\" data-end=\"605\">\n<li data-start=\"593\" data-end=\"605\">\n<p data-start=\"595\" data-end=\"605\">840115<\/p>\n<\/li>\n<\/ul>\n<h2 data-start=\"612\" data-end=\"630\">Compatibilidad<\/h2>\n<p data-start=\"631\" data-end=\"666\">Adecuado para motores Volvo Penta:<\/p>\n<ul data-start=\"667\" data-end=\"688\">\n<li data-start=\"667\" data-end=\"678\">\n<p data-start=\"669\" data-end=\"678\">MD6<\/p>\n<\/li>\n<li data-start=\"679\" data-end=\"688\">\n<p data-start=\"681\" data-end=\"688\">MD7<\/p>\n<\/li>\n<\/ul>\n","protected":false},"excerpt":{"rendered":"<p>Junta de tapa de v\u00e1lvulas para Volvo Penta motores diesel marinos.Sustituci\u00f3n directa de la pieza original Volvo Penta. Tipo de producto Junta de la tapa de v\u00e1lvulas Volvo Penta OEM \/ N\u00famero de referencia 840115 Compatibilidad Adecuado para motores Volvo Penta: MD6 MD7<\/p>\n","protected":false},"featured_media":46946,"comment_status":"open","ping_status":"closed","template":"","meta":[],"product_brand":[4229],"product_cat":[4486,3041,3040,2497,4302,4359,4362,4304],"product_tag":[],"class_list":{"0":"post-46945","1":"product","2":"type-product","3":"status-publish","4":"has-post-thumbnail","6":"product_brand-volvo-penta","7":"product_cat-necesitas-piezas-volvo-penta","8":"product_cat-juntas-de-motor","9":"product_cat-kits-de-mantenimiento-y-reparacion","10":"product_cat-piezas-de-mantenimiento-del-motor","11":"product_cat-volvo-penta","12":"product_cat-volvo-penta-md6","13":"product_cat-volvo-penta-md7","14":"product_cat-volvo-penta-serie-md","15":"pa_condition-nuevo","16":"pa_model-md6","17":"pa_model-md7","18":"pa_oem-or-aftermarket-posventa","20":"first","21":"instock","22":"taxable","23":"shipping-taxable","24":"purchasable","25":"product-type-simple"},"supplier_id":7294,"supplier_sku":"REC840115","barcode":null,"atum_controlled":true,"out_stock_date":null,"out_stock_threshold":null,"inheritable":false,"inbound_stock":0,"stock_on_hold":0,"sold_today":0,"sales_last_days":0,"reserved_stock":0,"customer_returns":0,"warehouse_damage":0,"lost_in_post":0,"other_logs":0,"out_stock_days":0,"lost_sales":0,"has_location":false,"update_date":"2026-03-05T15:27:58","atum_locations":[],"atum_stock_status":"instock","restock_status":false,"low_stock_amount":0,"sales_update_date":"2026-03-05T15:27:58","calc_backorders":null,"_links":{"self":[{"href":"https:\/\/mps.digital-monkey.in\/es\/wp-json\/wp\/v2\/product\/46945","targetHints":{"allow":["GET"]}}],"collection":[{"href":"https:\/\/mps.digital-monkey.in\/es\/wp-json\/wp\/v2\/product"}],"about":[{"href":"https:\/\/mps.digital-monkey.in\/es\/wp-json\/wp\/v2\/types\/product"}],"replies":[{"embeddable":true,"href":"https:\/\/mps.digital-monkey.in\/es\/wp-json\/wp\/v2\/comments?post=46945"}],"wp:featuredmedia":[{"embeddable":true,"href":"https:\/\/mps.digital-monkey.in\/es\/wp-json\/wp\/v2\/media\/46946"}],"wp:attachment":[{"href":"https:\/\/mps.digital-monkey.in\/es\/wp-json\/wp\/v2\/media?parent=46945"}],"wp:term":[{"taxonomy":"product_brand","embeddable":true,"href":"https:\/\/mps.digital-monkey.in\/es\/wp-json\/wp\/v2\/product_brand?post=46945"},{"taxonomy":"product_cat","embeddable":true,"href":"https:\/\/mps.digital-monkey.in\/es\/wp-json\/wp\/v2\/product_cat?post=46945"},{"taxonomy":"product_tag","embeddable":true,"href":"https:\/\/mps.digital-monkey.in\/es\/wp-json\/wp\/v2\/product_tag?post=46945"}],"curies":[{"name":"wp","href":"https:\/\/api.w.org\/{rel}","templated":true}]}}