{"id":47047,"date":"2026-02-16T14:28:48","date_gmt":"2026-02-16T14:28:48","guid":{"rendered":"https:\/\/mps.digital-monkey.in\/product\/tapa-de-valvula-para-bukh-dv20\/"},"modified":"2026-02-16T14:28:48","modified_gmt":"2026-02-16T14:28:48","slug":"tapa-de-valvula-para-bukh-dv20","status":"publish","type":"product","link":"https:\/\/mps.digital-monkey.in\/es\/producto\/tapa-de-valvula-para-bukh-dv20\/","title":{"rendered":"Tapa de v\u00e1lvula para Bukh DV20"},"content":{"rendered":"<p data-start=\"482\" data-end=\"637\">Esta <strong data-start=\"487\" data-end=\"502\">tapa de v\u00e1lvulas<\/strong> es adecuada para el motor di\u00e9sel marino Bukh DV20. Es una pieza original e ideal como recambio de una tapa da\u00f1ada o corro\u00edda. <\/p>\n<p data-start=\"639\" data-end=\"741\">La pieza est\u00e1 <strong data-start=\"651\" data-end=\"659\">usada<\/strong> pero en buen estado funcional. Cuidadosamente inspeccionada y lista para su instalaci\u00f3n. <\/p>\n<h3 data-start=\"743\" data-end=\"777\">\u00bfPor qu\u00e9 elegir esta tapa de v\u00e1lvula?<\/h3>\n<ul data-start=\"778\" data-end=\"904\">\n<li data-start=\"778\" data-end=\"805\">\n<p data-start=\"780\" data-end=\"805\">Componente Bukh original<\/p>\n<\/li>\n<li data-start=\"806\" data-end=\"835\">\n<p data-start=\"808\" data-end=\"835\">Comprobado y listo para usar<\/p>\n<\/li>\n<li data-start=\"836\" data-end=\"875\">\n<p data-start=\"838\" data-end=\"875\">Soluci\u00f3n de sustituci\u00f3n rentable<\/p>\n<\/li>\n<li data-start=\"876\" data-end=\"904\">\n<p data-start=\"878\" data-end=\"904\">Entrega r\u00e1pida desde almac\u00e9n<\/p>\n<\/li>\n<\/ul>\n<h3 data-start=\"906\" data-end=\"929\">Motor compatible<\/h3>\n<ul data-start=\"930\" data-end=\"943\">\n<li data-start=\"930\" data-end=\"943\">\n<p data-start=\"932\" data-end=\"943\">Bukh DV20<\/p>\n<\/li>\n<\/ul>\n<p data-start=\"945\" data-end=\"1028\">\u00bfPreguntas sobre el estado o el ajuste?  <strong data-start=\"983\" data-end=\"1028\">Nuestros especialistas marinos estar\u00e1n encantados de ayudarte.<\/strong><\/p>\n","protected":false},"excerpt":{"rendered":"<p>Esta tapa de v\u00e1lvulas es adecuada para el motor di\u00e9sel marino Bukh DV20. Es una pieza original e ideal como recambio de una tapa da\u00f1ada o corro\u00edda. La pieza est\u00e1 usada pero en buen estado funcional. Cuidadosamente inspeccionada y lista para su instalaci\u00f3n. \u00bfPor qu\u00e9 elegir esta tapa de v\u00e1lvula? Componente Bukh original Comprobado y [&hellip;]<\/p>\n","protected":false},"featured_media":47049,"comment_status":"open","ping_status":"closed","template":"","meta":[],"product_brand":[4455],"product_cat":[2914,2518,3584],"product_tag":[],"class_list":{"0":"post-47047","1":"product","2":"type-product","3":"status-publish","4":"has-post-thumbnail","6":"product_brand-bukh","7":"product_cat-bloque-motor","8":"product_cat-piezas-de-motor","9":"product_cat-tapas-de-valvulas-y-carteres","10":"pa_condition-usado","11":"pa_model-dv20","12":"pa_oem-or-aftermarket-oem","14":"first","15":"instock","16":"taxable","17":"shipping-taxable","18":"purchasable","19":"product-type-simple"},"supplier_id":null,"supplier_sku":"","barcode":null,"atum_controlled":true,"out_stock_date":null,"out_stock_threshold":null,"inheritable":false,"inbound_stock":0,"stock_on_hold":0,"sold_today":0,"sales_last_days":0,"reserved_stock":0,"customer_returns":0,"warehouse_damage":0,"lost_in_post":0,"other_logs":0,"out_stock_days":0,"lost_sales":0,"has_location":false,"update_date":"2026-03-05T15:27:58","atum_locations":[],"atum_stock_status":"instock","restock_status":false,"low_stock_amount":0,"sales_update_date":"2026-03-05T15:27:58","calc_backorders":null,"_links":{"self":[{"href":"https:\/\/mps.digital-monkey.in\/es\/wp-json\/wp\/v2\/product\/47047","targetHints":{"allow":["GET"]}}],"collection":[{"href":"https:\/\/mps.digital-monkey.in\/es\/wp-json\/wp\/v2\/product"}],"about":[{"href":"https:\/\/mps.digital-monkey.in\/es\/wp-json\/wp\/v2\/types\/product"}],"replies":[{"embeddable":true,"href":"https:\/\/mps.digital-monkey.in\/es\/wp-json\/wp\/v2\/comments?post=47047"}],"wp:featuredmedia":[{"embeddable":true,"href":"https:\/\/mps.digital-monkey.in\/es\/wp-json\/wp\/v2\/media\/47049"}],"wp:attachment":[{"href":"https:\/\/mps.digital-monkey.in\/es\/wp-json\/wp\/v2\/media?parent=47047"}],"wp:term":[{"taxonomy":"product_brand","embeddable":true,"href":"https:\/\/mps.digital-monkey.in\/es\/wp-json\/wp\/v2\/product_brand?post=47047"},{"taxonomy":"product_cat","embeddable":true,"href":"https:\/\/mps.digital-monkey.in\/es\/wp-json\/wp\/v2\/product_cat?post=47047"},{"taxonomy":"product_tag","embeddable":true,"href":"https:\/\/mps.digital-monkey.in\/es\/wp-json\/wp\/v2\/product_tag?post=47047"}],"curies":[{"name":"wp","href":"https:\/\/api.w.org\/{rel}","templated":true}]}}