{"id":47068,"date":"2026-02-16T15:24:00","date_gmt":"2026-02-16T15:24:00","guid":{"rendered":"https:\/\/mps.digital-monkey.in\/product\/carcasa-del-enfriador-de-aceite-para-volvo-penta-2003t-840957-858053\/"},"modified":"2026-03-09T15:30:44","modified_gmt":"2026-03-09T15:30:44","slug":"carcasa-del-enfriador-de-aceite-para-volvo-penta-2003t-840957-858053","status":"publish","type":"product","link":"https:\/\/mps.digital-monkey.in\/es\/product\/carcasa-del-enfriador-de-aceite-para-volvo-penta-2003t-840957-858053\/","title":{"rendered":"Carcasa del enfriador de aceite para Volvo Penta 2003T &#8211; 840957 \/ 858053"},"content":{"rendered":"<p data-start=\"542\" data-end=\"689\">Esta <strong data-start=\"547\" data-end=\"569\">carcasa del enfriador de aceite<\/strong> es adecuada para el motor diesel marino Volvo Penta 2003T. Sustituye a <strong data-start=\"642\" data-end=\"688\">las referencias Volvo Penta 840957 y 858053<\/strong>. <\/p>\n<p data-start=\"691\" data-end=\"771\"><strong data-start=\"694\" data-end=\"729\">Se suministra sin inserto refrigerador.<\/strong><br data-start=\"729\" data-end=\"732\">Este listado incluye s\u00f3lo la carcasa.<\/p>\n<p data-start=\"773\" data-end=\"886\">Ideal para sustituir la carcasa de un radiador de aceite da\u00f1ado, corro\u00eddo o con fugas, reutilizando el inserto existente.<\/p>\n<h3 data-start=\"888\" data-end=\"929\">\u00bfPor qu\u00e9 elegir esta carcasa de radiador de aceite?<\/h3>\n<ul data-start=\"930\" data-end=\"1107\">\n<li data-start=\"930\" data-end=\"968\">\n<p data-start=\"932\" data-end=\"968\">Ajuste preciso para Volvo Penta 2003T<\/p>\n<\/li>\n<li data-start=\"969\" data-end=\"1012\">\n<p data-start=\"971\" data-end=\"1012\">Sustituci\u00f3n directa de la carcasa original<\/p>\n<\/li>\n<li data-start=\"1013\" data-end=\"1050\">\n<p data-start=\"1015\" data-end=\"1050\">Construcci\u00f3n duradera de calidad marina<\/p>\n<\/li>\n<li data-start=\"1051\" data-end=\"1078\">\n<p data-start=\"1053\" data-end=\"1078\">Soluci\u00f3n rentable<\/p>\n<\/li>\n<li data-start=\"1079\" data-end=\"1107\">\n<p data-start=\"1081\" data-end=\"1107\">Entrega r\u00e1pida desde almac\u00e9n<\/p>\n<\/li>\n<\/ul>\n<h3 data-start=\"1109\" data-end=\"1132\">Motor compatible<\/h3>\n<ul data-start=\"1133\" data-end=\"1154\">\n<li data-start=\"1133\" data-end=\"1154\">\n<p data-start=\"1135\" data-end=\"1154\">Volvo Penta 2003T<\/p>\n<\/li>\n<\/ul>\n<p data-start=\"1156\" data-end=\"1255\">\u00bfPreguntas sobre la compatibilidad o los componentes incluidos?  <strong data-start=\"1210\" data-end=\"1255\">Nuestros especialistas marinos estar\u00e1n encantados de ayudarte.<\/strong><\/p>\n","protected":false},"excerpt":{"rendered":"<p>Esta carcasa del enfriador de aceite es adecuada para el motor diesel marino Volvo Penta 2003T. Sustituye a las referencias Volvo Penta 840957 y 858053. Se suministra sin inserto refrigerador.Este listado incluye s\u00f3lo la carcasa. Ideal para sustituir la carcasa de un radiador de aceite da\u00f1ado, corro\u00eddo o con fugas, reutilizando el inserto existente. \u00bfPor [&hellip;]<\/p>\n","protected":false},"featured_media":47069,"comment_status":"open","ping_status":"closed","template":"","meta":[],"product_brand":[4229],"product_cat":[3581,2518,3244],"product_tag":[],"class_list":{"0":"post-47068","1":"product","2":"type-product","3":"status-publish","4":"has-post-thumbnail","6":"product_brand-volvo-penta","7":"product_cat-intercambiadores-de-calor-y-postenfriadores","8":"product_cat-piezas-de-motor","9":"product_cat-sistemas-de-refrigeracion","10":"pa_condition-usado","11":"pa_model-2003t","12":"pa_model-2003tb","13":"pa_oem-or-aftermarket-oem","15":"first","16":"outofstock","17":"taxable","18":"shipping-taxable","19":"purchasable","20":"product-type-simple"},"supplier_id":null,"supplier_sku":"","barcode":null,"atum_controlled":true,"out_stock_date":"2026-03-09 15:30:49","out_stock_threshold":null,"inheritable":false,"inbound_stock":0,"stock_on_hold":1,"sold_today":0,"sales_last_days":0,"reserved_stock":0,"customer_returns":0,"warehouse_damage":0,"lost_in_post":0,"other_logs":0,"out_stock_days":10,"lost_sales":0,"has_location":false,"update_date":"2026-03-20T11:16:33","atum_locations":[],"atum_stock_status":"outofstock","restock_status":false,"low_stock_amount":0,"sales_update_date":"2026-03-20T11:16:33","calc_backorders":null,"_links":{"self":[{"href":"https:\/\/mps.digital-monkey.in\/es\/wp-json\/wp\/v2\/product\/47068","targetHints":{"allow":["GET"]}}],"collection":[{"href":"https:\/\/mps.digital-monkey.in\/es\/wp-json\/wp\/v2\/product"}],"about":[{"href":"https:\/\/mps.digital-monkey.in\/es\/wp-json\/wp\/v2\/types\/product"}],"replies":[{"embeddable":true,"href":"https:\/\/mps.digital-monkey.in\/es\/wp-json\/wp\/v2\/comments?post=47068"}],"wp:featuredmedia":[{"embeddable":true,"href":"https:\/\/mps.digital-monkey.in\/es\/wp-json\/wp\/v2\/media\/47069"}],"wp:attachment":[{"href":"https:\/\/mps.digital-monkey.in\/es\/wp-json\/wp\/v2\/media?parent=47068"}],"wp:term":[{"taxonomy":"product_brand","embeddable":true,"href":"https:\/\/mps.digital-monkey.in\/es\/wp-json\/wp\/v2\/product_brand?post=47068"},{"taxonomy":"product_cat","embeddable":true,"href":"https:\/\/mps.digital-monkey.in\/es\/wp-json\/wp\/v2\/product_cat?post=47068"},{"taxonomy":"product_tag","embeddable":true,"href":"https:\/\/mps.digital-monkey.in\/es\/wp-json\/wp\/v2\/product_tag?post=47068"}],"curies":[{"name":"wp","href":"https:\/\/api.w.org\/{rel}","templated":true}]}}