{"id":47073,"date":"2026-02-05T08:51:34","date_gmt":"2026-02-05T08:51:34","guid":{"rendered":"https:\/\/mps.digital-monkey.in\/product\/bomba-impeller-para-volvo-penta-md1-md2-md6-md7-md11-833883-858065\/"},"modified":"2026-02-05T08:51:34","modified_gmt":"2026-02-05T08:51:34","slug":"bomba-impeller-para-volvo-penta-md1-md2-md6-md7-md11-833883-858065","status":"publish","type":"product","link":"https:\/\/mps.digital-monkey.in\/es\/producto\/bomba-impeller-para-volvo-penta-md1-md2-md6-md7-md11-833883-858065\/","title":{"rendered":"Bomba Impeller para Volvo Penta MD1 \/ MD2 \/ MD6 \/ MD7 \/ MD11 833883 - 858065"},"content":{"rendered":"<p data-start=\"181\" data-end=\"345\">Esta bomba sustituye a <strong data-start=\"200\" data-end=\"246\">las referencias Volvo Penta 833883 y 858065<\/strong>. Se suministra completa con un <strong data-start=\"273\" data-end=\"299\">impulsor preinstalado<\/strong>, y est\u00e1 lista para una instalaci\u00f3n r\u00e1pida y sencilla. <\/p>\n<h3 data-start=\"347\" data-end=\"374\">\u00bfPor qu\u00e9 elegir esta bomba?<\/h3>\n<ul data-start=\"375\" data-end=\"530\">\n<li data-start=\"375\" data-end=\"399\">\n<p data-start=\"377\" data-end=\"399\">Calidad marina<\/p>\n<\/li>\n<li data-start=\"400\" data-end=\"429\">\n<p data-start=\"402\" data-end=\"429\">Se suministra listo para instalar<\/p>\n<\/li>\n<li data-start=\"430\" data-end=\"459\">\n<p data-start=\"432\" data-end=\"459\">Excelente relaci\u00f3n calidad-precio<\/p>\n<\/li>\n<li data-start=\"489\" data-end=\"530\">\n<p data-start=\"491\" data-end=\"530\">2 a\u00f1os de garant\u00eda y asistencia t\u00e9cnica<\/p>\n<\/li>\n<\/ul>\n<h3 data-start=\"532\" data-end=\"556\">Motores compatibles<\/h3>\n<ul data-start=\"557\" data-end=\"650\">\n<li data-start=\"557\" data-end=\"571\">\n<p data-start=\"559\" data-end=\"571\">MD1A, MD1B<\/p>\n<\/li>\n<li data-start=\"572\" data-end=\"581\">\n<p data-start=\"574\" data-end=\"581\">AQD2B<\/p>\n<\/li>\n<li data-start=\"582\" data-end=\"601\">\n<p data-start=\"584\" data-end=\"601\">MD2, MD2A, MD2B<\/p>\n<\/li>\n<li data-start=\"602\" data-end=\"616\">\n<p data-start=\"604\" data-end=\"616\">MD5A, MD5B<\/p>\n<\/li>\n<li data-start=\"617\" data-end=\"631\">\n<p data-start=\"619\" data-end=\"631\">MD6A, MD6B<\/p>\n<\/li>\n<li data-start=\"632\" data-end=\"640\">\n<p data-start=\"634\" data-end=\"640\">MD7A<\/p>\n<\/li>\n<li data-start=\"641\" data-end=\"650\">\n<p data-start=\"643\" data-end=\"650\">MD11C<\/p>\n<\/li>\n<\/ul>\n<p data-start=\"652\" data-end=\"744\">\u00bfPreguntas sobre compatibilidad o instalaci\u00f3n?  <strong data-start=\"699\" data-end=\"744\">Nuestros especialistas marinos estar\u00e1n encantados de ayudarte.<\/strong><\/p>\n<p data-start=\"746\" data-end=\"900\" data-is-last-node=\"\" data-is-only-node=\"\">\n","protected":false},"excerpt":{"rendered":"<p>Esta bomba sustituye a las referencias Volvo Penta 833883 y 858065. Se suministra completa con un impulsor preinstalado, y est\u00e1 lista para una instalaci\u00f3n r\u00e1pida y sencilla. \u00bfPor qu\u00e9 elegir esta bomba? Calidad marina Se suministra listo para instalar Excelente relaci\u00f3n calidad-precio 2 a\u00f1os de garant\u00eda y asistencia t\u00e9cnica Motores compatibles MD1A, MD1B AQD2B MD2, [&hellip;]<\/p>\n","protected":false},"featured_media":47074,"comment_status":"open","ping_status":"closed","template":"","meta":[],"product_brand":[4229],"product_cat":[3397,2518,3244],"product_tag":[],"class_list":{"0":"post-47073","1":"product","2":"type-product","3":"status-publish","4":"has-post-thumbnail","6":"product_brand-volvo-penta","7":"product_cat-bombas-de-agua","8":"product_cat-piezas-de-motor","9":"product_cat-sistemas-de-refrigeracion","10":"pa_condition-nuevo","11":"pa_oem-or-aftermarket-posventa","13":"first","14":"onbackorder","15":"taxable","16":"shipping-taxable","17":"purchasable","18":"product-type-simple"},"supplier_id":7294,"supplier_sku":"JOH10-35157-3","barcode":null,"atum_controlled":true,"out_stock_date":"2026-02-05 08:51:38","out_stock_threshold":null,"inheritable":false,"inbound_stock":0,"stock_on_hold":0,"sold_today":0,"sales_last_days":0,"reserved_stock":0,"customer_returns":0,"warehouse_damage":0,"lost_in_post":0,"other_logs":0,"out_stock_days":43,"lost_sales":0,"has_location":false,"update_date":"2026-03-20T11:17:07","atum_locations":[],"atum_stock_status":"onbackorder","restock_status":false,"low_stock_amount":0,"sales_update_date":"2026-03-20T11:17:07","calc_backorders":null,"_links":{"self":[{"href":"https:\/\/mps.digital-monkey.in\/es\/wp-json\/wp\/v2\/product\/47073","targetHints":{"allow":["GET"]}}],"collection":[{"href":"https:\/\/mps.digital-monkey.in\/es\/wp-json\/wp\/v2\/product"}],"about":[{"href":"https:\/\/mps.digital-monkey.in\/es\/wp-json\/wp\/v2\/types\/product"}],"replies":[{"embeddable":true,"href":"https:\/\/mps.digital-monkey.in\/es\/wp-json\/wp\/v2\/comments?post=47073"}],"wp:featuredmedia":[{"embeddable":true,"href":"https:\/\/mps.digital-monkey.in\/es\/wp-json\/wp\/v2\/media\/47074"}],"wp:attachment":[{"href":"https:\/\/mps.digital-monkey.in\/es\/wp-json\/wp\/v2\/media?parent=47073"}],"wp:term":[{"taxonomy":"product_brand","embeddable":true,"href":"https:\/\/mps.digital-monkey.in\/es\/wp-json\/wp\/v2\/product_brand?post=47073"},{"taxonomy":"product_cat","embeddable":true,"href":"https:\/\/mps.digital-monkey.in\/es\/wp-json\/wp\/v2\/product_cat?post=47073"},{"taxonomy":"product_tag","embeddable":true,"href":"https:\/\/mps.digital-monkey.in\/es\/wp-json\/wp\/v2\/product_tag?post=47073"}],"curies":[{"name":"wp","href":"https:\/\/api.w.org\/{rel}","templated":true}]}}