{"id":47100,"date":"2026-02-16T14:52:25","date_gmt":"2026-02-16T14:52:25","guid":{"rendered":"https:\/\/mps.digital-monkey.in\/product\/caja-de-cambios-ms-rb-para-volvo-penta-807370-803223\/"},"modified":"2026-02-16T14:52:25","modified_gmt":"2026-02-16T14:52:25","slug":"caja-de-cambios-ms-rb-para-volvo-penta-807370-803223","status":"publish","type":"product","link":"https:\/\/mps.digital-monkey.in\/es\/producto\/caja-de-cambios-ms-rb-para-volvo-penta-807370-803223\/","title":{"rendered":"Caja de cambios MS RB para Volvo Penta - 807370 \/ 803223"},"content":{"rendered":"<p data-start=\"466\" data-end=\"545\">Esta <strong data-start=\"471\" data-end=\"500\">caja de cambios Volvo Penta MS RB<\/strong> sustituye a <strong data-start=\"510\" data-end=\"544\">las referencias 807370 y 803223<\/strong>.<\/p>\n<p data-start=\"547\" data-end=\"686\">La caja de cambios est\u00e1 <strong data-start=\"562\" data-end=\"600\">usada y en buenas condiciones de funcionamiento<\/strong>. Cambia suavemente hacia delante y hacia atr\u00e1s y se ha comprobado su correcto funcionamiento. <\/p>\n<p data-start=\"688\" data-end=\"766\">Una soluci\u00f3n rentable para sustituir una transmisi\u00f3n marina da\u00f1ada o desgastada.<\/p>\n<h3 data-start=\"768\" data-end=\"798\">\u00bfPor qu\u00e9 elegir esta caja de cambios?<\/h3>\n<ul data-start=\"799\" data-end=\"962\">\n<li data-start=\"799\" data-end=\"833\">\n<p data-start=\"801\" data-end=\"833\">Componente original Volvo Penta<\/p>\n<\/li>\n<li data-start=\"834\" data-end=\"869\">\n<p data-start=\"836\" data-end=\"869\">Usado, probado y cambia bien<\/p>\n<\/li>\n<li data-start=\"870\" data-end=\"902\">\n<p data-start=\"872\" data-end=\"902\">Transmisi\u00f3n marina fiable<\/p>\n<\/li>\n<li data-start=\"903\" data-end=\"933\">\n<p data-start=\"905\" data-end=\"933\">Sustituci\u00f3n rentable<\/p>\n<\/li>\n<li data-start=\"934\" data-end=\"962\">\n<p data-start=\"936\" data-end=\"962\">Entrega r\u00e1pida desde almac\u00e9n<\/p>\n<\/li>\n<\/ul>\n<h3 data-start=\"964\" data-end=\"1003\">Sustituye a las referencias Volvo Penta<\/h3>\n<ul data-start=\"1004\" data-end=\"1025\">\n<li data-start=\"1004\" data-end=\"1014\">\n<p data-start=\"1006\" data-end=\"1014\">807370<\/p>\n<\/li>\n<li data-start=\"1015\" data-end=\"1025\">\n<p data-start=\"1017\" data-end=\"1025\">803223<\/p>\n<\/li>\n<\/ul>\n<p data-start=\"1027\" data-end=\"1129\">\u00bfPreguntas sobre la relaci\u00f3n de transmisi\u00f3n, el estado o la compatibilidad?  <strong data-start=\"1084\" data-end=\"1129\">Nuestros especialistas marinos estar\u00e1n encantados de ayudarte.<\/strong><\/p>\n","protected":false},"excerpt":{"rendered":"<p>Esta caja de cambios Volvo Penta MS RB sustituye a las referencias 807370 y 803223. La caja de cambios est\u00e1 usada y en buenas condiciones de funcionamiento. Cambia suavemente hacia delante y hacia atr\u00e1s y se ha comprobado su correcto funcionamiento. Una soluci\u00f3n rentable para sustituir una transmisi\u00f3n marina da\u00f1ada o desgastada. \u00bfPor qu\u00e9 elegir [&hellip;]<\/p>\n","protected":false},"featured_media":47101,"comment_status":"open","ping_status":"closed","template":"","meta":[],"product_brand":[4229],"product_cat":[4251,2518],"product_tag":[],"class_list":{"0":"post-47100","1":"product","2":"type-product","3":"status-publish","4":"has-post-thumbnail","6":"product_brand-volvo-penta","7":"product_cat-caja-de-cambios-y-saildrives","8":"product_cat-piezas-de-motor","9":"pa_condition-usado","10":"pa_oem-or-aftermarket-oem","12":"first","13":"instock","14":"taxable","15":"shipping-taxable","16":"purchasable","17":"product-type-simple"},"supplier_id":null,"supplier_sku":"","barcode":null,"atum_controlled":true,"out_stock_date":null,"out_stock_threshold":null,"inheritable":false,"inbound_stock":0,"stock_on_hold":0,"sold_today":0,"sales_last_days":0,"reserved_stock":0,"customer_returns":0,"warehouse_damage":0,"lost_in_post":0,"other_logs":0,"out_stock_days":0,"lost_sales":0,"has_location":false,"update_date":"2026-03-05T15:27:50","atum_locations":[],"atum_stock_status":"instock","restock_status":false,"low_stock_amount":0,"sales_update_date":"2026-03-05T15:27:50","calc_backorders":null,"_links":{"self":[{"href":"https:\/\/mps.digital-monkey.in\/es\/wp-json\/wp\/v2\/product\/47100","targetHints":{"allow":["GET"]}}],"collection":[{"href":"https:\/\/mps.digital-monkey.in\/es\/wp-json\/wp\/v2\/product"}],"about":[{"href":"https:\/\/mps.digital-monkey.in\/es\/wp-json\/wp\/v2\/types\/product"}],"replies":[{"embeddable":true,"href":"https:\/\/mps.digital-monkey.in\/es\/wp-json\/wp\/v2\/comments?post=47100"}],"wp:featuredmedia":[{"embeddable":true,"href":"https:\/\/mps.digital-monkey.in\/es\/wp-json\/wp\/v2\/media\/47101"}],"wp:attachment":[{"href":"https:\/\/mps.digital-monkey.in\/es\/wp-json\/wp\/v2\/media?parent=47100"}],"wp:term":[{"taxonomy":"product_brand","embeddable":true,"href":"https:\/\/mps.digital-monkey.in\/es\/wp-json\/wp\/v2\/product_brand?post=47100"},{"taxonomy":"product_cat","embeddable":true,"href":"https:\/\/mps.digital-monkey.in\/es\/wp-json\/wp\/v2\/product_cat?post=47100"},{"taxonomy":"product_tag","embeddable":true,"href":"https:\/\/mps.digital-monkey.in\/es\/wp-json\/wp\/v2\/product_tag?post=47100"}],"curies":[{"name":"wp","href":"https:\/\/api.w.org\/{rel}","templated":true}]}}