{"id":47104,"date":"2026-02-16T14:21:02","date_gmt":"2026-02-16T14:21:02","guid":{"rendered":"https:\/\/mps.digital-monkey.in\/product\/bomba-impeller-para-motores-vetus-m4-stm7630\/"},"modified":"2026-02-16T14:21:02","modified_gmt":"2026-02-16T14:21:02","slug":"bomba-impeller-para-motores-vetus-m4-stm7630","status":"publish","type":"product","link":"https:\/\/mps.digital-monkey.in\/es\/product\/bomba-impeller-para-motores-vetus-m4-stm7630\/","title":{"rendered":"Bomba Impeller para Motores Vetus M4 &#8211; STM7630"},"content":{"rendered":"<p data-start=\"605\" data-end=\"741\">Esta <strong data-start=\"610\" data-end=\"638\">bomba de impulsor revisada<\/strong> es un recambio directo de la <strong data-start=\"667\" data-end=\"684\">Vetus STM7630<\/strong> y es adecuada para varios motores diesel marinos Vetus M4.<\/p>\n<p data-start=\"743\" data-end=\"954\">Cada bomba ha sido reacondicionada, inspeccionada y probada profesionalmente para garantizar una circulaci\u00f3n fiable del agua de mar y una refrigeraci\u00f3n adecuada del motor. Una soluci\u00f3n rentable sin comprometer el rendimiento ni la durabilidad. <\/p>\n<p data-start=\"956\" data-end=\"1036\">Ideal para sustituir una bomba desgastada o con fugas, manteniendo las especificaciones OEM.<\/p>\n<h3 data-start=\"1038\" data-end=\"1063\">Sustituye a los n\u00fameros OE<\/h3>\n<p data-start=\"1065\" data-end=\"1088\"><strong data-start=\"1065\" data-end=\"1086\">Sustituye a Johnson:<\/strong><\/p>\n<ul data-start=\"1089\" data-end=\"1136\">\n<li data-start=\"1089\" data-end=\"1104\">\n<p data-start=\"1091\" data-end=\"1104\">10-24734-01<\/p>\n<\/li>\n<li data-start=\"1105\" data-end=\"1120\">\n<p data-start=\"1107\" data-end=\"1120\">10-24734-02<\/p>\n<\/li>\n<li data-start=\"1121\" data-end=\"1136\">\n<p data-start=\"1123\" data-end=\"1136\">10-24734-03<\/p>\n<\/li>\n<\/ul>\n<p data-start=\"1138\" data-end=\"1160\"><strong data-start=\"1138\" data-end=\"1158\">Sustituye a Jabsco:<\/strong><\/p>\n<ul data-start=\"1161\" data-end=\"1253\">\n<li data-start=\"1161\" data-end=\"1175\">\n<p data-start=\"1163\" data-end=\"1175\">29460-1251<\/p>\n<\/li>\n<li data-start=\"1176\" data-end=\"1190\">\n<p data-start=\"1178\" data-end=\"1190\">29460-1101<\/p>\n<\/li>\n<li data-start=\"1191\" data-end=\"1205\">\n<p data-start=\"1193\" data-end=\"1205\">29460-1201<\/p>\n<\/li>\n<li data-start=\"1206\" data-end=\"1220\">\n<p data-start=\"1208\" data-end=\"1220\">18653-0001<\/p>\n<\/li>\n<li data-start=\"1221\" data-end=\"1238\">\n<p data-start=\"1223\" data-end=\"1238\">29460-10-1081<\/p>\n<\/li>\n<li data-start=\"1239\" data-end=\"1253\">\n<p data-start=\"1241\" data-end=\"1253\">29460-1261<\/p>\n<\/li>\n<\/ul>\n<p data-start=\"1255\" data-end=\"1280\"><strong data-start=\"1255\" data-end=\"1278\">Sustituye a Craftsman:<\/strong><\/p>\n<ul data-start=\"1281\" data-end=\"1298\">\n<li data-start=\"1281\" data-end=\"1298\">\n<p data-start=\"1283\" data-end=\"1298\">AA.200.900.20<\/p>\n<\/li>\n<\/ul>\n<p data-start=\"1300\" data-end=\"1321\"><strong data-start=\"1300\" data-end=\"1319\">Sustituye a Vetus:<\/strong><\/p>\n<ul data-start=\"1322\" data-end=\"1333\">\n<li data-start=\"1322\" data-end=\"1333\">\n<p data-start=\"1324\" data-end=\"1333\">STM7630<\/p>\n<\/li>\n<\/ul>\n<h3 data-start=\"1335\" data-end=\"1373\">\u00bfPor qu\u00e9 elegir esta bomba revisada?<\/h3>\n<ul data-start=\"1374\" data-end=\"1539\">\n<li data-start=\"1374\" data-end=\"1417\">\n<p data-start=\"1376\" data-end=\"1417\">Reacondicionado y probado profesionalmente<\/p>\n<\/li>\n<li data-start=\"1418\" data-end=\"1442\">\n<p data-start=\"1420\" data-end=\"1442\">Rendimiento seg\u00fan especificaciones OEM<\/p>\n<\/li>\n<li data-start=\"1443\" data-end=\"1472\">\n<p data-start=\"1445\" data-end=\"1472\">Refrigeraci\u00f3n fiable por agua de mar<\/p>\n<\/li>\n<li data-start=\"1473\" data-end=\"1510\">\n<p data-start=\"1475\" data-end=\"1510\">Alternativa rentable a los nuevos<\/p>\n<\/li>\n<li data-start=\"1511\" data-end=\"1539\">\n<p data-start=\"1513\" data-end=\"1539\">Entrega r\u00e1pida desde almac\u00e9n<\/p>\n<\/li>\n<\/ul>\n<h3 data-start=\"1541\" data-end=\"1571\">Motores Vetus compatibles<\/h3>\n<ul data-start=\"1572\" data-end=\"1611\">\n<li data-start=\"1572\" data-end=\"1581\">\n<p data-start=\"1574\" data-end=\"1581\">M4.15<\/p>\n<\/li>\n<li data-start=\"1582\" data-end=\"1591\">\n<p data-start=\"1584\" data-end=\"1591\">M4.17<\/p>\n<\/li>\n<li data-start=\"1592\" data-end=\"1601\">\n<p data-start=\"1594\" data-end=\"1601\">M4.35<\/p>\n<\/li>\n<li data-start=\"1602\" data-end=\"1611\">\n<p data-start=\"1604\" data-end=\"1611\">M4.45<\/p>\n<\/li>\n<\/ul>\n<p data-start=\"1613\" data-end=\"1721\">\u00bfPreguntas sobre compatibilidad, intercambio de n\u00facleos o instalaci\u00f3n?  <strong data-start=\"1676\" data-end=\"1721\">Nuestros especialistas marinos estar\u00e1n encantados de ayudarte.<\/strong><\/p>\n","protected":false},"excerpt":{"rendered":"<p>Esta bomba de impulsor revisada es un recambio directo de la Vetus STM7630 y es adecuada para varios motores diesel marinos Vetus M4. Cada bomba ha sido reacondicionada, inspeccionada y probada profesionalmente para garantizar una circulaci\u00f3n fiable del agua de mar y una refrigeraci\u00f3n adecuada del motor. Una soluci\u00f3n rentable sin comprometer el rendimiento ni [&hellip;]<\/p>\n","protected":false},"featured_media":47107,"comment_status":"open","ping_status":"closed","template":"","meta":[],"product_brand":[4241],"product_cat":[3397,2518,3244],"product_tag":[],"class_list":{"0":"post-47104","1":"product","2":"type-product","3":"status-publish","4":"has-post-thumbnail","6":"product_brand-vetus","7":"product_cat-bombas-de-agua","8":"product_cat-piezas-de-motor","9":"product_cat-sistemas-de-refrigeracion","10":"pa_condition-reacondicionado","11":"pa_model-m4-15","12":"pa_model-m4-17","13":"pa_model-m4-35","14":"pa_model-m4-45","15":"pa_oem-or-aftermarket-oem","17":"first","18":"instock","19":"taxable","20":"shipping-taxable","21":"purchasable","22":"product-type-simple"},"supplier_id":null,"supplier_sku":"","barcode":null,"atum_controlled":true,"out_stock_date":null,"out_stock_threshold":null,"inheritable":false,"inbound_stock":0,"stock_on_hold":0,"sold_today":0,"sales_last_days":0,"reserved_stock":0,"customer_returns":0,"warehouse_damage":0,"lost_in_post":0,"other_logs":0,"out_stock_days":0,"lost_sales":0,"has_location":false,"update_date":"2026-03-05T15:27:58","atum_locations":[],"atum_stock_status":"instock","restock_status":false,"low_stock_amount":0,"sales_update_date":"2026-03-05T15:27:58","calc_backorders":null,"_links":{"self":[{"href":"https:\/\/mps.digital-monkey.in\/es\/wp-json\/wp\/v2\/product\/47104","targetHints":{"allow":["GET"]}}],"collection":[{"href":"https:\/\/mps.digital-monkey.in\/es\/wp-json\/wp\/v2\/product"}],"about":[{"href":"https:\/\/mps.digital-monkey.in\/es\/wp-json\/wp\/v2\/types\/product"}],"replies":[{"embeddable":true,"href":"https:\/\/mps.digital-monkey.in\/es\/wp-json\/wp\/v2\/comments?post=47104"}],"wp:featuredmedia":[{"embeddable":true,"href":"https:\/\/mps.digital-monkey.in\/es\/wp-json\/wp\/v2\/media\/47107"}],"wp:attachment":[{"href":"https:\/\/mps.digital-monkey.in\/es\/wp-json\/wp\/v2\/media?parent=47104"}],"wp:term":[{"taxonomy":"product_brand","embeddable":true,"href":"https:\/\/mps.digital-monkey.in\/es\/wp-json\/wp\/v2\/product_brand?post=47104"},{"taxonomy":"product_cat","embeddable":true,"href":"https:\/\/mps.digital-monkey.in\/es\/wp-json\/wp\/v2\/product_cat?post=47104"},{"taxonomy":"product_tag","embeddable":true,"href":"https:\/\/mps.digital-monkey.in\/es\/wp-json\/wp\/v2\/product_tag?post=47104"}],"curies":[{"name":"wp","href":"https:\/\/api.w.org\/{rel}","templated":true}]}}