{"id":47122,"date":"2026-02-17T14:03:08","date_gmt":"2026-02-17T14:03:08","guid":{"rendered":"https:\/\/mps.digital-monkey.in\/product\/eje-basculante-completo-para-bukh-dv20-032d0411-032d0409\/"},"modified":"2026-02-17T14:03:08","modified_gmt":"2026-02-17T14:03:08","slug":"eje-basculante-completo-para-bukh-dv20-032d0411-032d0409","status":"publish","type":"product","link":"https:\/\/mps.digital-monkey.in\/es\/producto\/eje-basculante-completo-para-bukh-dv20-032d0411-032d0409\/","title":{"rendered":"Eje basculante completo para Bukh DV20 - 032D0411 \/ 032D0409"},"content":{"rendered":"<p data-start=\"519\" data-end=\"675\">Este <strong data-start=\"524\" data-end=\"558\">conjunto completo de eje basculante<\/strong> es adecuado para el motor di\u00e9sel marino Bukh DV20. Se corresponde con <strong data-start=\"631\" data-end=\"674\">las referencias 032D0411 y 032D0409<\/strong> de <strong data-start=\"631\" data-end=\"674\">Bukh<\/strong>. <\/p>\n<p data-start=\"677\" data-end=\"839\">La unidad est\u00e1 <strong data-start=\"689\" data-end=\"719\">usada y en buen estado<\/strong>. Ha sido inspeccionada y est\u00e1 lista para su instalaci\u00f3n. Una soluci\u00f3n rentable para restablecer el correcto funcionamiento del tren de v\u00e1lvulas.  <\/p>\n<h3 data-start=\"841\" data-end=\"873\">Sustituye a las referencias Bukh<\/h3>\n<ul data-start=\"874\" data-end=\"899\">\n<li data-start=\"874\" data-end=\"886\">\n<p data-start=\"876\" data-end=\"886\">032D0411<\/p>\n<\/li>\n<li data-start=\"887\" data-end=\"899\">\n<p data-start=\"889\" data-end=\"899\">032D0409<\/p>\n<\/li>\n<\/ul>\n<h3 data-start=\"901\" data-end=\"936\">\u00bfPor qu\u00e9 elegir este eje de balancines?<\/h3>\n<ul data-start=\"937\" data-end=\"1100\">\n<li data-start=\"937\" data-end=\"964\">\n<p data-start=\"939\" data-end=\"964\">Componente Bukh original<\/p>\n<\/li>\n<li data-start=\"965\" data-end=\"986\">\n<p data-start=\"967\" data-end=\"986\">Montaje completo<\/p>\n<\/li>\n<li data-start=\"987\" data-end=\"1011\">\n<p data-start=\"989\" data-end=\"1011\">Usado, buen estado<\/p>\n<\/li>\n<li data-start=\"1012\" data-end=\"1040\">\n<p data-start=\"1014\" data-end=\"1040\">Funcionamiento fiable de la v\u00e1lvula<\/p>\n<\/li>\n<li data-start=\"1041\" data-end=\"1071\">\n<p data-start=\"1043\" data-end=\"1071\">Sustituci\u00f3n rentable<\/p>\n<\/li>\n<li data-start=\"1072\" data-end=\"1100\">\n<p data-start=\"1074\" data-end=\"1100\">Entrega r\u00e1pida desde almac\u00e9n<\/p>\n<\/li>\n<\/ul>\n<h3 data-start=\"1102\" data-end=\"1125\">Motor compatible<\/h3>\n<ul data-start=\"1126\" data-end=\"1139\">\n<li data-start=\"1126\" data-end=\"1139\">\n<p data-start=\"1128\" data-end=\"1139\">Bukh DV20<\/p>\n<\/li>\n<\/ul>\n<p data-start=\"1141\" data-end=\"1230\">\u00bfPreguntas sobre compatibilidad o estado?  <strong data-start=\"1185\" data-end=\"1230\">Nuestros especialistas marinos estar\u00e1n encantados de ayudarte.<\/strong><\/p>\n","protected":false},"excerpt":{"rendered":"<p>Este conjunto completo de eje basculante es adecuado para el motor di\u00e9sel marino Bukh DV20. Se corresponde con las referencias 032D0411 y 032D0409 de Bukh. La unidad est\u00e1 usada y en buen estado. Ha sido inspeccionada y est\u00e1 lista para su instalaci\u00f3n. Una soluci\u00f3n rentable para restablecer el correcto funcionamiento del tren de v\u00e1lvulas. Sustituye [&hellip;]<\/p>\n","protected":false},"featured_media":47123,"comment_status":"open","ping_status":"closed","template":"","meta":[],"product_brand":[4455],"product_cat":[2914,2518,3157],"product_tag":[],"class_list":{"0":"post-47122","1":"product","2":"type-product","3":"status-publish","4":"has-post-thumbnail","6":"product_brand-bukh","7":"product_cat-bloque-motor","8":"product_cat-piezas-de-motor","9":"product_cat-valvulas-y-accesorios","10":"pa_condition-usado","11":"pa_model-dv20","12":"pa_oem-or-aftermarket-oem","14":"first","15":"instock","16":"taxable","17":"shipping-taxable","18":"purchasable","19":"product-type-simple"},"supplier_id":null,"supplier_sku":"","barcode":null,"atum_controlled":true,"out_stock_date":null,"out_stock_threshold":null,"inheritable":false,"inbound_stock":0,"stock_on_hold":0,"sold_today":0,"sales_last_days":0,"reserved_stock":0,"customer_returns":0,"warehouse_damage":0,"lost_in_post":0,"other_logs":0,"out_stock_days":0,"lost_sales":0,"has_location":false,"update_date":"2026-03-05T15:27:50","atum_locations":[],"atum_stock_status":"instock","restock_status":false,"low_stock_amount":0,"sales_update_date":"2026-03-05T15:27:50","calc_backorders":null,"_links":{"self":[{"href":"https:\/\/mps.digital-monkey.in\/es\/wp-json\/wp\/v2\/product\/47122","targetHints":{"allow":["GET"]}}],"collection":[{"href":"https:\/\/mps.digital-monkey.in\/es\/wp-json\/wp\/v2\/product"}],"about":[{"href":"https:\/\/mps.digital-monkey.in\/es\/wp-json\/wp\/v2\/types\/product"}],"replies":[{"embeddable":true,"href":"https:\/\/mps.digital-monkey.in\/es\/wp-json\/wp\/v2\/comments?post=47122"}],"wp:featuredmedia":[{"embeddable":true,"href":"https:\/\/mps.digital-monkey.in\/es\/wp-json\/wp\/v2\/media\/47123"}],"wp:attachment":[{"href":"https:\/\/mps.digital-monkey.in\/es\/wp-json\/wp\/v2\/media?parent=47122"}],"wp:term":[{"taxonomy":"product_brand","embeddable":true,"href":"https:\/\/mps.digital-monkey.in\/es\/wp-json\/wp\/v2\/product_brand?post=47122"},{"taxonomy":"product_cat","embeddable":true,"href":"https:\/\/mps.digital-monkey.in\/es\/wp-json\/wp\/v2\/product_cat?post=47122"},{"taxonomy":"product_tag","embeddable":true,"href":"https:\/\/mps.digital-monkey.in\/es\/wp-json\/wp\/v2\/product_tag?post=47122"}],"curies":[{"name":"wp","href":"https:\/\/api.w.org\/{rel}","templated":true}]}}