{"id":47135,"date":"2026-02-17T14:19:35","date_gmt":"2026-02-17T14:19:35","guid":{"rendered":"https:\/\/mps.digital-monkey.in\/product\/barra-de-empuje-para-bukh-dv10-dv20-000e0699\/"},"modified":"2026-02-17T14:19:35","modified_gmt":"2026-02-17T14:19:35","slug":"barra-de-empuje-para-bukh-dv10-dv20-000e0699","status":"publish","type":"product","link":"https:\/\/mps.digital-monkey.in\/es\/producto\/barra-de-empuje-para-bukh-dv10-dv20-000e0699\/","title":{"rendered":"Barra de empuje para Bukh DV10 \/ DV20 - 000E0699"},"content":{"rendered":"<p data-start=\"446\" data-end=\"568\">Esta <strong data-start=\"451\" data-end=\"463\">varilla de empuje<\/strong> es adecuada para los motores di\u00e9sel marinos Bukh DV10 y DV20 y sustituye a <strong data-start=\"538\" data-end=\"567\">la pieza Bukh n\u00famero 000E0699<\/strong>.<\/p>\n<p data-start=\"570\" data-end=\"736\">La pieza est\u00e1 <strong data-start=\"582\" data-end=\"612\">usada y en buen estado<\/strong>. Ha sido inspeccionada y est\u00e1 lista para su instalaci\u00f3n. Una soluci\u00f3n rentable para restablecer el correcto funcionamiento del tren de v\u00e1lvulas.  <\/p>\n<h3 data-start=\"738\" data-end=\"769\">Sustituye a la pieza Bukh<\/h3>\n<ul data-start=\"770\" data-end=\"782\">\n<li data-start=\"770\" data-end=\"782\">\n<p data-start=\"772\" data-end=\"782\">000E0699<\/p>\n<\/li>\n<\/ul>\n<h3 data-start=\"784\" data-end=\"815\">\u00bfPor qu\u00e9 elegir esta varilla de empuje?<\/h3>\n<ul data-start=\"816\" data-end=\"992\">\n<li data-start=\"816\" data-end=\"843\">\n<p data-start=\"818\" data-end=\"843\">Componente Bukh original<\/p>\n<\/li>\n<li data-start=\"844\" data-end=\"868\">\n<p data-start=\"846\" data-end=\"868\">Usado, buen estado<\/p>\n<\/li>\n<li data-start=\"869\" data-end=\"903\">\n<p data-start=\"871\" data-end=\"903\">Ajuste preciso para DV10 y DV20<\/p>\n<\/li>\n<li data-start=\"904\" data-end=\"932\">\n<p data-start=\"906\" data-end=\"932\">Funcionamiento fiable de la v\u00e1lvula<\/p>\n<\/li>\n<li data-start=\"933\" data-end=\"963\">\n<p data-start=\"935\" data-end=\"963\">Sustituci\u00f3n rentable<\/p>\n<\/li>\n<li data-start=\"964\" data-end=\"992\">\n<p data-start=\"966\" data-end=\"992\">Entrega r\u00e1pida desde almac\u00e9n<\/p>\n<\/li>\n<\/ul>\n<h3 data-start=\"994\" data-end=\"1018\">Motores compatibles<\/h3>\n<ul data-start=\"1019\" data-end=\"1046\">\n<li data-start=\"1019\" data-end=\"1032\">\n<p data-start=\"1021\" data-end=\"1032\">Bukh DV10<\/p>\n<\/li>\n<li data-start=\"1033\" data-end=\"1046\">\n<p data-start=\"1035\" data-end=\"1046\">Bukh DV20<\/p>\n<\/li>\n<\/ul>\n<p data-start=\"1048\" data-end=\"1137\">\u00bfPreguntas sobre compatibilidad o estado?  <strong data-start=\"1092\" data-end=\"1137\">Nuestros especialistas marinos estar\u00e1n encantados de ayudarte.<\/strong><\/p>\n","protected":false},"excerpt":{"rendered":"<p>Esta varilla de empuje es adecuada para los motores di\u00e9sel marinos Bukh DV10 y DV20 y sustituye a la pieza Bukh n\u00famero 000E0699. La pieza est\u00e1 usada y en buen estado. Ha sido inspeccionada y est\u00e1 lista para su instalaci\u00f3n. Una soluci\u00f3n rentable para restablecer el correcto funcionamiento del tren de v\u00e1lvulas. Sustituye a la [&hellip;]<\/p>\n","protected":false},"featured_media":47136,"comment_status":"open","ping_status":"closed","template":"","meta":[],"product_brand":[4455],"product_cat":[2914,2518,3157],"product_tag":[],"class_list":{"0":"post-47135","1":"product","2":"type-product","3":"status-publish","4":"has-post-thumbnail","6":"product_brand-bukh","7":"product_cat-bloque-motor","8":"product_cat-piezas-de-motor","9":"product_cat-valvulas-y-accesorios","10":"pa_condition-usado","11":"pa_model-dv10","12":"pa_model-dv20","13":"pa_oem-or-aftermarket-oem","15":"first","16":"instock","17":"taxable","18":"shipping-taxable","19":"purchasable","20":"product-type-simple"},"supplier_id":null,"supplier_sku":"","barcode":null,"atum_controlled":true,"out_stock_date":null,"out_stock_threshold":null,"inheritable":false,"inbound_stock":0,"stock_on_hold":0,"sold_today":0,"sales_last_days":0,"reserved_stock":0,"customer_returns":0,"warehouse_damage":0,"lost_in_post":0,"other_logs":0,"out_stock_days":0,"lost_sales":0,"has_location":false,"update_date":"2026-03-05T15:27:50","atum_locations":[],"atum_stock_status":"instock","restock_status":false,"low_stock_amount":0,"sales_update_date":"2026-03-05T15:27:50","calc_backorders":null,"_links":{"self":[{"href":"https:\/\/mps.digital-monkey.in\/es\/wp-json\/wp\/v2\/product\/47135","targetHints":{"allow":["GET"]}}],"collection":[{"href":"https:\/\/mps.digital-monkey.in\/es\/wp-json\/wp\/v2\/product"}],"about":[{"href":"https:\/\/mps.digital-monkey.in\/es\/wp-json\/wp\/v2\/types\/product"}],"replies":[{"embeddable":true,"href":"https:\/\/mps.digital-monkey.in\/es\/wp-json\/wp\/v2\/comments?post=47135"}],"wp:featuredmedia":[{"embeddable":true,"href":"https:\/\/mps.digital-monkey.in\/es\/wp-json\/wp\/v2\/media\/47136"}],"wp:attachment":[{"href":"https:\/\/mps.digital-monkey.in\/es\/wp-json\/wp\/v2\/media?parent=47135"}],"wp:term":[{"taxonomy":"product_brand","embeddable":true,"href":"https:\/\/mps.digital-monkey.in\/es\/wp-json\/wp\/v2\/product_brand?post=47135"},{"taxonomy":"product_cat","embeddable":true,"href":"https:\/\/mps.digital-monkey.in\/es\/wp-json\/wp\/v2\/product_cat?post=47135"},{"taxonomy":"product_tag","embeddable":true,"href":"https:\/\/mps.digital-monkey.in\/es\/wp-json\/wp\/v2\/product_tag?post=47135"}],"curies":[{"name":"wp","href":"https:\/\/api.w.org\/{rel}","templated":true}]}}