{"id":47148,"date":"2026-02-18T09:24:49","date_gmt":"2026-02-18T09:24:49","guid":{"rendered":"https:\/\/mps.digital-monkey.in\/product\/impeller-para-bukh-dv10-dv20-dv24-610g0102\/"},"modified":"2026-02-18T09:24:49","modified_gmt":"2026-02-18T09:24:49","slug":"impeller-para-bukh-dv10-dv20-dv24-610g0102","status":"publish","type":"product","link":"https:\/\/mps.digital-monkey.in\/es\/producto\/impeller-para-bukh-dv10-dv20-dv24-610g0102\/","title":{"rendered":"Impeller para Bukh DV10 \/ DV20 \/ DV24 - 610G0102"},"content":{"rendered":"<p data-start=\"471\" data-end=\"631\">Este <strong data-start=\"476\" data-end=\"488\">impeller<\/strong> es adecuado para los motores di\u00e9sel marinos Bukh DV10, DV20 y DV24. Sustituye a <strong data-start=\"565\" data-end=\"594\">la pieza Bukh n\u00famero 610G0102<\/strong> y a m\u00faltiples n\u00fameros equivalentes. <\/p>\n<p data-start=\"633\" data-end=\"747\">Dise\u00f1ada para un rendimiento fiable de la bomba de agua de mar, garantizando una refrigeraci\u00f3n adecuada del motor en condiciones de funcionamiento marino.<\/p>\n<h3 data-start=\"749\" data-end=\"777\">Especificaciones del producto<\/h3>\n<ul data-start=\"778\" data-end=\"906\">\n<li data-start=\"778\" data-end=\"814\">\n<p data-start=\"780\" data-end=\"814\"><strong data-start=\"780\" data-end=\"804\">Di\u00e1metro exterior (A\u00d8)<\/strong> 39,7 mm<\/p>\n<\/li>\n<li data-start=\"815\" data-end=\"841\">\n<p data-start=\"817\" data-end=\"841\"><strong data-start=\"817\" data-end=\"831\">Anchura (B):<\/strong> 19,2 mm<\/p>\n<\/li>\n<li data-start=\"842\" data-end=\"878\">\n<p data-start=\"844\" data-end=\"878\"><strong data-start=\"844\" data-end=\"868\">Di\u00e1metro del eje (C\u00d8)<\/strong> 9,53 mm<\/p>\n<\/li>\n<li data-start=\"879\" data-end=\"906\">\n<p data-start=\"881\" data-end=\"906\"><strong data-start=\"881\" data-end=\"902\">N\u00famero de cuchillas:<\/strong> 6<\/p>\n<\/li>\n<\/ul>\n<h3 data-start=\"908\" data-end=\"944\">Sustituye a los n\u00fameros de pieza de los Impellers<\/h3>\n<p data-start=\"946\" data-end=\"956\"><strong data-start=\"946\" data-end=\"954\">JMP:<\/strong><\/p>\n<ul data-start=\"957\" data-end=\"980\">\n<li data-start=\"957\" data-end=\"967\">\n<p data-start=\"959\" data-end=\"967\">7001-1<\/p>\n<\/li>\n<li data-start=\"968\" data-end=\"980\">\n<p data-start=\"970\" data-end=\"980\">7001K-01<\/p>\n<\/li>\n<\/ul>\n<p data-start=\"982\" data-end=\"994\"><strong data-start=\"982\" data-end=\"992\">Ancor:<\/strong><\/p>\n<ul data-start=\"995\" data-end=\"1012\">\n<li data-start=\"995\" data-end=\"1003\">\n<p data-start=\"997\" data-end=\"1003\">2043<\/p>\n<\/li>\n<li data-start=\"1004\" data-end=\"1012\">\n<p data-start=\"1006\" data-end=\"1012\">5043<\/p>\n<\/li>\n<\/ul>\n<p data-start=\"1014\" data-end=\"1024\"><strong data-start=\"1014\" data-end=\"1022\">CEF:<\/strong><\/p>\n<ul data-start=\"1025\" data-end=\"1035\">\n<li data-start=\"1025\" data-end=\"1035\">\n<p data-start=\"1027\" data-end=\"1035\">500100<\/p>\n<\/li>\n<\/ul>\n<p data-start=\"1037\" data-end=\"1050\"><strong data-start=\"1037\" data-end=\"1048\">Jabsco:<\/strong><\/p>\n<ul data-start=\"1051\" data-end=\"1093\">\n<li data-start=\"1051\" data-end=\"1064\">\n<p data-start=\"1053\" data-end=\"1064\">4528-0001<\/p>\n<\/li>\n<li data-start=\"1065\" data-end=\"1078\">\n<p data-start=\"1067\" data-end=\"1078\">8293-0001<\/p>\n<\/li>\n<li data-start=\"1079\" data-end=\"1093\">\n<p data-start=\"1081\" data-end=\"1093\">22429-0001<\/p>\n<\/li>\n<\/ul>\n<p data-start=\"1095\" data-end=\"1109\"><strong data-start=\"1095\" data-end=\"1107\">Johnson:<\/strong><\/p>\n<ul data-start=\"1110\" data-end=\"1135\">\n<li data-start=\"1110\" data-end=\"1121\">\n<p data-start=\"1112\" data-end=\"1121\">09-806B<\/p>\n<\/li>\n<li data-start=\"1122\" data-end=\"1135\">\n<p data-start=\"1124\" data-end=\"1135\">09-806B-1<\/p>\n<\/li>\n<\/ul>\n<p data-start=\"1137\" data-end=\"1152\"><strong data-start=\"1137\" data-end=\"1150\">Sherwood:<\/strong><\/p>\n<ul data-start=\"1153\" data-end=\"1162\">\n<li data-start=\"1153\" data-end=\"1162\">\n<p data-start=\"1155\" data-end=\"1162\">09979<\/p>\n<\/li>\n<\/ul>\n<p data-start=\"1164\" data-end=\"1178\"><strong data-start=\"1164\" data-end=\"1176\">Perkins:<\/strong><\/p>\n<ul data-start=\"1179\" data-end=\"1191\">\n<li data-start=\"1179\" data-end=\"1191\">\n<p data-start=\"1181\" data-end=\"1191\">24880272<\/p>\n<\/li>\n<\/ul>\n<p data-start=\"1193\" data-end=\"1206\"><strong data-start=\"1193\" data-end=\"1204\">Sierra:<\/strong><\/p>\n<ul data-start=\"1207\" data-end=\"1218\">\n<li data-start=\"1207\" data-end=\"1218\">\n<p data-start=\"1209\" data-end=\"1218\">18-8952<\/p>\n<\/li>\n<\/ul>\n<p data-start=\"1220\" data-end=\"1232\"><strong data-start=\"1220\" data-end=\"1230\">Vetus:<\/strong><\/p>\n<ul data-start=\"1233\" data-end=\"1245\">\n<li data-start=\"1233\" data-end=\"1245\">\n<p data-start=\"1235\" data-end=\"1245\">IMP00501<\/p>\n<\/li>\n<\/ul>\n<p data-start=\"1247\" data-end=\"1258\"><strong data-start=\"1247\" data-end=\"1256\">On\u00e1n:<\/strong><\/p>\n<ul data-start=\"1259\" data-end=\"1271\">\n<li data-start=\"1259\" data-end=\"1271\">\n<p data-start=\"1261\" data-end=\"1271\">132-0859<\/p>\n<\/li>\n<\/ul>\n<p data-start=\"1273\" data-end=\"1291\"><strong data-start=\"1273\" data-end=\"1289\">Volvo Penta:<\/strong><\/p>\n<ul data-start=\"1292\" data-end=\"1374\">\n<li data-start=\"1292\" data-end=\"1302\">\n<p data-start=\"1294\" data-end=\"1302\">803729<\/p>\n<\/li>\n<li data-start=\"1303\" data-end=\"1313\">\n<p data-start=\"1305\" data-end=\"1313\">875807<\/p>\n<\/li>\n<li data-start=\"1314\" data-end=\"1326\">\n<p data-start=\"1316\" data-end=\"1326\">875807-0<\/p>\n<\/li>\n<li data-start=\"1327\" data-end=\"1337\">\n<p data-start=\"1329\" data-end=\"1337\">833550<\/p>\n<\/li>\n<li data-start=\"1338\" data-end=\"1349\">\n<p data-start=\"1340\" data-end=\"1349\">87580-0<\/p>\n<\/li>\n<li data-start=\"1350\" data-end=\"1362\">\n<p data-start=\"1352\" data-end=\"1362\">876554-7<\/p>\n<\/li>\n<li data-start=\"1363\" data-end=\"1374\">\n<p data-start=\"1365\" data-end=\"1374\">3586494<\/p>\n<\/li>\n<\/ul>\n<p data-start=\"1376\" data-end=\"1389\"><strong data-start=\"1376\" data-end=\"1387\">Yanmar:<\/strong><\/p>\n<ul data-start=\"1390\" data-end=\"1423\">\n<li data-start=\"1390\" data-end=\"1406\">\n<p data-start=\"1392\" data-end=\"1406\">104211-42070<\/p>\n<\/li>\n<li data-start=\"1407\" data-end=\"1423\">\n<p data-start=\"1409\" data-end=\"1423\">104211-42071<\/p>\n<\/li>\n<\/ul>\n<p data-start=\"1425\" data-end=\"1436\"><strong data-start=\"1425\" data-end=\"1434\">Bukh:<\/strong><\/p>\n<ul data-start=\"1437\" data-end=\"1449\">\n<li data-start=\"1437\" data-end=\"1449\">\n<p data-start=\"1439\" data-end=\"1449\">610G0102<\/p>\n<\/li>\n<\/ul>\n<h3 data-start=\"1648\" data-end=\"1672\">Motores compatibles<\/h3>\n<ul data-start=\"1673\" data-end=\"1714\">\n<li data-start=\"1673\" data-end=\"1686\">\n<p data-start=\"1675\" data-end=\"1686\">Bukh DV10<\/p>\n<\/li>\n<li data-start=\"1687\" data-end=\"1700\">\n<p data-start=\"1689\" data-end=\"1700\">Bukh DV20<\/p>\n<\/li>\n<li data-start=\"1701\" data-end=\"1714\">\n<p data-start=\"1703\" data-end=\"1714\">Bukh DV24<\/p>\n<\/li>\n<\/ul>\n<p data-start=\"1716\" data-end=\"1806\">\u00bfPreguntas sobre compatibilidad o dimensiones?  <strong data-start=\"1761\" data-end=\"1806\">Nuestros especialistas marinos estar\u00e1n encantados de ayudarte.<\/strong><\/p>\n","protected":false},"excerpt":{"rendered":"<p>Este impeller es adecuado para los motores di\u00e9sel marinos Bukh DV10, DV20 y DV24. Sustituye a la pieza Bukh n\u00famero 610G0102 y a m\u00faltiples n\u00fameros equivalentes. Dise\u00f1ada para un rendimiento fiable de la bomba de agua de mar, garantizando una refrigeraci\u00f3n adecuada del motor en condiciones de funcionamiento marino. Especificaciones del producto Di\u00e1metro exterior (A\u00d8) [&hellip;]<\/p>\n","protected":false},"featured_media":47149,"comment_status":"open","ping_status":"closed","template":"","meta":[],"product_brand":[4455],"product_cat":[3032,2497],"product_tag":[],"class_list":{"0":"post-47148","1":"product","2":"type-product","3":"status-publish","4":"has-post-thumbnail","6":"product_brand-bukh","7":"product_cat-impulsores","8":"product_cat-piezas-de-mantenimiento-del-motor","9":"pa_condition-nuevo","10":"pa_model-dv10","11":"pa_model-dv20","12":"pa_model-dv24","13":"pa_oem-or-aftermarket-posventa","15":"first","16":"onbackorder","17":"taxable","18":"shipping-taxable","19":"purchasable","20":"product-type-simple"},"supplier_id":7294,"supplier_sku":"CEF500100GX","barcode":null,"atum_controlled":true,"out_stock_date":"2026-02-18 09:25:52","out_stock_threshold":null,"inheritable":false,"inbound_stock":0,"stock_on_hold":0,"sold_today":0,"sales_last_days":0,"reserved_stock":0,"customer_returns":0,"warehouse_damage":0,"lost_in_post":0,"other_logs":0,"out_stock_days":30,"lost_sales":0,"has_location":false,"update_date":"2026-03-20T11:17:07","atum_locations":[],"atum_stock_status":"onbackorder","restock_status":false,"low_stock_amount":0,"sales_update_date":"2026-03-20T11:17:07","calc_backorders":null,"_links":{"self":[{"href":"https:\/\/mps.digital-monkey.in\/es\/wp-json\/wp\/v2\/product\/47148","targetHints":{"allow":["GET"]}}],"collection":[{"href":"https:\/\/mps.digital-monkey.in\/es\/wp-json\/wp\/v2\/product"}],"about":[{"href":"https:\/\/mps.digital-monkey.in\/es\/wp-json\/wp\/v2\/types\/product"}],"replies":[{"embeddable":true,"href":"https:\/\/mps.digital-monkey.in\/es\/wp-json\/wp\/v2\/comments?post=47148"}],"wp:featuredmedia":[{"embeddable":true,"href":"https:\/\/mps.digital-monkey.in\/es\/wp-json\/wp\/v2\/media\/47149"}],"wp:attachment":[{"href":"https:\/\/mps.digital-monkey.in\/es\/wp-json\/wp\/v2\/media?parent=47148"}],"wp:term":[{"taxonomy":"product_brand","embeddable":true,"href":"https:\/\/mps.digital-monkey.in\/es\/wp-json\/wp\/v2\/product_brand?post=47148"},{"taxonomy":"product_cat","embeddable":true,"href":"https:\/\/mps.digital-monkey.in\/es\/wp-json\/wp\/v2\/product_cat?post=47148"},{"taxonomy":"product_tag","embeddable":true,"href":"https:\/\/mps.digital-monkey.in\/es\/wp-json\/wp\/v2\/product_tag?post=47148"}],"curies":[{"name":"wp","href":"https:\/\/api.w.org\/{rel}","templated":true}]}}