{"id":47166,"date":"2026-02-18T10:15:17","date_gmt":"2026-02-18T10:15:17","guid":{"rendered":"https:\/\/mps.digital-monkey.in\/product\/filtro-de-aceite-para-bukh-dv10-dv20-dv24-dv32-610j0050\/"},"modified":"2026-02-18T10:15:17","modified_gmt":"2026-02-18T10:15:17","slug":"filtro-de-aceite-para-bukh-dv10-dv20-dv24-dv32-610j0050","status":"publish","type":"product","link":"https:\/\/mps.digital-monkey.in\/es\/producto\/filtro-de-aceite-para-bukh-dv10-dv20-dv24-dv32-610j0050\/","title":{"rendered":"Filtro de aceite para Bukh DV10 \/ DV20 \/ DV24 \/ DV32 - 610J0050"},"content":{"rendered":"<p data-start=\"488\" data-end=\"620\">Este <strong data-start=\"493\" data-end=\"507\">filtro de aceite<\/strong> es adecuado para los motores di\u00e9sel marinos Bukh DV10, DV20, DV24 y DV32. Sustituye a <strong data-start=\"590\" data-end=\"619\">la pieza Bukh 610J0050<\/strong>. <\/p>\n<p data-start=\"622\" data-end=\"762\">Dise\u00f1ado para proporcionar una filtraci\u00f3n eficaz del aceite, protegiendo el motor de los contaminantes y garantizando una lubricaci\u00f3n adecuada y una larga vida \u00fatil.<\/p>\n<p data-start=\"764\" data-end=\"818\">Ideal para el mantenimiento rutinario y las revisiones programadas.<\/p>\n<h3 data-start=\"820\" data-end=\"851\">Sustituye a la pieza Bukh<\/h3>\n<ul data-start=\"852\" data-end=\"864\">\n<li data-start=\"852\" data-end=\"864\">\n<p data-start=\"854\" data-end=\"864\">610J0050<\/p>\n<\/li>\n<\/ul>\n<h3 data-start=\"866\" data-end=\"899\">\u00bfPor qu\u00e9 elegir este filtro de aceite?<\/h3>\n<ul data-start=\"900\" data-end=\"1056\">\n<li data-start=\"900\" data-end=\"938\">\n<p data-start=\"902\" data-end=\"938\">Ajuste preciso para motores de la serie DV<\/p>\n<\/li>\n<li data-start=\"939\" data-end=\"966\">\n<p data-start=\"941\" data-end=\"966\">Filtraci\u00f3n fiable del aceite<\/p>\n<\/li>\n<li data-start=\"967\" data-end=\"997\">\n<p data-start=\"969\" data-end=\"997\">Protege los componentes del motor<\/p>\n<\/li>\n<li data-start=\"998\" data-end=\"1027\">\n<p data-start=\"1000\" data-end=\"1027\">Excelente relaci\u00f3n calidad-precio<\/p>\n<\/li>\n<li data-start=\"1028\" data-end=\"1056\">\n<p data-start=\"1030\" data-end=\"1056\">Entrega r\u00e1pida desde almac\u00e9n<\/p>\n<\/li>\n<\/ul>\n<h3 data-start=\"1058\" data-end=\"1082\">Motores compatibles<\/h3>\n<ul data-start=\"1083\" data-end=\"1138\">\n<li data-start=\"1083\" data-end=\"1096\">\n<p data-start=\"1085\" data-end=\"1096\">Bukh DV10<\/p>\n<\/li>\n<li data-start=\"1097\" data-end=\"1110\">\n<p data-start=\"1099\" data-end=\"1110\">Bukh DV20<\/p>\n<\/li>\n<li data-start=\"1111\" data-end=\"1124\">\n<p data-start=\"1113\" data-end=\"1124\">Bukh DV24<\/p>\n<\/li>\n<li data-start=\"1125\" data-end=\"1138\">\n<p data-start=\"1127\" data-end=\"1138\">Bukh DV32<\/p>\n<\/li>\n<\/ul>\n<p data-start=\"1140\" data-end=\"1237\">\u00bfPreguntas sobre compatibilidad o intervalos de mantenimiento?  <strong data-start=\"1192\" data-end=\"1237\">Nuestros especialistas marinos estar\u00e1n encantados de ayudarte.<\/strong><\/p>\n","protected":false},"excerpt":{"rendered":"<p>Este filtro de aceite es adecuado para los motores di\u00e9sel marinos Bukh DV10, DV20, DV24 y DV32. Sustituye a la pieza Bukh 610J0050. Dise\u00f1ado para proporcionar una filtraci\u00f3n eficaz del aceite, protegiendo el motor de los contaminantes y garantizando una lubricaci\u00f3n adecuada y una larga vida \u00fatil. Ideal para el mantenimiento rutinario y las revisiones [&hellip;]<\/p>\n","protected":false},"featured_media":47167,"comment_status":"open","ping_status":"closed","template":"","meta":[],"product_brand":[4455],"product_cat":[2788,2497],"product_tag":[],"class_list":{"0":"post-47166","1":"product","2":"type-product","3":"status-publish","4":"has-post-thumbnail","6":"product_brand-bukh","7":"product_cat-filtros-de-aceite","8":"product_cat-piezas-de-mantenimiento-del-motor","9":"pa_condition-nuevo","10":"pa_model-dv10","11":"pa_model-dv20","12":"pa_model-dv24","13":"pa_model-dv32","14":"pa_oem-or-aftermarket-posventa","16":"first","17":"onbackorder","18":"taxable","19":"shipping-taxable","20":"purchasable","21":"product-type-simple"},"supplier_id":null,"supplier_sku":"P7005 bosch","barcode":null,"atum_controlled":true,"out_stock_date":"2026-02-18 10:15:22","out_stock_threshold":null,"inheritable":false,"inbound_stock":0,"stock_on_hold":0,"sold_today":0,"sales_last_days":0,"reserved_stock":0,"customer_returns":0,"warehouse_damage":0,"lost_in_post":0,"other_logs":0,"out_stock_days":30,"lost_sales":0,"has_location":false,"update_date":"2026-03-20T11:16:39","atum_locations":[],"atum_stock_status":"onbackorder","restock_status":false,"low_stock_amount":0,"sales_update_date":"2026-03-20T11:16:39","calc_backorders":null,"_links":{"self":[{"href":"https:\/\/mps.digital-monkey.in\/es\/wp-json\/wp\/v2\/product\/47166","targetHints":{"allow":["GET"]}}],"collection":[{"href":"https:\/\/mps.digital-monkey.in\/es\/wp-json\/wp\/v2\/product"}],"about":[{"href":"https:\/\/mps.digital-monkey.in\/es\/wp-json\/wp\/v2\/types\/product"}],"replies":[{"embeddable":true,"href":"https:\/\/mps.digital-monkey.in\/es\/wp-json\/wp\/v2\/comments?post=47166"}],"wp:featuredmedia":[{"embeddable":true,"href":"https:\/\/mps.digital-monkey.in\/es\/wp-json\/wp\/v2\/media\/47167"}],"wp:attachment":[{"href":"https:\/\/mps.digital-monkey.in\/es\/wp-json\/wp\/v2\/media?parent=47166"}],"wp:term":[{"taxonomy":"product_brand","embeddable":true,"href":"https:\/\/mps.digital-monkey.in\/es\/wp-json\/wp\/v2\/product_brand?post=47166"},{"taxonomy":"product_cat","embeddable":true,"href":"https:\/\/mps.digital-monkey.in\/es\/wp-json\/wp\/v2\/product_cat?post=47166"},{"taxonomy":"product_tag","embeddable":true,"href":"https:\/\/mps.digital-monkey.in\/es\/wp-json\/wp\/v2\/product_tag?post=47166"}],"curies":[{"name":"wp","href":"https:\/\/api.w.org\/{rel}","templated":true}]}}