{"id":47195,"date":"2026-02-18T14:35:40","date_gmt":"2026-02-18T14:35:40","guid":{"rendered":"https:\/\/mps.digital-monkey.in\/product\/bomba-de-inyeccion-para-bukh-dv20-dv24-dv29-dv32-610a1000\/"},"modified":"2026-02-18T14:35:40","modified_gmt":"2026-02-18T14:35:40","slug":"bomba-de-inyeccion-para-bukh-dv20-dv24-dv29-dv32-610a1000","status":"publish","type":"product","link":"https:\/\/mps.digital-monkey.in\/es\/producto\/bomba-de-inyeccion-para-bukh-dv20-dv24-dv29-dv32-610a1000\/","title":{"rendered":"Bomba de inyecci\u00f3n para Bukh DV20 \/ DV24 \/ DV29 \/ DV32 - 610A1000"},"content":{"rendered":"<p data-start=\"501\" data-end=\"637\">Esta <strong data-start=\"506\" data-end=\"524\">bomba de inyecci\u00f3n<\/strong> es adecuada para los motores di\u00e9sel marinos Bukh DV20, DV24, DV29 y DV32. Sustituye a <strong data-start=\"607\" data-end=\"636\">la pieza Bukh 610A1000<\/strong>. <\/p>\n<p data-start=\"639\" data-end=\"820\">La unidad est\u00e1 <strong data-start=\"651\" data-end=\"681\">usada y en buen estado<\/strong>. Se ha desmontado del motor en marcha y est\u00e1 lista para su instalaci\u00f3n. Una soluci\u00f3n rentable para restablecer el suministro adecuado de combustible y el rendimiento del motor.  <\/p>\n<h3 data-start=\"822\" data-end=\"853\">Sustituye a la pieza Bukh<\/h3>\n<ul data-start=\"854\" data-end=\"866\">\n<li data-start=\"854\" data-end=\"866\">\n<p data-start=\"856\" data-end=\"866\">610A1000<\/p>\n<\/li>\n<\/ul>\n<h3 data-start=\"868\" data-end=\"905\">\u00bfPor qu\u00e9 elegir esta bomba de inyecci\u00f3n?<\/h3>\n<ul data-start=\"906\" data-end=\"1084\">\n<li data-start=\"906\" data-end=\"933\">\n<p data-start=\"908\" data-end=\"933\">Componente Bukh original<\/p>\n<\/li>\n<li data-start=\"934\" data-end=\"958\">\n<p data-start=\"936\" data-end=\"958\">Usado, buen estado<\/p>\n<\/li>\n<li data-start=\"1025\" data-end=\"1055\">\n<p data-start=\"1027\" data-end=\"1055\">Sustituci\u00f3n rentable<\/p>\n<\/li>\n<li data-start=\"1056\" data-end=\"1084\">\n<p data-start=\"1058\" data-end=\"1084\">Entrega r\u00e1pida desde almac\u00e9n<\/p>\n<\/li>\n<\/ul>\n<h3 data-start=\"1086\" data-end=\"1110\">Motores compatibles<\/h3>\n<ul data-start=\"1111\" data-end=\"1166\">\n<li data-start=\"1111\" data-end=\"1124\">\n<p data-start=\"1113\" data-end=\"1124\">Bukh DV20<\/p>\n<\/li>\n<li data-start=\"1125\" data-end=\"1138\">\n<p data-start=\"1127\" data-end=\"1138\">Bukh DV24<\/p>\n<\/li>\n<li data-start=\"1139\" data-end=\"1152\">\n<p data-start=\"1141\" data-end=\"1152\">Bukh DV29<\/p>\n<\/li>\n<li data-start=\"1153\" data-end=\"1166\">\n<p data-start=\"1155\" data-end=\"1166\">Bukh DV32<\/p>\n<\/li>\n<\/ul>\n<p data-start=\"1168\" data-end=\"1265\">\u00bfPreguntas sobre compatibilidad, estado o configuraci\u00f3n?  <strong data-start=\"1220\" data-end=\"1265\">Nuestros especialistas marinos estar\u00e1n encantados de ayudarte.<\/strong><\/p>\n","protected":false},"excerpt":{"rendered":"<p>Esta bomba de inyecci\u00f3n es adecuada para los motores di\u00e9sel marinos Bukh DV20, DV24, DV29 y DV32. Sustituye a la pieza Bukh 610A1000. La unidad est\u00e1 usada y en buen estado. Se ha desmontado del motor en marcha y est\u00e1 lista para su instalaci\u00f3n. Una soluci\u00f3n rentable para restablecer el suministro adecuado de combustible y [&hellip;]<\/p>\n","protected":false},"featured_media":47196,"comment_status":"open","ping_status":"closed","template":"","meta":[],"product_brand":[4455],"product_cat":[3498,2518,2652],"product_tag":[],"class_list":{"0":"post-47195","1":"product","2":"type-product","3":"status-publish","4":"has-post-thumbnail","6":"product_brand-bukh","7":"product_cat-bombas-de-inyeccion","8":"product_cat-piezas-de-motor","9":"product_cat-sistemas-de-combustible","10":"pa_condition-usado","11":"pa_model-dv20","12":"pa_model-dv24","13":"pa_model-dv29","14":"pa_model-dv32","15":"pa_oem-or-aftermarket-oem","17":"first","18":"instock","19":"taxable","20":"shipping-taxable","21":"purchasable","22":"product-type-simple"},"supplier_id":null,"supplier_sku":"","barcode":null,"atum_controlled":true,"out_stock_date":null,"out_stock_threshold":null,"inheritable":false,"inbound_stock":0,"stock_on_hold":0,"sold_today":0,"sales_last_days":0,"reserved_stock":0,"customer_returns":0,"warehouse_damage":0,"lost_in_post":0,"other_logs":0,"out_stock_days":0,"lost_sales":0,"has_location":false,"update_date":"2026-03-05T15:20:59","atum_locations":[],"atum_stock_status":"instock","restock_status":false,"low_stock_amount":0,"sales_update_date":"2026-03-05T15:20:59","calc_backorders":null,"_links":{"self":[{"href":"https:\/\/mps.digital-monkey.in\/es\/wp-json\/wp\/v2\/product\/47195","targetHints":{"allow":["GET"]}}],"collection":[{"href":"https:\/\/mps.digital-monkey.in\/es\/wp-json\/wp\/v2\/product"}],"about":[{"href":"https:\/\/mps.digital-monkey.in\/es\/wp-json\/wp\/v2\/types\/product"}],"replies":[{"embeddable":true,"href":"https:\/\/mps.digital-monkey.in\/es\/wp-json\/wp\/v2\/comments?post=47195"}],"wp:featuredmedia":[{"embeddable":true,"href":"https:\/\/mps.digital-monkey.in\/es\/wp-json\/wp\/v2\/media\/47196"}],"wp:attachment":[{"href":"https:\/\/mps.digital-monkey.in\/es\/wp-json\/wp\/v2\/media?parent=47195"}],"wp:term":[{"taxonomy":"product_brand","embeddable":true,"href":"https:\/\/mps.digital-monkey.in\/es\/wp-json\/wp\/v2\/product_brand?post=47195"},{"taxonomy":"product_cat","embeddable":true,"href":"https:\/\/mps.digital-monkey.in\/es\/wp-json\/wp\/v2\/product_cat?post=47195"},{"taxonomy":"product_tag","embeddable":true,"href":"https:\/\/mps.digital-monkey.in\/es\/wp-json\/wp\/v2\/product_tag?post=47195"}],"curies":[{"name":"wp","href":"https:\/\/api.w.org\/{rel}","templated":true}]}}