{"id":47214,"date":"2026-02-18T14:54:26","date_gmt":"2026-02-18T14:54:26","guid":{"rendered":"https:\/\/mps.digital-monkey.in\/product\/kit-de-revision-para-nanni-diesel-n3-21-n3-75he\/"},"modified":"2026-02-18T14:54:26","modified_gmt":"2026-02-18T14:54:26","slug":"kit-de-revision-para-nanni-diesel-n3-21-n3-75he","status":"publish","type":"product","link":"https:\/\/mps.digital-monkey.in\/es\/product\/kit-de-revision-para-nanni-diesel-n3-21-n3-75he\/","title":{"rendered":"Kit de revisi\u00f3n para Nanni Diesel N3.21 \/ N3.75HE"},"content":{"rendered":"<p data-start=\"491\" data-end=\"715\">Este <strong data-start=\"496\" data-end=\"521\">kit completo de revisi\u00f3n<\/strong> es adecuado para los motores di\u00e9sel marinos Nanni N3.21 y N3.75HE. El kit contiene los componentes esenciales necesarios para una reconstrucci\u00f3n completa del motor, garantizando un rendimiento fiable y una larga vida \u00fatil. <\/p>\n<p data-start=\"717\" data-end=\"783\">Ideal para el reacondicionamiento profesional de motores o el mantenimiento mayor.<\/p>\n<h3 data-start=\"785\" data-end=\"799\">Incluye<\/h3>\n<ul data-start=\"801\" data-end=\"1048\">\n<li data-start=\"801\" data-end=\"812\">\n<p data-start=\"803\" data-end=\"812\">Pistones<\/p>\n<\/li>\n<li data-start=\"813\" data-end=\"829\">\n<p data-start=\"815\" data-end=\"829\">Aros de pist\u00f3n<\/p>\n<\/li>\n<li data-start=\"830\" data-end=\"862\">\n<p data-start=\"832\" data-end=\"862\">Camisas de cilindro (sin acabar)<\/p>\n<\/li>\n<li data-start=\"863\" data-end=\"880\">\n<p data-start=\"865\" data-end=\"880\">Rodamientos principales<\/p>\n<\/li>\n<li data-start=\"881\" data-end=\"908\">\n<p data-start=\"883\" data-end=\"908\">Cojinetes de biela<\/p>\n<\/li>\n<li data-start=\"909\" data-end=\"942\">\n<p data-start=\"911\" data-end=\"942\">Arandela de empuje (cojinete axial)<\/p>\n<\/li>\n<li data-start=\"943\" data-end=\"972\">\n<p data-start=\"945\" data-end=\"972\">V\u00e1lvulas de admisi\u00f3n y escape<\/p>\n<\/li>\n<li data-start=\"973\" data-end=\"992\">\n<p data-start=\"975\" data-end=\"992\">Juego completo de juntas<\/p>\n<\/li>\n<li data-start=\"993\" data-end=\"1015\">\n<p data-start=\"995\" data-end=\"1015\">Casquillos de extremo peque\u00f1o<\/p>\n<\/li>\n<li data-start=\"1016\" data-end=\"1048\">\n<p data-start=\"1018\" data-end=\"1048\">Asientos y gu\u00edas de v\u00e1lvulas<\/p>\n<\/li>\n<\/ul>\n<h3 data-start=\"1050\" data-end=\"1085\">\u00bfPor qu\u00e9 elegir este kit de revisi\u00f3n?<\/h3>\n<ul data-start=\"1086\" data-end=\"1257\">\n<li data-start=\"1086\" data-end=\"1115\">\n<p data-start=\"1088\" data-end=\"1115\">Soluci\u00f3n completa de reconstrucci\u00f3n<\/p>\n<\/li>\n<li data-start=\"1116\" data-end=\"1143\">\n<p data-start=\"1118\" data-end=\"1143\">Componentes de alta calidad<\/p>\n<\/li>\n<li data-start=\"1183\" data-end=\"1228\">\n<p data-start=\"1185\" data-end=\"1228\">Dise\u00f1ado para la revisi\u00f3n profesional de motores<\/p>\n<\/li>\n<li data-start=\"1229\" data-end=\"1257\">\n<p data-start=\"1231\" data-end=\"1257\">Entrega r\u00e1pida<\/p>\n<\/li>\n<\/ul>\n<h3 data-start=\"1259\" data-end=\"1283\">Motores compatibles<\/h3>\n<ul data-start=\"1284\" data-end=\"1317\">\n<li data-start=\"1284\" data-end=\"1299\">\n<p data-start=\"1286\" data-end=\"1299\">Nanni N3.21<\/p>\n<\/li>\n<li data-start=\"1300\" data-end=\"1317\">\n<p data-start=\"1302\" data-end=\"1317\">Nanni N3.75HE<\/p>\n<\/li>\n<\/ul>\n<p data-start=\"1319\" data-end=\"1425\">\u00bfPreguntas sobre versiones de motores o especificaciones de componentes?  <strong data-start=\"1380\" data-end=\"1425\">Nuestros especialistas marinos estar\u00e1n encantados de ayudarte.<\/strong><\/p>\n","protected":false},"excerpt":{"rendered":"<p>Este kit completo de revisi\u00f3n es adecuado para los motores di\u00e9sel marinos Nanni N3.21 y N3.75HE. El kit contiene los componentes esenciales necesarios para una reconstrucci\u00f3n completa del motor, garantizando un rendimiento fiable y una larga vida \u00fatil. Ideal para el reacondicionamiento profesional de motores o el mantenimiento mayor. Incluye Pistones Aros de pist\u00f3n Camisas [&hellip;]<\/p>\n","protected":false},"featured_media":47215,"comment_status":"open","ping_status":"closed","template":"","meta":[],"product_brand":[4240],"product_cat":[3041,3040,2497],"product_tag":[],"class_list":{"0":"post-47214","1":"product","2":"type-product","3":"status-publish","4":"has-post-thumbnail","6":"product_brand-nanni","7":"product_cat-juntas-de-motor","8":"product_cat-kits-de-mantenimiento-y-reparacion","9":"product_cat-piezas-de-mantenimiento-del-motor","10":"pa_condition-nuevo","11":"pa_model-n3-21","12":"pa_model-n3-75he","13":"pa_oem-or-aftermarket-posventa","15":"first","16":"onbackorder","17":"taxable","18":"shipping-taxable","19":"purchasable","20":"product-type-simple"},"supplier_id":null,"supplier_sku":"TP13276","barcode":null,"atum_controlled":true,"out_stock_date":"2026-02-18 14:54:31","out_stock_threshold":null,"inheritable":false,"inbound_stock":0,"stock_on_hold":0,"sold_today":0,"sales_last_days":0,"reserved_stock":0,"customer_returns":0,"warehouse_damage":0,"lost_in_post":0,"other_logs":0,"out_stock_days":29,"lost_sales":0,"has_location":false,"update_date":"2026-03-20T11:16:39","atum_locations":[],"atum_stock_status":"onbackorder","restock_status":false,"low_stock_amount":1,"sales_update_date":"2026-03-20T11:16:39","calc_backorders":null,"_links":{"self":[{"href":"https:\/\/mps.digital-monkey.in\/es\/wp-json\/wp\/v2\/product\/47214","targetHints":{"allow":["GET"]}}],"collection":[{"href":"https:\/\/mps.digital-monkey.in\/es\/wp-json\/wp\/v2\/product"}],"about":[{"href":"https:\/\/mps.digital-monkey.in\/es\/wp-json\/wp\/v2\/types\/product"}],"replies":[{"embeddable":true,"href":"https:\/\/mps.digital-monkey.in\/es\/wp-json\/wp\/v2\/comments?post=47214"}],"wp:featuredmedia":[{"embeddable":true,"href":"https:\/\/mps.digital-monkey.in\/es\/wp-json\/wp\/v2\/media\/47215"}],"wp:attachment":[{"href":"https:\/\/mps.digital-monkey.in\/es\/wp-json\/wp\/v2\/media?parent=47214"}],"wp:term":[{"taxonomy":"product_brand","embeddable":true,"href":"https:\/\/mps.digital-monkey.in\/es\/wp-json\/wp\/v2\/product_brand?post=47214"},{"taxonomy":"product_cat","embeddable":true,"href":"https:\/\/mps.digital-monkey.in\/es\/wp-json\/wp\/v2\/product_cat?post=47214"},{"taxonomy":"product_tag","embeddable":true,"href":"https:\/\/mps.digital-monkey.in\/es\/wp-json\/wp\/v2\/product_tag?post=47214"}],"curies":[{"name":"wp","href":"https:\/\/api.w.org\/{rel}","templated":true}]}}