{"id":47224,"date":"2026-02-19T10:15:17","date_gmt":"2026-02-19T10:15:17","guid":{"rendered":"https:\/\/mps.digital-monkey.in\/product\/juego-de-juntas-de-culata-para-volvo-penta-md1b-md2b-md3b-876377\/"},"modified":"2026-02-19T10:15:17","modified_gmt":"2026-02-19T10:15:17","slug":"juego-de-juntas-de-culata-para-volvo-penta-md1b-md2b-md3b-876377","status":"publish","type":"product","link":"https:\/\/mps.digital-monkey.in\/es\/producto\/juego-de-juntas-de-culata-para-volvo-penta-md1b-md2b-md3b-876377\/","title":{"rendered":"Juego de juntas de culata para Volvo Penta MD1B \/ MD2B \/ MD3B - 876377"},"content":{"rendered":"<p data-start=\"573\" data-end=\"677\">Este <strong data-start=\"578\" data-end=\"606\">juego de juntas de culata<\/strong> es adecuado para los motores diesel marinos Volvo Penta MD1B, MD2B y MD3B.<\/p>\n<p data-start=\"679\" data-end=\"804\">El kit se corresponde con la <strong data-start=\"704\" data-end=\"738\">referencia 876377 de Volvo Penta<\/strong> e incluye una junta de culata equivalente a la <strong data-start=\"789\" data-end=\"803\">OEM 833070<\/strong>.<\/p>\n<p data-start=\"806\" data-end=\"848\">Cada kit est\u00e1 dise\u00f1ado para <strong data-start=\"831\" data-end=\"847\">un cilindro<\/strong>:<\/p>\n<ul data-start=\"850\" data-end=\"941\">\n<li data-start=\"850\" data-end=\"879\">\n<p data-start=\"852\" data-end=\"879\"><strong data-start=\"852\" data-end=\"860\">MD1B<\/strong> \u2192 Se necesita 1 kit<\/p>\n<\/li>\n<li data-start=\"880\" data-end=\"910\">\n<p data-start=\"882\" data-end=\"910\"><strong data-start=\"882\" data-end=\"890\">MD2B<\/strong> \u2192 Se necesitan 2 kits<\/p>\n<\/li>\n<li data-start=\"911\" data-end=\"941\">\n<p data-start=\"913\" data-end=\"941\"><strong data-start=\"913\" data-end=\"921\">MD3B<\/strong> \u2192 Se necesitan 3 kits<\/p>\n<\/li>\n<\/ul>\n<p data-start=\"943\" data-end=\"996\">Ideal para el mantenimiento de la culata y la revisi\u00f3n del extremo superior.<\/p>\n<h3 data-start=\"998\" data-end=\"1035\">Incluye (por kit - 1 cilindro)<\/h3>\n<ul data-start=\"1037\" data-end=\"1256\">\n<li data-start=\"1037\" data-end=\"1078\">\n<p data-start=\"1039\" data-end=\"1078\">1 \u00d7 Junta de culata (OEM 833070)<\/p>\n<\/li>\n<li data-start=\"1079\" data-end=\"1105\">\n<p data-start=\"1081\" data-end=\"1105\">1 \u00d7 Junta de la tapa de v\u00e1lvulas<\/p>\n<\/li>\n<li data-start=\"1106\" data-end=\"1130\">\n<p data-start=\"1108\" data-end=\"1130\">1 \u00d7 Juntas de v\u00e1stago de v\u00e1lvula<\/p>\n<\/li>\n<li data-start=\"1131\" data-end=\"1162\">\n<p data-start=\"1133\" data-end=\"1162\">1 \u00d7 Junta del colector de escape<\/p>\n<\/li>\n<li data-start=\"1163\" data-end=\"1191\">\n<p data-start=\"1165\" data-end=\"1191\">1 \u00d7 Junta del codo de escape<\/p>\n<\/li>\n<li data-start=\"1192\" data-end=\"1222\">\n<p data-start=\"1194\" data-end=\"1222\">1 \u00d7 Junta del colector de admisi\u00f3n<\/p>\n<\/li>\n<li data-start=\"1223\" data-end=\"1256\">\n<p data-start=\"1225\" data-end=\"1256\">1 \u00d7 Junta de la carcasa del termostato<\/p>\n<\/li>\n<\/ul>\n<h3 data-start=\"1258\" data-end=\"1297\">N\u00fameros de pieza Volvo Penta relevantes<\/h3>\n<ul data-start=\"1298\" data-end=\"1319\">\n<li data-start=\"1309\" data-end=\"1319\">876377<\/li>\n<li data-start=\"1309\" data-end=\"1319\">875500<\/li>\n<li data-start=\"1309\" data-end=\"1319\">875502<\/li>\n<li data-start=\"1309\" data-end=\"1319\">875504<\/li>\n<li data-start=\"1309\" data-end=\"1319\">876374<\/li>\n<li data-start=\"1309\" data-end=\"1319\">876375<\/li>\n<\/ul>\n<h3 data-start=\"1321\" data-end=\"1354\">\u00bfPor qu\u00e9 elegir este juego de juntas?<\/h3>\n<ul data-start=\"1355\" data-end=\"1563\">\n<li data-start=\"1355\" data-end=\"1384\">\n<p data-start=\"1357\" data-end=\"1384\">Juego completo por cilindro<\/p>\n<\/li>\n<li data-start=\"1385\" data-end=\"1405\">\n<p data-start=\"1387\" data-end=\"1405\">Ajuste OEM preciso<\/p>\n<\/li>\n<li data-start=\"1406\" data-end=\"1438\">\n<p data-start=\"1408\" data-end=\"1438\">Estanqueidad fiable<\/p>\n<\/li>\n<li data-start=\"1439\" data-end=\"1504\">\n<p data-start=\"1441\" data-end=\"1504\">Adecuado para motores de varios cilindros (pide la cantidad necesaria)<\/p>\n<\/li>\n<li data-start=\"1505\" data-end=\"1534\">\n<p data-start=\"1507\" data-end=\"1534\">Excelente relaci\u00f3n calidad-precio<\/p>\n<\/li>\n<li data-start=\"1535\" data-end=\"1563\">\n<p data-start=\"1537\" data-end=\"1563\">Entrega r\u00e1pida desde almac\u00e9n<\/p>\n<\/li>\n<\/ul>\n<h3 data-start=\"1565\" data-end=\"1589\">Motores compatibles<\/h3>\n<ul data-start=\"1590\" data-end=\"1652\">\n<li data-start=\"1590\" data-end=\"1610\">\n<p data-start=\"1592\" data-end=\"1610\">Volvo Penta MD1B<\/p>\n<\/li>\n<li data-start=\"1611\" data-end=\"1631\">\n<p data-start=\"1613\" data-end=\"1631\">Volvo Penta MD2B<\/p>\n<\/li>\n<li data-start=\"1632\" data-end=\"1652\">\n<p data-start=\"1634\" data-end=\"1652\">Volvo Penta MD3B<\/p>\n<\/li>\n<\/ul>\n<p data-start=\"1654\" data-end=\"1744\">\u00bfPreguntas sobre cantidades o compatibilidad?  <strong data-start=\"1699\" data-end=\"1744\">Nuestros especialistas marinos estar\u00e1n encantados de ayudarte.<\/strong><\/p>\n","protected":false},"excerpt":{"rendered":"<p>Este juego de juntas de culata es adecuado para los motores diesel marinos Volvo Penta MD1B, MD2B y MD3B. El kit se corresponde con la referencia 876377 de Volvo Penta e incluye una junta de culata equivalente a la OEM 833070. Cada kit est\u00e1 dise\u00f1ado para un cilindro: MD1B \u2192 Se necesita 1 kit MD2B [&hellip;]<\/p>\n","protected":false},"featured_media":47225,"comment_status":"open","ping_status":"closed","template":"","meta":[],"product_brand":[4229],"product_cat":[4486,3041,3040,2497,4302,4347,4349,4354,4304],"product_tag":[],"class_list":{"0":"post-47224","1":"product","2":"type-product","3":"status-publish","4":"has-post-thumbnail","6":"product_brand-volvo-penta","7":"product_cat-necesitas-piezas-volvo-penta","8":"product_cat-juntas-de-motor","9":"product_cat-kits-de-mantenimiento-y-reparacion","10":"product_cat-piezas-de-mantenimiento-del-motor","11":"product_cat-volvo-penta","12":"product_cat-volvo-penta-md1","13":"product_cat-volvo-penta-md2","14":"product_cat-volvo-penta-md3","15":"product_cat-volvo-penta-serie-md","16":"pa_condition-nuevo","17":"pa_model-md1","18":"pa_model-md2","19":"pa_model-md2b","20":"pa_model-md3","21":"pa_model-md3b","22":"pa_oem-or-aftermarket-posventa","24":"first","25":"onbackorder","26":"taxable","27":"shipping-taxable","28":"purchasable","29":"product-type-simple"},"supplier_id":7294,"supplier_sku":"REC876377","barcode":null,"atum_controlled":true,"out_stock_date":"2026-02-19 10:15:22","out_stock_threshold":null,"inheritable":false,"inbound_stock":0,"stock_on_hold":0,"sold_today":0,"sales_last_days":0,"reserved_stock":0,"customer_returns":0,"warehouse_damage":0,"lost_in_post":0,"other_logs":0,"out_stock_days":29,"lost_sales":0,"has_location":false,"update_date":"2026-03-20T11:16:39","atum_locations":[],"atum_stock_status":"onbackorder","restock_status":false,"low_stock_amount":0,"sales_update_date":"2026-03-20T11:16:39","calc_backorders":null,"_links":{"self":[{"href":"https:\/\/mps.digital-monkey.in\/es\/wp-json\/wp\/v2\/product\/47224","targetHints":{"allow":["GET"]}}],"collection":[{"href":"https:\/\/mps.digital-monkey.in\/es\/wp-json\/wp\/v2\/product"}],"about":[{"href":"https:\/\/mps.digital-monkey.in\/es\/wp-json\/wp\/v2\/types\/product"}],"replies":[{"embeddable":true,"href":"https:\/\/mps.digital-monkey.in\/es\/wp-json\/wp\/v2\/comments?post=47224"}],"wp:featuredmedia":[{"embeddable":true,"href":"https:\/\/mps.digital-monkey.in\/es\/wp-json\/wp\/v2\/media\/47225"}],"wp:attachment":[{"href":"https:\/\/mps.digital-monkey.in\/es\/wp-json\/wp\/v2\/media?parent=47224"}],"wp:term":[{"taxonomy":"product_brand","embeddable":true,"href":"https:\/\/mps.digital-monkey.in\/es\/wp-json\/wp\/v2\/product_brand?post=47224"},{"taxonomy":"product_cat","embeddable":true,"href":"https:\/\/mps.digital-monkey.in\/es\/wp-json\/wp\/v2\/product_cat?post=47224"},{"taxonomy":"product_tag","embeddable":true,"href":"https:\/\/mps.digital-monkey.in\/es\/wp-json\/wp\/v2\/product_tag?post=47224"}],"curies":[{"name":"wp","href":"https:\/\/api.w.org\/{rel}","templated":true}]}}