{"id":47282,"date":"2026-02-20T15:05:50","date_gmt":"2026-02-20T15:05:50","guid":{"rendered":"https:\/\/mps.digital-monkey.in\/product\/suela-diesel-mini-17\/"},"modified":"2026-03-16T18:09:18","modified_gmt":"2026-03-16T18:09:18","slug":"suela-diesel-mini-17","status":"publish","type":"product","link":"https:\/\/mps.digital-monkey.in\/es\/producto\/suela-diesel-mini-17\/","title":{"rendered":"Suela Diesel Mini 17"},"content":{"rendered":"<p data-start=\"538\" data-end=\"665\">Se vende un <strong data-start=\"552\" data-end=\"589\">motor di\u00e9sel marino Sole Mini 17<\/strong>, suministrado completo con <strong data-start=\"614\" data-end=\"631\">caja de cambios TMC40<\/strong> y <strong data-start=\"636\" data-end=\"664\">panel de instrumentos\/control<\/strong>.<\/p>\n<p data-start=\"667\" data-end=\"808\">El motor tiene aproximadamente <strong data-start=\"696\" data-end=\"721\">2.700 horas de funcionamiento<\/strong> y se ha mantenido bien. Se retir\u00f3 de la embarcaci\u00f3n en <strong data-start=\"786\" data-end=\"807\">condiciones de funcionamiento<\/strong>. <\/p>\n<p data-start=\"810\" data-end=\"898\">Un motor di\u00e9sel marino fiable y compacto, ideal para veleros y peque\u00f1as embarcaciones a motor.<\/p>\n<h3 data-section-id=\"rrrmaf\" data-start=\"905\" data-end=\"928\"><\/h3>\n<h3 data-section-id=\"rrrmaf\" data-start=\"905\" data-end=\"928\">Detalles t\u00e9cnicos<\/h3>\n<ul data-start=\"929\" data-end=\"1090\">\n<li data-section-id=\"1qmxojc\" data-start=\"929\" data-end=\"951\">\n<p data-start=\"931\" data-end=\"951\"><strong data-start=\"931\" data-end=\"941\">Modelo<\/strong> Mini 17<\/p>\n<\/li>\n<li data-section-id=\"q0qp9b\" data-start=\"952\" data-end=\"990\">\n<p data-start=\"954\" data-end=\"990\"><strong data-start=\"954\" data-end=\"974\">Horas de funcionamiento:<\/strong> Aprox. 2,700<\/p>\n<\/li>\n<li data-section-id=\"f7gx68\" data-start=\"991\" data-end=\"1022\">\n<p data-start=\"993\" data-end=\"1022\"><strong data-start=\"993\" data-end=\"1005\">Caja de cambios:<\/strong> TMC40 incluida<\/p>\n<\/li>\n<li data-section-id=\"1pcwcp5\" data-start=\"1023\" data-end=\"1057\">\n<p data-start=\"1025\" data-end=\"1057\"><strong data-start=\"1025\" data-end=\"1046\">Cuadro de instrumentos:<\/strong> Incluido<\/p>\n<\/li>\n<li data-section-id=\"thtzi1\" data-start=\"1058\" data-end=\"1090\">\n<p data-start=\"1060\" data-end=\"1090\">Retirada en condiciones de funcionamiento<\/p>\n<\/li>\n<\/ul>\n<h3 data-section-id=\"19gyd55\" data-start=\"1097\" data-end=\"1121\"><\/h3>\n<h3 data-section-id=\"19gyd55\" data-start=\"1097\" data-end=\"1121\">Condiciones de entrega<\/h3>\n<p data-start=\"1122\" data-end=\"1183\">El motor se entregar\u00e1 <strong data-start=\"1151\" data-end=\"1169\">completamente revisado<\/strong>, incluyendo:<\/p>\n<ul data-start=\"1184\" data-end=\"1218\">\n<li data-section-id=\"16rqac0\" data-start=\"1184\" data-end=\"1202\">\n<p data-start=\"1186\" data-end=\"1202\">Aceite de motor nuevo<\/p>\n<\/li>\n<li data-section-id=\"1e70kvb\" data-start=\"1203\" data-end=\"1218\">\n<p data-start=\"1205\" data-end=\"1218\">Nuevos filtros<\/p>\n<\/li>\n<\/ul>\n<p data-start=\"1220\" data-end=\"1243\">Listo para instalar.<\/p>\n<h3 data-section-id=\"rvphde\" data-start=\"1250\" data-end=\"1264\"><\/h3>\n<h3 data-section-id=\"rvphde\" data-start=\"1250\" data-end=\"1264\">Garant\u00eda<\/h3>\n<p data-start=\"1265\" data-end=\"1288\">\u2714 <strong data-start=\"1267\" data-end=\"1288\">3 meses de garant\u00eda<\/strong><\/p>\n<h3 data-section-id=\"1a41gru\" data-start=\"1295\" data-end=\"1324\"><\/h3>\n<h3 data-section-id=\"1a41gru\" data-start=\"1295\" data-end=\"1324\">\u00bfPor qu\u00e9 elegir este motor?<\/h3>\n<ul data-start=\"1325\" data-end=\"1492\">\n<li data-section-id=\"15b8hou\" data-start=\"1325\" data-end=\"1356\">\n<p data-start=\"1327\" data-end=\"1356\">Dise\u00f1o fiable y compacto<\/p>\n<\/li>\n<li data-section-id=\"1kqa82u\" data-start=\"1357\" data-end=\"1404\">\n<p data-start=\"1359\" data-end=\"1404\">Paquete completo (motor + caja de cambios + panel)<\/p>\n<\/li>\n<li data-section-id=\"m6r41q\" data-start=\"1405\" data-end=\"1439\">\n<p data-start=\"1407\" data-end=\"1439\">Revisi\u00f3n completa antes de la entrega<\/p>\n<\/li>\n<li data-section-id=\"skhoe0\" data-start=\"1440\" data-end=\"1470\">\n<p data-start=\"1442\" data-end=\"1470\">Ideal para proyectos de repotenciaci\u00f3n<\/p>\n<\/li>\n<li data-section-id=\"173ab15\" data-start=\"1471\" data-end=\"1492\">\n<p data-start=\"1473\" data-end=\"1492\">Posibilidad de canje<\/p>\n<\/li>\n<\/ul>\n<p data-start=\"1494\" data-end=\"1579\"><strong data-start=\"1494\" data-end=\"1542\">Es posible cambiar tu motor actual.<\/strong><br data-start=\"1542\" data-end=\"1545\">Ponte en contacto con nosotros si est\u00e1s interesado.<\/p>\n","protected":false},"excerpt":{"rendered":"<p>Se vende un motor di\u00e9sel marino Sole Mini 17, suministrado completo con caja de cambios TMC40 y panel de instrumentos\/control. El motor tiene aproximadamente 2.700 horas de funcionamiento y se ha mantenido bien. Se retir\u00f3 de la embarcaci\u00f3n en condiciones de funcionamiento. Un motor di\u00e9sel marino fiable y compacto, ideal para veleros y peque\u00f1as embarcaciones [&hellip;]<\/p>\n","protected":false},"featured_media":47283,"comment_status":"open","ping_status":"closed","template":"","meta":[],"product_brand":[4397],"product_cat":[2493,4683],"product_tag":[],"class_list":{"0":"post-47282","1":"product","2":"type-product","3":"status-publish","4":"has-post-thumbnail","6":"product_brand-sole","7":"product_cat-motores","8":"product_cat-unico","9":"pa_condition-nuevo","10":"pa_model-sole-mini-17","11":"pa_oem-or-aftermarket-oem","13":"first","14":"outofstock","15":"taxable","16":"shipping-taxable","17":"purchasable","18":"product-type-simple"},"supplier_id":null,"supplier_sku":"","barcode":null,"atum_controlled":true,"out_stock_date":"2026-03-17 11:19:02","out_stock_threshold":null,"inheritable":false,"inbound_stock":0,"stock_on_hold":1,"sold_today":0,"sales_last_days":0,"reserved_stock":0,"customer_returns":0,"warehouse_damage":0,"lost_in_post":0,"other_logs":0,"out_stock_days":2,"lost_sales":0,"has_location":false,"update_date":"2026-03-20T11:16:33","atum_locations":[],"atum_stock_status":"outofstock","restock_status":false,"low_stock_amount":0,"sales_update_date":"2026-03-20T11:16:33","calc_backorders":null,"_links":{"self":[{"href":"https:\/\/mps.digital-monkey.in\/es\/wp-json\/wp\/v2\/product\/47282","targetHints":{"allow":["GET"]}}],"collection":[{"href":"https:\/\/mps.digital-monkey.in\/es\/wp-json\/wp\/v2\/product"}],"about":[{"href":"https:\/\/mps.digital-monkey.in\/es\/wp-json\/wp\/v2\/types\/product"}],"replies":[{"embeddable":true,"href":"https:\/\/mps.digital-monkey.in\/es\/wp-json\/wp\/v2\/comments?post=47282"}],"wp:featuredmedia":[{"embeddable":true,"href":"https:\/\/mps.digital-monkey.in\/es\/wp-json\/wp\/v2\/media\/47283"}],"wp:attachment":[{"href":"https:\/\/mps.digital-monkey.in\/es\/wp-json\/wp\/v2\/media?parent=47282"}],"wp:term":[{"taxonomy":"product_brand","embeddable":true,"href":"https:\/\/mps.digital-monkey.in\/es\/wp-json\/wp\/v2\/product_brand?post=47282"},{"taxonomy":"product_cat","embeddable":true,"href":"https:\/\/mps.digital-monkey.in\/es\/wp-json\/wp\/v2\/product_cat?post=47282"},{"taxonomy":"product_tag","embeddable":true,"href":"https:\/\/mps.digital-monkey.in\/es\/wp-json\/wp\/v2\/product_tag?post=47282"}],"curies":[{"name":"wp","href":"https:\/\/api.w.org\/{rel}","templated":true}]}}