{"id":47346,"date":"2026-02-23T16:05:46","date_gmt":"2026-02-23T16:05:46","guid":{"rendered":"https:\/\/mps.digital-monkey.in\/product\/kit-de-juntas-del-intercambiador-de-calor-para-volvo-penta-tmd31l-tamd31p-tamd41p-serie-kad\/"},"modified":"2026-04-07T19:38:43","modified_gmt":"2026-04-07T19:38:43","slug":"kit-de-juntas-del-intercambiador-de-calor-para-volvo-penta-tmd31l-tamd31p-tamd41p-serie-kad","status":"publish","type":"product","link":"https:\/\/mps.digital-monkey.in\/es\/product\/kit-de-juntas-del-intercambiador-de-calor-para-volvo-penta-tmd31l-tamd31p-tamd41p-serie-kad\/","title":{"rendered":"Kit de juntas del intercambiador de calor para Volvo Penta TMD31L \/ TAMD31P \/ TAMD41P \/ Serie KAD"},"content":{"rendered":"<p data-start=\"519\" data-end=\"768\">Este <strong data-start=\"524\" data-end=\"551\">kit de juntas del intercambiador de<\/strong> calor es adecuado para una gama de motores diesel marinos Volvo Penta. El kit contiene las juntas necesarias para revisar y volver a sellar la unidad del intercambiador de calor, garantizando el correcto funcionamiento del sistema de refrigeraci\u00f3n y evitando fugas. <\/p>\n<p data-start=\"770\" data-end=\"832\">Ideal para mantenimiento, revisi\u00f3n o inspecci\u00f3n de intercambiadores de calor.<\/p>\n<h3 data-section-id=\"12d0ten\" data-start=\"1067\" data-end=\"1103\">Motores Volvo Penta compatibles<\/h3>\n<ul data-start=\"1105\" data-end=\"1208\">\n<li data-section-id=\"1fddh97\" data-start=\"1105\" data-end=\"1115\">\n<p data-start=\"1107\" data-end=\"1115\">TMD31L<\/p>\n<\/li>\n<li data-section-id=\"1ps4m3q\" data-start=\"1116\" data-end=\"1127\">\n<p data-start=\"1118\" data-end=\"1127\">TAMD31P<\/p>\n<\/li>\n<li data-section-id=\"1plrzj5\" data-start=\"1128\" data-end=\"1139\">\n<p data-start=\"1130\" data-end=\"1139\">TAMD41P<\/p>\n<\/li>\n<li data-section-id=\"vbikrc\" data-start=\"1140\" data-end=\"1149\">\n<p data-start=\"1142\" data-end=\"1149\">AD41P<\/p>\n<\/li>\n<li data-section-id=\"1ch9ptd\" data-start=\"1150\" data-end=\"1160\">\n<p data-start=\"1152\" data-end=\"1160\">KAD43P<\/p>\n<\/li>\n<li data-section-id=\"1chakuu\" data-start=\"1161\" data-end=\"1171\">\n<p data-start=\"1163\" data-end=\"1171\">KAD44P<\/p>\n<\/li>\n<li data-section-id=\"1ckraid\" data-start=\"1172\" data-end=\"1182\">\n<p data-start=\"1174\" data-end=\"1182\">KAD300<\/p>\n<\/li>\n<li data-section-id=\"1itlvrv\" data-start=\"1183\" data-end=\"1195\">\n<p data-start=\"1185\" data-end=\"1195\">KAD32P-A<\/p>\n<\/li>\n<li data-section-id=\"1edw1kp\" data-start=\"1196\" data-end=\"1208\">\n<p data-start=\"1198\" data-end=\"1208\">KAMD300A<\/p>\n<\/li>\n<\/ul>\n<p data-start=\"1210\" data-end=\"1302\">\u00bfPreguntas sobre compatibilidad o instalaci\u00f3n?  <strong data-start=\"1257\" data-end=\"1302\">Nuestros especialistas marinos estar\u00e1n encantados de ayudarte.<\/strong><\/p>\n","protected":false},"excerpt":{"rendered":"<p>Este kit de juntas del intercambiador de calor es adecuado para una gama de motores diesel marinos Volvo Penta. El kit contiene las juntas necesarias para revisar y volver a sellar la unidad del intercambiador de calor, garantizando el correcto funcionamiento del sistema de refrigeraci\u00f3n y evitando fugas. Ideal para mantenimiento, revisi\u00f3n o inspecci\u00f3n de [&hellip;]<\/p>\n","protected":false},"featured_media":47347,"comment_status":"open","ping_status":"closed","template":"","meta":[],"product_brand":[4229],"product_cat":[4486,3041,3040,2497,4302],"product_tag":[],"class_list":{"0":"post-47346","1":"product","2":"type-product","3":"status-publish","4":"has-post-thumbnail","6":"product_brand-volvo-penta","7":"product_cat-necesitas-piezas-volvo-penta","8":"product_cat-juntas-de-motor","9":"product_cat-kits-de-mantenimiento-y-reparacion","10":"product_cat-piezas-de-mantenimiento-del-motor","11":"product_cat-volvo-penta","12":"pa_condition-nuevo","13":"pa_model-ad41","14":"pa_model-kad300","15":"pa_model-kad32","16":"pa_model-kad43","17":"pa_model-kad44","18":"pa_model-kamd300","19":"pa_model-tamd31","20":"pa_model-tamd41","21":"pa_model-tmd31","22":"pa_oem-or-aftermarket-posventa","24":"first","25":"instock","26":"taxable","27":"shipping-taxable","28":"purchasable","29":"product-type-simple"},"supplier_id":7294,"supplier_sku":"REC22109","barcode":null,"atum_controlled":true,"out_stock_date":null,"out_stock_threshold":null,"inheritable":false,"inbound_stock":0,"stock_on_hold":0,"sold_today":0,"sales_last_days":0,"reserved_stock":0,"customer_returns":0,"warehouse_damage":0,"lost_in_post":0,"other_logs":0,"out_stock_days":0,"lost_sales":0,"has_location":false,"update_date":"2026-04-07T19:38:23","atum_locations":[],"atum_stock_status":"instock","restock_status":false,"low_stock_amount":0,"sales_update_date":"2026-03-20T13:15:36","calc_backorders":null,"_links":{"self":[{"href":"https:\/\/mps.digital-monkey.in\/es\/wp-json\/wp\/v2\/product\/47346","targetHints":{"allow":["GET"]}}],"collection":[{"href":"https:\/\/mps.digital-monkey.in\/es\/wp-json\/wp\/v2\/product"}],"about":[{"href":"https:\/\/mps.digital-monkey.in\/es\/wp-json\/wp\/v2\/types\/product"}],"replies":[{"embeddable":true,"href":"https:\/\/mps.digital-monkey.in\/es\/wp-json\/wp\/v2\/comments?post=47346"}],"wp:featuredmedia":[{"embeddable":true,"href":"https:\/\/mps.digital-monkey.in\/es\/wp-json\/wp\/v2\/media\/47347"}],"wp:attachment":[{"href":"https:\/\/mps.digital-monkey.in\/es\/wp-json\/wp\/v2\/media?parent=47346"}],"wp:term":[{"taxonomy":"product_brand","embeddable":true,"href":"https:\/\/mps.digital-monkey.in\/es\/wp-json\/wp\/v2\/product_brand?post=47346"},{"taxonomy":"product_cat","embeddable":true,"href":"https:\/\/mps.digital-monkey.in\/es\/wp-json\/wp\/v2\/product_cat?post=47346"},{"taxonomy":"product_tag","embeddable":true,"href":"https:\/\/mps.digital-monkey.in\/es\/wp-json\/wp\/v2\/product_tag?post=47346"}],"curies":[{"name":"wp","href":"https:\/\/api.w.org\/{rel}","templated":true}]}}