{"id":47362,"date":"2026-02-24T09:11:09","date_gmt":"2026-02-24T09:11:09","guid":{"rendered":"https:\/\/mps.digital-monkey.in\/product\/kit-impeller-cef500100gx-recambio-para-volvo-3580029-yanmar-104211-42070\/"},"modified":"2026-02-24T09:45:44","modified_gmt":"2026-02-24T09:45:44","slug":"kit-impeller-cef500100gx-recambio-para-volvo-3580029-yanmar-104211-42070","status":"publish","type":"product","link":"https:\/\/mps.digital-monkey.in\/es\/producto\/kit-impeller-cef500100gx-recambio-para-volvo-3580029-yanmar-104211-42070\/","title":{"rendered":"Kit Impeller CEF500100GX - Recambio para Volvo 3580029, Yanmar 104211-42070"},"content":{"rendered":"<p data-start=\"326\" data-end=\"569\">El CEF500100GX es un impulsor marino de alta calidad dise\u00f1ado para aplicaciones de bombas de agua de mar en motores marinos di\u00e9sel y de gasolina. Garantiza un caudal de agua constante para una refrigeraci\u00f3n adecuada del motor y un funcionamiento fiable en condiciones marinas exigentes. <\/p>\n<p data-start=\"571\" data-end=\"702\">Fabricado con neopreno marino duradero, este impeller ofrece una excelente flexibilidad, resistencia al desgaste y una larga vida \u00fatil.<\/p>\n<p data-start=\"704\" data-end=\"812\">Dise\u00f1ado como recambio directo para m\u00faltiples n\u00fameros de pieza OEM de las principales marcas de motores y bombas marinos.<\/p>\n<hr data-start=\"814\" data-end=\"817\">\n<h2 data-section-id=\"1cgu054\" data-start=\"819\" data-end=\"846\">Especificaciones t\u00e9cnicas<\/h2>\n<ul data-start=\"848\" data-end=\"1026\">\n<li data-section-id=\"pb6rub\" data-start=\"848\" data-end=\"871\">\n<p data-start=\"850\" data-end=\"871\">N\u00famero de cuchillas: 6<\/p>\n<\/li>\n<li data-section-id=\"6fc3bb\" data-start=\"872\" data-end=\"903\">\n<p data-start=\"874\" data-end=\"903\">Di\u00e1metro exterior (\u00d8) 39,6 mm<\/p>\n<\/li>\n<li data-section-id=\"6s3iou\" data-start=\"904\" data-end=\"923\">\n<p data-start=\"906\" data-end=\"923\">Anchura: 18,94 mm<\/p>\n<\/li>\n<li data-section-id=\"gwh9pn\" data-start=\"924\" data-end=\"951\">\n<p data-start=\"926\" data-end=\"951\">Di\u00e1metro del eje: 9,54 mm<\/p>\n<\/li>\n<li data-section-id=\"xfs9zp\" data-start=\"952\" data-end=\"987\">\n<p data-start=\"954\" data-end=\"987\">Material: Neopreno marino<\/p>\n<\/li>\n<li data-section-id=\"znntlp\" data-start=\"988\" data-end=\"1026\">\n<p data-start=\"990\" data-end=\"1026\">Aplicaci\u00f3n: Bomba de refrigeraci\u00f3n de agua de mar<\/p>\n<\/li>\n<\/ul>\n<p data-start=\"1028\" data-end=\"1105\">Estas dimensiones deben coincidir con las de tu impeller actual para garantizar un ajuste correcto.<\/p>\n<hr data-start=\"1107\" data-end=\"1110\">\n<h2 data-section-id=\"1yl9vju\" data-start=\"1112\" data-end=\"1140\">Sustituye a los n\u00fameros de pieza OEM<\/h2>\n<h3 data-section-id=\"1btyg4k\" data-start=\"1142\" data-end=\"1159\">Volvo Penta<\/h3>\n<p data-start=\"1160\" data-end=\"1224\">3580029<br data-start=\"1167\" data-end=\"1170\">3586494<br data-start=\"1177\" data-end=\"1180\">803729<br data-start=\"1186\" data-end=\"1189\">807369<br data-start=\"1195\" data-end=\"1198\">833550<br data-start=\"1204\" data-end=\"1207\">875807<br data-start=\"1213\" data-end=\"1216\">876689<\/p>\n<h3 data-section-id=\"1egkfu6\" data-start=\"1226\" data-end=\"1238\">Yanmar<\/h3>\n<p data-start=\"1239\" data-end=\"1253\">104211-42070<\/p>\n<h3 data-section-id=\"ras6zi\" data-start=\"1255\" data-end=\"1268\">Perkins<\/h3>\n<p data-start=\"1269\" data-end=\"1279\">24880272<\/p>\n<h3 data-section-id=\"1f6q2yh\" data-start=\"1281\" data-end=\"1295\">Sherwood<\/h3>\n<p data-start=\"1296\" data-end=\"1311\">09979<br data-start=\"1301\" data-end=\"1304\">9979K<\/p>\n<h3 data-section-id=\"1q9b2kv\" data-start=\"1313\" data-end=\"1331\">Bomba Johnson<\/h3>\n<p data-start=\"1332\" data-end=\"1353\">09-806B<br data-start=\"1339\" data-end=\"1342\">09-806B-1<\/p>\n<h3 data-section-id=\"142je6o\" data-start=\"1355\" data-end=\"1367\">Jabsco<\/h3>\n<p data-start=\"1368\" data-end=\"1419\">4528-0001<br data-start=\"1377\" data-end=\"1380\">4528-0001-P<br data-start=\"1391\" data-end=\"1394\">4528-0003<br data-start=\"1403\" data-end=\"1406\">4528-0003-P<\/p>\n<h3 data-section-id=\"h5k59k\" data-start=\"1421\" data-end=\"1431\">Onan<\/h3>\n<p data-start=\"1432\" data-end=\"1442\">132-0859<\/p>\n<h3 data-section-id=\"l62iqo\" data-start=\"1444\" data-end=\"1455\">Nanni<\/h3>\n<p data-start=\"1456\" data-end=\"1464\">434014<\/p>\n<h3 data-section-id=\"fidh8y\" data-start=\"1466\" data-end=\"1476\">Bukh<\/h3>\n<p data-start=\"1477\" data-end=\"1487\">610G0102<\/p>\n<hr data-start=\"1489\" data-end=\"1492\">\n<h2 data-section-id=\"1188ah1\" data-start=\"1494\" data-end=\"1517\">Compatibilidad del motor<\/h2>\n<h3 data-section-id=\"1btyg4k\" data-start=\"1519\" data-end=\"1536\">Volvo Penta<\/h3>\n<p data-start=\"1537\" data-end=\"1626\">MD1A<br data-start=\"1541\" data-end=\"1544\">MD1B<br data-start=\"1548\" data-end=\"1551\">MD2A<br data-start=\"1555\" data-end=\"1558\">MD2B<br data-start=\"1562\" data-end=\"1565\">MD3B<br data-start=\"1569\" data-end=\"1572\">MD6A<br data-start=\"1576\" data-end=\"1579\">MD7A<br data-start=\"1583\" data-end=\"1586\">MD7B<br data-start=\"1590\" data-end=\"1593\">MB10A<br data-start=\"1598\" data-end=\"1601\">AQD2B<br data-start=\"1606\" data-end=\"1609\">MD2010<br data-start=\"1615\" data-end=\"1618\">MD2020<\/p>\n<h3 data-section-id=\"1egkfu6\" data-start=\"1628\" data-end=\"1640\">Yanmar<\/h3>\n<p data-start=\"1641\" data-end=\"1713\">2GM<br data-start=\"1644\" data-end=\"1647\">2GM20<br data-start=\"1652\" data-end=\"1655\">3GM<br data-start=\"1658\" data-end=\"1661\">3GM30<br data-start=\"1666\" data-end=\"1669\">2QM15<br data-start=\"1674\" data-end=\"1677\">YSB8<br data-start=\"1681\" data-end=\"1684\">YSB12<br data-start=\"1689\" data-end=\"1692\">YSE8<br data-start=\"1696\" data-end=\"1699\">YSE12<br data-start=\"1704\" data-end=\"1707\">YSM7<\/p>\n<h3 data-section-id=\"ras6zi\" data-start=\"1715\" data-end=\"1728\">Perkins<\/h3>\n<p data-start=\"1729\" data-end=\"1741\">Perama M20<\/p>\n<h3 data-section-id=\"l62iqo\" data-start=\"1743\" data-end=\"1754\">Nanni<\/h3>\n<p data-start=\"1755\" data-end=\"1768\">FK2<br data-start=\"1758\" data-end=\"1761\">2.60H<\/p>\n<h3 data-section-id=\"h5k59k\" data-start=\"1770\" data-end=\"1780\">Onan<\/h3>\n<p data-start=\"1781\" data-end=\"1839\">Modelos seleccionados de generadores marinos que utilizan el impulsor 132-0859<\/p>\n<hr data-start=\"1841\" data-end=\"1844\">\n<h2 data-section-id=\"1ma7m6t\" data-start=\"1846\" data-end=\"1861\">Caracter\u00edsticas principales<\/h2>\n<ul data-start=\"1863\" data-end=\"2070\">\n<li data-section-id=\"1b1inkv\" data-start=\"1863\" data-end=\"1898\">\n<p data-start=\"1865\" data-end=\"1898\">Dise\u00f1o de 6 cuchillas moldeadas con precisi\u00f3n<\/p>\n<\/li>\n<li data-section-id=\"tg7nzv\" data-start=\"1899\" data-end=\"1937\">\n<p data-start=\"1901\" data-end=\"1937\">Dimensiones exactas equivalentes a las de un OEM<\/p>\n<\/li>\n<li data-section-id=\"8jnc41\" data-start=\"1938\" data-end=\"1972\">\n<p data-start=\"1940\" data-end=\"1972\">Amplia compatibilidad entre marcas<\/p>\n<\/li>\n<li data-section-id=\"ew9uz2\" data-start=\"1973\" data-end=\"2008\">\n<p data-start=\"1975\" data-end=\"2008\">Resistente al agua salada y al calor<\/p>\n<\/li>\n<li data-section-id=\"ojy423\" data-start=\"2009\" data-end=\"2070\">\n<p data-start=\"2011\" data-end=\"2070\">Adecuado para el mantenimiento rutinario o la sustituci\u00f3n de emergencia<\/p>\n<\/li>\n<\/ul>\n<hr data-start=\"2072\" data-end=\"2075\">\n<h2 data-section-id=\"1qocus1\" data-start=\"2077\" data-end=\"2106\">Recomendaci\u00f3n de mantenimiento<\/h2>\n<p data-start=\"2108\" data-end=\"2335\">Normalmente, los impellers deben sustituirse anualmente o aproximadamente cada 200 horas de funcionamiento, seg\u00fan las condiciones de funcionamiento. El funcionamiento de una bomba en seco, la ingesti\u00f3n de arena o los largos periodos de inactividad pueden reducir significativamente la vida \u00fatil de los impellers. <\/p>\n<p data-start=\"2337\" data-end=\"2431\">La sustituci\u00f3n preventiva peri\u00f3dica ayuda a evitar el sobrecalentamiento y protege el sistema de refrigeraci\u00f3n del motor.<\/p>\n<hr data-start=\"2433\" data-end=\"2436\">\n<h2 data-section-id=\"1odzwg3\" data-start=\"2438\" data-end=\"2456\">Soporte de montaje<\/h2>\n<p data-start=\"2458\" data-end=\"2482\">Antes de hacer el pedido, compru\u00e9balo:<\/p>\n<ul data-start=\"2484\" data-end=\"2578\">\n<li data-section-id=\"18m77pa\" data-start=\"2484\" data-end=\"2511\">\n<p data-start=\"2486\" data-end=\"2511\">Di\u00e1metro exterior: 39,6 mm<\/p>\n<\/li>\n<li data-section-id=\"6s3iou\" data-start=\"2512\" data-end=\"2531\">\n<p data-start=\"2514\" data-end=\"2531\">Anchura: 18,94 mm<\/p>\n<\/li>\n<li data-section-id=\"orsphn\" data-start=\"2532\" data-end=\"2559\">\n<p data-start=\"2534\" data-end=\"2559\">Di\u00e1metro del eje: 9,54 mm<\/p>\n<\/li>\n<li data-section-id=\"rtdyrt\" data-start=\"2560\" data-end=\"2578\">\n<p data-start=\"2562\" data-end=\"2578\">N\u00famero de cuchillas: 6<\/p>\n<\/li>\n<\/ul>\n<p data-start=\"2580\" data-end=\"2660\">Si no est\u00e1s seguro, ponte en contacto con nosotros con el modelo de tu motor o la referencia de tu bomba para confirmarlo.<\/p>\n","protected":false},"excerpt":{"rendered":"<p data-start=\"581\" data-end=\"750\">CEF500100GX Kit de impulsores marinos de 6 palas. \u00d839,6 mm, anchura 18,94 mm, eje \u00d89,54 mm. Recambio directo para Volvo 3580029, Yanmar 104211-42070 y m\u00faltiples referencias OEM.  <\/p>\n","protected":false},"featured_media":47363,"comment_status":"open","ping_status":"closed","template":"","meta":[],"product_brand":[4704],"product_cat":[4486,4584,4558,3032,4450,2497,4534,4525,4306,4311,4302,4347,4349,4354,4359,4362,4304,4448],"product_tag":[],"class_list":{"0":"post-47362","1":"product","2":"type-product","3":"status-publish","4":"has-post-thumbnail","6":"product_brand-universal","7":"product_cat-necesitas-piezas-volvo-penta","8":"product_cat-impellers-volvo-penta","9":"product_cat-impellers-yanmar","10":"product_cat-impulsores","11":"product_cat-piezas-2gm-2gm20","12":"product_cat-piezas-de-mantenimiento-del-motor","13":"product_cat-piezas-de-servicio-yanmar","14":"product_cat-recambios-volvo-penta","15":"product_cat-recambios-volvo-penta-md2010","16":"product_cat-recambios-volvo-penta-md2020","17":"product_cat-volvo-penta","18":"product_cat-volvo-penta-md1","19":"product_cat-volvo-penta-md2","20":"product_cat-volvo-penta-md3","21":"product_cat-volvo-penta-md6","22":"product_cat-volvo-penta-md7","23":"product_cat-volvo-penta-serie-md","24":"product_cat-yanmar","25":"pa_condition-nuevo","26":"pa_oem-or-aftermarket-posventa","28":"first","29":"instock","30":"taxable","31":"shipping-taxable","32":"purchasable","33":"product-type-simple"},"supplier_id":7294,"supplier_sku":"","barcode":null,"atum_controlled":true,"out_stock_date":null,"out_stock_threshold":null,"inheritable":false,"inbound_stock":0,"stock_on_hold":0,"sold_today":0,"sales_last_days":0,"reserved_stock":0,"customer_returns":0,"warehouse_damage":0,"lost_in_post":0,"other_logs":0,"out_stock_days":0,"lost_sales":0,"has_location":false,"update_date":"2026-03-20T13:15:36","atum_locations":[],"atum_stock_status":"instock","restock_status":false,"low_stock_amount":1,"sales_update_date":"2026-03-20T13:15:36","calc_backorders":null,"_links":{"self":[{"href":"https:\/\/mps.digital-monkey.in\/es\/wp-json\/wp\/v2\/product\/47362","targetHints":{"allow":["GET"]}}],"collection":[{"href":"https:\/\/mps.digital-monkey.in\/es\/wp-json\/wp\/v2\/product"}],"about":[{"href":"https:\/\/mps.digital-monkey.in\/es\/wp-json\/wp\/v2\/types\/product"}],"replies":[{"embeddable":true,"href":"https:\/\/mps.digital-monkey.in\/es\/wp-json\/wp\/v2\/comments?post=47362"}],"wp:featuredmedia":[{"embeddable":true,"href":"https:\/\/mps.digital-monkey.in\/es\/wp-json\/wp\/v2\/media\/47363"}],"wp:attachment":[{"href":"https:\/\/mps.digital-monkey.in\/es\/wp-json\/wp\/v2\/media?parent=47362"}],"wp:term":[{"taxonomy":"product_brand","embeddable":true,"href":"https:\/\/mps.digital-monkey.in\/es\/wp-json\/wp\/v2\/product_brand?post=47362"},{"taxonomy":"product_cat","embeddable":true,"href":"https:\/\/mps.digital-monkey.in\/es\/wp-json\/wp\/v2\/product_cat?post=47362"},{"taxonomy":"product_tag","embeddable":true,"href":"https:\/\/mps.digital-monkey.in\/es\/wp-json\/wp\/v2\/product_tag?post=47362"}],"curies":[{"name":"wp","href":"https:\/\/api.w.org\/{rel}","templated":true}]}}