{"id":47392,"date":"2026-02-24T10:34:37","date_gmt":"2026-02-24T10:34:37","guid":{"rendered":"https:\/\/mps.digital-monkey.in\/product\/impeller-cef500121gx\/"},"modified":"2026-02-24T10:34:37","modified_gmt":"2026-02-24T10:34:37","slug":"impeller-cef500121gx","status":"publish","type":"product","link":"https:\/\/mps.digital-monkey.in\/es\/product\/impeller-cef500121gx\/","title":{"rendered":"Impeller CEF500121GX"},"content":{"rendered":"<h2 data-section-id=\"pyocw7\" data-start=\"782\" data-end=\"812\">CEF500121GX Impeller marino<\/h2>\n<p data-start=\"814\" data-end=\"952\">El CEF500121GX es un impulsor marino de alta calidad dise\u00f1ado para bombas de refrigeraci\u00f3n de agua de mar en motores di\u00e9sel marinos y aplicaciones de generadores.<\/p>\n<p data-start=\"954\" data-end=\"1124\">Fabricado con neopreno resistente de calidad marina, este impulsor garantiza una circulaci\u00f3n fiable del agua, una refrigeraci\u00f3n \u00f3ptima del motor y una larga vida \u00fatil en entornos de agua salada.<\/p>\n<p data-start=\"1126\" data-end=\"1269\">Este modelo tiene un eje de 12 mm de di\u00e1metro y pertenece a la familia de impulsores de 39,6 mm utilizados habitualmente en Volvo Penta y sistemas de bombeo equivalentes.<\/p>\n<hr data-start=\"1271\" data-end=\"1274\">\n<h2 data-section-id=\"1cgu054\" data-start=\"1276\" data-end=\"1303\">Especificaciones t\u00e9cnicas<\/h2>\n<ul data-start=\"1305\" data-end=\"1478\">\n<li data-section-id=\"3drxk0\" data-start=\"1305\" data-end=\"1332\">\n<p data-start=\"1307\" data-end=\"1332\">Di\u00e1metro del eje: 12,0 mm<\/p>\n<\/li>\n<li data-section-id=\"1cbupb2\" data-start=\"1333\" data-end=\"1360\">\n<p data-start=\"1335\" data-end=\"1360\">Di\u00e1metro exterior: 39,6 mm<\/p>\n<\/li>\n<li data-section-id=\"tfhxk0\" data-start=\"1361\" data-end=\"1379\">\n<p data-start=\"1363\" data-end=\"1379\">Anchura: 19,2 mm<\/p>\n<\/li>\n<li data-section-id=\"pb6rub\" data-start=\"1380\" data-end=\"1403\">\n<p data-start=\"1382\" data-end=\"1403\">N\u00famero de cuchillas: 6<\/p>\n<\/li>\n<li data-section-id=\"xfs9zp\" data-start=\"1404\" data-end=\"1439\">\n<p data-start=\"1406\" data-end=\"1439\">Material: Neopreno marino<\/p>\n<\/li>\n<li data-section-id=\"znntlp\" data-start=\"1440\" data-end=\"1478\">\n<p data-start=\"1442\" data-end=\"1478\">Aplicaci\u00f3n: Bomba de refrigeraci\u00f3n de agua de mar<\/p>\n<\/li>\n<\/ul>\n<p data-start=\"1480\" data-end=\"1529\">El ajuste correcto requiere que coincidan todas las dimensiones.<\/p>\n<hr data-start=\"1531\" data-end=\"1534\">\n<h2 data-section-id=\"1yl9vju\" data-start=\"1536\" data-end=\"1564\">Sustituye a los n\u00fameros de pieza OEM<\/h2>\n<h3 data-section-id=\"1btyg4k\" data-start=\"1566\" data-end=\"1583\">Volvo Penta<\/h3>\n<p data-start=\"1584\" data-end=\"1622\">21951342<br data-start=\"1592\" data-end=\"1595\">3586496<br data-start=\"1602\" data-end=\"1605\">833995<br data-start=\"1611\" data-end=\"1614\">875583<\/p>\n<p data-start=\"1624\" data-end=\"1675\">Fabricante: <span class=\"hover:entity-accent entity-underline inline cursor-pointer align-baseline\"><span class=\"whitespace-normal\">Volvo Penta<\/span><\/span><\/p>\n<h3 data-section-id=\"92psa5\" data-start=\"1677\" data-end=\"1693\">Westerbeke<\/h3>\n<p data-start=\"1694\" data-end=\"1709\">32620<br data-start=\"1699\" data-end=\"1702\">46622<\/p>\n<p data-start=\"1711\" data-end=\"1762\">Fabricante: <span class=\"hover:entity-accent entity-underline inline cursor-pointer align-baseline\"><span class=\"whitespace-normal\">Westerbeke<\/span><\/span><\/p>\n<h3 data-section-id=\"1q9b2kv\" data-start=\"1764\" data-end=\"1782\">Bomba Johnson<\/h3>\n<p data-start=\"1783\" data-end=\"1804\">09-808B<br data-start=\"1790\" data-end=\"1793\">09-808B-1<\/p>\n<p data-start=\"1806\" data-end=\"1857\">Fabricante: <span class=\"hover:entity-accent entity-underline inline cursor-pointer align-baseline\"><span class=\"whitespace-normal\">Bomba SPX Johnson<\/span><\/span><\/p>\n<h3 data-section-id=\"142je6o\" data-start=\"1859\" data-end=\"1871\">Jabsco<\/h3>\n<p data-start=\"1872\" data-end=\"1899\">22405-0001<br data-start=\"1882\" data-end=\"1885\">22405-0001-P<\/p>\n<p data-start=\"1901\" data-end=\"1952\">Fabricante: <span class=\"hover:entity-accent entity-underline inline cursor-pointer align-baseline\"><span class=\"whitespace-normal\">Jabsco<\/span><\/span><\/p>\n<h3 data-section-id=\"1g565af\" data-start=\"1954\" data-end=\"1965\">Vetus<\/h3>\n<p data-start=\"1966\" data-end=\"1976\">IMP00601<\/p>\n<p data-start=\"1978\" data-end=\"2029\">Fabricante: <span class=\"hover:entity-accent entity-underline inline cursor-pointer align-baseline\"><span class=\"whitespace-normal\">Vetus<\/span><\/span><\/p>\n<h3 data-section-id=\"h5k59k\" data-start=\"2031\" data-end=\"2041\">Onan<\/h3>\n<p data-start=\"2042\" data-end=\"2052\">132-0310<\/p>\n<p data-start=\"2054\" data-end=\"2105\">Fabricante: <span class=\"hover:entity-accent entity-underline inline cursor-pointer align-baseline\"><span class=\"whitespace-normal\">Onan<\/span><\/span><\/p>\n<h3 data-section-id=\"1105zn6\" data-start=\"2107\" data-end=\"2125\">Nanni Diesel<\/h3>\n<p data-start=\"2126\" data-end=\"2146\">434013<br data-start=\"2132\" data-end=\"2135\">970434013<\/p>\n<p data-start=\"2148\" data-end=\"2199\">Fabricante: <span class=\"hover:entity-accent entity-underline inline cursor-pointer align-baseline\"><span class=\"whitespace-normal\">Nanni Diesel<\/span><\/span><\/p>\n<hr data-start=\"2201\" data-end=\"2204\">\n<h2 data-section-id=\"1188ah1\" data-start=\"2206\" data-end=\"2229\">Compatibilidad del motor<\/h2>\n<h3 data-section-id=\"1j83jms\" data-start=\"2231\" data-end=\"2246\">Volvo Penta<\/h3>\n<ul data-start=\"2248\" data-end=\"2549\">\n<li data-section-id=\"1l5awad\" data-start=\"2248\" data-end=\"2289\">\n<p data-start=\"2250\" data-end=\"2289\"><span class=\"hover:entity-accent entity-underline inline cursor-pointer align-baseline\"><span class=\"whitespace-normal\">Volvo Penta MD5<\/span><\/span><\/p>\n<\/li>\n<li data-section-id=\"1upsd79\" data-start=\"2290\" data-end=\"2331\">\n<p data-start=\"2292\" data-end=\"2331\"><span class=\"hover:entity-accent entity-underline inline cursor-pointer align-baseline\"><span class=\"whitespace-normal\">Volvo Penta MD6<\/span><\/span><\/p>\n<\/li>\n<li data-section-id=\"1xaspf9\" data-start=\"2332\" data-end=\"2373\">\n<p data-start=\"2334\" data-end=\"2373\"><span class=\"hover:entity-accent entity-underline inline cursor-pointer align-baseline\"><span class=\"whitespace-normal\">Volvo Penta MD7<\/span><\/span><\/p>\n<\/li>\n<li data-section-id=\"x79p85\" data-start=\"2374\" data-end=\"2417\">\n<p data-start=\"2376\" data-end=\"2417\"><span class=\"hover:entity-accent entity-underline inline cursor-pointer align-baseline\"><span class=\"whitespace-normal\">Volvo Penta MD11<\/span><\/span><\/p>\n<\/li>\n<li data-section-id=\"bgd20l\" data-start=\"2418\" data-end=\"2461\">\n<p data-start=\"2420\" data-end=\"2461\"><span class=\"hover:entity-accent entity-underline inline cursor-pointer align-baseline\"><span class=\"whitespace-normal\">Volvo Penta 2001<\/span><\/span><\/p>\n<\/li>\n<li data-section-id=\"1y51851\" data-start=\"2462\" data-end=\"2505\">\n<p data-start=\"2464\" data-end=\"2505\"><span class=\"hover:entity-accent entity-underline inline cursor-pointer align-baseline\"><span class=\"whitespace-normal\">Volvo Penta 2002<\/span><\/span><\/p>\n<\/li>\n<li data-section-id=\"1ce4kxh\" data-start=\"2506\" data-end=\"2549\">\n<p data-start=\"2508\" data-end=\"2549\"><span class=\"hover:entity-accent entity-underline inline cursor-pointer align-baseline\"><span class=\"whitespace-normal\">Volvo Penta 2003<\/span><\/span><\/p>\n<\/li>\n<\/ul>\n<h3 data-section-id=\"70undh\" data-start=\"2551\" data-end=\"2560\">Arona<\/h3>\n<ul data-start=\"2562\" data-end=\"2781\">\n<li data-section-id=\"g165th\" data-start=\"2562\" data-end=\"2605\">\n<p data-start=\"2564\" data-end=\"2605\"><span class=\"hover:entity-accent entity-underline inline cursor-pointer align-baseline\"><span class=\"whitespace-normal\">Arona AD182L\/M<\/span><\/span><\/p>\n<\/li>\n<li data-section-id=\"1tbdkl1\" data-start=\"2606\" data-end=\"2649\">\n<p data-start=\"2608\" data-end=\"2649\"><span class=\"hover:entity-accent entity-underline inline cursor-pointer align-baseline\"><span class=\"whitespace-normal\">Arona AD190<\/span><\/span><\/p>\n<\/li>\n<li data-section-id=\"1gyxoqd\" data-start=\"2650\" data-end=\"2693\">\n<p data-start=\"2652\" data-end=\"2693\"><span class=\"hover:entity-accent entity-underline inline cursor-pointer align-baseline\"><span class=\"whitespace-normal\">Arona AD190\/195M<\/span><\/span><\/p>\n<\/li>\n<li data-section-id=\"v811it\" data-start=\"2694\" data-end=\"2737\">\n<p data-start=\"2696\" data-end=\"2737\"><span class=\"hover:entity-accent entity-underline inline cursor-pointer align-baseline\"><span class=\"whitespace-normal\">Arona AD195M<\/span><\/span><\/p>\n<\/li>\n<li data-section-id=\"itrg1h\" data-start=\"2738\" data-end=\"2781\">\n<p data-start=\"2740\" data-end=\"2781\"><span class=\"hover:entity-accent entity-underline inline cursor-pointer align-baseline\"><span class=\"whitespace-normal\">Arona AD295<\/span><\/span><\/p>\n<\/li>\n<\/ul>\n<h3 data-section-id=\"1tp6txk\" data-start=\"2783\" data-end=\"2798\">Marina Beta<\/h3>\n<ul data-start=\"2800\" data-end=\"2843\">\n<li data-section-id=\"1w3yut1\" data-start=\"2800\" data-end=\"2843\">\n<p data-start=\"2802\" data-end=\"2843\"><span class=\"hover:entity-accent entity-underline inline cursor-pointer align-baseline\"><span class=\"whitespace-normal\">Beta Marino 20<\/span><\/span><\/p>\n<\/li>\n<\/ul>\n<h3 data-section-id=\"q7j85e\" data-start=\"2845\" data-end=\"2859\">BMW Marina<\/h3>\n<ul data-start=\"2861\" data-end=\"2948\">\n<li data-section-id=\"1or3w39\" data-start=\"2861\" data-end=\"2904\">\n<p data-start=\"2863\" data-end=\"2904\"><span class=\"hover:entity-accent entity-underline inline cursor-pointer align-baseline\"><span class=\"whitespace-normal\">BMW D7<\/span><\/span><\/p>\n<\/li>\n<li data-section-id=\"n668ol\" data-start=\"2905\" data-end=\"2948\">\n<p data-start=\"2907\" data-end=\"2948\"><span class=\"hover:entity-accent entity-underline inline cursor-pointer align-baseline\"><span class=\"whitespace-normal\">BMW D12<\/span><\/span><\/p>\n<\/li>\n<\/ul>\n<h3 data-section-id=\"yndamq\" data-start=\"2950\" data-end=\"2958\">Bukh<\/h3>\n<ul data-start=\"2960\" data-end=\"3223\">\n<li data-section-id=\"1fuxyk5\" data-start=\"2960\" data-end=\"3003\">\n<p data-start=\"2962\" data-end=\"3003\"><span class=\"hover:entity-accent entity-underline inline cursor-pointer align-baseline\"><span class=\"whitespace-normal\">Bukh DV8ME<\/span><\/span><\/p>\n<\/li>\n<li data-section-id=\"1u58i2d\" data-start=\"3004\" data-end=\"3047\">\n<p data-start=\"3006\" data-end=\"3047\"><span class=\"hover:entity-accent entity-underline inline cursor-pointer align-baseline\"><span class=\"whitespace-normal\">Bukh DV8SME<\/span><\/span><\/p>\n<\/li>\n<li data-section-id=\"17l0col\" data-start=\"3048\" data-end=\"3091\">\n<p data-start=\"3050\" data-end=\"3091\"><span class=\"hover:entity-accent entity-underline inline cursor-pointer align-baseline\"><span class=\"whitespace-normal\">Bukh DV10M<\/span><\/span><\/p>\n<\/li>\n<li data-section-id=\"602p9x\" data-start=\"3092\" data-end=\"3135\">\n<p data-start=\"3094\" data-end=\"3135\"><span class=\"hover:entity-accent entity-underline inline cursor-pointer align-baseline\"><span class=\"whitespace-normal\">Bukh DV10ME<\/span><\/span><\/p>\n<\/li>\n<li data-section-id=\"youf5h\" data-start=\"3136\" data-end=\"3179\">\n<p data-start=\"3138\" data-end=\"3179\"><span class=\"hover:entity-accent entity-underline inline cursor-pointer align-baseline\"><span class=\"whitespace-normal\">Bukh DV10LME<\/span><\/span><\/p>\n<\/li>\n<li data-section-id=\"1cz4ynp\" data-start=\"3180\" data-end=\"3223\">\n<p data-start=\"3182\" data-end=\"3223\"><span class=\"hover:entity-accent entity-underline inline cursor-pointer align-baseline\"><span class=\"whitespace-normal\">Bukh DV10LSME<\/span><\/span><\/p>\n<\/li>\n<\/ul>\n<h3 data-section-id=\"18rva12\" data-start=\"3225\" data-end=\"3237\">Farymann<\/h3>\n<ul data-start=\"3239\" data-end=\"3590\">\n<li data-section-id=\"1adlmwl\" data-start=\"3239\" data-end=\"3282\">\n<p data-start=\"3241\" data-end=\"3282\"><span class=\"hover:entity-accent entity-underline inline cursor-pointer align-baseline\"><span class=\"whitespace-normal\">Farymann A30M<\/span><\/span><\/p>\n<\/li>\n<li data-section-id=\"8snzhx\" data-start=\"3283\" data-end=\"3326\">\n<p data-start=\"3285\" data-end=\"3326\"><span class=\"hover:entity-accent entity-underline inline cursor-pointer align-baseline\"><span class=\"whitespace-normal\">Farymann A40M<\/span><\/span><\/p>\n<\/li>\n<li data-section-id=\"1eriktx\" data-start=\"3327\" data-end=\"3370\">\n<p data-start=\"3329\" data-end=\"3370\"><span class=\"hover:entity-accent entity-underline inline cursor-pointer align-baseline\"><span class=\"whitespace-normal\">Farymann FK2<\/span><\/span><\/p>\n<\/li>\n<li data-section-id=\"7thi7p\" data-start=\"3371\" data-end=\"3414\">\n<p data-start=\"3373\" data-end=\"3414\"><span class=\"hover:entity-accent entity-underline inline cursor-pointer align-baseline\"><span class=\"whitespace-normal\">Farymann K34<\/span><\/span><\/p>\n<\/li>\n<li data-section-id=\"1eobsad\" data-start=\"3415\" data-end=\"3458\">\n<p data-start=\"3417\" data-end=\"3458\"><span class=\"hover:entity-accent entity-underline inline cursor-pointer align-baseline\"><span class=\"whitespace-normal\">Farymann 15W<\/span><\/span><\/p>\n<\/li>\n<li data-section-id=\"7qapo5\" data-start=\"3459\" data-end=\"3502\">\n<p data-start=\"3461\" data-end=\"3502\"><span class=\"hover:entity-accent entity-underline inline cursor-pointer align-baseline\"><span class=\"whitespace-normal\">Farymann 18W<\/span><\/span><\/p>\n<\/li>\n<li data-section-id=\"xlf1f9\" data-start=\"3503\" data-end=\"3546\">\n<p data-start=\"3505\" data-end=\"3546\"><span class=\"hover:entity-accent entity-underline inline cursor-pointer align-baseline\"><span class=\"whitespace-normal\">Farymann 32W<\/span><\/span><\/p>\n<\/li>\n<li data-section-id=\"1poi0s5\" data-start=\"3547\" data-end=\"3590\">\n<p data-start=\"3549\" data-end=\"3590\"><span class=\"hover:entity-accent entity-underline inline cursor-pointer align-baseline\"><span class=\"whitespace-normal\">Farymann L30M<\/span><\/span><\/p>\n<\/li>\n<\/ul>\n<h3 data-section-id=\"w8swj7\" data-start=\"3592\" data-end=\"3606\">Lombardini<\/h3>\n<ul data-start=\"3608\" data-end=\"3651\">\n<li data-section-id=\"xi88vp\" data-start=\"3608\" data-end=\"3651\">\n<p data-start=\"3610\" data-end=\"3651\"><span class=\"hover:entity-accent entity-underline inline cursor-pointer align-baseline\"><span class=\"whitespace-normal\">Lombardini LDW401M<\/span><\/span><\/p>\n<\/li>\n<\/ul>\n<h3 data-section-id=\"uhssaa\" data-start=\"3653\" data-end=\"3669\">Nanni Diesel<\/h3>\n<ul data-start=\"3671\" data-end=\"3758\">\n<li data-section-id=\"1plb88l\" data-start=\"3671\" data-end=\"3714\">\n<p data-start=\"3673\" data-end=\"3714\"><span class=\"hover:entity-accent entity-underline inline cursor-pointer align-baseline\"><span class=\"whitespace-normal\">Nanni K34<\/span><\/span><\/p>\n<\/li>\n<li data-section-id=\"10e0bn9\" data-start=\"3715\" data-end=\"3758\">\n<p data-start=\"3717\" data-end=\"3758\"><span class=\"hover:entity-accent entity-underline inline cursor-pointer align-baseline\"><span class=\"whitespace-normal\">Nanni L30<\/span><\/span><\/p>\n<\/li>\n<\/ul>\n<h3 data-section-id=\"1mhudeg\" data-start=\"3760\" data-end=\"3773\">Ruggerini<\/h3>\n<ul data-start=\"3775\" data-end=\"4126\">\n<li data-section-id=\"1sh3b05\" data-start=\"3775\" data-end=\"3818\">\n<p data-start=\"3777\" data-end=\"3818\"><span class=\"hover:entity-accent entity-underline inline cursor-pointer align-baseline\"><span class=\"whitespace-normal\">Ruggerini MM150<\/span><\/span><\/p>\n<\/li>\n<li data-section-id=\"1gjtfed\" data-start=\"3819\" data-end=\"3862\">\n<p data-start=\"3821\" data-end=\"3862\"><span class=\"hover:entity-accent entity-underline inline cursor-pointer align-baseline\"><span class=\"whitespace-normal\">Ruggerini MM191<\/span><\/span><\/p>\n<\/li>\n<li data-section-id=\"10607ed\" data-start=\"3863\" data-end=\"3906\">\n<p data-start=\"3865\" data-end=\"3906\"><span class=\"hover:entity-accent entity-underline inline cursor-pointer align-baseline\"><span class=\"whitespace-normal\">Ruggerini PM105<\/span><\/span><\/p>\n<\/li>\n<li data-section-id=\"9nhrcl\" data-start=\"3907\" data-end=\"3950\">\n<p data-start=\"3909\" data-end=\"3950\"><span class=\"hover:entity-accent entity-underline inline cursor-pointer align-baseline\"><span class=\"whitespace-normal\">Ruggerini RD100\/2<\/span><\/span><\/p>\n<\/li>\n<li data-section-id=\"194wq9h\" data-start=\"3951\" data-end=\"3994\">\n<p data-start=\"3953\" data-end=\"3994\"><span class=\"hover:entity-accent entity-underline inline cursor-pointer align-baseline\"><span class=\"whitespace-normal\">Ruggerini RD100\/951<\/span><\/span><\/p>\n<\/li>\n<li data-section-id=\"1xve5h1\" data-start=\"3995\" data-end=\"4038\">\n<p data-start=\"3997\" data-end=\"4038\"><span class=\"hover:entity-accent entity-underline inline cursor-pointer align-baseline\"><span class=\"whitespace-normal\">Ruggerini RDM901<\/span><\/span><\/p>\n<\/li>\n<li data-section-id=\"1hhkxh1\" data-start=\"4039\" data-end=\"4082\">\n<p data-start=\"4041\" data-end=\"4082\"><span class=\"hover:entity-accent entity-underline inline cursor-pointer align-baseline\"><span class=\"whitespace-normal\">Ruggerini RM80<\/span><\/span><\/p>\n<\/li>\n<li data-section-id=\"qz2hf9\" data-start=\"4083\" data-end=\"4126\">\n<p data-start=\"4085\" data-end=\"4126\"><span class=\"hover:entity-accent entity-underline inline cursor-pointer align-baseline\"><span class=\"whitespace-normal\">Ruggerini RM90<\/span><\/span><\/p>\n<\/li>\n<\/ul>\n<hr data-start=\"4128\" data-end=\"4131\">\n<h2 data-section-id=\"1qocus1\" data-start=\"4133\" data-end=\"4162\">Recomendaci\u00f3n de mantenimiento<\/h2>\n<p data-start=\"4164\" data-end=\"4330\">Los impellers deben sustituirse anualmente o aproximadamente cada 200 horas de funcionamiento. La sustituci\u00f3n preventiva regular protege el sistema de refrigeraci\u00f3n y evita el sobrecalentamiento. <\/p>\n<hr data-start=\"4332\" data-end=\"4335\">\n<h2 data-section-id=\"1odzwg3\" data-start=\"4337\" data-end=\"4355\">Soporte de montaje<\/h2>\n<p data-start=\"4357\" data-end=\"4382\">Antes de hacer el pedido, conf\u00edrmalo:<\/p>\n<ul data-start=\"4384\" data-end=\"4469\">\n<li data-section-id=\"1ko4vz2\" data-start=\"4384\" data-end=\"4409\">\n<p data-start=\"4386\" data-end=\"4409\">Di\u00e1metro del eje: 12 mm<\/p>\n<\/li>\n<li data-section-id=\"18m77pa\" data-start=\"4410\" data-end=\"4437\">\n<p data-start=\"4412\" data-end=\"4437\">Di\u00e1metro exterior: 39,6 mm<\/p>\n<\/li>\n<li data-section-id=\"tfhxk0\" data-start=\"4438\" data-end=\"4456\">\n<p data-start=\"4440\" data-end=\"4456\">Anchura: 19,2 mm<\/p>\n<\/li>\n<li data-section-id=\"170kqoz\" data-start=\"4457\" data-end=\"4469\">\n<p data-start=\"4459\" data-end=\"4469\">6 cuchillas<\/p>\n<\/li>\n<\/ul>\n<p data-start=\"4471\" data-end=\"4551\">Si no est\u00e1s seguro, ponte en contacto con nosotros con el modelo de tu motor o la referencia de tu bomba para confirmarlo.<\/p>\n","protected":false},"excerpt":{"rendered":"<p data-start=\"575\" data-end=\"747\">Impeller marino CEF500121GX con eje de 12 mm. \u00d839,6 mm, anchura 19,2 mm, 6 \u00e1labes. Sustituye a Volvo Penta 21951342, Johnson 09-808B, Jabsco 22405-0001 y otras referencias OEM.  <\/p>\n","protected":false},"featured_media":47394,"comment_status":"open","ping_status":"closed","template":"","meta":[],"product_brand":[4704],"product_cat":[4486,4584,3032,2497,4724,4525,4464,4469,4472,4302,4708,4365,4356,4359,4362,4462,4304],"product_tag":[],"class_list":{"0":"post-47392","1":"product","2":"type-product","3":"status-publish","4":"has-post-thumbnail","6":"product_brand-universal","7":"product_cat-necesitas-piezas-volvo-penta","8":"product_cat-impellers-volvo-penta","9":"product_cat-impulsores","10":"product_cat-piezas-de-mantenimiento-del-motor","11":"product_cat-recambios-servicio-volvo-penta-serie-2000","12":"product_cat-recambios-volvo-penta","13":"product_cat-recambios-volvo-penta-2001","14":"product_cat-recambios-volvo-penta-2002","15":"product_cat-recambios-volvo-penta-2003","16":"product_cat-volvo-penta","17":"product_cat-volvo-penta-2002-impellers","18":"product_cat-volvo-penta-md11","19":"product_cat-volvo-penta-md5","20":"product_cat-volvo-penta-md6","21":"product_cat-volvo-penta-md7","22":"product_cat-volvo-penta-serie-2000","23":"product_cat-volvo-penta-serie-md","24":"pa_condition-nuevo","25":"pa_oem-or-aftermarket-posventa","27":"first","28":"instock","29":"taxable","30":"shipping-taxable","31":"purchasable","32":"product-type-simple"},"supplier_id":7294,"supplier_sku":"CEF500121GX","barcode":null,"atum_controlled":true,"out_stock_date":null,"out_stock_threshold":null,"inheritable":false,"inbound_stock":0,"stock_on_hold":0,"sold_today":0,"sales_last_days":0,"reserved_stock":0,"customer_returns":0,"warehouse_damage":0,"lost_in_post":0,"other_logs":0,"out_stock_days":0,"lost_sales":0,"has_location":false,"update_date":"2026-03-20T13:15:36","atum_locations":[],"atum_stock_status":"instock","restock_status":false,"low_stock_amount":0,"sales_update_date":"2026-03-20T13:15:36","calc_backorders":null,"_links":{"self":[{"href":"https:\/\/mps.digital-monkey.in\/es\/wp-json\/wp\/v2\/product\/47392","targetHints":{"allow":["GET"]}}],"collection":[{"href":"https:\/\/mps.digital-monkey.in\/es\/wp-json\/wp\/v2\/product"}],"about":[{"href":"https:\/\/mps.digital-monkey.in\/es\/wp-json\/wp\/v2\/types\/product"}],"replies":[{"embeddable":true,"href":"https:\/\/mps.digital-monkey.in\/es\/wp-json\/wp\/v2\/comments?post=47392"}],"wp:featuredmedia":[{"embeddable":true,"href":"https:\/\/mps.digital-monkey.in\/es\/wp-json\/wp\/v2\/media\/47394"}],"wp:attachment":[{"href":"https:\/\/mps.digital-monkey.in\/es\/wp-json\/wp\/v2\/media?parent=47392"}],"wp:term":[{"taxonomy":"product_brand","embeddable":true,"href":"https:\/\/mps.digital-monkey.in\/es\/wp-json\/wp\/v2\/product_brand?post=47392"},{"taxonomy":"product_cat","embeddable":true,"href":"https:\/\/mps.digital-monkey.in\/es\/wp-json\/wp\/v2\/product_cat?post=47392"},{"taxonomy":"product_tag","embeddable":true,"href":"https:\/\/mps.digital-monkey.in\/es\/wp-json\/wp\/v2\/product_tag?post=47392"}],"curies":[{"name":"wp","href":"https:\/\/api.w.org\/{rel}","templated":true}]}}