{"id":47618,"date":"2026-02-28T11:10:01","date_gmt":"2026-02-28T11:10:01","guid":{"rendered":"https:\/\/mps.digital-monkey.in\/product\/motor-de-arranque-para-volvo-penta-md2010-md2020-d1-13-d1-20-3803904\/"},"modified":"2026-02-28T11:10:01","modified_gmt":"2026-02-28T11:10:01","slug":"motor-de-arranque-para-volvo-penta-md2010-md2020-d1-13-d1-20-3803904","status":"publish","type":"product","link":"https:\/\/mps.digital-monkey.in\/es\/producto\/motor-de-arranque-para-volvo-penta-md2010-md2020-d1-13-d1-20-3803904\/","title":{"rendered":"Motor de arranque para Volvo Penta MD2010 \/ MD2020 \/ D1-13 \/ D1-20 - 3803904"},"content":{"rendered":"<p data-start=\"452\" data-end=\"622\">Este motor de arranque es adecuado para los motores diesel marinos Volvo Penta de las series MD2010, MD2020 y D1. Sustituye a las piezas OEM Volvo Penta 3803904, 23140597 y 3840888. <\/p>\n<hr data-start=\"867\" data-end=\"870\">\n<h3 data-section-id=\"1wqrkx2\" data-start=\"872\" data-end=\"901\">Especificaciones el\u00e9ctricas<\/h3>\n<p data-start=\"903\" data-end=\"933\">Tensi\u00f3n: 12V<br data-start=\"915\" data-end=\"918\">Potencia: 0,8 kW<\/p>\n<hr data-start=\"935\" data-end=\"938\">\n<h3 data-section-id=\"16isa0t\" data-start=\"940\" data-end=\"967\">Especificaciones f\u00edsicas<\/h3>\n<p data-start=\"969\" data-end=\"1113\">Di\u00e1metro de la brida: 76,8 mm<br data-start=\"993\" data-end=\"996\">N\u00famero de dientes: 8<br data-start=\"1014\" data-end=\"1017\">Conexi\u00f3n B+: M8<br data-start=\"1034\" data-end=\"1037\">N\u00famero de orificios de montaje: 2<br data-start=\"1064\" data-end=\"1067\">Posici\u00f3n de montaje: +55\u00b0<br data-start=\"1090\" data-end=\"1093\">Rotaci\u00f3n: CW \/ CCW<\/p>\n<hr data-start=\"1115\" data-end=\"1118\">\n<h3 data-section-id=\"10rhvos\" data-start=\"1120\" data-end=\"1156\">Sustituye a los n\u00fameros OEM de Volvo Penta<\/h3>\n<p data-start=\"1158\" data-end=\"1188\">3803904<br data-start=\"1165\" data-end=\"1168\">23140597<br data-start=\"1176\" data-end=\"1179\">3840888<\/p>\n<hr data-start=\"1190\" data-end=\"1193\">\n<h3 data-section-id=\"3hpvtr\" data-start=\"1195\" data-end=\"1229\">Motores Volvo Penta compatibles<\/h3>\n<p data-start=\"1231\" data-end=\"1244\"><strong data-start=\"1231\" data-end=\"1244\">Serie D1<\/strong><\/p>\n<p data-start=\"1246\" data-end=\"1297\">D1-13<br data-start=\"1251\" data-end=\"1254\">D1-13B<br data-start=\"1260\" data-end=\"1263\">D1-13F<br data-start=\"1269\" data-end=\"1272\">D1-20<br data-start=\"1277\" data-end=\"1280\">D1-20B<br data-start=\"1286\" data-end=\"1289\">D1-20F<\/p>\n<p data-start=\"1299\" data-end=\"1312\"><strong data-start=\"1299\" data-end=\"1312\">Serie MD<\/strong><\/p>\n<p data-start=\"1314\" data-end=\"1395\">MD2010<br data-start=\"1320\" data-end=\"1323\">MD2010B<br data-start=\"1330\" data-end=\"1333\">MD2010-C<br data-start=\"1341\" data-end=\"1344\">MD2010-D<br data-start=\"1352\" data-end=\"1355\">MD2020<br data-start=\"1361\" data-end=\"1364\">MD2020B<br data-start=\"1371\" data-end=\"1374\">MD2020-C<br data-start=\"1382\" data-end=\"1385\">MD2020-D<\/p>\n<p data-start=\"1634\" data-end=\"1722\">\u00bfPreguntas sobre compatibilidad o instalaci\u00f3n? Nuestros especialistas marinos estar\u00e1n encantados de ayudarte.<\/p>\n","protected":false},"excerpt":{"rendered":"<p>Este motor de arranque es adecuado para los motores diesel marinos Volvo Penta de las series MD2010, MD2020 y D1. Sustituye a las piezas OEM Volvo Penta 3803904, 23140597 y 3840888. Especificaciones el\u00e9ctricas Tensi\u00f3n: 12VPotencia: 0,8 kW Especificaciones f\u00edsicas Di\u00e1metro de la brida: 76,8 mmN\u00famero de dientes: 8Conexi\u00f3n B+: M8N\u00famero de orificios de montaje: 2Posici\u00f3n [&hellip;]<\/p>\n","protected":false},"featured_media":47619,"comment_status":"open","ping_status":"closed","template":"","meta":[],"product_brand":[4229],"product_cat":[4486,2723,2518,4293,4291,4306,4311,2519,4302,4322,4304],"product_tag":[],"class_list":{"0":"post-47618","1":"product","2":"type-product","3":"status-publish","4":"has-post-thumbnail","6":"product_brand-volvo-penta","7":"product_cat-necesitas-piezas-volvo-penta","8":"product_cat-motores-de-arranque","9":"product_cat-piezas-de-motor","10":"product_cat-recambios-volvo-penta-d1-13","11":"product_cat-recambios-volvo-penta-d1-20","12":"product_cat-recambios-volvo-penta-md2010","13":"product_cat-recambios-volvo-penta-md2020","14":"product_cat-sistemas-electricos","15":"product_cat-volvo-penta","16":"product_cat-volvo-penta-d1-serie","17":"product_cat-volvo-penta-serie-md","18":"pa_condition-nuevo","19":"pa_model-d1-13","20":"pa_model-d1-20","21":"pa_model-md2010","22":"pa_model-md2020","23":"pa_oem-or-aftermarket-posventa","25":"first","26":"instock","27":"taxable","28":"shipping-taxable","29":"purchasable","30":"product-type-simple"},"supplier_id":7294,"supplier_sku":"REC3840888","barcode":null,"atum_controlled":true,"out_stock_date":null,"out_stock_threshold":null,"inheritable":false,"inbound_stock":0,"stock_on_hold":0,"sold_today":0,"sales_last_days":0,"reserved_stock":0,"customer_returns":0,"warehouse_damage":0,"lost_in_post":0,"other_logs":0,"out_stock_days":0,"lost_sales":0,"has_location":false,"update_date":"2026-03-20T13:15:36","atum_locations":[],"atum_stock_status":"instock","restock_status":false,"low_stock_amount":0,"sales_update_date":"2026-03-20T13:15:36","calc_backorders":null,"_links":{"self":[{"href":"https:\/\/mps.digital-monkey.in\/es\/wp-json\/wp\/v2\/product\/47618","targetHints":{"allow":["GET"]}}],"collection":[{"href":"https:\/\/mps.digital-monkey.in\/es\/wp-json\/wp\/v2\/product"}],"about":[{"href":"https:\/\/mps.digital-monkey.in\/es\/wp-json\/wp\/v2\/types\/product"}],"replies":[{"embeddable":true,"href":"https:\/\/mps.digital-monkey.in\/es\/wp-json\/wp\/v2\/comments?post=47618"}],"wp:featuredmedia":[{"embeddable":true,"href":"https:\/\/mps.digital-monkey.in\/es\/wp-json\/wp\/v2\/media\/47619"}],"wp:attachment":[{"href":"https:\/\/mps.digital-monkey.in\/es\/wp-json\/wp\/v2\/media?parent=47618"}],"wp:term":[{"taxonomy":"product_brand","embeddable":true,"href":"https:\/\/mps.digital-monkey.in\/es\/wp-json\/wp\/v2\/product_brand?post=47618"},{"taxonomy":"product_cat","embeddable":true,"href":"https:\/\/mps.digital-monkey.in\/es\/wp-json\/wp\/v2\/product_cat?post=47618"},{"taxonomy":"product_tag","embeddable":true,"href":"https:\/\/mps.digital-monkey.in\/es\/wp-json\/wp\/v2\/product_tag?post=47618"}],"curies":[{"name":"wp","href":"https:\/\/api.w.org\/{rel}","templated":true}]}}