{"id":47761,"date":"2026-03-09T08:24:31","date_gmt":"2026-03-09T08:24:31","guid":{"rendered":"https:\/\/mps.digital-monkey.in\/product\/volvo-penta-perno-cono-saildrive-967519\/"},"modified":"2026-03-09T08:24:31","modified_gmt":"2026-03-09T08:24:31","slug":"volvo-penta-perno-cono-saildrive-967519","status":"publish","type":"product","link":"https:\/\/mps.digital-monkey.in\/es\/producto\/volvo-penta-perno-cono-saildrive-967519\/","title":{"rendered":"Volvo Penta Perno Cono Saildrive 967519"},"content":{"rendered":"<div class=\"relative basis-auto flex-col -mb-(--composer-overlap-px) [--composer-overlap-px:28px] grow flex\">\n<div class=\"flex flex-col text-sm pb-25\">\n<article class=\"text-token-text-primary w-full focus:outline-none [--shadow-height:45px] has-data-writing-block:pointer-events-none has-data-writing-block:-mt-(--shadow-height) has-data-writing-block:pt-(--shadow-height) [&amp;:has([data-writing-block])&gt;*]:pointer-events-auto scroll-mt-[calc(var(--header-height)+min(200px,max(70px,20svh)))]\" dir=\"auto\" tabindex=\"-1\" data-turn-id=\"request-69a2c9b3-06b8-8389-b2ee-26eb12f8a713-3\" data-testid=\"conversation-turn-30\" data-scroll-anchor=\"true\" data-turn=\"assistant\">\n<div class=\"text-base my-auto mx-auto pb-10 [--thread-content-margin:var(--thread-content-margin-xs,calc(var(--spacing)*4))] @w-sm\/main:[--thread-content-margin:var(--thread-content-margin-sm,calc(var(--spacing)*6))] @w-lg\/main:[--thread-content-margin:var(--thread-content-margin-lg,calc(var(--spacing)*16))] px-(--thread-content-margin)\">\n<div class=\"[--thread-content-max-width:40rem] @w-lg\/main:[--thread-content-max-width:48rem] mx-auto max-w-(--thread-content-max-width) flex-1 group\/turn-messages focus-visible:outline-hidden relative flex w-full min-w-0 flex-col agent-turn\" tabindex=\"-1\">\n<div class=\"flex max-w-full flex-col gap-4 grow\">\n<div class=\"min-h-8 text-message relative flex w-full flex-col items-end gap-2 text-start break-words whitespace-normal [.text-message+&amp;]:mt-1\" dir=\"auto\" data-message-author-role=\"assistant\" data-message-id=\"a6fdd7a2-acf7-4a2d-8c1b-981143e21c63\" data-message-model-slug=\"gpt-5-3\">\n<div class=\"flex w-full flex-col gap-1 empty:hidden\">\n<div class=\"markdown prose dark:prose-invert w-full wrap-break-word dark markdown-new-styling\">\n<p data-start=\"338\" data-end=\"573\">Este perno de cono de saildrive se utiliza en el conjunto de cono de h\u00e9lice de <span class=\"hover:entity-accent entity-underline inline cursor-pointer align-baseline\"><span class=\"whitespace-normal\">Volvo Penta<\/span><\/span> de Volvo Penta. El perno fija el cono de la h\u00e9lice al cubo de la h\u00e9lice y garantiza el montaje correcto del conjunto de la h\u00e9lice. <\/p>\n<p data-start=\"746\" data-end=\"795\">\n<p data-start=\"746\" data-end=\"795\">Este es un <strong data-start=\"759\" data-end=\"794\">producto original Volvo Penta OEM<\/strong>.<\/p>\n<h3 data-section-id=\"g0wj0g\" data-start=\"802\" data-end=\"828\"><\/h3>\n<h3 data-section-id=\"g0wj0g\" data-start=\"802\" data-end=\"828\">N\u00famero OEM Volvo Penta<\/h3>\n<p data-start=\"830\" data-end=\"836\">967519<\/p>\n<h3 data-section-id=\"1tek5pd\" data-start=\"843\" data-end=\"866\"><\/h3>\n<h3 data-section-id=\"1tek5pd\" data-start=\"843\" data-end=\"866\">Informaci\u00f3n sobre el producto<\/h3>\n<p data-start=\"868\" data-end=\"1001\">Se utiliza en los conjuntos de cono de h\u00e9lice saildrive<br data-start=\"911\" data-end=\"914\">Fija el cono de la h\u00e9lice al cubo de la h\u00e9lice<br data-start=\"961\" data-end=\"964\">Se utiliza en los conjuntos de cono de estilo m\u00e1s reciente<\/p>\n<p data-start=\"1003\" data-end=\"1036\">Se utiliza a menudo en saildrives como:<\/p>\n<ul data-start=\"1038\" data-end=\"1082\">\n<li data-section-id=\"1td10y9\" data-start=\"1038\" data-end=\"1046\">\n<p data-start=\"1040\" data-end=\"1046\">MS25<\/p>\n<\/li>\n<li data-section-id=\"dn75d7\" data-start=\"1047\" data-end=\"1055\">\n<p data-start=\"1049\" data-end=\"1055\">110S<\/p>\n<\/li>\n<li data-section-id=\"dnxx7s\" data-start=\"1056\" data-end=\"1064\">\n<p data-start=\"1058\" data-end=\"1064\">120S<\/p>\n<\/li>\n<li data-section-id=\"dolw4p\" data-start=\"1065\" data-end=\"1073\">\n<p data-start=\"1067\" data-end=\"1073\">130S<\/p>\n<\/li>\n<li data-section-id=\"dq0tm7\" data-start=\"1074\" data-end=\"1082\">\n<p data-start=\"1076\" data-end=\"1082\">150S<\/p>\n<\/li>\n<\/ul>\n<p data-start=\"1321\" data-end=\"1412\"><strong>\u00bfPreguntas sobre compatibilidad o piezas de saildrive? Nuestros especialistas marinos estar\u00e1n encantados de ayudarte.<\/strong><\/p>\n<\/div>\n<\/div>\n<\/div>\n<\/div>\n<\/div>\n<\/div>\n<\/article>\n<\/div>\n<\/div>\n","protected":false},"excerpt":{"rendered":"<p>Este perno de cono de saildrive se utiliza en el conjunto de cono de h\u00e9lice de Volvo Penta de Volvo Penta. El perno fija el cono de la h\u00e9lice al cubo de la h\u00e9lice y garantiza el montaje correcto del conjunto de la h\u00e9lice. Este es un producto original Volvo Penta OEM. N\u00famero OEM Volvo [&hellip;]<\/p>\n","protected":false},"featured_media":47762,"comment_status":"open","ping_status":"closed","template":"","meta":[],"product_brand":[4229],"product_cat":[4486,3040,3970,4573,4302],"product_tag":[],"class_list":{"0":"post-47761","1":"product","2":"type-product","3":"status-publish","4":"has-post-thumbnail","6":"product_brand-volvo-penta","7":"product_cat-necesitas-piezas-volvo-penta","8":"product_cat-kits-de-mantenimiento-y-reparacion","9":"product_cat-kits-de-reparacion-saildrive","10":"product_cat-recambios-volvo-penta-saildrive-service","11":"product_cat-volvo-penta","12":"pa_condition-nuevo","13":"pa_model-130s","14":"pa_model-150s","15":"pa_oem-or-aftermarket-oem","17":"first","18":"instock","19":"taxable","20":"shipping-taxable","21":"purchasable","22":"product-type-simple"},"supplier_id":32142,"supplier_sku":"967519","barcode":null,"atum_controlled":true,"out_stock_date":null,"out_stock_threshold":null,"inheritable":false,"inbound_stock":0,"stock_on_hold":0,"sold_today":0,"sales_last_days":0,"reserved_stock":0,"customer_returns":0,"warehouse_damage":0,"lost_in_post":0,"other_logs":0,"out_stock_days":0,"lost_sales":0,"has_location":false,"update_date":"2026-04-07T08:06:15","atum_locations":[],"atum_stock_status":"instock","restock_status":false,"low_stock_amount":0,"sales_update_date":"2026-04-07T08:06:15","calc_backorders":null,"_links":{"self":[{"href":"https:\/\/mps.digital-monkey.in\/es\/wp-json\/wp\/v2\/product\/47761","targetHints":{"allow":["GET"]}}],"collection":[{"href":"https:\/\/mps.digital-monkey.in\/es\/wp-json\/wp\/v2\/product"}],"about":[{"href":"https:\/\/mps.digital-monkey.in\/es\/wp-json\/wp\/v2\/types\/product"}],"replies":[{"embeddable":true,"href":"https:\/\/mps.digital-monkey.in\/es\/wp-json\/wp\/v2\/comments?post=47761"}],"wp:featuredmedia":[{"embeddable":true,"href":"https:\/\/mps.digital-monkey.in\/es\/wp-json\/wp\/v2\/media\/47762"}],"wp:attachment":[{"href":"https:\/\/mps.digital-monkey.in\/es\/wp-json\/wp\/v2\/media?parent=47761"}],"wp:term":[{"taxonomy":"product_brand","embeddable":true,"href":"https:\/\/mps.digital-monkey.in\/es\/wp-json\/wp\/v2\/product_brand?post=47761"},{"taxonomy":"product_cat","embeddable":true,"href":"https:\/\/mps.digital-monkey.in\/es\/wp-json\/wp\/v2\/product_cat?post=47761"},{"taxonomy":"product_tag","embeddable":true,"href":"https:\/\/mps.digital-monkey.in\/es\/wp-json\/wp\/v2\/product_tag?post=47761"}],"curies":[{"name":"wp","href":"https:\/\/api.w.org\/{rel}","templated":true}]}}