{"id":47782,"date":"2026-03-09T08:45:24","date_gmt":"2026-03-09T08:45:24","guid":{"rendered":"https:\/\/mps.digital-monkey.in\/product\/placa-de-bloqueo-saildrive-para-volvo-penta-110s-120s-130s-150s-ms25s-23680979\/"},"modified":"2026-03-09T08:45:24","modified_gmt":"2026-03-09T08:45:24","slug":"placa-de-bloqueo-saildrive-para-volvo-penta-110s-120s-130s-150s-ms25s-23680979","status":"publish","type":"product","link":"https:\/\/mps.digital-monkey.in\/es\/product\/placa-de-bloqueo-saildrive-para-volvo-penta-110s-120s-130s-150s-ms25s-23680979\/","title":{"rendered":"Placa de bloqueo Saildrive para Volvo Penta 110S \/ 120S \/ 130S \/ 150S \/ MS25S &#8211; 23680979"},"content":{"rendered":"<div class=\"flex flex-col text-sm pb-25\">\n<article class=\"text-token-text-primary w-full focus:outline-none [--shadow-height:45px] has-data-writing-block:pointer-events-none has-data-writing-block:-mt-(--shadow-height) has-data-writing-block:pt-(--shadow-height) [&amp;:has([data-writing-block])&gt;*]:pointer-events-auto scroll-mt-[calc(var(--header-height)+min(200px,max(70px,20svh)))]\" dir=\"auto\" tabindex=\"-1\" data-turn-id=\"request-69a2c9b3-06b8-8389-b2ee-26eb12f8a713-4\" data-testid=\"conversation-turn-32\" data-scroll-anchor=\"true\" data-turn=\"assistant\">\n<div class=\"text-base my-auto mx-auto pb-10 [--thread-content-margin:var(--thread-content-margin-xs,calc(var(--spacing)*4))] @w-sm\/main:[--thread-content-margin:var(--thread-content-margin-sm,calc(var(--spacing)*6))] @w-lg\/main:[--thread-content-margin:var(--thread-content-margin-lg,calc(var(--spacing)*16))] px-(--thread-content-margin)\">\n<div class=\"[--thread-content-max-width:40rem] @w-lg\/main:[--thread-content-max-width:48rem] mx-auto max-w-(--thread-content-max-width) flex-1 group\/turn-messages focus-visible:outline-hidden relative flex w-full min-w-0 flex-col agent-turn\" tabindex=\"-1\">\n<div class=\"flex max-w-full flex-col gap-4 grow\">\n<div class=\"min-h-8 text-message relative flex w-full flex-col items-end gap-2 text-start break-words whitespace-normal [.text-message+&amp;]:mt-1\" dir=\"auto\" data-message-author-role=\"assistant\" data-message-id=\"159b2b6b-d819-4974-9ca2-305f7259df9f\" data-message-model-slug=\"gpt-5-3\">\n<div class=\"flex w-full flex-col gap-1 empty:hidden\">\n<div class=\"markdown prose dark:prose-invert w-full wrap-break-word dark markdown-new-styling\">\n<p data-start=\"402\" data-end=\"631\">Esta placa de bloqueo del saildrive se utiliza en <span class=\"hover:entity-accent entity-underline inline cursor-pointer align-baseline\"><span class=\"whitespace-normal\">Volvo Penta<\/span><\/span> equipadas con una <strong data-start=\"512\" data-end=\"531\">h\u00e9lice fija<\/strong>. La placa de bloqueo fija el perno del cono de la h\u00e9lice y evita que se afloje durante el funcionamiento. <\/p>\n<p data-start=\"633\" data-end=\"764\">La placa de bloqueo se instala en el conjunto del cono de la h\u00e9lice y garantiza que el perno permanezca bien sujeto bajo carga y vibraciones.<\/p>\n<p data-start=\"766\" data-end=\"812\">Esta es una <strong data-start=\"779\" data-end=\"811\">pieza original Volvo Penta OEM<\/strong>.<\/p>\n<h3 data-section-id=\"g0wj0g\" data-start=\"819\" data-end=\"845\"><\/h3>\n<h3 data-section-id=\"g0wj0g\" data-start=\"819\" data-end=\"845\">N\u00famero OEM Volvo Penta<\/h3>\n<p data-start=\"847\" data-end=\"855\">23680979<\/p>\n<h3 data-section-id=\"1tek5pd\" data-start=\"862\" data-end=\"885\"><\/h3>\n<h3 data-section-id=\"1tek5pd\" data-start=\"862\" data-end=\"885\">Informaci\u00f3n sobre el producto<\/h3>\n<p data-start=\"887\" data-end=\"1014\">Se utiliza para saildrives con <strong data-start=\"912\" data-end=\"931\">h\u00e9lice<\/strong> fija<br data-start=\"931\" data-end=\"934\">Se instala en el conjunto del cono de la h\u00e9lice<br data-start=\"974\" data-end=\"977\">Evita que se afloje el tornillo del cono<\/p>\n<p data-start=\"1016\" data-end=\"1055\">N\u00famero de pieza <strong data-start=\"1028\" data-end=\"1055\">10 en el plano de piezas<\/strong><\/p>\n<h3 data-section-id=\"1nnkl62\" data-start=\"1062\" data-end=\"1099\"><\/h3>\n<h3 data-section-id=\"1nnkl62\" data-start=\"1062\" data-end=\"1099\">Saildrives Volvo Penta compatibles<\/h3>\n<p data-start=\"1101\" data-end=\"1136\">110S<br data-start=\"1105\" data-end=\"1108\">120S<br data-start=\"1112\" data-end=\"1115\">130S<br data-start=\"1119\" data-end=\"1122\">150S<br data-start=\"1126\" data-end=\"1129\">MS25S<br data-start=\"1303\" data-end=\"1306\"><\/p>\n<p data-start=\"1337\" data-end=\"1428\" data-is-last-node=\"\" data-is-only-node=\"\"><strong>\u00bfPreguntas sobre compatibilidad o piezas de saildrive? Nuestros especialistas marinos estar\u00e1n encantados de ayudarte.<\/strong><\/p>\n<\/div>\n<\/div>\n<\/div>\n<\/div>\n<div class=\"z-0 flex min-h-[46px] justify-start\"><\/div>\n<div class=\"mt-3 w-full empty:hidden\">\n<div class=\"text-center\"><\/div>\n<\/div>\n<\/div>\n<\/div>\n<\/article>\n<\/div>\n<div class=\"pointer-events-none h-px w-px absolute bottom-0\" aria-hidden=\"true\" data-edge=\"true\"><\/div>\n","protected":false},"excerpt":{"rendered":"<p>Esta placa de bloqueo del saildrive se utiliza en Volvo Penta equipadas con una h\u00e9lice fija. La placa de bloqueo fija el perno del cono de la h\u00e9lice y evita que se afloje durante el funcionamiento. La placa de bloqueo se instala en el conjunto del cono de la h\u00e9lice y garantiza que el perno [&hellip;]<\/p>\n","protected":false},"featured_media":47784,"comment_status":"open","ping_status":"closed","template":"","meta":[],"product_brand":[4229],"product_cat":[3040,3970,4525,4573],"product_tag":[],"class_list":{"0":"post-47782","1":"product","2":"type-product","3":"status-publish","4":"has-post-thumbnail","6":"product_brand-volvo-penta","7":"product_cat-kits-de-mantenimiento-y-reparacion","8":"product_cat-kits-de-reparacion-saildrive","9":"product_cat-recambios-volvo-penta","10":"product_cat-recambios-volvo-penta-saildrive-service","11":"pa_condition-nuevo","12":"pa_model-110s","13":"pa_model-120s","14":"pa_model-130s","15":"pa_model-150s","16":"pa_model-ms25","17":"pa_oem-or-aftermarket-oem","19":"first","20":"instock","21":"taxable","22":"shipping-taxable","23":"purchasable","24":"product-type-simple"},"supplier_id":32142,"supplier_sku":"23680979","barcode":null,"atum_controlled":true,"out_stock_date":null,"out_stock_threshold":null,"inheritable":false,"inbound_stock":0,"stock_on_hold":0,"sold_today":0,"sales_last_days":0,"reserved_stock":0,"customer_returns":0,"warehouse_damage":0,"lost_in_post":0,"other_logs":0,"out_stock_days":0,"lost_sales":0,"has_location":false,"update_date":"2026-04-07T08:06:15","atum_locations":[],"atum_stock_status":"instock","restock_status":false,"low_stock_amount":0,"sales_update_date":"2026-04-07T08:06:15","calc_backorders":null,"_links":{"self":[{"href":"https:\/\/mps.digital-monkey.in\/es\/wp-json\/wp\/v2\/product\/47782","targetHints":{"allow":["GET"]}}],"collection":[{"href":"https:\/\/mps.digital-monkey.in\/es\/wp-json\/wp\/v2\/product"}],"about":[{"href":"https:\/\/mps.digital-monkey.in\/es\/wp-json\/wp\/v2\/types\/product"}],"replies":[{"embeddable":true,"href":"https:\/\/mps.digital-monkey.in\/es\/wp-json\/wp\/v2\/comments?post=47782"}],"wp:featuredmedia":[{"embeddable":true,"href":"https:\/\/mps.digital-monkey.in\/es\/wp-json\/wp\/v2\/media\/47784"}],"wp:attachment":[{"href":"https:\/\/mps.digital-monkey.in\/es\/wp-json\/wp\/v2\/media?parent=47782"}],"wp:term":[{"taxonomy":"product_brand","embeddable":true,"href":"https:\/\/mps.digital-monkey.in\/es\/wp-json\/wp\/v2\/product_brand?post=47782"},{"taxonomy":"product_cat","embeddable":true,"href":"https:\/\/mps.digital-monkey.in\/es\/wp-json\/wp\/v2\/product_cat?post=47782"},{"taxonomy":"product_tag","embeddable":true,"href":"https:\/\/mps.digital-monkey.in\/es\/wp-json\/wp\/v2\/product_tag?post=47782"}],"curies":[{"name":"wp","href":"https:\/\/api.w.org\/{rel}","templated":true}]}}