{"id":47790,"date":"2026-03-10T08:49:18","date_gmt":"2026-03-10T08:49:18","guid":{"rendered":"https:\/\/mps.digital-monkey.in\/product\/filtro-de-combustible-perkins-26561117-4326658\/"},"modified":"2026-03-10T08:49:18","modified_gmt":"2026-03-10T08:49:18","slug":"filtro-de-combustible-perkins-26561117-4326658","status":"publish","type":"product","link":"https:\/\/mps.digital-monkey.in\/es\/producto\/filtro-de-combustible-perkins-26561117-4326658\/","title":{"rendered":"Filtro de combustible Perkins - 26561117 4326658"},"content":{"rendered":"<p data-start=\"337\" data-end=\"595\">Este filtro de combustible es una <strong data-start=\"359\" data-end=\"387\">pieza original OEM Perkins<\/strong> adecuada para varios motores diesel marinos e industriales Perkins. El filtro elimina los contaminantes y el agua del combustible antes de que llegue al sistema de inyecci\u00f3n, ayudando a proteger los inyectores y las bombas de combustible. <\/p>\n<p data-start=\"597\" data-end=\"735\">La sustituci\u00f3n peri\u00f3dica del filtro de combustible ayuda a mantener un rendimiento fiable del motor y evita da\u00f1os en los componentes sensibles del sistema de combustible.<\/p>\n<p data-start=\"737\" data-end=\"782\">\n<p data-start=\"737\" data-end=\"782\">Se trata de un <strong data-start=\"750\" data-end=\"781\">producto original OEM Perkins<\/strong>.<\/p>\n<h3 data-section-id=\"1ijog72\" data-start=\"789\" data-end=\"817\"><\/h3>\n<h3 data-section-id=\"1ijog72\" data-start=\"789\" data-end=\"817\">N\u00fameros de pieza OEM Perkins<\/h3>\n<p data-start=\"819\" data-end=\"839\">26561117<br data-start=\"827\" data-end=\"830\">4326658<\/p>\n<p data-start=\"841\" data-end=\"869\">Equivalente a: Delphi HDF296<\/p>\n<h3 data-section-id=\"1nqw1b9\" data-start=\"876\" data-end=\"906\"><\/h3>\n<h3 data-section-id=\"1nqw1b9\" data-start=\"876\" data-end=\"906\">Motores Perkins compatibles<\/h3>\n<p data-start=\"908\" data-end=\"958\">Adecuado para los siguientes motores marinos Perkins:<\/p>\n<p data-start=\"960\" data-end=\"1013\">M65<br data-start=\"963\" data-end=\"966\">M130C<br data-start=\"971\" data-end=\"974\">M130C \/ M135<br data-start=\"986\" data-end=\"989\">M185C \/ M215C<br data-start=\"1002\" data-end=\"1005\">M225Ti<\/p>\n<p data-start=\"1015\" data-end=\"1058\">Tambi\u00e9n adecuado para motores Perkins basados en:<\/p>\n<p data-start=\"1060\" data-end=\"1099\">4,107 M<br data-start=\"1067\" data-end=\"1070\">4,108 M<br data-start=\"1077\" data-end=\"1080\">4,236 M<br data-start=\"1087\" data-end=\"1090\">6,354 M<\/p>\n<p data-start=\"1101\" data-end=\"1198\">Este filtro tambi\u00e9n se utiliza habitualmente como <strong data-start=\"1140\" data-end=\"1197\">prefiltro de combustible en varios motores industriales Perkins<\/strong>.<\/p>\n<div class=\"flex flex-col text-sm pb-25\">\n<article class=\"text-token-text-primary w-full focus:outline-none [--shadow-height:45px] has-data-writing-block:pointer-events-none has-data-writing-block:-mt-(--shadow-height) has-data-writing-block:pt-(--shadow-height) [&amp;:has([data-writing-block])&gt;*]:pointer-events-auto scroll-mt-[calc(var(--header-height)+min(200px,max(70px,20svh)))]\" dir=\"auto\" tabindex=\"-1\" data-turn-id=\"request-69a2c9b3-06b8-8389-b2ee-26eb12f8a713-1\" data-testid=\"conversation-turn-36\" data-scroll-anchor=\"true\" data-turn=\"assistant\">\n<div class=\"text-base my-auto mx-auto pb-10 [--thread-content-margin:var(--thread-content-margin-xs,calc(var(--spacing)*4))] @w-sm\/main:[--thread-content-margin:var(--thread-content-margin-sm,calc(var(--spacing)*6))] @w-lg\/main:[--thread-content-margin:var(--thread-content-margin-lg,calc(var(--spacing)*16))] px-(--thread-content-margin)\">\n<div class=\"[--thread-content-max-width:40rem] @w-lg\/main:[--thread-content-max-width:48rem] mx-auto max-w-(--thread-content-max-width) flex-1 group\/turn-messages focus-visible:outline-hidden relative flex w-full min-w-0 flex-col agent-turn\" tabindex=\"-1\">\n<div class=\"flex max-w-full flex-col gap-4 grow\">\n<div class=\"min-h-8 text-message relative flex w-full flex-col items-end gap-2 text-start break-words whitespace-normal [.text-message+&amp;]:mt-1\" dir=\"auto\" data-message-author-role=\"assistant\" data-message-id=\"fd8b8a38-1847-497c-a64f-1572688a4259\" data-message-model-slug=\"gpt-5-3\">\n<div class=\"flex w-full flex-col gap-1 empty:hidden\">\n<div class=\"markdown prose dark:prose-invert w-full wrap-break-word dark markdown-new-styling\">\n<p data-start=\"1482\" data-end=\"1578\" data-is-last-node=\"\" data-is-only-node=\"\">\n<p data-start=\"1482\" data-end=\"1578\" data-is-last-node=\"\" data-is-only-node=\"\">\u00bfPreguntas sobre compatibilidad o piezas de motores Perkins? Nuestros especialistas marinos estar\u00e1n encantados de ayudarte.<\/p>\n<\/div>\n<\/div>\n<\/div>\n<\/div>\n<div class=\"z-0 flex min-h-[46px] justify-start\"><\/div>\n<div class=\"mt-3 w-full empty:hidden\">\n<div class=\"text-center\"><\/div>\n<\/div>\n<\/div>\n<\/div>\n<\/article>\n<\/div>\n<div class=\"pointer-events-none h-px w-px absolute bottom-0\" aria-hidden=\"true\" data-edge=\"true\"><\/div>\n","protected":false},"excerpt":{"rendered":"<p>Este filtro de combustible es una pieza original OEM Perkins adecuada para varios motores diesel marinos e industriales Perkins. El filtro elimina los contaminantes y el agua del combustible antes de que llegue al sistema de inyecci\u00f3n, ayudando a proteger los inyectores y las bombas de combustible. La sustituci\u00f3n peri\u00f3dica del filtro de combustible ayuda [&hellip;]<\/p>\n","protected":false},"featured_media":47792,"comment_status":"open","ping_status":"closed","template":"","meta":[],"product_brand":[4767],"product_cat":[2680,2497],"product_tag":[],"class_list":{"0":"post-47790","1":"product","2":"type-product","3":"status-publish","4":"has-post-thumbnail","6":"product_brand-perkins","7":"product_cat-filtros-de-combustible","8":"product_cat-piezas-de-mantenimiento-del-motor","9":"pa_condition-nuevo","10":"pa_model-4-107","11":"pa_model-4-108","12":"pa_model-4-236","13":"pa_model-6-354","14":"pa_model-m130c","15":"pa_model-m135","16":"pa_model-m185c","17":"pa_model-m215c","18":"pa_model-m225ti","19":"pa_model-m65","20":"pa_oem-or-aftermarket-oem","22":"first","23":"onbackorder","24":"taxable","25":"shipping-taxable","26":"purchasable","27":"product-type-simple"},"supplier_id":null,"supplier_sku":"26561117","barcode":null,"atum_controlled":true,"out_stock_date":"2026-03-10 08:49:22","out_stock_threshold":null,"inheritable":false,"inbound_stock":0,"stock_on_hold":0,"sold_today":0,"sales_last_days":0,"reserved_stock":0,"customer_returns":0,"warehouse_damage":0,"lost_in_post":0,"other_logs":0,"out_stock_days":27,"lost_sales":0,"has_location":false,"update_date":"2026-04-07T08:06:15","atum_locations":[],"atum_stock_status":"onbackorder","restock_status":false,"low_stock_amount":1,"sales_update_date":"2026-04-07T08:06:15","calc_backorders":null,"_links":{"self":[{"href":"https:\/\/mps.digital-monkey.in\/es\/wp-json\/wp\/v2\/product\/47790","targetHints":{"allow":["GET"]}}],"collection":[{"href":"https:\/\/mps.digital-monkey.in\/es\/wp-json\/wp\/v2\/product"}],"about":[{"href":"https:\/\/mps.digital-monkey.in\/es\/wp-json\/wp\/v2\/types\/product"}],"replies":[{"embeddable":true,"href":"https:\/\/mps.digital-monkey.in\/es\/wp-json\/wp\/v2\/comments?post=47790"}],"wp:featuredmedia":[{"embeddable":true,"href":"https:\/\/mps.digital-monkey.in\/es\/wp-json\/wp\/v2\/media\/47792"}],"wp:attachment":[{"href":"https:\/\/mps.digital-monkey.in\/es\/wp-json\/wp\/v2\/media?parent=47790"}],"wp:term":[{"taxonomy":"product_brand","embeddable":true,"href":"https:\/\/mps.digital-monkey.in\/es\/wp-json\/wp\/v2\/product_brand?post=47790"},{"taxonomy":"product_cat","embeddable":true,"href":"https:\/\/mps.digital-monkey.in\/es\/wp-json\/wp\/v2\/product_cat?post=47790"},{"taxonomy":"product_tag","embeddable":true,"href":"https:\/\/mps.digital-monkey.in\/es\/wp-json\/wp\/v2\/product_tag?post=47790"}],"curies":[{"name":"wp","href":"https:\/\/api.w.org\/{rel}","templated":true}]}}