{"id":47813,"date":"2026-03-12T15:04:42","date_gmt":"2026-03-12T15:04:42","guid":{"rendered":"https:\/\/mps.digital-monkey.in\/product\/filtro-de-combustible-para-craftsman-cm2-16-cm3-27-cm4-42-cm4-65-20000017\/"},"modified":"2026-03-12T15:04:42","modified_gmt":"2026-03-12T15:04:42","slug":"filtro-de-combustible-para-craftsman-cm2-16-cm3-27-cm4-42-cm4-65-20000017","status":"publish","type":"product","link":"https:\/\/mps.digital-monkey.in\/es\/product\/filtro-de-combustible-para-craftsman-cm2-16-cm3-27-cm4-42-cm4-65-20000017\/","title":{"rendered":"Filtro de combustible para Craftsman CM2.16 \/ CM3.27 \/ CM4.42 \/ CM4.65 &#8211; 20000017"},"content":{"rendered":"<div class=\"flex flex-col text-sm pb-25\">\n<article class=\"text-token-text-primary w-full focus:outline-none [--shadow-height:45px] has-data-writing-block:pointer-events-none has-data-writing-block:-mt-(--shadow-height) has-data-writing-block:pt-(--shadow-height) [&amp;:has([data-writing-block])&gt;*]:pointer-events-auto scroll-mt-[calc(var(--header-height)+min(200px,max(70px,20svh)))]\" dir=\"auto\" tabindex=\"-1\" data-turn-id=\"request-69a2c9b3-06b8-8389-b2ee-26eb12f8a713-24\" data-testid=\"conversation-turn-48\" data-scroll-anchor=\"true\" data-turn=\"assistant\">\n<div class=\"text-base my-auto mx-auto pb-10 [--thread-content-margin:var(--thread-content-margin-xs,calc(var(--spacing)*4))] @w-sm\/main:[--thread-content-margin:var(--thread-content-margin-sm,calc(var(--spacing)*6))] @w-lg\/main:[--thread-content-margin:var(--thread-content-margin-lg,calc(var(--spacing)*16))] px-(--thread-content-margin)\">\n<div class=\"[--thread-content-max-width:40rem] @w-lg\/main:[--thread-content-max-width:48rem] mx-auto max-w-(--thread-content-max-width) flex-1 group\/turn-messages focus-visible:outline-hidden relative flex w-full min-w-0 flex-col agent-turn\" tabindex=\"-1\">\n<div class=\"flex max-w-full flex-col gap-4 grow\">\n<div class=\"min-h-8 text-message relative flex w-full flex-col items-end gap-2 text-start break-words whitespace-normal [.text-message+&amp;]:mt-1\" dir=\"auto\" data-message-author-role=\"assistant\" data-message-id=\"da4098c3-dc71-4df8-9a9e-b0ac825ff024\" data-message-model-slug=\"gpt-5-3\">\n<div class=\"flex w-full flex-col gap-1 empty:hidden\">\n<div class=\"markdown prose dark:prose-invert w-full wrap-break-word dark markdown-new-styling\">\n<p data-start=\"356\" data-end=\"639\">Este filtro de combustible es una <strong data-start=\"378\" data-end=\"415\">pieza original OEM Craftsman Marine<\/strong> adecuada para varias <span class=\"hover:entity-accent entity-underline inline cursor-pointer align-baseline\"><span class=\"whitespace-normal\">marinos Craftsman<\/span><\/span> marinos. El filtro elimina los contaminantes y part\u00edculas del combustible antes de que llegue al sistema de inyecci\u00f3n, ayudando a proteger los inyectores y las bombas de combustible. <\/p>\n<p data-start=\"641\" data-end=\"800\">La sustituci\u00f3n peri\u00f3dica del filtro de combustible ayuda a mantener un rendimiento fiable del motor y evita da\u00f1os en el sistema de combustible.<\/p>\n<p data-start=\"802\" data-end=\"849\">\n<p data-start=\"802\" data-end=\"849\">Este es un <strong data-start=\"815\" data-end=\"848\">producto OEM original de Craftsman<\/strong>.<\/p>\n<h3 data-section-id=\"voajty\" data-start=\"856\" data-end=\"885\"><\/h3>\n<h3 data-section-id=\"voajty\" data-start=\"856\" data-end=\"885\">N\u00famero de pieza OEM Craftsman<\/h3>\n<p data-start=\"887\" data-end=\"895\">20000017<\/p>\n<h3 data-section-id=\"1xdx44u\" data-start=\"902\" data-end=\"934\"><\/h3>\n<h3 data-section-id=\"1xdx44u\" data-start=\"902\" data-end=\"934\">Motores Craftsman compatibles<\/h3>\n<p data-start=\"936\" data-end=\"971\">CM2.16<br data-start=\"942\" data-end=\"945\">CM3.27<br data-start=\"951\" data-end=\"954\">CM4.42<br data-start=\"960\" data-end=\"963\">CM4.65<\/p>\n<p data-start=\"973\" data-end=\"995\">Tambi\u00e9n se suele utilizar en:<\/p>\n<p data-start=\"997\" data-end=\"1050\">CM4.52<br data-start=\"1003\" data-end=\"1006\">CM4.80<\/p>\n<p data-start=\"1265\" data-end=\"1363\"><strong>\u00bfPreguntas sobre compatibilidad o piezas de motores Craftsman? Nuestros especialistas marinos estar\u00e1n encantados de ayudarte.<\/strong><\/p>\n<\/div>\n<\/div>\n<\/div>\n<\/div>\n<div class=\"z-0 flex min-h-[46px] justify-start\"><\/div>\n<div class=\"mt-3 w-full empty:hidden\">\n<div class=\"text-center\"><\/div>\n<\/div>\n<\/div>\n<\/div>\n<\/article>\n<\/div>\n<div class=\"pointer-events-none h-px w-px absolute bottom-0\" aria-hidden=\"true\" data-edge=\"true\"><\/div>\n","protected":false},"excerpt":{"rendered":"<p>Este filtro de combustible es una pieza original OEM Craftsman Marine adecuada para varias marinos Craftsman marinos. El filtro elimina los contaminantes y part\u00edculas del combustible antes de que llegue al sistema de inyecci\u00f3n, ayudando a proteger los inyectores y las bombas de combustible. La sustituci\u00f3n peri\u00f3dica del filtro de combustible ayuda a mantener un [&hellip;]<\/p>\n","protected":false},"featured_media":47818,"comment_status":"open","ping_status":"closed","template":"","meta":[],"product_brand":[4817],"product_cat":[2680,2497],"product_tag":[],"class_list":{"0":"post-47813","1":"product","2":"type-product","3":"status-publish","4":"has-post-thumbnail","6":"product_brand-artesano","7":"product_cat-filtros-de-combustible","8":"product_cat-piezas-de-mantenimiento-del-motor","9":"pa_condition-nuevo","10":"pa_model-cm2-16","11":"pa_model-cm3-27","12":"pa_model-cm4-42","13":"pa_oem-or-aftermarket-oem","15":"first","16":"onbackorder","17":"taxable","18":"shipping-taxable","19":"purchasable","20":"product-type-simple"},"supplier_id":null,"supplier_sku":"20000017","barcode":null,"atum_controlled":true,"out_stock_date":"2026-03-12 15:04:47","out_stock_threshold":null,"inheritable":false,"inbound_stock":0,"stock_on_hold":0,"sold_today":0,"sales_last_days":0,"reserved_stock":0,"customer_returns":0,"warehouse_damage":0,"lost_in_post":0,"other_logs":0,"out_stock_days":25,"lost_sales":0,"has_location":false,"update_date":"2026-04-07T08:06:15","atum_locations":[],"atum_stock_status":"onbackorder","restock_status":false,"low_stock_amount":0,"sales_update_date":"2026-04-07T08:06:15","calc_backorders":null,"_links":{"self":[{"href":"https:\/\/mps.digital-monkey.in\/es\/wp-json\/wp\/v2\/product\/47813","targetHints":{"allow":["GET"]}}],"collection":[{"href":"https:\/\/mps.digital-monkey.in\/es\/wp-json\/wp\/v2\/product"}],"about":[{"href":"https:\/\/mps.digital-monkey.in\/es\/wp-json\/wp\/v2\/types\/product"}],"replies":[{"embeddable":true,"href":"https:\/\/mps.digital-monkey.in\/es\/wp-json\/wp\/v2\/comments?post=47813"}],"wp:featuredmedia":[{"embeddable":true,"href":"https:\/\/mps.digital-monkey.in\/es\/wp-json\/wp\/v2\/media\/47818"}],"wp:attachment":[{"href":"https:\/\/mps.digital-monkey.in\/es\/wp-json\/wp\/v2\/media?parent=47813"}],"wp:term":[{"taxonomy":"product_brand","embeddable":true,"href":"https:\/\/mps.digital-monkey.in\/es\/wp-json\/wp\/v2\/product_brand?post=47813"},{"taxonomy":"product_cat","embeddable":true,"href":"https:\/\/mps.digital-monkey.in\/es\/wp-json\/wp\/v2\/product_cat?post=47813"},{"taxonomy":"product_tag","embeddable":true,"href":"https:\/\/mps.digital-monkey.in\/es\/wp-json\/wp\/v2\/product_tag?post=47813"}],"curies":[{"name":"wp","href":"https:\/\/api.w.org\/{rel}","templated":true}]}}