{"id":47817,"date":"2026-03-12T14:48:45","date_gmt":"2026-03-12T14:48:45","guid":{"rendered":"https:\/\/mps.digital-monkey.in\/product\/filtro-de-aceite-para-craftsman-cm2-16-cm3-27-cm4-42-01000100\/"},"modified":"2026-03-12T14:48:45","modified_gmt":"2026-03-12T14:48:45","slug":"filtro-de-aceite-para-craftsman-cm2-16-cm3-27-cm4-42-01000100","status":"publish","type":"product","link":"https:\/\/mps.digital-monkey.in\/es\/product\/filtro-de-aceite-para-craftsman-cm2-16-cm3-27-cm4-42-01000100\/","title":{"rendered":"Filtro de aceite para Craftsman CM2.16 \/ CM3.27 \/ CM4.42 &#8211; 01000100"},"content":{"rendered":"<p data-start=\"336\" data-end=\"577\">Este filtro de aceite es una <strong data-start=\"357\" data-end=\"387\">pieza original OEM Craftsman<\/strong> dise\u00f1ada para varias <span class=\"hover:entity-accent entity-underline inline cursor-pointer align-baseline\"><span class=\"whitespace-normal\">marinos Craftsman<\/span><\/span> motores diesel marinos. La sustituci\u00f3n peri\u00f3dica del filtro de aceite es esencial para mantener una lubricaci\u00f3n adecuada y garantizar una larga vida \u00fatil del motor. <\/p>\n<p data-start=\"691\" data-end=\"738\">Se trata de un <strong data-start=\"704\" data-end=\"737\">producto OEM original de Craftsman<\/strong>.<\/p>\n<h3 data-section-id=\"voajty\" data-start=\"745\" data-end=\"774\"><\/h3>\n<h3 data-section-id=\"voajty\" data-start=\"745\" data-end=\"774\">N\u00famero de pieza OEM Craftsman<\/h3>\n<p data-start=\"776\" data-end=\"784\">01000100<\/p>\n<h3 data-section-id=\"1xdx44u\" data-start=\"791\" data-end=\"823\"><\/h3>\n<h3 data-section-id=\"1xdx44u\" data-start=\"791\" data-end=\"823\">Motores Craftsman compatibles<\/h3>\n<p data-start=\"825\" data-end=\"851\">CM2.16<br data-start=\"831\" data-end=\"834\">CM3.27<br data-start=\"840\" data-end=\"843\">CM4.42<\/p>\n<p data-start=\"1070\" data-end=\"1168\" data-is-last-node=\"\" data-is-only-node=\"\"><strong>\u00bfPreguntas sobre compatibilidad o piezas de motores Craftsman? Nuestros especialistas marinos estar\u00e1n encantados de ayudarte.<\/strong><\/p>\n","protected":false},"excerpt":{"rendered":"<p>Este filtro de aceite es una pieza original OEM Craftsman dise\u00f1ada para varias marinos Craftsman motores diesel marinos. La sustituci\u00f3n peri\u00f3dica del filtro de aceite es esencial para mantener una lubricaci\u00f3n adecuada y garantizar una larga vida \u00fatil del motor. Se trata de un producto OEM original de Craftsman. N\u00famero de pieza OEM Craftsman 01000100 [&hellip;]<\/p>\n","protected":false},"featured_media":47820,"comment_status":"open","ping_status":"closed","template":"","meta":[],"product_brand":[4817],"product_cat":[2788,2497],"product_tag":[],"class_list":{"0":"post-47817","1":"product","2":"type-product","3":"status-publish","4":"has-post-thumbnail","6":"product_brand-artesano","7":"product_cat-filtros-de-aceite","8":"product_cat-piezas-de-mantenimiento-del-motor","9":"pa_condition-nuevo","10":"pa_model-cm2-16","11":"pa_model-cm3-27","12":"pa_model-cm4-42","13":"pa_oem-or-aftermarket-oem","15":"first","16":"onbackorder","17":"taxable","18":"shipping-taxable","19":"purchasable","20":"product-type-simple"},"supplier_id":null,"supplier_sku":"01000100","barcode":null,"atum_controlled":true,"out_stock_date":"2026-03-12 14:48:51","out_stock_threshold":null,"inheritable":false,"inbound_stock":0,"stock_on_hold":0,"sold_today":0,"sales_last_days":0,"reserved_stock":0,"customer_returns":0,"warehouse_damage":0,"lost_in_post":0,"other_logs":0,"out_stock_days":25,"lost_sales":0,"has_location":false,"update_date":"2026-04-07T08:06:15","atum_locations":[],"atum_stock_status":"onbackorder","restock_status":false,"low_stock_amount":0,"sales_update_date":"2026-04-07T08:06:15","calc_backorders":null,"_links":{"self":[{"href":"https:\/\/mps.digital-monkey.in\/es\/wp-json\/wp\/v2\/product\/47817","targetHints":{"allow":["GET"]}}],"collection":[{"href":"https:\/\/mps.digital-monkey.in\/es\/wp-json\/wp\/v2\/product"}],"about":[{"href":"https:\/\/mps.digital-monkey.in\/es\/wp-json\/wp\/v2\/types\/product"}],"replies":[{"embeddable":true,"href":"https:\/\/mps.digital-monkey.in\/es\/wp-json\/wp\/v2\/comments?post=47817"}],"wp:featuredmedia":[{"embeddable":true,"href":"https:\/\/mps.digital-monkey.in\/es\/wp-json\/wp\/v2\/media\/47820"}],"wp:attachment":[{"href":"https:\/\/mps.digital-monkey.in\/es\/wp-json\/wp\/v2\/media?parent=47817"}],"wp:term":[{"taxonomy":"product_brand","embeddable":true,"href":"https:\/\/mps.digital-monkey.in\/es\/wp-json\/wp\/v2\/product_brand?post=47817"},{"taxonomy":"product_cat","embeddable":true,"href":"https:\/\/mps.digital-monkey.in\/es\/wp-json\/wp\/v2\/product_cat?post=47817"},{"taxonomy":"product_tag","embeddable":true,"href":"https:\/\/mps.digital-monkey.in\/es\/wp-json\/wp\/v2\/product_tag?post=47817"}],"curies":[{"name":"wp","href":"https:\/\/api.w.org\/{rel}","templated":true}]}}