{"id":47845,"date":"2026-03-13T10:52:35","date_gmt":"2026-03-13T10:52:35","guid":{"rendered":"https:\/\/mps.digital-monkey.in\/product\/impeller-junta-torica-para-craftsman-cm2-16-cm3-27-cm4-42-20000021\/"},"modified":"2026-03-13T10:52:35","modified_gmt":"2026-03-13T10:52:35","slug":"impeller-junta-torica-para-craftsman-cm2-16-cm3-27-cm4-42-20000021","status":"publish","type":"product","link":"https:\/\/mps.digital-monkey.in\/es\/producto\/impeller-junta-torica-para-craftsman-cm2-16-cm3-27-cm4-42-20000021\/","title":{"rendered":"Impeller + Junta t\u00f3rica para Craftsman CM2.16 \/ CM3.27 \/ CM4.42 - 20000021"},"content":{"rendered":"<p data-start=\"377\" data-end=\"617\">Este Impeller con junta t\u00f3rica es una <strong data-start=\"408\" data-end=\"428\">pieza original OEM<\/strong> para bombas de agua de mar utilizadas en <span class=\"hover:entity-accent entity-underline inline cursor-pointer align-baseline\"><span class=\"whitespace-normal\">Craftsman<\/span><\/span> Craftsman.<\/p>\n<p data-start=\"619\" data-end=\"797\">Un impeller desgastado o da\u00f1ado puede reducir la capacidad de refrigeraci\u00f3n y provocar el sobrecalentamiento del motor. Se recomienda sustituir regularmente el impulsor como parte del mantenimiento rutinario del motor. <\/p>\n<p data-start=\"799\" data-end=\"884\">\n<p data-start=\"799\" data-end=\"884\">Este es un <strong data-start=\"812\" data-end=\"845\">producto OEM original de Craftsman<\/strong>.<\/p>\n<h3 data-section-id=\"voajty\" data-start=\"891\" data-end=\"920\"><\/h3>\n<h3 data-section-id=\"voajty\" data-start=\"891\" data-end=\"920\">N\u00famero de pieza OEM Craftsman<\/h3>\n<p data-start=\"922\" data-end=\"930\">20000021<\/p>\n<h3 data-section-id=\"1xdx44u\" data-start=\"937\" data-end=\"969\"><\/h3>\n<h3 data-section-id=\"1xdx44u\" data-start=\"937\" data-end=\"969\">Motores Craftsman compatibles<\/h3>\n<p data-start=\"971\" data-end=\"997\">CM2.16<br data-start=\"977\" data-end=\"980\">CM3.27<br data-start=\"986\" data-end=\"989\">CM4.42<\/p>\n<p data-start=\"1468\" data-end=\"1566\"><strong>\u00bfPreguntas sobre compatibilidad o piezas de motores Craftsman? Nuestros especialistas marinos estar\u00e1n encantados de ayudarte.<\/strong><\/p>\n","protected":false},"excerpt":{"rendered":"<p>Este Impeller con junta t\u00f3rica es una pieza original OEM para bombas de agua de mar utilizadas en Craftsman Craftsman. Un impeller desgastado o da\u00f1ado puede reducir la capacidad de refrigeraci\u00f3n y provocar el sobrecalentamiento del motor. Se recomienda sustituir regularmente el impulsor como parte del mantenimiento rutinario del motor. Este es un producto OEM [&hellip;]<\/p>\n","protected":false},"featured_media":47846,"comment_status":"open","ping_status":"closed","template":"","meta":[],"product_brand":[4817],"product_cat":[3032,2497],"product_tag":[],"class_list":{"0":"post-47845","1":"product","2":"type-product","3":"status-publish","4":"has-post-thumbnail","6":"product_brand-artesano","7":"product_cat-impulsores","8":"product_cat-piezas-de-mantenimiento-del-motor","9":"pa_condition-nuevo","10":"pa_model-cm2-16","11":"pa_model-cm3-27","12":"pa_model-cm4-42","13":"pa_oem-or-aftermarket-oem","15":"first","16":"onbackorder","17":"taxable","18":"shipping-taxable","19":"purchasable","20":"product-type-simple"},"supplier_id":null,"supplier_sku":"20000021","barcode":null,"atum_controlled":true,"out_stock_date":null,"out_stock_threshold":null,"inheritable":false,"inbound_stock":0,"stock_on_hold":2,"sold_today":0,"sales_last_days":2,"reserved_stock":0,"customer_returns":0,"warehouse_damage":0,"lost_in_post":0,"other_logs":0,"out_stock_days":0,"lost_sales":0,"has_location":false,"update_date":"2026-04-07T08:06:15","atum_locations":[],"atum_stock_status":"onbackorder","restock_status":false,"low_stock_amount":0,"sales_update_date":"2026-04-07T08:06:15","calc_backorders":-2,"_links":{"self":[{"href":"https:\/\/mps.digital-monkey.in\/es\/wp-json\/wp\/v2\/product\/47845","targetHints":{"allow":["GET"]}}],"collection":[{"href":"https:\/\/mps.digital-monkey.in\/es\/wp-json\/wp\/v2\/product"}],"about":[{"href":"https:\/\/mps.digital-monkey.in\/es\/wp-json\/wp\/v2\/types\/product"}],"replies":[{"embeddable":true,"href":"https:\/\/mps.digital-monkey.in\/es\/wp-json\/wp\/v2\/comments?post=47845"}],"wp:featuredmedia":[{"embeddable":true,"href":"https:\/\/mps.digital-monkey.in\/es\/wp-json\/wp\/v2\/media\/47846"}],"wp:attachment":[{"href":"https:\/\/mps.digital-monkey.in\/es\/wp-json\/wp\/v2\/media?parent=47845"}],"wp:term":[{"taxonomy":"product_brand","embeddable":true,"href":"https:\/\/mps.digital-monkey.in\/es\/wp-json\/wp\/v2\/product_brand?post=47845"},{"taxonomy":"product_cat","embeddable":true,"href":"https:\/\/mps.digital-monkey.in\/es\/wp-json\/wp\/v2\/product_cat?post=47845"},{"taxonomy":"product_tag","embeddable":true,"href":"https:\/\/mps.digital-monkey.in\/es\/wp-json\/wp\/v2\/product_tag?post=47845"}],"curies":[{"name":"wp","href":"https:\/\/api.w.org\/{rel}","templated":true}]}}