{"id":47897,"date":"2026-03-16T10:06:38","date_gmt":"2026-03-16T10:06:38","guid":{"rendered":"https:\/\/mps.digital-monkey.in\/product\/juego-completo-de-juntas-de-culata-para-volvo-penta-tmd41-tamd41-ad41-aqad41-3582436\/"},"modified":"2026-03-20T13:29:17","modified_gmt":"2026-03-20T13:29:17","slug":"juego-completo-de-juntas-de-culata-para-volvo-penta-tmd41-tamd41-ad41-aqad41-3582436","status":"publish","type":"product","link":"https:\/\/mps.digital-monkey.in\/es\/producto\/juego-completo-de-juntas-de-culata-para-volvo-penta-tmd41-tamd41-ad41-aqad41-3582436\/","title":{"rendered":"Juego completo de juntas de culata para Volvo Penta TMD41 \/ TAMD41 \/ AD41 \/ AQAD41 - 3582436"},"content":{"rendered":"<div class=\"flex flex-col text-sm pb-25\">\n<article class=\"text-token-text-primary w-full focus:outline-none [--shadow-height:45px] has-data-writing-block:pointer-events-none has-data-writing-block:-mt-(--shadow-height) has-data-writing-block:pt-(--shadow-height) [&amp;:has([data-writing-block])&gt;*]:pointer-events-auto scroll-mt-[calc(var(--header-height)+min(200px,max(70px,20svh)))]\" dir=\"auto\" tabindex=\"-1\" data-turn-id=\"request-69a2c9b3-06b8-8389-b2ee-26eb12f8a713-6\" data-testid=\"conversation-turn-68\" data-scroll-anchor=\"true\" data-turn=\"assistant\">\n<div class=\"text-base my-auto mx-auto pb-10 [--thread-content-margin:var(--thread-content-margin-xs,calc(var(--spacing)*4))] @w-sm\/main:[--thread-content-margin:var(--thread-content-margin-sm,calc(var(--spacing)*6))] @w-lg\/main:[--thread-content-margin:var(--thread-content-margin-lg,calc(var(--spacing)*16))] px-(--thread-content-margin)\">\n<div class=\"[--thread-content-max-width:40rem] @w-lg\/main:[--thread-content-max-width:48rem] mx-auto max-w-(--thread-content-max-width) flex-1 group\/turn-messages focus-visible:outline-hidden relative flex w-full min-w-0 flex-col agent-turn\" tabindex=\"-1\">\n<div class=\"flex max-w-full flex-col gap-4 grow\">\n<div class=\"min-h-8 text-message relative flex w-full flex-col items-end gap-2 text-start break-words whitespace-normal [.text-message+&amp;]:mt-1\" dir=\"auto\" data-message-author-role=\"assistant\" data-message-id=\"fc9847e5-adf9-4a9c-8af4-48b529eebe95\" data-message-model-slug=\"gpt-5-3\">\n<div class=\"flex w-full flex-col gap-1 empty:hidden\">\n<div class=\"markdown prose dark:prose-invert w-full wrap-break-word dark markdown-new-styling\">\n<p data-start=\"388\" data-end=\"617\">Este juego completo de juntas de culata es adecuado para varias <span class=\"hover:entity-accent entity-underline inline cursor-pointer align-baseline\"><span class=\"whitespace-normal\">Volvo Penta<\/span><\/span> de la serie 41. El juego contiene las juntas y retenes necesarios para desmontar o reconstruir la culata. <\/p>\n<p data-start=\"619\" data-end=\"795\">Sustituir las juntas durante la revisi\u00f3n del motor ayuda a garantizar el sellado correcto de la culata y los componentes de admisi\u00f3n y escape, a la vez que evita fugas de refrigerante, aceite o compresi\u00f3n.<\/p>\n<p data-start=\"797\" data-end=\"836\">\n<p data-start=\"797\" data-end=\"836\">Juego de juntas de recambio de alta calidad.<\/p>\n<h3 data-section-id=\"1fwv3mk\" data-start=\"843\" data-end=\"880\"><\/h3>\n<h3 data-section-id=\"1fwv3mk\" data-start=\"843\" data-end=\"880\">Sustituye a las referencias Volvo Penta<\/h3>\n<p data-start=\"882\" data-end=\"919\">3582436<br data-start=\"889\" data-end=\"892\">3583787<br data-start=\"899\" data-end=\"902\">876104<br data-start=\"908\" data-end=\"911\">876530<\/p>\n<h3 data-section-id=\"3hpvtr\" data-start=\"926\" data-end=\"960\"><\/h3>\n<h3 data-section-id=\"3hpvtr\" data-start=\"926\" data-end=\"960\">Motores Volvo Penta compatibles<\/h3>\n<p data-start=\"962\" data-end=\"994\">TMD41<br data-start=\"967\" data-end=\"970\">TAMD41<br data-start=\"976\" data-end=\"979\">AD41<br data-start=\"983\" data-end=\"986\">AQAD41<\/p>\n<h3 data-section-id=\"7kf8h6\" data-start=\"1001\" data-end=\"1017\"><\/h3>\n<h3 data-section-id=\"7kf8h6\" data-start=\"1001\" data-end=\"1017\">Contenido del kit<\/h3>\n<p data-start=\"1019\" data-end=\"1275\">Junta de culata<br data-start=\"1039\" data-end=\"1042\">Junta de la tapa de v\u00e1lvulas<br data-start=\"1060\" data-end=\"1063\">Juntas de v\u00e1stago de v\u00e1lvula<br data-start=\"1079\" data-end=\"1082\">Junta del colector de admisi\u00f3n<br data-start=\"1104\" data-end=\"1107\">Junta del colector de escape<br data-start=\"1130\" data-end=\"1133\">Junta del codo de escape<br data-start=\"1153\" data-end=\"1156\">Arandelas de cobre de retorno de combustible<br data-start=\"1182\" data-end=\"1185\">Junta del alojamiento del termostato<br data-start=\"1210\" data-end=\"1213\">Junta de la bomba de agua<br data-start=\"1230\" data-end=\"1233\">Juntas t\u00f3ricas varias<br data-start=\"1248\" data-end=\"1251\">Arandelas de cobre varias<\/p>\n<p data-start=\"1516\" data-end=\"1616\" data-is-last-node=\"\" data-is-only-node=\"\"><strong>\u00bfPreguntas sobre compatibilidad o piezas de motores Volvo Penta? Nuestros especialistas marinos estar\u00e1n encantados de ayudarte.<\/strong><\/p>\n<\/div>\n<\/div>\n<\/div>\n<\/div>\n<div class=\"z-0 flex min-h-[46px] justify-start\"><\/div>\n<div class=\"mt-3 w-full empty:hidden\">\n<div class=\"text-center\"><\/div>\n<\/div>\n<\/div>\n<\/div>\n<\/article>\n<\/div>\n<div class=\"pointer-events-none h-px w-px absolute bottom-0\" aria-hidden=\"true\" data-edge=\"true\"><\/div>\n","protected":false},"excerpt":{"rendered":"<p>Este juego completo de juntas de culata es adecuado para varias Volvo Penta de la serie 41. El juego contiene las juntas y retenes necesarios para desmontar o reconstruir la culata. Sustituir las juntas durante la revisi\u00f3n del motor ayuda a garantizar el sellado correcto de la culata y los componentes de admisi\u00f3n y escape, [&hellip;]<\/p>\n","protected":false},"featured_media":47898,"comment_status":"open","ping_status":"closed","template":"","meta":[],"product_brand":[4229],"product_cat":[4486,3041,3040,4302],"product_tag":[],"class_list":{"0":"post-47897","1":"product","2":"type-product","3":"status-publish","4":"has-post-thumbnail","6":"product_brand-volvo-penta","7":"product_cat-necesitas-piezas-volvo-penta","8":"product_cat-juntas-de-motor","9":"product_cat-kits-de-mantenimiento-y-reparacion","10":"product_cat-volvo-penta","11":"pa_condition-nuevo","12":"pa_model-ad41","13":"pa_model-aqad41","14":"pa_model-tamd41","15":"pa_model-tmd41","16":"pa_oem-or-aftermarket-posventa","18":"first","19":"onbackorder","20":"taxable","21":"shipping-taxable","22":"purchasable","23":"product-type-simple"},"supplier_id":7294,"supplier_sku":"REC3583787","barcode":null,"atum_controlled":true,"out_stock_date":"2026-03-16 10:06:42","out_stock_threshold":null,"inheritable":false,"inbound_stock":0,"stock_on_hold":0,"sold_today":0,"sales_last_days":0,"reserved_stock":0,"customer_returns":0,"warehouse_damage":0,"lost_in_post":0,"other_logs":0,"out_stock_days":21,"lost_sales":0,"has_location":false,"update_date":"2026-04-07T08:06:15","atum_locations":[],"atum_stock_status":"onbackorder","restock_status":false,"low_stock_amount":1,"sales_update_date":"2026-04-07T08:06:15","calc_backorders":null,"_links":{"self":[{"href":"https:\/\/mps.digital-monkey.in\/es\/wp-json\/wp\/v2\/product\/47897","targetHints":{"allow":["GET"]}}],"collection":[{"href":"https:\/\/mps.digital-monkey.in\/es\/wp-json\/wp\/v2\/product"}],"about":[{"href":"https:\/\/mps.digital-monkey.in\/es\/wp-json\/wp\/v2\/types\/product"}],"replies":[{"embeddable":true,"href":"https:\/\/mps.digital-monkey.in\/es\/wp-json\/wp\/v2\/comments?post=47897"}],"wp:featuredmedia":[{"embeddable":true,"href":"https:\/\/mps.digital-monkey.in\/es\/wp-json\/wp\/v2\/media\/47898"}],"wp:attachment":[{"href":"https:\/\/mps.digital-monkey.in\/es\/wp-json\/wp\/v2\/media?parent=47897"}],"wp:term":[{"taxonomy":"product_brand","embeddable":true,"href":"https:\/\/mps.digital-monkey.in\/es\/wp-json\/wp\/v2\/product_brand?post=47897"},{"taxonomy":"product_cat","embeddable":true,"href":"https:\/\/mps.digital-monkey.in\/es\/wp-json\/wp\/v2\/product_cat?post=47897"},{"taxonomy":"product_tag","embeddable":true,"href":"https:\/\/mps.digital-monkey.in\/es\/wp-json\/wp\/v2\/product_tag?post=47897"}],"curies":[{"name":"wp","href":"https:\/\/api.w.org\/{rel}","templated":true}]}}