{"id":47906,"date":"2026-03-16T10:30:30","date_gmt":"2026-03-16T10:30:30","guid":{"rendered":"https:\/\/mps.digital-monkey.in\/product\/juego-completo-de-juntas-de-culata-para-volvo-penta-md40a-tmd40-tamd40-aqd40-3582596\/"},"modified":"2026-03-16T15:41:25","modified_gmt":"2026-03-16T15:41:25","slug":"juego-completo-de-juntas-de-culata-para-volvo-penta-md40a-tmd40-tamd40-aqd40-3582596","status":"publish","type":"product","link":"https:\/\/mps.digital-monkey.in\/es\/product\/juego-completo-de-juntas-de-culata-para-volvo-penta-md40a-tmd40-tamd40-aqd40-3582596\/","title":{"rendered":"Juego completo de juntas de culata para Volvo Penta MD40A \/ TMD40 \/ TAMD40 \/ AQD40 &#8211; 3582596"},"content":{"rendered":"<p data-start=\"400\" data-end=\"638\">Este juego completo de juntas de culata es adecuado para varias <span class=\"hover:entity-accent entity-underline inline cursor-pointer align-baseline\"><span class=\"whitespace-normal\">Volvo Penta<\/span><\/span> de la serie 40. El juego contiene las juntas, retenes y juntas t\u00f3ricas necesarias para desmontar o reconstruir la culata. <\/p>\n<p data-start=\"640\" data-end=\"808\">La sustituci\u00f3n de las juntas durante la revisi\u00f3n del motor garantiza el sellado correcto de la culata y los sistemas de admisi\u00f3n y escape, al tiempo que evita fugas de refrigerante, aceite o compresi\u00f3n.<\/p>\n<p data-start=\"810\" data-end=\"849\">Juego de juntas de recambio de alta calidad.<\/p>\n<h3 data-section-id=\"10rhvos\" data-start=\"856\" data-end=\"892\"><\/h3>\n<h3 data-section-id=\"10rhvos\" data-start=\"856\" data-end=\"892\">Sustituye a los n\u00fameros OEM de Volvo Penta<\/h3>\n<p data-start=\"894\" data-end=\"930\">3582596<br data-start=\"901\" data-end=\"904\">875633<br data-start=\"910\" data-end=\"913\">875662<br data-start=\"919\" data-end=\"922\">876395<\/p>\n<p data-start=\"932\" data-end=\"965\">Juntas de culata equivalentes:<\/p>\n<p data-start=\"967\" data-end=\"984\">859155<br data-start=\"973\" data-end=\"976\">858503<\/p>\n<h3 data-section-id=\"3hpvtr\" data-start=\"991\" data-end=\"1025\"><\/h3>\n<h3 data-section-id=\"3hpvtr\" data-start=\"991\" data-end=\"1025\">Motores Volvo Penta compatibles<\/h3>\n<p data-start=\"1027\" data-end=\"1059\">MD40A<br data-start=\"1032\" data-end=\"1035\">TMD40<br data-start=\"1040\" data-end=\"1043\">TAMD40<br data-start=\"1049\" data-end=\"1052\">AQD40<\/p>\n<h3 data-section-id=\"7kf8h6\" data-start=\"1066\" data-end=\"1082\"><\/h3>\n<h3 data-section-id=\"7kf8h6\" data-start=\"1066\" data-end=\"1082\">Contenido del kit<\/h3>\n<p data-start=\"1084\" data-end=\"1355\">Junta de culata<br data-start=\"1104\" data-end=\"1107\">Juntas de la tapa de v\u00e1lvulas<br data-start=\"1126\" data-end=\"1129\">Juntas de la bomba de agua<br data-start=\"1147\" data-end=\"1150\">Juntas de los v\u00e1stagos de las v\u00e1lvulas<br data-start=\"1166\" data-end=\"1169\">Junta del colector de escape<br data-start=\"1192\" data-end=\"1195\">Junta del codo de escape<br data-start=\"1215\" data-end=\"1218\">Junta del turbo<br data-start=\"1230\" data-end=\"1233\">Junta del colector de admisi\u00f3n<br data-start=\"1255\" data-end=\"1258\">Juntas y juntas t\u00f3ricas del intercambiador de calor<br data-start=\"1292\" data-end=\"1295\">Juego de juntas del sistema de combustible<br data-start=\"1318\" data-end=\"1321\">Juntas t\u00f3ricas y juntas de goma diversas<\/p>\n<p data-start=\"1607\" data-end=\"1707\" data-is-last-node=\"\" data-is-only-node=\"\"><strong>\u00bfPreguntas sobre compatibilidad o piezas de motores Volvo Penta? Nuestros especialistas marinos estar\u00e1n encantados de ayudarte.<\/strong><\/p>\n","protected":false},"excerpt":{"rendered":"<p>Este juego completo de juntas de culata es adecuado para varias Volvo Penta de la serie 40. El juego contiene las juntas, retenes y juntas t\u00f3ricas necesarias para desmontar o reconstruir la culata. La sustituci\u00f3n de las juntas durante la revisi\u00f3n del motor garantiza el sellado correcto de la culata y los sistemas de admisi\u00f3n [&hellip;]<\/p>\n","protected":false},"featured_media":47907,"comment_status":"open","ping_status":"closed","template":"","meta":[],"product_brand":[4229],"product_cat":[4486,3041,3040,2497,4302],"product_tag":[],"class_list":{"0":"post-47906","1":"product","2":"type-product","3":"status-publish","4":"has-post-thumbnail","6":"product_brand-volvo-penta","7":"product_cat-necesitas-piezas-volvo-penta","8":"product_cat-juntas-de-motor","9":"product_cat-kits-de-mantenimiento-y-reparacion","10":"product_cat-piezas-de-mantenimiento-del-motor","11":"product_cat-volvo-penta","12":"pa_condition-nuevo","13":"pa_model-aqd40","14":"pa_model-md40","15":"pa_model-tamd40","16":"pa_model-tmd40","17":"pa_oem-or-aftermarket-posventa","19":"first","20":"onbackorder","21":"taxable","22":"shipping-taxable","23":"purchasable","24":"product-type-simple"},"supplier_id":7294,"supplier_sku":"REC3582596","barcode":"https:\/\/mps.digital-monkey.in\/product\/volvo-penta-head-gasket-set-3582596\/","atum_controlled":true,"out_stock_date":null,"out_stock_threshold":null,"inheritable":false,"inbound_stock":0,"stock_on_hold":0,"sold_today":0,"sales_last_days":0,"reserved_stock":0,"customer_returns":0,"warehouse_damage":0,"lost_in_post":0,"other_logs":0,"out_stock_days":0,"lost_sales":0,"has_location":false,"update_date":"2026-04-07T08:06:15","atum_locations":[],"atum_stock_status":"onbackorder","restock_status":false,"low_stock_amount":1,"sales_update_date":"2026-04-07T08:06:15","calc_backorders":-2,"_links":{"self":[{"href":"https:\/\/mps.digital-monkey.in\/es\/wp-json\/wp\/v2\/product\/47906","targetHints":{"allow":["GET"]}}],"collection":[{"href":"https:\/\/mps.digital-monkey.in\/es\/wp-json\/wp\/v2\/product"}],"about":[{"href":"https:\/\/mps.digital-monkey.in\/es\/wp-json\/wp\/v2\/types\/product"}],"replies":[{"embeddable":true,"href":"https:\/\/mps.digital-monkey.in\/es\/wp-json\/wp\/v2\/comments?post=47906"}],"wp:featuredmedia":[{"embeddable":true,"href":"https:\/\/mps.digital-monkey.in\/es\/wp-json\/wp\/v2\/media\/47907"}],"wp:attachment":[{"href":"https:\/\/mps.digital-monkey.in\/es\/wp-json\/wp\/v2\/media?parent=47906"}],"wp:term":[{"taxonomy":"product_brand","embeddable":true,"href":"https:\/\/mps.digital-monkey.in\/es\/wp-json\/wp\/v2\/product_brand?post=47906"},{"taxonomy":"product_cat","embeddable":true,"href":"https:\/\/mps.digital-monkey.in\/es\/wp-json\/wp\/v2\/product_cat?post=47906"},{"taxonomy":"product_tag","embeddable":true,"href":"https:\/\/mps.digital-monkey.in\/es\/wp-json\/wp\/v2\/product_tag?post=47906"}],"curies":[{"name":"wp","href":"https:\/\/api.w.org\/{rel}","templated":true}]}}