{"id":33184,"date":"2025-06-17T13:44:08","date_gmt":"2025-06-17T13:44:08","guid":{"rendered":"https:\/\/mps.digital-monkey.in\/product\/volvo-penta-service-kit-d1-30-d2-40-2030-2040-abcd-21189422\/"},"modified":"2026-03-20T13:28:26","modified_gmt":"2026-03-20T13:28:26","slug":"volvo-penta-service-kit-d1-30-d2-40-2030-2040-abcd-21189422","status":"publish","type":"product","link":"https:\/\/mps.digital-monkey.in\/nl\/product\/volvo-penta-service-kit-d1-30-d2-40-2030-2040-abcd-21189422\/","title":{"rendered":"Volvo Penta service kit D1-30 D2-40 &amp; 2030-2040 A,B,C,D 21189422"},"content":{"rendered":"<p data-start=\"536\" data-end=\"596\"><strong data-start=\"536\" data-end=\"594\">Volvo Penta Service Kit - D1-30, D2-40 &amp; 2030-2040 A-D<\/strong><\/p>\n<p data-start=\"598\" data-end=\"744\">Houd uw Volvo Penta motor op topprestaties met deze complete onderhoudskit, ontworpen voor D1-30, D2-40 en 2030-2040 A, B, C, D modellen.<\/p>\n<p data-start=\"746\" data-end=\"761\"><strong data-start=\"746\" data-end=\"759\">Inclusief:<\/strong><\/p>\n<ul data-start=\"762\" data-end=\"1085\">\n<li data-start=\"762\" data-end=\"890\">\n<p data-start=\"764\" data-end=\"890\"><strong data-start=\"764\" data-end=\"780\">Oliefilters:<\/strong> 21189422 &amp; 3840525 - Filters van hoge kwaliteit om je motor te beschermen door de olie schoon en vrij van vuil te houden.<\/p>\n<\/li>\n<li data-start=\"891\" data-end=\"979\">\n<p data-start=\"893\" data-end=\"979\"><strong data-start=\"893\" data-end=\"909\">Brandstoffilter:<\/strong> 861477 - Zorgt voor brandstof zonder verontreinigingen voor een soepele motorwerking.<\/p>\n<\/li>\n<li data-start=\"980\" data-end=\"1085\">\n<p data-start=\"982\" data-end=\"1085\"><strong data-start=\"982\" data-end=\"995\">Impeller:<\/strong> 22222936 - Houdt de waterstroom in stand om oververhitting te voorkomen en motoronderdelen te beschermen.<\/p>\n<\/li>\n<\/ul>\n<p data-start=\"1087\" data-end=\"1216\">Deze kit is ideaal voor zowel professioneel onderhoud als doe-het-zelf-onderhoud en biedt alle essenti\u00eble onderdelen in \u00e9\u00e9n handig pakket.<\/p>\n","protected":false},"excerpt":{"rendered":"<p>Volvo Penta Service Kit - D1-30, D2-40 &amp; 2030-2040 A-D Houd uw Volvo Penta motor op topprestaties met deze complete onderhoudskit, ontworpen voor D1-30, D2-40 en 2030-2040 A, B, C, D modellen. Inclusief: Oliefilters: 21189422 &amp; 3840525 - Filters van hoge kwaliteit om je motor te beschermen door de olie schoon en vrij van vuil [&hellip;]<\/p>\n","protected":false},"featured_media":23880,"comment_status":"open","ping_status":"closed","template":"","meta":[],"product_brand":[4231],"product_cat":[3203,4480,2499,4303,4288,4328,4327,4527],"product_tag":[],"class_list":{"0":"post-33184","1":"product","2":"type-product","3":"status-publish","4":"has-post-thumbnail","6":"product_brand-volvo-penta","7":"product_cat-service-kits","8":"product_cat-service-kits-volvo-penta","9":"product_cat-service-onderdelen","10":"product_cat-volvo-penta","11":"product_cat-volvo-penta-d1-30-onderdelen","12":"product_cat-volvo-penta-d2-40-onderdelen","13":"product_cat-volvo-penta-d2-serie","14":"product_cat-volvo-penta-service-onderdelen","15":"pa_condition-nieuw","16":"pa_model-d1-30","17":"pa_model-d1-30b","18":"pa_model-d1-30f","19":"pa_model-d2-40","20":"pa_model-d2-40b","21":"pa_model-d2-40f","22":"pa_model-md2030","23":"pa_model-md2040","24":"pa_oem-or-aftermarket-oem","26":"first","27":"onbackorder","28":"taxable","29":"shipping-taxable","30":"purchasable","31":"product-type-simple"},"supplier_id":32142,"supplier_sku":"","barcode":null,"atum_controlled":true,"out_stock_date":"2025-11-21 12:56:51","out_stock_threshold":null,"inheritable":false,"inbound_stock":0,"stock_on_hold":0,"sold_today":0,"sales_last_days":0,"reserved_stock":0,"customer_returns":0,"warehouse_damage":0,"lost_in_post":0,"other_logs":0,"out_stock_days":119,"lost_sales":0,"has_location":false,"update_date":"2026-03-20T13:29:26","atum_locations":[],"atum_stock_status":"onbackorder","restock_status":false,"low_stock_amount":"","sales_update_date":"2026-03-20T13:15:46","calc_backorders":0,"_links":{"self":[{"href":"https:\/\/mps.digital-monkey.in\/nl\/wp-json\/wp\/v2\/product\/33184","targetHints":{"allow":["GET"]}}],"collection":[{"href":"https:\/\/mps.digital-monkey.in\/nl\/wp-json\/wp\/v2\/product"}],"about":[{"href":"https:\/\/mps.digital-monkey.in\/nl\/wp-json\/wp\/v2\/types\/product"}],"replies":[{"embeddable":true,"href":"https:\/\/mps.digital-monkey.in\/nl\/wp-json\/wp\/v2\/comments?post=33184"}],"wp:featuredmedia":[{"embeddable":true,"href":"https:\/\/mps.digital-monkey.in\/nl\/wp-json\/wp\/v2\/media\/23880"}],"wp:attachment":[{"href":"https:\/\/mps.digital-monkey.in\/nl\/wp-json\/wp\/v2\/media?parent=33184"}],"wp:term":[{"taxonomy":"product_brand","embeddable":true,"href":"https:\/\/mps.digital-monkey.in\/nl\/wp-json\/wp\/v2\/product_brand?post=33184"},{"taxonomy":"product_cat","embeddable":true,"href":"https:\/\/mps.digital-monkey.in\/nl\/wp-json\/wp\/v2\/product_cat?post=33184"},{"taxonomy":"product_tag","embeddable":true,"href":"https:\/\/mps.digital-monkey.in\/nl\/wp-json\/wp\/v2\/product_tag?post=33184"}],"curies":[{"name":"wp","href":"https:\/\/api.w.org\/{rel}","templated":true}]}}