{"id":37622,"date":"2025-09-02T09:01:43","date_gmt":"2025-09-02T09:01:43","guid":{"rendered":"https:\/\/mps.digital-monkey.in\/product\/yanmar-3gm30-3gm30f-complete-pakkingset-motor-728374-92605\/"},"modified":"2025-10-30T12:18:30","modified_gmt":"2025-10-30T12:18:30","slug":"yanmar-3gm30-3gm30f-complete-pakkingset-motor-728374-92605","status":"publish","type":"product","link":"https:\/\/mps.digital-monkey.in\/nl\/product\/yanmar-3gm30-3gm30f-complete-pakkingset-motor-728374-92605\/","title":{"rendered":"Yanmar 3GM30 \/ 3GM30F complete pakkingset motor - 728374-92605"},"content":{"rendered":"<p data-start=\"192\" data-end=\"548\">Voer een volledige motorrevisie of onderhoud uit aan uw Yanmar 3GM30 of 3GM30F met deze <strong data-start=\"305\" data-end=\"334\">complete pakkingset voor de motor<\/strong> (onderdeelnummer <strong data-start=\"348\" data-end=\"364\">728374-92605<\/strong>). Deze set is ontworpen om te voldoen aan OEM-specificaties en biedt alle essenti\u00eble pakkingen en afdichtingen die nodig zijn voor een perfecte afdichting van de motor en zorgt voor lekvrije prestaties en een betrouwbare werking.<\/p>\n<p data-start=\"550\" data-end=\"572\"><strong data-start=\"550\" data-end=\"570\">Wat is inbegrepen:<\/strong><\/p>\n<ul data-start=\"573\" data-end=\"844\">\n<li data-start=\"573\" data-end=\"597\">\n<p data-start=\"575\" data-end=\"597\">Cilinderkoppakking<\/p>\n<\/li>\n<li data-start=\"598\" data-end=\"620\">\n<p data-start=\"600\" data-end=\"620\">Kleppendekselpakking<\/p>\n<\/li>\n<li data-start=\"621\" data-end=\"648\">\n<p data-start=\"623\" data-end=\"648\">Pakking uitlaatspruitstuk<\/p>\n<\/li>\n<li data-start=\"649\" data-end=\"673\">\n<p data-start=\"651\" data-end=\"673\">Pakking uitlaatbocht<\/p>\n<\/li>\n<li data-start=\"674\" data-end=\"700\">\n<p data-start=\"676\" data-end=\"700\">Pakking inlaatspruitstuk<\/p>\n<\/li>\n<li data-start=\"701\" data-end=\"730\">\n<p data-start=\"703\" data-end=\"730\">Pakking thermostaathuis<\/p>\n<\/li>\n<li data-start=\"731\" data-end=\"755\">\n<p data-start=\"733\" data-end=\"755\">Diverse rubberen afdichtingen<\/p>\n<\/li>\n<li data-start=\"756\" data-end=\"774\">\n<p data-start=\"758\" data-end=\"774\">Koperen sluitringen<\/p>\n<\/li>\n<li data-start=\"775\" data-end=\"798\">\n<p data-start=\"777\" data-end=\"798\">Pakking van het timerdeksel<\/p>\n<\/li>\n<li data-start=\"799\" data-end=\"817\">\n<p data-start=\"801\" data-end=\"817\">Carterpan pakking<\/p>\n<\/li>\n<li data-start=\"818\" data-end=\"844\">\n<p data-start=\"820\" data-end=\"844\">Pakkingen voor warmtewisselaar<\/p>\n<\/li>\n<\/ul>\n<p data-start=\"846\" data-end=\"865\"><strong data-start=\"846\" data-end=\"863\">Belangrijkste kenmerken:<\/strong><\/p>\n<ul data-start=\"866\" data-end=\"1110\">\n<li data-start=\"866\" data-end=\"935\">\n<p data-start=\"868\" data-end=\"935\">Complete pakkingset van OEM-kwaliteit voor Yanmar 3GM30 \/ 3GM30F-motoren<\/p>\n<\/li>\n<li data-start=\"936\" data-end=\"981\">\n<p data-start=\"938\" data-end=\"981\">Zorgt voor een goede afdichting en voorkomt lekken<\/p>\n<\/li>\n<li data-start=\"982\" data-end=\"1041\">\n<p data-start=\"984\" data-end=\"1041\">Ideaal voor onderhoud, reparaties of volledige motorrevisies<\/p>\n<\/li>\n<li data-start=\"1042\" data-end=\"1110\">\n<p data-start=\"1044\" data-end=\"1110\">Duurzame onderdelen van hoge kwaliteit, vertrouwd door maritieme professionals<\/p>\n<\/li>\n<\/ul>\n<p data-start=\"1112\" data-end=\"1219\">Laat uw Yanmar 3GM30- of 3GM30F-motor soepel en effici\u00ebnt lopen met deze alles-in-\u00e9\u00e9n pakkingset.<\/p>\n","protected":false},"excerpt":{"rendered":"<p>Voer een volledige motorrevisie of onderhoud uit aan uw Yanmar 3GM30 of 3GM30F met deze complete pakkingset voor de motor (onderdeelnummer 728374-92605). Deze set is ontworpen om te voldoen aan OEM-specificaties en biedt alle essenti\u00eble pakkingen en afdichtingen die nodig zijn voor een perfecte afdichting van de motor en zorgt voor lekvrije prestaties en een [&hellip;]<\/p>\n","protected":false},"featured_media":37623,"comment_status":"open","ping_status":"closed","template":"","meta":[],"product_brand":[4237],"product_cat":[2499,4447,3034,3035,4444],"product_tag":[],"class_list":{"0":"post-37622","1":"product","2":"type-product","3":"status-publish","4":"has-post-thumbnail","6":"product_brand-yanmar","7":"product_cat-service-onderdelen","8":"product_cat-3gm-3gm30-onderdelen","9":"product_cat-onderhouds-en-reparatiesets","10":"product_cat-pakkingen","11":"product_cat-yanmar","12":"pa_condition-nieuw","13":"pa_model-3gm30","14":"pa_model-3gm30-yeu","15":"pa_model-3gm30f","16":"pa_model-3gm30f-yeu","17":"pa_oem-or-aftermarket-aftermarket","19":"first","20":"instock","21":"sale","22":"taxable","23":"shipping-taxable","24":"purchasable","25":"product-type-simple"},"supplier_id":7294,"supplier_sku":"REC728374-92605","barcode":null,"atum_controlled":true,"out_stock_date":null,"out_stock_threshold":null,"inheritable":false,"inbound_stock":0,"stock_on_hold":0,"sold_today":0,"sales_last_days":0,"reserved_stock":0,"customer_returns":0,"warehouse_damage":0,"lost_in_post":0,"other_logs":0,"out_stock_days":0,"lost_sales":0,"has_location":false,"update_date":"2025-10-30T10:27:32","atum_locations":[],"atum_stock_status":"instock","restock_status":false,"low_stock_amount":1,"sales_update_date":"2025-10-22T14:30:40","calc_backorders":null,"_links":{"self":[{"href":"https:\/\/mps.digital-monkey.in\/nl\/wp-json\/wp\/v2\/product\/37622","targetHints":{"allow":["GET"]}}],"collection":[{"href":"https:\/\/mps.digital-monkey.in\/nl\/wp-json\/wp\/v2\/product"}],"about":[{"href":"https:\/\/mps.digital-monkey.in\/nl\/wp-json\/wp\/v2\/types\/product"}],"replies":[{"embeddable":true,"href":"https:\/\/mps.digital-monkey.in\/nl\/wp-json\/wp\/v2\/comments?post=37622"}],"wp:featuredmedia":[{"embeddable":true,"href":"https:\/\/mps.digital-monkey.in\/nl\/wp-json\/wp\/v2\/media\/37623"}],"wp:attachment":[{"href":"https:\/\/mps.digital-monkey.in\/nl\/wp-json\/wp\/v2\/media?parent=37622"}],"wp:term":[{"taxonomy":"product_brand","embeddable":true,"href":"https:\/\/mps.digital-monkey.in\/nl\/wp-json\/wp\/v2\/product_brand?post=37622"},{"taxonomy":"product_cat","embeddable":true,"href":"https:\/\/mps.digital-monkey.in\/nl\/wp-json\/wp\/v2\/product_cat?post=37622"},{"taxonomy":"product_tag","embeddable":true,"href":"https:\/\/mps.digital-monkey.in\/nl\/wp-json\/wp\/v2\/product_tag?post=37622"}],"curies":[{"name":"wp","href":"https:\/\/api.w.org\/{rel}","templated":true}]}}