{"id":37633,"date":"2025-09-02T09:08:39","date_gmt":"2025-09-02T09:08:39","guid":{"rendered":"https:\/\/mps.digital-monkey.in\/product\/yanmar-2gm20-2gm20f-complete-pakkingset-motor-728271-92605\/"},"modified":"2025-10-30T12:24:21","modified_gmt":"2025-10-30T12:24:21","slug":"yanmar-2gm20-2gm20f-complete-pakkingset-motor-728271-92605","status":"publish","type":"product","link":"https:\/\/mps.digital-monkey.in\/nl\/product\/yanmar-2gm20-2gm20f-complete-pakkingset-motor-728271-92605\/","title":{"rendered":"Yanmar 2GM20 \/ 2GM20F complete pakkingset motor - 728271-92605"},"content":{"rendered":"<p data-start=\"200\" data-end=\"532\">Zorg voor betrouwbare prestaties en een goede afdichting voor uw Yanmar 2GM20- of 2GM20F-motor met deze <strong data-start=\"323\" data-end=\"353\">complete pakkingset voor de motor<\/strong> (onderdeelnummer <strong data-start=\"367\" data-end=\"383\">728271-92605<\/strong>). Deze set is gemaakt volgens OEM-specificaties en bevat alle essenti\u00eble pakkingen en afdichtingen die nodig zijn voor onderhoud, reparaties of een volledige revisie van de motor.<\/p>\n<p data-start=\"534\" data-end=\"556\"><strong data-start=\"534\" data-end=\"554\">Wat is inbegrepen:<\/strong><\/p>\n<ul data-start=\"557\" data-end=\"828\">\n<li data-start=\"557\" data-end=\"581\">\n<p data-start=\"559\" data-end=\"581\">Cilinderkoppakking<\/p>\n<\/li>\n<li data-start=\"582\" data-end=\"604\">\n<p data-start=\"584\" data-end=\"604\">Kleppendekselpakking<\/p>\n<\/li>\n<li data-start=\"605\" data-end=\"632\">\n<p data-start=\"607\" data-end=\"632\">Pakking uitlaatspruitstuk<\/p>\n<\/li>\n<li data-start=\"633\" data-end=\"657\">\n<p data-start=\"635\" data-end=\"657\">Pakking uitlaatbocht<\/p>\n<\/li>\n<li data-start=\"658\" data-end=\"684\">\n<p data-start=\"660\" data-end=\"684\">Pakking inlaatspruitstuk<\/p>\n<\/li>\n<li data-start=\"685\" data-end=\"714\">\n<p data-start=\"687\" data-end=\"714\">Pakking thermostaathuis<\/p>\n<\/li>\n<li data-start=\"715\" data-end=\"739\">\n<p data-start=\"717\" data-end=\"739\">Diverse rubberen afdichtingen<\/p>\n<\/li>\n<li data-start=\"740\" data-end=\"758\">\n<p data-start=\"742\" data-end=\"758\">Koperen sluitringen<\/p>\n<\/li>\n<li data-start=\"759\" data-end=\"782\">\n<p data-start=\"761\" data-end=\"782\">Pakking van het timerdeksel<\/p>\n<\/li>\n<li data-start=\"783\" data-end=\"801\">\n<p data-start=\"785\" data-end=\"801\">Carterpan pakking<\/p>\n<\/li>\n<li data-start=\"802\" data-end=\"828\">\n<p data-start=\"804\" data-end=\"828\">Pakkingen voor warmtewisselaar<\/p>\n<\/li>\n<\/ul>\n<p data-start=\"830\" data-end=\"849\"><strong data-start=\"830\" data-end=\"847\">Belangrijkste kenmerken:<\/strong><\/p>\n<ul data-start=\"850\" data-end=\"1111\">\n<li data-start=\"850\" data-end=\"919\">\n<p data-start=\"852\" data-end=\"919\">Complete pakkingset van OEM-kwaliteit voor Yanmar 2GM20 \/ 2GM20F-motoren<\/p>\n<\/li>\n<li data-start=\"920\" data-end=\"982\">\n<p data-start=\"922\" data-end=\"982\">Biedt lekvrije afdichting voor optimale motorprestaties<\/p>\n<\/li>\n<li data-start=\"983\" data-end=\"1042\">\n<p data-start=\"985\" data-end=\"1042\">Ideaal voor onderhoud, reparaties of volledige motorrevisies<\/p>\n<\/li>\n<li data-start=\"1043\" data-end=\"1111\">\n<p data-start=\"1045\" data-end=\"1111\">Duurzame onderdelen van hoge kwaliteit, vertrouwd door maritieme professionals<\/p>\n<\/li>\n<\/ul>\n<p data-start=\"1113\" data-end=\"1220\">Laat uw Yanmar 2GM20- of 2GM20F-motor soepel en effici\u00ebnt lopen met deze alles-in-\u00e9\u00e9n pakkingset.<\/p>\n<p data-start=\"1227\" data-end=\"1461\">\n","protected":false},"excerpt":{"rendered":"<p>Zorg voor betrouwbare prestaties en een goede afdichting voor uw Yanmar 2GM20- of 2GM20F-motor met deze complete pakkingset voor de motor (onderdeelnummer 728271-92605). Deze set is gemaakt volgens OEM-specificaties en bevat alle essenti\u00eble pakkingen en afdichtingen die nodig zijn voor onderhoud, reparaties of een volledige revisie van de motor. Wat is inbegrepen: Cilinderkoppakking Kleppendekselpakking Pakking [&hellip;]<\/p>\n","protected":false},"featured_media":38190,"comment_status":"open","ping_status":"closed","template":"","meta":[],"product_brand":[4237],"product_cat":[3035,4446,3034,2499,4444],"product_tag":[],"class_list":{"0":"post-37633","1":"product","2":"type-product","3":"status-publish","4":"has-post-thumbnail","6":"product_brand-yanmar","7":"product_cat-pakkingen","8":"product_cat-2gm-2gm20-onderdelen","9":"product_cat-onderhouds-en-reparatiesets","10":"product_cat-service-onderdelen","11":"product_cat-yanmar","12":"pa_condition-nieuw","13":"pa_model-2gm20","14":"pa_model-2gm20f","15":"pa_oem-or-aftermarket-aftermarket","17":"first","18":"instock","19":"sale","20":"taxable","21":"shipping-taxable","22":"purchasable","23":"product-type-simple"},"supplier_id":7294,"supplier_sku":"REC728271-92605","barcode":null,"atum_controlled":true,"out_stock_date":null,"out_stock_threshold":null,"inheritable":false,"inbound_stock":0,"stock_on_hold":0,"sold_today":0,"sales_last_days":0,"reserved_stock":0,"customer_returns":0,"warehouse_damage":0,"lost_in_post":0,"other_logs":0,"out_stock_days":0,"lost_sales":0,"has_location":false,"update_date":"2025-10-30T10:29:59","atum_locations":[],"atum_stock_status":"instock","restock_status":false,"low_stock_amount":1,"sales_update_date":"2025-10-22T14:30:40","calc_backorders":null,"_links":{"self":[{"href":"https:\/\/mps.digital-monkey.in\/nl\/wp-json\/wp\/v2\/product\/37633","targetHints":{"allow":["GET"]}}],"collection":[{"href":"https:\/\/mps.digital-monkey.in\/nl\/wp-json\/wp\/v2\/product"}],"about":[{"href":"https:\/\/mps.digital-monkey.in\/nl\/wp-json\/wp\/v2\/types\/product"}],"replies":[{"embeddable":true,"href":"https:\/\/mps.digital-monkey.in\/nl\/wp-json\/wp\/v2\/comments?post=37633"}],"wp:featuredmedia":[{"embeddable":true,"href":"https:\/\/mps.digital-monkey.in\/nl\/wp-json\/wp\/v2\/media\/38190"}],"wp:attachment":[{"href":"https:\/\/mps.digital-monkey.in\/nl\/wp-json\/wp\/v2\/media?parent=37633"}],"wp:term":[{"taxonomy":"product_brand","embeddable":true,"href":"https:\/\/mps.digital-monkey.in\/nl\/wp-json\/wp\/v2\/product_brand?post=37633"},{"taxonomy":"product_cat","embeddable":true,"href":"https:\/\/mps.digital-monkey.in\/nl\/wp-json\/wp\/v2\/product_cat?post=37633"},{"taxonomy":"product_tag","embeddable":true,"href":"https:\/\/mps.digital-monkey.in\/nl\/wp-json\/wp\/v2\/product_tag?post=37633"}],"curies":[{"name":"wp","href":"https:\/\/api.w.org\/{rel}","templated":true}]}}