{"id":41072,"date":"2025-11-01T13:25:48","date_gmt":"2025-11-01T13:25:48","guid":{"rendered":"https:\/\/mps.digital-monkey.in\/product\/service-kit-volvo-penta-md2010-md2020-d1-13-d1-20-21189380\/"},"modified":"2025-11-01T13:25:48","modified_gmt":"2025-11-01T13:25:48","slug":"service-kit-volvo-penta-md2010-md2020-d1-13-d1-20-21189380","status":"publish","type":"product","link":"https:\/\/mps.digital-monkey.in\/nl\/product\/service-kit-volvo-penta-md2010-md2020-d1-13-d1-20-21189380\/","title":{"rendered":"Service Kit Volvo Penta MD2010 \/ MD2020 \/ D1-13 \/ D1-20 &#8211; 21189380"},"content":{"rendered":"<p data-start=\"628\" data-end=\"934\">Deze vervangende <strong data-start=\"632\" data-end=\"656\">Service Kit 21189380<\/strong> is een complete onderhoudsset ontworpen voor <strong data-start=\"700\" data-end=\"748\">Volvo Penta MD2010, MD2020, D1-13 en D1-20<\/strong> scheepsdieselmotoren. Het bevat alle essenti\u00eble onderdelen die nodig zijn voor een standaard onderhoudsbeurt, zodat uw motor soepel en betrouwbaar blijft draaien gedurende het hele vaarseizoen. <\/p>\n<p data-start=\"936\" data-end=\"1097\">Deze handige kit zorgt voor een correcte montage, effici\u00ebnte filtratie en goede koelprestaties &#8211; alles wat nodig is voor een effectieve motorverzorging in \u00e9\u00e9n pakket.<\/p>\n<p data-start=\"1099\" data-end=\"1155\"><strong data-start=\"1099\" data-end=\"1153\">Compatibel met de volgende Volvo Penta motoren:<\/strong><\/p>\n<ul data-start=\"1156\" data-end=\"1197\">\n<li data-start=\"1156\" data-end=\"1166\">\n<p data-start=\"1158\" data-end=\"1166\">MD2010<\/p>\n<\/li>\n<li data-start=\"1167\" data-end=\"1177\">\n<p data-start=\"1169\" data-end=\"1177\">MD2020<\/p>\n<\/li>\n<li data-start=\"1178\" data-end=\"1187\">\n<p data-start=\"1180\" data-end=\"1187\">D1-13<\/p>\n<\/li>\n<li data-start=\"1188\" data-end=\"1197\">\n<p data-start=\"1190\" data-end=\"1197\">D1-20<\/p>\n<\/li>\n<\/ul>\n<p data-start=\"1199\" data-end=\"1226\"><strong data-start=\"1199\" data-end=\"1224\">Servicekit bevat:<\/strong><\/p>\n<ul data-start=\"1227\" data-end=\"1327\">\n<li data-start=\"1227\" data-end=\"1256\">\n<p data-start=\"1229\" data-end=\"1256\">1\u00d7 Volvo Penta Oliefilter<\/p>\n<\/li>\n<li data-start=\"1257\" data-end=\"1287\">\n<p data-start=\"1259\" data-end=\"1287\">1\u00d7 Volvo Penta Brandstoffilter<\/p>\n<\/li>\n<li data-start=\"1288\" data-end=\"1327\">\n<p data-start=\"1290\" data-end=\"1327\">1\u00d7 Impeller + Pakking<\/p>\n<\/li>\n<\/ul>\n<p data-start=\"1329\" data-end=\"1351\"><strong data-start=\"1329\" data-end=\"1349\">Optionele toevoeging:<\/strong><\/p>\n<ul data-start=\"1352\" data-end=\"1392\">\n<li data-start=\"1352\" data-end=\"1392\">\n<p data-start=\"1354\" data-end=\"1392\"><a href=\"https:\/\/mps.digital-monkey.in\/nl\/product\/volvo-penta-vds-4-5-motorolie-15w40\/\">Volvo Penta motorolie 15W-40 VDS4.5<\/a><\/p>\n<\/li>\n<\/ul>\n<p data-start=\"1394\" data-end=\"1413\"><strong data-start=\"1394\" data-end=\"1411\">Belangrijkste kenmerken:<\/strong><\/p>\n<ul data-start=\"1414\" data-end=\"1709\">\n<li data-start=\"1414\" data-end=\"1458\">\n<p data-start=\"1416\" data-end=\"1458\">Complete serviceset (onderdeelnr. 21189380)<\/p>\n<\/li>\n<li data-start=\"1459\" data-end=\"1517\">\n<p data-start=\"1461\" data-end=\"1517\">Bevat essenti\u00eble onderdelen voor periodiek onderhoud<\/p>\n<\/li>\n<li data-start=\"1518\" data-end=\"1582\">\n<p data-start=\"1520\" data-end=\"1582\">Hoogwaardige filters en impellers zorgen voor optimale prestaties<\/p>\n<\/li>\n<li data-start=\"1583\" data-end=\"1648\">\n<p data-start=\"1585\" data-end=\"1648\">Ondersteunt schone brandstof, goede smering en betrouwbare koeling<\/p>\n<\/li>\n<li data-start=\"1649\" data-end=\"1709\">\n<p data-start=\"1651\" data-end=\"1709\">Vereenvoudigt motoronderhoud en helpt de levensduur van de motor te verlengen<\/p>\n<\/li>\n<\/ul>\n<p data-start=\"1711\" data-end=\"1965\"><strong data-start=\"1711\" data-end=\"1735\">Waarom voor deze kit kiezen:<\/strong><br data-start=\"1735\" data-end=\"1738\">Deze alles-in-\u00e9\u00e9n service kit is de perfecte oplossing voor routine onderhoud aan uw Volvo Penta motor. Met onderdelen van hoge kwaliteit en gebouwd volgens strenge normen, zorgt het voor betrouwbare prestaties en gemoedsrust op het water. <\/p>\n","protected":false},"excerpt":{"rendered":"<p>Deze vervangende Service Kit 21189380 is een complete onderhoudsset ontworpen voor Volvo Penta MD2010, MD2020, D1-13 en D1-20 scheepsdieselmotoren. Het bevat alle essenti\u00eble onderdelen die nodig zijn voor een standaard onderhoudsbeurt, zodat uw motor soepel en betrouwbaar blijft draaien gedurende het hele vaarseizoen. Deze handige kit zorgt voor een correcte montage, effici\u00ebnte filtratie en goede [&hellip;]<\/p>\n","protected":false},"featured_media":42089,"comment_status":"open","ping_status":"closed","template":"","meta":[],"product_brand":[4231],"product_cat":[3203,4480,2499,4303,4320,4294,4292,4305,4307,4313,4487],"product_tag":[],"class_list":{"0":"post-41072","1":"product","2":"type-product","3":"status-publish","4":"has-post-thumbnail","6":"product_brand-volvo-penta","7":"product_cat-service-kits","8":"product_cat-service-kits-volvo-penta","9":"product_cat-service-onderdelen","10":"product_cat-volvo-penta","11":"product_cat-volvo-penta-d1-serie","12":"product_cat-volvo-penta-d1-13-onderdelen","13":"product_cat-volvo-penta-d1-20-onderdelen","14":"product_cat-volvo-penta-md-serie","15":"product_cat-volvo-penta-md2010-onderdelen","16":"product_cat-volvo-penta-md2020-onderdelen","17":"product_cat-volvo-penta-onderdelen-nodig","18":"pa_condition-nieuw","19":"pa_model-d1-13","20":"pa_model-d1-20","21":"pa_model-md2010","22":"pa_model-md2020","23":"pa_oem-or-aftermarket-aftermarket","25":"first","26":"instock","27":"taxable","28":"shipping-taxable","29":"purchasable","30":"product-type-simple"},"supplier_id":7294,"supplier_sku":"REC21189380","barcode":null,"atum_controlled":true,"out_stock_date":null,"out_stock_threshold":null,"inheritable":false,"inbound_stock":0,"stock_on_hold":0,"sold_today":0,"sales_last_days":0,"reserved_stock":0,"customer_returns":0,"warehouse_damage":0,"lost_in_post":0,"other_logs":0,"out_stock_days":0,"lost_sales":0,"has_location":false,"update_date":"2026-01-29T09:11:06","atum_locations":[],"atum_stock_status":"instock","restock_status":false,"low_stock_amount":1,"sales_update_date":"2026-01-29T09:11:06","calc_backorders":null,"_links":{"self":[{"href":"https:\/\/mps.digital-monkey.in\/nl\/wp-json\/wp\/v2\/product\/41072","targetHints":{"allow":["GET"]}}],"collection":[{"href":"https:\/\/mps.digital-monkey.in\/nl\/wp-json\/wp\/v2\/product"}],"about":[{"href":"https:\/\/mps.digital-monkey.in\/nl\/wp-json\/wp\/v2\/types\/product"}],"replies":[{"embeddable":true,"href":"https:\/\/mps.digital-monkey.in\/nl\/wp-json\/wp\/v2\/comments?post=41072"}],"wp:featuredmedia":[{"embeddable":true,"href":"https:\/\/mps.digital-monkey.in\/nl\/wp-json\/wp\/v2\/media\/42089"}],"wp:attachment":[{"href":"https:\/\/mps.digital-monkey.in\/nl\/wp-json\/wp\/v2\/media?parent=41072"}],"wp:term":[{"taxonomy":"product_brand","embeddable":true,"href":"https:\/\/mps.digital-monkey.in\/nl\/wp-json\/wp\/v2\/product_brand?post=41072"},{"taxonomy":"product_cat","embeddable":true,"href":"https:\/\/mps.digital-monkey.in\/nl\/wp-json\/wp\/v2\/product_cat?post=41072"},{"taxonomy":"product_tag","embeddable":true,"href":"https:\/\/mps.digital-monkey.in\/nl\/wp-json\/wp\/v2\/product_tag?post=41072"}],"curies":[{"name":"wp","href":"https:\/\/api.w.org\/{rel}","templated":true}]}}