{"id":42092,"date":"2025-11-07T09:25:22","date_gmt":"2025-11-07T09:25:22","guid":{"rendered":"https:\/\/mps.digital-monkey.in\/product\/service-kit-yanmar-3jh40-sk-jh40-001-g\/"},"modified":"2025-12-03T08:29:39","modified_gmt":"2025-12-03T08:29:39","slug":"service-kit-yanmar-3jh40-sk-jh40-001-g","status":"publish","type":"product","link":"https:\/\/mps.digital-monkey.in\/nl\/product\/service-kit-yanmar-3jh40-sk-jh40-001-g\/","title":{"rendered":"Service Kit Yanmar 3JH40 - SK-JH40-001-G"},"content":{"rendered":"<p data-start=\"661\" data-end=\"940\">De <strong data-start=\"665\" data-end=\"709\">Service Kit Yanmar 3JH40 (SK-JH40-001-G)<\/strong> is een compleet onderhoudspakket ontworpen voor de <strong data-start=\"761\" data-end=\"803\">Yanmar 3JH40 common-rail dieselmotor<\/strong>. Het bevat alle essenti\u00eble onderdelen voor een volledig motoronderhoud en zorgt voor betrouwbare prestaties, schone filtratie en optimale koeling.<\/p>\n<p data-start=\"942\" data-end=\"1115\">Deze handige kit bevat de onderdelen die u nodig hebt voor regelmatig onderhoud - ideaal voor seizoensonderhoud of routineonderhoud aan de motor om uw Yanmar-motor optimaal te laten draaien.<\/p>\n<p data-start=\"1117\" data-end=\"1139\"><strong data-start=\"1117\" data-end=\"1137\">Compatibel met:<\/strong><\/p>\n<ul data-start=\"1140\" data-end=\"1168\">\n<li data-start=\"1140\" data-end=\"1168\">\n<p data-start=\"1142\" data-end=\"1168\">Yanmar 3JH40 (Common-Rail)<\/p>\n<\/li>\n<\/ul>\n<p data-start=\"1170\" data-end=\"1197\"><strong data-start=\"1170\" data-end=\"1195\">Servicekit bevat:<\/strong><\/p>\n<ul data-start=\"1198\" data-end=\"1277\">\n<li data-start=\"1198\" data-end=\"1215\">\n<p data-start=\"1200\" data-end=\"1215\">1\u00d7 Oliefilter<\/p>\n<\/li>\n<li data-start=\"1216\" data-end=\"1234\">\n<p data-start=\"1218\" data-end=\"1234\">1\u00d7 brandstof voorfilter<\/p>\n<\/li>\n<li data-start=\"1258\" data-end=\"1277\">\n<p data-start=\"1260\" data-end=\"1277\">1\u00d7 Impeller Kit<\/p>\n<\/li>\n<li data-start=\"1258\" data-end=\"1277\">1x riem<\/li>\n<\/ul>\n<p>Ontbreekt in deze kits: OEM-filter: 129A00-55800<\/p>\n<p data-start=\"1279\" data-end=\"1302\"><strong data-start=\"1279\" data-end=\"1300\">Optionele uitbreidingen:<\/strong><\/p>\n<ul data-start=\"1303\" data-end=\"1378\">\n<li data-start=\"1303\" data-end=\"1334\">\n<p data-start=\"1305\" data-end=\"1334\">Multiriem (alternatorriem)<\/p>\n<\/li>\n<li data-start=\"1335\" data-end=\"1349\">\n<p data-start=\"1337\" data-end=\"1349\">Motorolie<\/p>\n<\/li>\n<li data-start=\"1350\" data-end=\"1378\">\n<p data-start=\"1352\" data-end=\"1378\">Keerkoppeling- of Saildrive-olie<\/p>\n<\/li>\n<\/ul>\n<p data-start=\"1728\" data-end=\"1924\"><strong data-start=\"1728\" data-end=\"1752\">Waarom voor deze kit kiezen:<\/strong><br data-start=\"1752\" data-end=\"1755\">Deze alles-in-\u00e9\u00e9n serviceset vereenvoudigt het onderhoud en zorgt ervoor dat uw Yanmar 3JH40-motor betrouwbaar en effici\u00ebnt blijft. Perfect voor preventieve zorg en jaarlijks onderhoud.<\/p>\n","protected":false},"excerpt":{"rendered":"<p>De Service Kit Yanmar 3JH40 (SK-JH40-001-G) is een compleet onderhoudspakket ontworpen voor de Yanmar 3JH40 common-rail dieselmotor. Het bevat alle essenti\u00eble onderdelen voor een volledig motoronderhoud en zorgt voor betrouwbare prestaties, schone filtratie en optimale koeling. Deze handige kit bevat de onderdelen die u nodig hebt voor regelmatig onderhoud - ideaal voor seizoensonderhoud of routineonderhoud [&hellip;]<\/p>\n","protected":false},"featured_media":44971,"comment_status":"open","ping_status":"closed","template":"","meta":[],"product_brand":[4237],"product_cat":[3203,2499,4444,4530,4533],"product_tag":[],"class_list":{"0":"post-42092","1":"product","2":"type-product","3":"status-publish","4":"has-post-thumbnail","6":"product_brand-yanmar","7":"product_cat-service-kits","8":"product_cat-service-onderdelen","9":"product_cat-yanmar","10":"product_cat-yanmar-onderdelen","11":"product_cat-yanmar-service-kits","12":"pa_condition-nieuw","13":"pa_model-3jh40","14":"pa_oem-or-aftermarket-aftermarket","16":"first","17":"onbackorder","18":"taxable","19":"shipping-taxable","20":"purchasable","21":"product-type-simple"},"supplier_id":7294,"supplier_sku":"RECSKJH40001G","barcode":null,"atum_controlled":true,"out_stock_date":"2025-11-21 13:08:22","out_stock_threshold":null,"inheritable":false,"inbound_stock":0,"stock_on_hold":0,"sold_today":0,"sales_last_days":0,"reserved_stock":0,"customer_returns":0,"warehouse_damage":0,"lost_in_post":0,"other_logs":0,"out_stock_days":26,"lost_sales":0,"has_location":false,"update_date":"2025-12-18T10:44:12","atum_locations":[],"atum_stock_status":"onbackorder","restock_status":false,"low_stock_amount":1,"sales_update_date":"2025-12-18T10:44:12","calc_backorders":null,"_links":{"self":[{"href":"https:\/\/mps.digital-monkey.in\/nl\/wp-json\/wp\/v2\/product\/42092","targetHints":{"allow":["GET"]}}],"collection":[{"href":"https:\/\/mps.digital-monkey.in\/nl\/wp-json\/wp\/v2\/product"}],"about":[{"href":"https:\/\/mps.digital-monkey.in\/nl\/wp-json\/wp\/v2\/types\/product"}],"replies":[{"embeddable":true,"href":"https:\/\/mps.digital-monkey.in\/nl\/wp-json\/wp\/v2\/comments?post=42092"}],"wp:featuredmedia":[{"embeddable":true,"href":"https:\/\/mps.digital-monkey.in\/nl\/wp-json\/wp\/v2\/media\/44971"}],"wp:attachment":[{"href":"https:\/\/mps.digital-monkey.in\/nl\/wp-json\/wp\/v2\/media?parent=42092"}],"wp:term":[{"taxonomy":"product_brand","embeddable":true,"href":"https:\/\/mps.digital-monkey.in\/nl\/wp-json\/wp\/v2\/product_brand?post=42092"},{"taxonomy":"product_cat","embeddable":true,"href":"https:\/\/mps.digital-monkey.in\/nl\/wp-json\/wp\/v2\/product_cat?post=42092"},{"taxonomy":"product_tag","embeddable":true,"href":"https:\/\/mps.digital-monkey.in\/nl\/wp-json\/wp\/v2\/product_tag?post=42092"}],"curies":[{"name":"wp","href":"https:\/\/api.w.org\/{rel}","templated":true}]}}