{"id":42575,"date":"2025-11-13T10:25:21","date_gmt":"2025-11-13T10:25:21","guid":{"rendered":"https:\/\/mps.digital-monkey.in\/product\/yanmar-service-kit-sk-marine-010-g-4jh3e-4jh4e-non-turbo-serie\/"},"modified":"2025-11-21T13:10:35","modified_gmt":"2025-11-21T13:10:35","slug":"yanmar-service-kit-sk-marine-010-g-4jh3e-4jh4e-non-turbo-serie","status":"publish","type":"product","link":"https:\/\/mps.digital-monkey.in\/nl\/product\/yanmar-service-kit-sk-marine-010-g-4jh3e-4jh4e-non-turbo-serie\/","title":{"rendered":"Yanmar Service Kit SK-MARINE-010-G | 4JH3E \/ 4JH4E Non-Turbo serie"},"content":{"rendered":"<p data-start=\"592\" data-end=\"866\">De <strong data-start=\"596\" data-end=\"634\">Yanmar Service Kit SK-MARINE-010-G<\/strong> bevat alle essenti\u00eble onderdelen voor het onderhoud van <strong data-start=\"683\" data-end=\"727\">Yanmar 4JH3E en 4JH4E non-turbo motoren<\/strong>. Deze handige alles-in-\u00e9\u00e9n kit bevat filters van hoge kwaliteit en een impeller kit om je motor betrouwbaar en effici\u00ebnt te laten draaien.<\/p>\n<p data-start=\"868\" data-end=\"887\"><strong data-start=\"868\" data-end=\"885\">Geschikt voor:<\/strong><\/p>\n<ul data-start=\"888\" data-end=\"921\">\n<li data-start=\"888\" data-end=\"904\">\n<p data-start=\"890\" data-end=\"904\">Yanmar 4JH3E<\/p>\n<\/li>\n<li data-start=\"905\" data-end=\"921\">\n<p data-start=\"907\" data-end=\"921\">Yanmar 4JH4E<\/p>\n<\/li>\n<\/ul>\n<p data-start=\"923\" data-end=\"942\"><strong data-start=\"923\" data-end=\"940\">Kit bevat:<\/strong><\/p>\n<ul data-start=\"943\" data-end=\"1023\">\n<li data-start=\"943\" data-end=\"957\">\n<p data-start=\"945\" data-end=\"957\">Oliefilter<\/p>\n<\/li>\n<li data-start=\"958\" data-end=\"973\">\n<p data-start=\"960\" data-end=\"973\">Brandstoffilter<\/p>\n<\/li>\n<li data-start=\"974\" data-end=\"1023\">\n<p data-start=\"976\" data-end=\"1023\">Impeller kit (inclusief pakking en smeermiddel)<\/p>\n<\/li>\n<\/ul>\n<p data-start=\"1025\" data-end=\"1048\"><strong data-start=\"1025\" data-end=\"1046\">Optionele uitbreidingen:<\/strong><\/p>\n<ul data-start=\"1049\" data-end=\"1115\">\n<li data-start=\"1049\" data-end=\"1073\">\n<p data-start=\"1051\" data-end=\"1073\">V-riem of multiriem<\/p>\n<\/li>\n<li data-start=\"1074\" data-end=\"1115\">\n<p data-start=\"1076\" data-end=\"1115\">Motorolie &amp; olie voor Keerkoppeling of Saildrive<\/p>\n<\/li>\n<\/ul>\n<p data-start=\"1117\" data-end=\"1136\"><strong data-start=\"1117\" data-end=\"1134\">Belangrijkste kenmerken:<\/strong><\/p>\n<ul data-start=\"1137\" data-end=\"1445\">\n<li data-start=\"1137\" data-end=\"1200\">\n<p data-start=\"1139\" data-end=\"1200\">Complete vervangingsset voor Yanmar 4JH3E- en 4JH4E-motoren<\/p>\n<\/li>\n<li data-start=\"1201\" data-end=\"1276\">\n<p data-start=\"1203\" data-end=\"1276\">Zorgt voor optimale smering, filtratie en prestaties van het koelsysteem<\/p>\n<\/li>\n<li data-start=\"1277\" data-end=\"1341\">\n<p data-start=\"1279\" data-end=\"1341\">Hoogwaardige vervangingsonderdelen voor een betrouwbare werking<\/p>\n<\/li>\n<li data-start=\"1342\" data-end=\"1399\">\n<p data-start=\"1344\" data-end=\"1399\">Alle primaire serviceonderdelen handig in \u00e9\u00e9n pakket<\/p>\n<\/li>\n<li data-start=\"1400\" data-end=\"1445\">\n<p data-start=\"1402\" data-end=\"1445\">Ideaal voor jaarlijks of gepland onderhoud<\/p>\n<\/li>\n<\/ul>\n<p data-start=\"1447\" data-end=\"1725\"><strong data-start=\"1447\" data-end=\"1471\">Waarom kiezen voor deze kit:<\/strong><br data-start=\"1471\" data-end=\"1474\">De <strong data-start=\"1478\" data-end=\"1509\">SK-MARINE-010-G service kit<\/strong> biedt een eenvoudige en kosteneffectieve manier om regelmatig onderhoud uit te voeren aan uw Yanmar 4JH non-turbo motor. Met alle essenti\u00eble onderdelen inbegrepen, helpt het de levensduur van de motor te verlengen en betrouwbare prestaties te behouden.<\/p>\n<h3 data-start=\"1732\" data-end=\"1758\"><\/h3>\n","protected":false},"excerpt":{"rendered":"<p>De Yanmar Service Kit SK-MARINE-010-G bevat alle essenti\u00eble onderdelen voor het onderhoud van Yanmar 4JH3E en 4JH4E non-turbo motoren. Deze handige alles-in-\u00e9\u00e9n kit bevat filters van hoge kwaliteit en een impeller kit om je motor betrouwbaar en effici\u00ebnt te laten draaien. Geschikt voor: Yanmar 4JH3E Yanmar 4JH4E Kit bevat: Oliefilter Brandstoffilter Impeller kit (inclusief pakking [&hellip;]<\/p>\n","protected":false},"featured_media":42576,"comment_status":"open","ping_status":"closed","template":"","meta":[],"product_brand":[4237],"product_cat":[3203,2499,4444,4530,4533],"product_tag":[],"class_list":{"0":"post-42575","1":"product","2":"type-product","3":"status-publish","4":"has-post-thumbnail","6":"product_brand-yanmar","7":"product_cat-service-kits","8":"product_cat-service-onderdelen","9":"product_cat-yanmar","10":"product_cat-yanmar-onderdelen","11":"product_cat-yanmar-service-kits","12":"pa_condition-nieuw","13":"pa_model-4jh3-e","14":"pa_model-4jh3e","15":"pa_model-4jh4","16":"pa_model-4jh4-e","17":"pa_oem-or-aftermarket-aftermarket","19":"first","20":"instock","21":"taxable","22":"shipping-taxable","23":"purchasable","24":"product-type-simple"},"supplier_id":7294,"supplier_sku":"RECSKMARINE010G","barcode":null,"atum_controlled":true,"out_stock_date":null,"out_stock_threshold":null,"inheritable":false,"inbound_stock":0,"stock_on_hold":0,"sold_today":0,"sales_last_days":0,"reserved_stock":0,"customer_returns":0,"warehouse_damage":0,"lost_in_post":0,"other_logs":0,"out_stock_days":0,"lost_sales":0,"has_location":false,"update_date":"2026-01-29T09:11:18","atum_locations":[],"atum_stock_status":"instock","restock_status":false,"low_stock_amount":1,"sales_update_date":"2026-01-29T09:11:18","calc_backorders":null,"_links":{"self":[{"href":"https:\/\/mps.digital-monkey.in\/nl\/wp-json\/wp\/v2\/product\/42575","targetHints":{"allow":["GET"]}}],"collection":[{"href":"https:\/\/mps.digital-monkey.in\/nl\/wp-json\/wp\/v2\/product"}],"about":[{"href":"https:\/\/mps.digital-monkey.in\/nl\/wp-json\/wp\/v2\/types\/product"}],"replies":[{"embeddable":true,"href":"https:\/\/mps.digital-monkey.in\/nl\/wp-json\/wp\/v2\/comments?post=42575"}],"wp:featuredmedia":[{"embeddable":true,"href":"https:\/\/mps.digital-monkey.in\/nl\/wp-json\/wp\/v2\/media\/42576"}],"wp:attachment":[{"href":"https:\/\/mps.digital-monkey.in\/nl\/wp-json\/wp\/v2\/media?parent=42575"}],"wp:term":[{"taxonomy":"product_brand","embeddable":true,"href":"https:\/\/mps.digital-monkey.in\/nl\/wp-json\/wp\/v2\/product_brand?post=42575"},{"taxonomy":"product_cat","embeddable":true,"href":"https:\/\/mps.digital-monkey.in\/nl\/wp-json\/wp\/v2\/product_cat?post=42575"},{"taxonomy":"product_tag","embeddable":true,"href":"https:\/\/mps.digital-monkey.in\/nl\/wp-json\/wp\/v2\/product_tag?post=42575"}],"curies":[{"name":"wp","href":"https:\/\/api.w.org\/{rel}","templated":true}]}}